{"id":12515,"date":"2021-03-10T12:09:37","date_gmt":"2021-03-10T12:09:37","guid":{"rendered":"https:\/\/walkingmum.com\/aviso-legal\/"},"modified":"2021-05-14T07:33:00","modified_gmt":"2021-05-14T07:33:00","slug":"avviso-legale","status":"publish","type":"page","link":"https:\/\/walkingmum.com\/it\/avviso-legale\/","title":{"rendered":"Avviso Legale"},"content":{"rendered":"\n<div class=\"wp-block-hacce-wrapper legaleswraper\">\n<p><strong><strong>Ultimo aggiornamento:<\/strong><\/strong> 23 Abril 2021<\/p>\n\n\n\n<h4 class=\"wp-block-heading\"><strong><strong>Premessa<\/strong><\/strong><\/h4>\n\n\n\n<p>(di seguito, il \u201c<strong>sito Web<\/strong>\u201d) \u00e8 di propriet\u00e0 della <strong>DISET, S.A.<\/strong> (di seguito, \u201c<strong>DISET\u201d<\/strong>) con P. IVA e Codice Fiscale A08261588, regolarmente iscritta presso il Registro delle Imprese di Barcellona al Volume 44585, Folio 122, Pagina B-18625, sede legale in Calle C, n\u00ba 3, Sector B, Zona Franca, 08040 Barcellona.<\/p>\n\n\n\n<p>L&#8217;utente, nell&#8217;utilizzare il sito Web, accetta il presente avviso legale (di seguito, \u201cl&#8217;<strong>Avviso Legale<\/strong>\u201d), impegnandosi ad utilizzare il sito Web, nonch\u00e9 i servizi e i contenuti ivi ospitati, in conformit\u00e0 con questo Avviso legale e unicamente sotto la sua esclusiva responsabilit\u00e0.<\/p>\n\n\n\n<h4 class=\"wp-block-heading\"><strong><strong>1. Identificazione delle Parti<\/strong><\/strong><\/h4>\n\n\n\n<p>L&#8217;Avviso Legale \u00e8 sottoscritto, da una parte, dalla <strong>DISET<\/strong> e, dall&#8217;altra, dall&#8217;utente finale interessato nei servizi offerti dal sito Web (di seguito, \u201cl&#8217;<strong>Utente<\/strong>\u201d) i cui dati personali sono quelli da lui fornito sullo stesso.<\/p>\n\n\n\n<h4 class=\"wp-block-heading\"><strong><strong>2. Oggetto e campo di applicazione<\/strong><\/strong><\/h4>\n\n\n\n<p>Il presente Avviso Legale regola l&#8217;accesso, la navigazione e l&#8217;uso del sito Web da parte dell&#8217;Utente.<\/p>\n\n\n\n<h4 class=\"wp-block-heading\"><strong><strong>3. Accesso e uso del sito Web<\/strong><\/strong><\/h4>\n\n\n\n<p>L&#8217;accesso al sito Web, nonch\u00e9 l&#8217;uso non consentito delle informazioni contenute su di esso, \u00e8 di esclusiva responsabilit\u00e0 di chi lo porta a termine.<\/p>\n\n\n\n<p>L&#8217;Utente si impegna a utilizzare i contenuti, le informazioni e i dati del sito Web in conformit\u00e0 con il presente Avviso Legale, con le altre informative accessibili dal sito Web, con le normative applicabili, con le buone usanze generalmente accettate e con l&#8217;ordine pubblico.<\/p>\n\n\n\n<p>La <strong>DISET<\/strong> declina ogni responsabilit\u00e0 per le eventuali conseguenze, danni o deterioramenti derivati da tale accesso, uso, o dalla violazione del presente Avviso Legale, n\u00e9 sar\u00e0 responsabile degli errori di sicurezza che eventualmente possano verificarsi, n\u00e9 per gli eventuali danni causati al sistema informatico dell&#8217;Utente (<em>hardware e software<\/em>) o ai file o documenti in esso memorizzati in seguito a: (i) la presenza di un virus sul computer dell&#8217;Utente utilizzato per connettersi ai servizi e\/o prodotti offerti dalla <strong>DISET<\/strong> tramite il sito Web; (ii) malfunzionamento del browser; y (iii) l&#8217;uso di versioni non aggiornate dello stesso.<\/p>\n\n\n\n<h4 class=\"wp-block-heading\"><strong><strong>4. Regole per l&#8217;uso del sito Web<\/strong><\/strong><\/h4>\n\n\n\n<p>La <strong>DISET<\/strong> si riserva il diritto di cancellare l&#8217;account dell&#8217;Utente registrato, potendo provvedere alla risoluzione del presente contratto. In particolare, potr\u00e0 cancellare l&#8217;Utente qualora dovesse rilevare la violazione di un obbligo contrattuale stipulato nel presente atto, nonch\u00e9 in caso di osservare un uso del sito Web contrario al presente Avviso Legale, all&#8217;Informativa sulla Privacy, all&#8217;Informativa sui Cookie e\/o agli usi in buona fede accettati nel settore.<\/p>\n\n\n\n<p>In tale senso, l&#8217;Utente si impegna a:<\/p>\n\n\n\n<ul class=\"wp-block-list\"><li>Fornire informazioni vere sui dati richiesti negli appositi form predisposti dalla <strong>DISET<\/strong> per accedere a determinati contenuti o servizi offerti sul sito Web e per aggiornarli. La <strong>DISET<\/strong> si riserva il diritto, ferme restando le ulteriori misure legali a sua disposizione, di revocare, negare o sospendere l&#8217;accesso al sito Web, nel caso in cui i dati forniti fossero o potrebbero essere falsi, inesatti o fuorvianti. L&#8217;Utente sar\u00e0 comunque pienamente responsabile dei dati o dei contenuti che trasmette o comunica alla <strong>DISET<\/strong>. In tale senso, l&#8217;Utente assume ogni responsabilit\u00e0 per eventuali danni imputabili a un uso improprio degli stessi.<\/li><li>Non utilizzare il sito Web o gli elementi integrati sullo stesso, per svolgere operazioni di tempo condiviso, costituirsi in provider di servizi per applicazioni di <em>software<\/em> se orientate a fornire l&#8217;accesso a terzi alla piattaforma o ai suoi componenti, tramite operazioni di noleggio, servizi amministrativi o di chiunque altro tipo di analoga considerazione, condividendoli o mettendoli a disposizione di terzi.<\/li><li>Non utilizzare il sito Web per raccogliere dati personali di altri utenti.<\/li><li>Non utilizzare il sito Web quale sistema per la gestione e lo scambio di informazioni e\/o documentazione illegale, contraria alla morale o all&#8217;ordine pubblico, contraria al diritto d&#8217;autore e\/o alla propriet\u00e0 industriale.<\/li><li>Non svolgere atti di reverse engineering o ingegneria inversa, presa di requisiti e di altre attivit\u00e0 volte a sviluppare una piattaforma online identica o simile a quella messa a disposizione dalla <strong>DISET<\/strong>, potendo tale attivit\u00e0 essere considerata un atto di concorrenza sleale e di violazione dei diritti di propriet\u00e0 intellettuale e industriale che vanta la <strong>DISET<\/strong> in merito alla piattaforma.<\/li><li>Non sottoporre la piattaforma a cariche di lavoro volte chiaramente a renderla instabile, comprese tra esse gli attacchi per negazione del servizio o <em>denial of service<\/em> (DDoS), o situazioni simili. Qualora fossero rilevate situazioni del genere, non sar\u00e0 applicabile il livello di servizio di cui sopra, essendo questa considerata una situazione di emergenza.<\/li><li>Non rimuovere, sopprimere, alterare, manipolare, n\u00e9 modificare in nessun altro modo, le note, leggende, indicazioni o simboli apposti dalla <strong>DISET<\/strong>, quale legittimo proprietario dei diritti, agli elementi di sua propriet\u00e0 in merito alla propriet\u00e0 intellettuale o industriale (quali ad esempio, <em>copyright<\/em>, \u00a9, \u00ae e \u2122), sia sulla piattaforma, sia sul materiale associato.<\/li><li>Far conoscere alla <strong>DISET<\/strong> ogni fatto o situazione che eventualmente possa mettere a repentaglio la sicurezza d&#8217;accesso degli utenti autorizzati.<\/li><li>Non impedire il normale svolgimento di un evento, concorso, promozione e di ogni altra attivit\u00e0 disponibili sul sito Web, alterando o tentando di alterare, illegalmente o in ogni altro modo, l&#8217;accesso, la partecipazione o il loro funzionamento, falsificando il risultato e\/o utilizzando metodi di partecipazione fraudolenti, tramite procedure e\/o pratiche che violano o infrangono in qualunque forma il presente Avviso legale.<\/li><li>Astenersi dall&#8217;utilizzare i contenuti del sito Web per scopi o effetti illeciti, vietati o contrari a quanto qui stabilito, lesivi dei diritti e degli interessi della <strong>DISET<\/strong>, degli altri utenti, di terzi o, in un modo o nell&#8217;altro, danneggiare, disabilitare, sovraccaricare o deteriorare il presente sito Web, o impedirne il normale utilizzo o godimento da parte degli utenti.<\/li><\/ul>\n\n\n\n<h4 class=\"wp-block-heading\"><strong><strong>5. Link ad altri siti web<\/strong><\/strong><\/h4>\n\n\n\n<p>Il presente Avviso Legale non \u00e8 applicabile ai link e\/o ai siti web di terzi ai quali \u00e8 possibile accedere tramite il sito Web. Non \u00e8 altres\u00ec applicabile all&#8217;Informativa sulla Privacy n\u00e9 all&#8217;Informativa sui Cookie presenti sul sito Web.<\/p>\n\n\n\n<p>Qualora si dovesse accedere ad altri network o risorse informatiche, l&#8217;Utente accetta di rispettare le disposizioni delle rispettive informative sulla privacy. Di conseguenza, la <strong>DISET<\/strong> declina ogni responsabilit\u00e0 sia sul contenuto, sia sulle misure di sicurezza da loro adottate.&nbsp;<\/p>\n\n\n\n<p>Non \u00e8 neanche garantita l&#8217;assenza di virus o di altri elementi nei contenuti ai quali \u00e8 possibile collegarsi dal sito Web suscettibili di provocare alterazioni nel sistema informatico (<em>hardware<\/em> e <em>software<\/em>), nei documenti o nei file dell&#8217;Utente, restando la <strong>DISET<\/strong> comunque sollevata da ogni responsabilit\u00e0 per danni di qualsiasi natura causati da quanto sopra.<\/p>\n\n\n\n<p>Ad ogni modo, la <strong>DISET<\/strong> ritirer\u00e0 immediatamente ogni link che reindirizza a contenuti che violano la legislazione nazionale e internazionale o contrari alla morale e all&#8217;ordine pubblico.<\/p>\n\n\n\n<h4 class=\"wp-block-heading\"><strong><strong>6. Esclusione di garanzie e responsabilit\u00e0<\/strong><\/strong><\/h4>\n\n\n\n<p>La <strong>DISET<\/strong> non garantisce la disponibilit\u00e0 permanente dei servizi offerti sul proprio sito Web, sebbene far\u00e0 i massimi sforzi per garantire il loro regolare buon funzionamento. A tale fine, la <strong>DISET <\/strong>dichiara di aver adottato e adotter\u00e0 nel futuro ogni misura necessaria e ragionevole, nei limiti delle proprie possibilit\u00e0 e dello stato della tecnica, atta a garantire un corretto funzionamento del sito Web.<\/p>\n\n\n\n<p>Tuttavia, la <strong>DISET <\/strong>non assume nessuna responsabilit\u00e0 per eventuali danni imputabili a disconnessioni, interferenze o interruzioni avvenute durante l&#8217;accesso o nel corso della navigazione sul sito Web, n\u00e9 per eventuali danni causati all&#8217;Utente o a terzi dall&#8217;esistenza e dalla diffusione di virus informatici o di altri elementi lesivi.<\/p>\n\n\n\n<p>La <strong>DISET<\/strong> declina altres\u00ec ogni responsabilit\u00e0 per eventuali errori od omissioni nel contenuto del sito Web, n\u00e9 per le attuazioni dell&#8217;Utente in base a tale contenuto.<\/p>\n\n\n\n<h4 class=\"wp-block-heading\"><strong><strong>7. Modifica dell&#8217;Avviso Legale<\/strong><\/strong><\/h4>\n\n\n\n<p>La <strong><strong>DISET<\/strong> <\/strong>si riserva il diritto di apportare, senza preavviso, al presente Avviso Legale le modifiche che ritiene opportune, essendo responsabilit\u00e0 dell&#8217;Utente leggerle attentamente ogni volta che utilizza il sito Web, allo scopo di verificare o di accertarsi dell&#8217;esistenza di tali modifiche o cambiamenti, tenendo conto la data dell&#8217;ultimo aggiornamento.<\/p>\n\n\n\n<h4 class=\"wp-block-heading\"><strong><strong>8. Propriet\u00e0 intellettuale e industriale.<\/strong><\/strong><\/h4>\n\n\n\n<p>L&#8217;Utente riconosce e accetta che tutti i diritti di propriet\u00e0 industriale e intellettuale sui contenuti e\/o sugli altri elementi inseriti dalla <strong>DISET<\/strong> sul sito Web (compresi, a titolo esemplificativo ma non limitativo, tutti gli elementi che compongono l&#8217;aspetto visivo, l&#8217;immagine grafica e gli altri stimoli sensoriali del sito Web o del <em>\u201clook and feel\u201d<\/em>, tra cui i marchi, loghi, denominazioni commerciali, testi, immagini, grafici, design, suoni, database, software, diagrammi di flusso, presentazioni, architettura di navigazione, nonch\u00e9 i codici sorgente) appartengono alla <strong>DISET<\/strong> e\/o a terzi che le hanno ceduto i propri diritti. A tal fine, per sito Web bisogna intendere tutte le creazioni inserite ed espresse dalla <strong>DISET<\/strong> con ogni mezzo e\/o supporto materiale o immateriale, conosciuto o sconosciuto, soggetto a protezione dalle normative in vigore in materia di propriet\u00e0 intellettuale e industriale.<\/p>\n\n\n\n<p>Resta autorizzata la semplice visualizzazione, stampa, download o archiviazione temporanea, in tutto o in parte, dei contenuti e\/o degli elementi inseriti dalla <strong>DISET<\/strong> sul sito Web esclusivamente per uso personale, privato e senza fini di lucro da parte dell&#8217;Utente, purch\u00e9 sia indicato sempre il loro origine e\/o autore e, se del caso, il simbolo del <em>copyright<\/em> e\/o i titoli di propriet\u00e0 industriale dei loro proprietari. Ogni altro uso o sfruttamento di ogni altro diritto sar\u00e0 soggetto alla preventiva ed esplicita autorizzazione appositamente conferita a tale scopo dalla <strong>DISET<\/strong> o dal terzo proprietario di tali diritti.<\/p>\n\n\n\n<p>\u00c8 severamente vietato utilizzare tali elementi, riprodurli in tutto o in parte, comunicarli e\/o distribuirli per scopi commerciali o lucrativi, nonch\u00e9 modificarli, alterarli, decompilarli e\/o qualunque altro atto di sfruttamento del sito Web i cui diritti di immagine e di sfruttamento appartengono alla<strong> DISET<\/strong>. Per ogni ulteriore uso diverso da quelli esplicitamente consentiti, bisogna ottenere il preventivo consenso per iscritto del proprietario di tali diritti.<\/p>\n\n\n\n<p>Il presente Avviso Legale non conferisce all&#8217;Utente nessun altro diritto d&#8217;uso, d&#8217;alterazione, di sfruttamento, di riproduzione, di distribuzione o di comunicazione pubblica del sito Web e\/o dei rispettivi contenuti diversi da quelli esplicitamene qui previsti. Ogni altro uso o sfruttamento di ogni altro diritto sar\u00e0 soggetto alla preventiva ed esplicita autorizzazione appositamente conferita a tale scopo dalla <strong>DISET<\/strong> o dal terzo proprietario di tali diritti.<\/p>\n\n\n\n<p>Fermo restando quanto sopra, se l&#8217;Utente ritiene che i contenuti presenti sul sito Web sono suscettibili di violare i diritti di propriet\u00e0 intellettuale e industriale, \u00e8 pregato di comunicarcelo al pi\u00f9 presto inviando una email a <a href=\"mailto:info@walkingmum.com\">info@walkingmum.com<\/a><\/p>\n\n\n\n<h4 class=\"wp-block-heading\"><strong><strong>9. Comunicazioni<\/strong><\/strong><\/h4>\n\n\n\n<p>La <strong>DISET<\/strong> contatter\u00e0 l&#8217;Utente tramite email o gli fornir\u00e0 informazioni tramite la pubblicazione di avvisi sul sito Web. Ai fini contrattuali, l&#8217;Utente accetta l&#8217;uso di questo strumento di comunicazione elettronica e riconosce che ogni contratto, avviso, informazione e ogni altra comunicazione inoltratagli elettronicamente adempe i requisiti legali.<\/p>\n\n\n\n<p>Le comunicazioni inviate dall&#8217;Utente dovranno essere inoltrate preferibilmente per email all&#8217;indirizzo <a href=\"mailto:info@walkingmum.com\">info@walkingmum.com<\/a> . \u00c8 altres\u00ec possibile inviare alla <strong>DISET<\/strong> una comunicazione per posta ordinaria all&#8217;indirizzo Calle C, n\u00ba 3, Sector B, Zona Franca, 08040 Barcellona.<\/p>\n\n\n\n<h4 class=\"wp-block-heading\"><strong><strong>10. Legge disciplinante e giurisdizione competente<\/strong><\/strong><\/h4>\n\n\n\n<p>La normativa in vigore determiner\u00e0 quali sono le leggi disciplinanti e la giurisdizione competente sui rapporti tra la <strong>DISET<\/strong> e l&#8217;Utente del sito Web.<\/p>\n\n\n\n<p>Tuttavia, nei casi in cui tali norme in vigore prevedono la possibilit\u00e0 tra le parti di sottomettersi a una giurisdizione in particolare, la <strong>DISET<\/strong> e l&#8217;Utente, rinunciando esplicitamente a ogni altra giurisdizione spettante loro, si sottomettono alla legislazione spagnola e ai Tribunali di Barcellona.<\/p>\n\n\n\n<p><strong><strong>Ulteriori informazioni sulla tutela dei dati:<\/strong><\/strong><\/p>\n\n\n\n<p>I dati personali saranno conservati per un periodo di tempo non superiore a quello strettamente necessario al conseguimento delle finalit\u00e0 per le quali sono stati raccolti, e fintanto dura la causa che ha legittimato il trattamento di tali dati personali. Al termine della causa che ha legittimato il trattamento, i dati personali saranno conservati opportunamente bloccati per il periodo di tempo consentito dalle normative legali per evitare eventuali infrazioni.<\/p>\n\n\n\n<p>Potete esercitare i vostri diritti di accesso, rettifica, cancellazione, limitazione, portabilit\u00e0 o opposizione al trattamento dei propri dati in qualunque momento, compresa la possibilit\u00e0 di presentare un reclamo qualora ritenete che la <strong>DISET<\/strong> sta trattando i vostri dati personali in modo inappropriato, inoltrando una comunicazione per iscritto alla <strong>DISET<\/strong>, Calle C, n\u00ba 3, Sector B, Zona Franca, 08040 Barcellona, o una email a <a href=\"mailto:info@walkingmum.com\">info@walkingmum.com<\/a>.<\/p>\n\n\n\n<p>Potete utilizzare i modelli e i form relativi ai precedenti diritti disponibili sul sito ufficiale dell&#8217;Agenzia Spagnola per la Tutela dei Dati (<a href=\"https:\/\/www.aepd.es\/es\/derechos-y-deberes\/conoce-tus-derechos\">https:\/\/www.aepd.es\/es\/derechos-y-deberes\/conoce-tus-derechos<\/a>). Se ritenete che la <strong>DISET<\/strong> tratta i vostri dati personali in modo inappropriato, potete inoltrare i vostri reclami a tale Autorit\u00e0 di Controllo.<\/p>\n\n\n\n<p>Per ulteriori informazioni sul trattamento dei vostri dati personali, vi preghiamo di consultare la nostra <a href=\"https:\/\/walkingmum.com\/informativa-sulla-privacy\/?lang=it\">Informativa sulla Privacy<\/a>. <\/p>\n<\/div>\n","protected":false},"excerpt":{"rendered":"","protected":false},"author":1,"featured_media":0,"parent":0,"menu_order":0,"comment_status":"closed","ping_status":"closed","template":"","meta":{"_acf_changed":false,"inline_featured_image":false,"footnotes":""},"class_list":["post-12515","page","type-page","status-publish","hentry"],"acf":[],"yoast_head":"<!-- This site is optimized with the Yoast SEO plugin v27.3 - https:\/\/yoast.com\/product\/yoast-seo-wordpress\/ -->\n<title>Avviso Legale - Walking Mum<\/title>\n<meta name=\"robots\" content=\"index, follow, max-snippet:-1, max-image-preview:large, max-video-preview:-1\" \/>\n<link rel=\"canonical\" href=\"https:\/\/walkingmum.com\/it\/avviso-legale\/\" \/>\n<meta property=\"og:locale\" content=\"it_IT\" \/>\n<meta property=\"og:type\" content=\"article\" \/>\n<meta property=\"og:title\" content=\"Avviso Legale - Walking Mum\" \/>\n<meta property=\"og:url\" content=\"https:\/\/walkingmum.com\/it\/avviso-legale\/\" \/>\n<meta property=\"og:site_name\" content=\"Walking Mum\" \/>\n<meta property=\"article:modified_time\" content=\"2021-05-14T07:33:00+00:00\" \/>\n<meta name=\"twitter:card\" content=\"summary_large_image\" \/>\n<meta name=\"twitter:label1\" content=\"Tempo di lettura stimato\" \/>\n\t<meta name=\"twitter:data1\" content=\"9 minuti\" \/>\n<script type=\"application\/ld+json\" class=\"yoast-schema-graph\">{\"@context\":\"https:\\\/\\\/schema.org\",\"@graph\":[{\"@type\":\"WebPage\",\"@id\":\"https:\\\/\\\/walkingmum.com\\\/it\\\/avviso-legale\\\/\",\"url\":\"https:\\\/\\\/walkingmum.com\\\/it\\\/avviso-legale\\\/\",\"name\":\"Avviso Legale - Walking Mum\",\"isPartOf\":{\"@id\":\"https:\\\/\\\/walkingmum.com\\\/#website\"},\"datePublished\":\"2021-03-10T12:09:37+00:00\",\"dateModified\":\"2021-05-14T07:33:00+00:00\",\"breadcrumb\":{\"@id\":\"https:\\\/\\\/walkingmum.com\\\/it\\\/avviso-legale\\\/#breadcrumb\"},\"inLanguage\":\"it-IT\",\"potentialAction\":[{\"@type\":\"ReadAction\",\"target\":[\"https:\\\/\\\/walkingmum.com\\\/it\\\/avviso-legale\\\/\"]}]},{\"@type\":\"BreadcrumbList\",\"@id\":\"https:\\\/\\\/walkingmum.com\\\/it\\\/avviso-legale\\\/#breadcrumb\",\"itemListElement\":[{\"@type\":\"ListItem\",\"position\":1,\"name\":\"Portada\",\"item\":\"https:\\\/\\\/walkingmum.com\\\/it\\\/\"},{\"@type\":\"ListItem\",\"position\":2,\"name\":\"Avviso Legale\"}]},{\"@type\":\"WebSite\",\"@id\":\"https:\\\/\\\/walkingmum.com\\\/#website\",\"url\":\"https:\\\/\\\/walkingmum.com\\\/\",\"name\":\"Walking Mum\",\"description\":\"La marca para beb\u00e9s modernos\",\"potentialAction\":[{\"@type\":\"SearchAction\",\"target\":{\"@type\":\"EntryPoint\",\"urlTemplate\":\"https:\\\/\\\/walkingmum.com\\\/?s={search_term_string}\"},\"query-input\":{\"@type\":\"PropertyValueSpecification\",\"valueRequired\":true,\"valueName\":\"search_term_string\"}}],\"inLanguage\":\"it-IT\"}]}<\/script>\n<!-- \/ Yoast SEO plugin. -->","yoast_head_json":{"title":"Avviso Legale - Walking Mum","robots":{"index":"index","follow":"follow","max-snippet":"max-snippet:-1","max-image-preview":"max-image-preview:large","max-video-preview":"max-video-preview:-1"},"canonical":"https:\/\/walkingmum.com\/it\/avviso-legale\/","og_locale":"it_IT","og_type":"article","og_title":"Avviso Legale - Walking Mum","og_url":"https:\/\/walkingmum.com\/it\/avviso-legale\/","og_site_name":"Walking Mum","article_modified_time":"2021-05-14T07:33:00+00:00","twitter_card":"summary_large_image","twitter_misc":{"Tempo di lettura stimato":"9 minuti"},"schema":{"@context":"https:\/\/schema.org","@graph":[{"@type":"WebPage","@id":"https:\/\/walkingmum.com\/it\/avviso-legale\/","url":"https:\/\/walkingmum.com\/it\/avviso-legale\/","name":"Avviso Legale - Walking Mum","isPartOf":{"@id":"https:\/\/walkingmum.com\/#website"},"datePublished":"2021-03-10T12:09:37+00:00","dateModified":"2021-05-14T07:33:00+00:00","breadcrumb":{"@id":"https:\/\/walkingmum.com\/it\/avviso-legale\/#breadcrumb"},"inLanguage":"it-IT","potentialAction":[{"@type":"ReadAction","target":["https:\/\/walkingmum.com\/it\/avviso-legale\/"]}]},{"@type":"BreadcrumbList","@id":"https:\/\/walkingmum.com\/it\/avviso-legale\/#breadcrumb","itemListElement":[{"@type":"ListItem","position":1,"name":"Portada","item":"https:\/\/walkingmum.com\/it\/"},{"@type":"ListItem","position":2,"name":"Avviso Legale"}]},{"@type":"WebSite","@id":"https:\/\/walkingmum.com\/#website","url":"https:\/\/walkingmum.com\/","name":"Walking Mum","description":"La marca para beb\u00e9s modernos","potentialAction":[{"@type":"SearchAction","target":{"@type":"EntryPoint","urlTemplate":"https:\/\/walkingmum.com\/?s={search_term_string}"},"query-input":{"@type":"PropertyValueSpecification","valueRequired":true,"valueName":"search_term_string"}}],"inLanguage":"it-IT"}]}},"_links":{"self":[{"href":"https:\/\/walkingmum.com\/it\/wp-json\/wp\/v2\/pages\/12515","targetHints":{"allow":["GET"]}}],"collection":[{"href":"https:\/\/walkingmum.com\/it\/wp-json\/wp\/v2\/pages"}],"about":[{"href":"https:\/\/walkingmum.com\/it\/wp-json\/wp\/v2\/types\/page"}],"author":[{"embeddable":true,"href":"https:\/\/walkingmum.com\/it\/wp-json\/wp\/v2\/users\/1"}],"replies":[{"embeddable":true,"href":"https:\/\/walkingmum.com\/it\/wp-json\/wp\/v2\/comments?post=12515"}],"version-history":[{"count":0,"href":"https:\/\/walkingmum.com\/it\/wp-json\/wp\/v2\/pages\/12515\/revisions"}],"wp:attachment":[{"href":"https:\/\/walkingmum.com\/it\/wp-json\/wp\/v2\/media?parent=12515"}],"curies":[{"name":"wp","href":"https:\/\/api.w.org\/{rel}","templated":true}]}}