{"id":12424,"date":"2021-02-01T10:14:19","date_gmt":"2021-02-01T10:14:19","guid":{"rendered":"https:\/\/walkingmum.com\/nosotros\/"},"modified":"2021-05-11T10:03:47","modified_gmt":"2021-05-11T10:03:47","slug":"su-di-noi","status":"publish","type":"page","link":"https:\/\/walkingmum.com\/it\/su-di-noi\/","title":{"rendered":"Su di noi"},"content":{"rendered":"\n<div class=\"wp-block-hacce-wrapper alignfull nosotros_inicial\" style=\"background-color:#edebea\">\n<div class=\"wp-block-hacce-texto-foto alignfull inverted contained\"><div class=\"texto centered\">\n<h1>Su di noi<\/h1>\n\n\n\n<p>Pasito a Pasito, azienda spagnola leader in articoli per neonati, con una traiettoria di oltre 20 anni dedicati al mondo del bambino, lancia un nuovo marchio di borse e copri seggiolini rivolto alle madri moderne e dinamiche. Questo nuovo marchio nasce con l&#8217;idea di soddisfare necessit\u00e0 reali con prodotti pi\u00f9 urbani, funzionali e moderni.<\/p>\n<\/div><div class=\"foto\"><img decoding=\"async\" src=\"https:\/\/walkingmum.com\/wp-content\/uploads\/2021\/02\/doble.jpg\" alt=\"\"\/><\/div><\/div>\n\n\n\n<p><\/p>\n<\/div>\n\n\n\n<div class=\"wp-block-hacce-wrapper\">\n<p class=\"has-text-align-center intermedio\">Ecco come arriva sul mercato Walking Mum, il marchio urbano e sportivo di borse e copri seggiolini.<\/p>\n<\/div>\n\n\n\n<div class=\"wp-block-hacce-wrapper alignfull\" style=\"background-color:#edebea\">\n<div class=\"wp-block-hacce-texto-foto alignfull contained\"><div class=\"texto centered\">\n<p>In cos\u00ec poco tempo, Walking Mum \u00e8 diventato un punto di riferimento internazionale in termini di design e praticit\u00e0 nel mondo della puericultura.<\/p>\n\n\n\n<p>Inoltre, le nuove collezioni Walking Mum sono ideate in Spagna ma ispirate dalle tendenze del Nord Europa. Abbinano cos\u00ec il know-how del nostro team specializzato in neonati e le nuove tendenze d&#8217;avanguardia.<\/p>\n<\/div><div class=\"foto\"><img decoding=\"async\" src=\"https:\/\/walkingmum.com\/wp-content\/uploads\/2021\/02\/doble2.jpg\" alt=\"\"\/><\/div><\/div>\n\n\n\n<p><\/p>\n<\/div>\n\n\n\n<div class=\"wp-block-hacce-wrapper\">\n<p class=\"has-text-align-center intermedio\">Tutte le collezioni Walking Mum sono modelli unici progettati per bambini e ispirati dalle nuove tendenze.<\/p>\n<\/div>\n\n\n\n<div class=\"wp-block-hacce-wrapper alignfull\" style=\"background-color:#edebea\">\n<div class=\"wp-block-hacce-texto-foto alignfull inverted contained\"><div class=\"texto centered\">\n<p>I valori del nostro marchio sono il design esclusivo e la qualit\u00e0, pensando sempre al comfort dei bambini e alla soddisfazione dei genitori, con accessori progettati per rendere la vita pi\u00f9 facile. Una vita pratica e organizzata che vi permette di godervi le avventure di ogni giorno con il vostro bambino.<\/p>\n\n\n\n<p>Walking Mum e Pasito a Pasito sono marchi depositati della Diset, S.A., fabbricante di giochi e giocattoli educativi con sede a Barcellona.<\/p>\n<\/div><div class=\"foto\"><img decoding=\"async\" src=\"https:\/\/walkingmum.com\/wp-content\/uploads\/2021\/02\/doble3.jpg\" alt=\"\"\/><\/div><\/div>\n\n\n\n<p><\/p>\n<\/div>\n","protected":false},"excerpt":{"rendered":"","protected":false},"author":1,"featured_media":0,"parent":0,"menu_order":0,"comment_status":"closed","ping_status":"closed","template":"templates\/template-fullwidth.php","meta":{"_acf_changed":false,"inline_featured_image":false,"footnotes":""},"class_list":["post-12424","page","type-page","status-publish","hentry"],"acf":[],"yoast_head":"<!-- This site is optimized with the Yoast SEO plugin v27.4 - https:\/\/yoast.com\/product\/yoast-seo-wordpress\/ -->\n<title>Su di noi - Walking Mum<\/title>\n<meta name=\"description\" content=\"Walking Mum, la marca urbana y deportiva de bolsas y fundas de sillas para beb\u00e9. Las nuevas colecciones de Walking Mum se dise\u00f1an en Espa\u00f1a pero se inspiran en las tendencias del Norte de Europa.\" \/>\n<meta name=\"robots\" content=\"index, follow, max-snippet:-1, max-image-preview:large, max-video-preview:-1\" \/>\n<link rel=\"canonical\" href=\"https:\/\/walkingmum.com\/it\/su-di-noi\/\" \/>\n<meta property=\"og:locale\" content=\"it_IT\" \/>\n<meta property=\"og:type\" content=\"article\" \/>\n<meta property=\"og:title\" content=\"Su di noi - Walking Mum\" \/>\n<meta property=\"og:description\" content=\"Walking Mum, la marca urbana y deportiva de bolsas y fundas de sillas para beb\u00e9. Las nuevas colecciones de Walking Mum se dise\u00f1an en Espa\u00f1a pero se inspiran en las tendencias del Norte de Europa.\" \/>\n<meta property=\"og:url\" content=\"https:\/\/walkingmum.com\/it\/su-di-noi\/\" \/>\n<meta property=\"og:site_name\" content=\"Walking Mum\" \/>\n<meta property=\"article:modified_time\" content=\"2021-05-11T10:03:47+00:00\" \/>\n<meta property=\"og:image\" content=\"https:\/\/walkingmum.com\/wp-content\/uploads\/2021\/02\/doble.jpg\" \/>\n<meta name=\"twitter:card\" content=\"summary_large_image\" \/>\n<meta name=\"twitter:label1\" content=\"Tempo di lettura stimato\" \/>\n\t<meta name=\"twitter:data1\" content=\"2 minuti\" \/>\n<script type=\"application\/ld+json\" class=\"yoast-schema-graph\">{\"@context\":\"https:\\\/\\\/schema.org\",\"@graph\":[{\"@type\":\"WebPage\",\"@id\":\"https:\\\/\\\/walkingmum.com\\\/it\\\/su-di-noi\\\/\",\"url\":\"https:\\\/\\\/walkingmum.com\\\/it\\\/su-di-noi\\\/\",\"name\":\"Su di noi - Walking Mum\",\"isPartOf\":{\"@id\":\"https:\\\/\\\/walkingmum.com\\\/#website\"},\"primaryImageOfPage\":{\"@id\":\"https:\\\/\\\/walkingmum.com\\\/it\\\/su-di-noi\\\/#primaryimage\"},\"image\":{\"@id\":\"https:\\\/\\\/walkingmum.com\\\/it\\\/su-di-noi\\\/#primaryimage\"},\"thumbnailUrl\":\"https:\\\/\\\/walkingmum.com\\\/wp-content\\\/uploads\\\/2021\\\/02\\\/doble.jpg\",\"datePublished\":\"2021-02-01T10:14:19+00:00\",\"dateModified\":\"2021-05-11T10:03:47+00:00\",\"description\":\"Walking Mum, la marca urbana y deportiva de bolsas y fundas de sillas para beb\u00e9. Las nuevas colecciones de Walking Mum se dise\u00f1an en Espa\u00f1a pero se inspiran en las tendencias del Norte de Europa.\",\"breadcrumb\":{\"@id\":\"https:\\\/\\\/walkingmum.com\\\/it\\\/su-di-noi\\\/#breadcrumb\"},\"inLanguage\":\"it-IT\",\"potentialAction\":[{\"@type\":\"ReadAction\",\"target\":[\"https:\\\/\\\/walkingmum.com\\\/it\\\/su-di-noi\\\/\"]}]},{\"@type\":\"ImageObject\",\"inLanguage\":\"it-IT\",\"@id\":\"https:\\\/\\\/walkingmum.com\\\/it\\\/su-di-noi\\\/#primaryimage\",\"url\":\"https:\\\/\\\/walkingmum.com\\\/wp-content\\\/uploads\\\/2021\\\/02\\\/doble.jpg\",\"contentUrl\":\"https:\\\/\\\/walkingmum.com\\\/wp-content\\\/uploads\\\/2021\\\/02\\\/doble.jpg\"},{\"@type\":\"BreadcrumbList\",\"@id\":\"https:\\\/\\\/walkingmum.com\\\/it\\\/su-di-noi\\\/#breadcrumb\",\"itemListElement\":[{\"@type\":\"ListItem\",\"position\":1,\"name\":\"Portada\",\"item\":\"https:\\\/\\\/walkingmum.com\\\/it\\\/\"},{\"@type\":\"ListItem\",\"position\":2,\"name\":\"Su di noi\"}]},{\"@type\":\"WebSite\",\"@id\":\"https:\\\/\\\/walkingmum.com\\\/#website\",\"url\":\"https:\\\/\\\/walkingmum.com\\\/\",\"name\":\"Walking Mum\",\"description\":\"La marca para beb\u00e9s modernos\",\"potentialAction\":[{\"@type\":\"SearchAction\",\"target\":{\"@type\":\"EntryPoint\",\"urlTemplate\":\"https:\\\/\\\/walkingmum.com\\\/?s={search_term_string}\"},\"query-input\":{\"@type\":\"PropertyValueSpecification\",\"valueRequired\":true,\"valueName\":\"search_term_string\"}}],\"inLanguage\":\"it-IT\"}]}<\/script>\n<!-- \/ Yoast SEO plugin. -->","yoast_head_json":{"title":"Su di noi - Walking Mum","description":"Walking Mum, la marca urbana y deportiva de bolsas y fundas de sillas para beb\u00e9. Las nuevas colecciones de Walking Mum se dise\u00f1an en Espa\u00f1a pero se inspiran en las tendencias del Norte de Europa.","robots":{"index":"index","follow":"follow","max-snippet":"max-snippet:-1","max-image-preview":"max-image-preview:large","max-video-preview":"max-video-preview:-1"},"canonical":"https:\/\/walkingmum.com\/it\/su-di-noi\/","og_locale":"it_IT","og_type":"article","og_title":"Su di noi - Walking Mum","og_description":"Walking Mum, la marca urbana y deportiva de bolsas y fundas de sillas para beb\u00e9. Las nuevas colecciones de Walking Mum se dise\u00f1an en Espa\u00f1a pero se inspiran en las tendencias del Norte de Europa.","og_url":"https:\/\/walkingmum.com\/it\/su-di-noi\/","og_site_name":"Walking Mum","article_modified_time":"2021-05-11T10:03:47+00:00","og_image":[{"url":"https:\/\/walkingmum.com\/wp-content\/uploads\/2021\/02\/doble.jpg","type":"","width":"","height":""}],"twitter_card":"summary_large_image","twitter_misc":{"Tempo di lettura stimato":"2 minuti"},"schema":{"@context":"https:\/\/schema.org","@graph":[{"@type":"WebPage","@id":"https:\/\/walkingmum.com\/it\/su-di-noi\/","url":"https:\/\/walkingmum.com\/it\/su-di-noi\/","name":"Su di noi - Walking Mum","isPartOf":{"@id":"https:\/\/walkingmum.com\/#website"},"primaryImageOfPage":{"@id":"https:\/\/walkingmum.com\/it\/su-di-noi\/#primaryimage"},"image":{"@id":"https:\/\/walkingmum.com\/it\/su-di-noi\/#primaryimage"},"thumbnailUrl":"https:\/\/walkingmum.com\/wp-content\/uploads\/2021\/02\/doble.jpg","datePublished":"2021-02-01T10:14:19+00:00","dateModified":"2021-05-11T10:03:47+00:00","description":"Walking Mum, la marca urbana y deportiva de bolsas y fundas de sillas para beb\u00e9. Las nuevas colecciones de Walking Mum se dise\u00f1an en Espa\u00f1a pero se inspiran en las tendencias del Norte de Europa.","breadcrumb":{"@id":"https:\/\/walkingmum.com\/it\/su-di-noi\/#breadcrumb"},"inLanguage":"it-IT","potentialAction":[{"@type":"ReadAction","target":["https:\/\/walkingmum.com\/it\/su-di-noi\/"]}]},{"@type":"ImageObject","inLanguage":"it-IT","@id":"https:\/\/walkingmum.com\/it\/su-di-noi\/#primaryimage","url":"https:\/\/walkingmum.com\/wp-content\/uploads\/2021\/02\/doble.jpg","contentUrl":"https:\/\/walkingmum.com\/wp-content\/uploads\/2021\/02\/doble.jpg"},{"@type":"BreadcrumbList","@id":"https:\/\/walkingmum.com\/it\/su-di-noi\/#breadcrumb","itemListElement":[{"@type":"ListItem","position":1,"name":"Portada","item":"https:\/\/walkingmum.com\/it\/"},{"@type":"ListItem","position":2,"name":"Su di noi"}]},{"@type":"WebSite","@id":"https:\/\/walkingmum.com\/#website","url":"https:\/\/walkingmum.com\/","name":"Walking Mum","description":"La marca para beb\u00e9s modernos","potentialAction":[{"@type":"SearchAction","target":{"@type":"EntryPoint","urlTemplate":"https:\/\/walkingmum.com\/?s={search_term_string}"},"query-input":{"@type":"PropertyValueSpecification","valueRequired":true,"valueName":"search_term_string"}}],"inLanguage":"it-IT"}]}},"_links":{"self":[{"href":"https:\/\/walkingmum.com\/it\/wp-json\/wp\/v2\/pages\/12424","targetHints":{"allow":["GET"]}}],"collection":[{"href":"https:\/\/walkingmum.com\/it\/wp-json\/wp\/v2\/pages"}],"about":[{"href":"https:\/\/walkingmum.com\/it\/wp-json\/wp\/v2\/types\/page"}],"author":[{"embeddable":true,"href":"https:\/\/walkingmum.com\/it\/wp-json\/wp\/v2\/users\/1"}],"replies":[{"embeddable":true,"href":"https:\/\/walkingmum.com\/it\/wp-json\/wp\/v2\/comments?post=12424"}],"version-history":[{"count":0,"href":"https:\/\/walkingmum.com\/it\/wp-json\/wp\/v2\/pages\/12424\/revisions"}],"wp:attachment":[{"href":"https:\/\/walkingmum.com\/it\/wp-json\/wp\/v2\/media?parent=12424"}],"curies":[{"name":"wp","href":"https:\/\/api.w.org\/{rel}","templated":true}]}}