{"id":36744,"date":"2026-03-02T07:34:19","date_gmt":"2026-03-02T07:34:19","guid":{"rendered":"https:\/\/walkingmum.com\/?post_type=product&#038;p=36744"},"modified":"2026-03-02T07:34:19","modified_gmt":"2026-03-02T07:34:19","slug":"gilet-de-flottaison-dapprentissage-rayures-t-xs-11-15-kg","status":"publish","type":"product","link":"https:\/\/walkingmum.com\/fr\/produit\/gilet-de-flottaison-dapprentissage-rayures-t-xs-11-15-kg\/","title":{"rendered":"GILET DE FLOTTAISON D\u2019APPRENTISSAGE RAYURES T\/XS (11\u201315 KG)"},"content":{"rendered":"<p>Le gilet de natation Summer Rayures de Walking Mum est con\u00e7u pour accompagner les plus petits dans leurs premiers pas dans l&rsquo;eau, en leur apportant s\u00e9curit\u00e9, confort et libert\u00e9 de mouvement. Son design dans un ton vert vif permet d&rsquo;identifier rapidement l&rsquo;enfant dans l&rsquo;eau, conform\u00e9ment aux exigences de visibilit\u00e9 et de contraste \u00e9tablies par la norme EN 13138 relative aux aides \u00e0 la flottabilit\u00e9 pour l&rsquo;apprentissage de la natation, qui exige que le dispositif soit clairement visible dans l&rsquo;eau, en \u00e9vitant les couleurs qui peuvent se confondre avec l&rsquo;environnement aquatique ou les couleurs \u00e0 faible visibilit\u00e9. Fabriqu\u00e9 avec un ext\u00e9rieur en lycra et n\u00e9opr\u00e8ne, il offre un ajustement doux et ergonomique au corps de l&rsquo;enfant. Son int\u00e9rieur est compos\u00e9 de coton perl\u00e9 r\u00e9sistant \u00e0 l&rsquo;eau de 20 mm d&rsquo;\u00e9paisseur, offrant une flottabilit\u00e9 progressive et une stabilit\u00e9 pendant l&rsquo;apprentissage. Id\u00e9al pour que votre enfant prenne confiance dans l&rsquo;eau tout en profitant de l&rsquo;\u00e9t\u00e9 en toute s\u00e9curit\u00e9 et avec style. Informations importantes concernant l&rsquo;utilisation : ces produits sont class\u00e9s comme des dispositifs d&rsquo;aide \u00e0 la flottabilit\u00e9 pour l&rsquo;apprentissage de la natation. Ce ne sont pas des gilets de sauvetage et ils doivent toujours \u00eatre utilis\u00e9s sous la surveillance constante d&rsquo;un adulte. Conforme \u00e0 la norme EN 13138 relative aux aides \u00e0 la flottabilit\u00e9 pour l&rsquo;apprentissage de la natation. Taille XS (11-15 kg).<\/p>\n","protected":false},"excerpt":{"rendered":"<p>Le gilet de natation Summer Rayures de Walking Mum est con\u00e7u pour accompagner les plus petits dans leurs premiers pas dans l&rsquo;eau, en leur apportant s\u00e9curit\u00e9, confort et libert\u00e9 de mouvement. Son design dans un ton vert vif permet d&rsquo;identifier rapidement l&rsquo;enfant dans l&rsquo;eau, conform\u00e9ment aux exigences de visibilit\u00e9 et de contraste \u00e9tablies par la [&hellip;]<\/p>\n","protected":false},"featured_media":36663,"comment_status":"closed","ping_status":"closed","template":"","meta":{"_acf_changed":false,"inline_featured_image":false},"colecciones":[409],"product_brand":[],"product_cat":[395],"product_tag":[],"class_list":{"0":"post-36744","1":"product","2":"type-product","3":"status-publish","4":"has-post-thumbnail","6":"colecciones-collection-summer","7":"product_cat-summer-fr","9":"first","10":"instock","11":"purchasable","12":"product-type-simple"},"acf":[],"yoast_head":"<!-- This site is optimized with the Yoast SEO plugin v27.4 - https:\/\/yoast.com\/product\/yoast-seo-wordpress\/ -->\n<title>GILET DE FLOTTAISON D\u2019APPRENTISSAGE RAYURES T\/XS (11\u201315 KG) - Walking Mum<\/title>\n<meta name=\"robots\" content=\"index, follow, max-snippet:-1, max-image-preview:large, max-video-preview:-1\" \/>\n<link rel=\"canonical\" href=\"https:\/\/walkingmum.com\/fr\/produit\/gilet-de-flottaison-dapprentissage-rayures-t-xs-11-15-kg\/\" \/>\n<meta property=\"og:locale\" content=\"fr_FR\" \/>\n<meta property=\"og:type\" content=\"article\" \/>\n<meta property=\"og:title\" content=\"GILET DE FLOTTAISON D\u2019APPRENTISSAGE RAYURES T\/XS (11\u201315 KG) - Walking Mum\" \/>\n<meta property=\"og:description\" content=\"Le gilet de natation Summer Rayures de Walking Mum est con\u00e7u pour accompagner les plus petits dans leurs premiers pas dans l&rsquo;eau, en leur apportant s\u00e9curit\u00e9, confort et libert\u00e9 de mouvement. Son design dans un ton vert vif permet d&rsquo;identifier rapidement l&rsquo;enfant dans l&rsquo;eau, conform\u00e9ment aux exigences de visibilit\u00e9 et de contraste \u00e9tablies par la [&hellip;]\" \/>\n<meta property=\"og:url\" content=\"https:\/\/walkingmum.com\/fr\/produit\/gilet-de-flottaison-dapprentissage-rayures-t-xs-11-15-kg\/\" \/>\n<meta property=\"og:site_name\" content=\"Walking Mum\" \/>\n<meta property=\"og:image\" content=\"https:\/\/walkingmum.com\/wp-content\/uploads\/2026\/02\/1120800750_abis.jpg\" \/>\n\t<meta property=\"og:image:width\" content=\"800\" \/>\n\t<meta property=\"og:image:height\" content=\"800\" \/>\n\t<meta property=\"og:image:type\" content=\"image\/jpeg\" \/>\n<meta name=\"twitter:card\" content=\"summary_large_image\" \/>\n<meta name=\"twitter:label1\" content=\"Dur\u00e9e de lecture estim\u00e9e\" \/>\n\t<meta name=\"twitter:data1\" content=\"1 minute\" \/>\n<script type=\"application\/ld+json\" class=\"yoast-schema-graph\">{\"@context\":\"https:\\\/\\\/schema.org\",\"@graph\":[{\"@type\":\"WebPage\",\"@id\":\"https:\\\/\\\/walkingmum.com\\\/fr\\\/produit\\\/gilet-de-flottaison-dapprentissage-rayures-t-xs-11-15-kg\\\/\",\"url\":\"https:\\\/\\\/walkingmum.com\\\/fr\\\/produit\\\/gilet-de-flottaison-dapprentissage-rayures-t-xs-11-15-kg\\\/\",\"name\":\"GILET DE FLOTTAISON D\u2019APPRENTISSAGE RAYURES T\\\/XS (11\u201315 KG) - Walking Mum\",\"isPartOf\":{\"@id\":\"https:\\\/\\\/walkingmum.com\\\/#website\"},\"primaryImageOfPage\":{\"@id\":\"https:\\\/\\\/walkingmum.com\\\/fr\\\/produit\\\/gilet-de-flottaison-dapprentissage-rayures-t-xs-11-15-kg\\\/#primaryimage\"},\"image\":{\"@id\":\"https:\\\/\\\/walkingmum.com\\\/fr\\\/produit\\\/gilet-de-flottaison-dapprentissage-rayures-t-xs-11-15-kg\\\/#primaryimage\"},\"thumbnailUrl\":\"https:\\\/\\\/walkingmum.com\\\/wp-content\\\/uploads\\\/2026\\\/02\\\/1120800750_abis.jpg\",\"datePublished\":\"2026-03-02T07:34:19+00:00\",\"breadcrumb\":{\"@id\":\"https:\\\/\\\/walkingmum.com\\\/fr\\\/produit\\\/gilet-de-flottaison-dapprentissage-rayures-t-xs-11-15-kg\\\/#breadcrumb\"},\"inLanguage\":\"fr-FR\",\"potentialAction\":[{\"@type\":\"ReadAction\",\"target\":[\"https:\\\/\\\/walkingmum.com\\\/fr\\\/produit\\\/gilet-de-flottaison-dapprentissage-rayures-t-xs-11-15-kg\\\/\"]}]},{\"@type\":\"ImageObject\",\"inLanguage\":\"fr-FR\",\"@id\":\"https:\\\/\\\/walkingmum.com\\\/fr\\\/produit\\\/gilet-de-flottaison-dapprentissage-rayures-t-xs-11-15-kg\\\/#primaryimage\",\"url\":\"https:\\\/\\\/walkingmum.com\\\/wp-content\\\/uploads\\\/2026\\\/02\\\/1120800750_abis.jpg\",\"contentUrl\":\"https:\\\/\\\/walkingmum.com\\\/wp-content\\\/uploads\\\/2026\\\/02\\\/1120800750_abis.jpg\",\"width\":800,\"height\":800},{\"@type\":\"BreadcrumbList\",\"@id\":\"https:\\\/\\\/walkingmum.com\\\/fr\\\/produit\\\/gilet-de-flottaison-dapprentissage-rayures-t-xs-11-15-kg\\\/#breadcrumb\",\"itemListElement\":[{\"@type\":\"ListItem\",\"position\":1,\"name\":\"Portada\",\"item\":\"https:\\\/\\\/walkingmum.com\\\/fr\\\/\"},{\"@type\":\"ListItem\",\"position\":2,\"name\":\"Tienda\",\"item\":\"https:\\\/\\\/walkingmum.com\\\/tienda\\\/\"},{\"@type\":\"ListItem\",\"position\":3,\"name\":\"GILET DE FLOTTAISON D\u2019APPRENTISSAGE RAYURES T\\\/XS (11\u201315 KG)\"}]},{\"@type\":\"WebSite\",\"@id\":\"https:\\\/\\\/walkingmum.com\\\/#website\",\"url\":\"https:\\\/\\\/walkingmum.com\\\/\",\"name\":\"Walking Mum\",\"description\":\"La marca para beb\u00e9s modernos\",\"potentialAction\":[{\"@type\":\"SearchAction\",\"target\":{\"@type\":\"EntryPoint\",\"urlTemplate\":\"https:\\\/\\\/walkingmum.com\\\/?s={search_term_string}\"},\"query-input\":{\"@type\":\"PropertyValueSpecification\",\"valueRequired\":true,\"valueName\":\"search_term_string\"}}],\"inLanguage\":\"fr-FR\"}]}<\/script>\n<!-- \/ Yoast SEO plugin. -->","yoast_head_json":{"title":"GILET DE FLOTTAISON D\u2019APPRENTISSAGE RAYURES T\/XS (11\u201315 KG) - Walking Mum","robots":{"index":"index","follow":"follow","max-snippet":"max-snippet:-1","max-image-preview":"max-image-preview:large","max-video-preview":"max-video-preview:-1"},"canonical":"https:\/\/walkingmum.com\/fr\/produit\/gilet-de-flottaison-dapprentissage-rayures-t-xs-11-15-kg\/","og_locale":"fr_FR","og_type":"article","og_title":"GILET DE FLOTTAISON D\u2019APPRENTISSAGE RAYURES T\/XS (11\u201315 KG) - Walking Mum","og_description":"Le gilet de natation Summer Rayures de Walking Mum est con\u00e7u pour accompagner les plus petits dans leurs premiers pas dans l&rsquo;eau, en leur apportant s\u00e9curit\u00e9, confort et libert\u00e9 de mouvement. Son design dans un ton vert vif permet d&rsquo;identifier rapidement l&rsquo;enfant dans l&rsquo;eau, conform\u00e9ment aux exigences de visibilit\u00e9 et de contraste \u00e9tablies par la [&hellip;]","og_url":"https:\/\/walkingmum.com\/fr\/produit\/gilet-de-flottaison-dapprentissage-rayures-t-xs-11-15-kg\/","og_site_name":"Walking Mum","og_image":[{"width":800,"height":800,"url":"https:\/\/walkingmum.com\/wp-content\/uploads\/2026\/02\/1120800750_abis.jpg","type":"image\/jpeg"}],"twitter_card":"summary_large_image","twitter_misc":{"Dur\u00e9e de lecture estim\u00e9e":"1 minute"},"schema":{"@context":"https:\/\/schema.org","@graph":[{"@type":"WebPage","@id":"https:\/\/walkingmum.com\/fr\/produit\/gilet-de-flottaison-dapprentissage-rayures-t-xs-11-15-kg\/","url":"https:\/\/walkingmum.com\/fr\/produit\/gilet-de-flottaison-dapprentissage-rayures-t-xs-11-15-kg\/","name":"GILET DE FLOTTAISON D\u2019APPRENTISSAGE RAYURES T\/XS (11\u201315 KG) - Walking Mum","isPartOf":{"@id":"https:\/\/walkingmum.com\/#website"},"primaryImageOfPage":{"@id":"https:\/\/walkingmum.com\/fr\/produit\/gilet-de-flottaison-dapprentissage-rayures-t-xs-11-15-kg\/#primaryimage"},"image":{"@id":"https:\/\/walkingmum.com\/fr\/produit\/gilet-de-flottaison-dapprentissage-rayures-t-xs-11-15-kg\/#primaryimage"},"thumbnailUrl":"https:\/\/walkingmum.com\/wp-content\/uploads\/2026\/02\/1120800750_abis.jpg","datePublished":"2026-03-02T07:34:19+00:00","breadcrumb":{"@id":"https:\/\/walkingmum.com\/fr\/produit\/gilet-de-flottaison-dapprentissage-rayures-t-xs-11-15-kg\/#breadcrumb"},"inLanguage":"fr-FR","potentialAction":[{"@type":"ReadAction","target":["https:\/\/walkingmum.com\/fr\/produit\/gilet-de-flottaison-dapprentissage-rayures-t-xs-11-15-kg\/"]}]},{"@type":"ImageObject","inLanguage":"fr-FR","@id":"https:\/\/walkingmum.com\/fr\/produit\/gilet-de-flottaison-dapprentissage-rayures-t-xs-11-15-kg\/#primaryimage","url":"https:\/\/walkingmum.com\/wp-content\/uploads\/2026\/02\/1120800750_abis.jpg","contentUrl":"https:\/\/walkingmum.com\/wp-content\/uploads\/2026\/02\/1120800750_abis.jpg","width":800,"height":800},{"@type":"BreadcrumbList","@id":"https:\/\/walkingmum.com\/fr\/produit\/gilet-de-flottaison-dapprentissage-rayures-t-xs-11-15-kg\/#breadcrumb","itemListElement":[{"@type":"ListItem","position":1,"name":"Portada","item":"https:\/\/walkingmum.com\/fr\/"},{"@type":"ListItem","position":2,"name":"Tienda","item":"https:\/\/walkingmum.com\/tienda\/"},{"@type":"ListItem","position":3,"name":"GILET DE FLOTTAISON D\u2019APPRENTISSAGE RAYURES T\/XS (11\u201315 KG)"}]},{"@type":"WebSite","@id":"https:\/\/walkingmum.com\/#website","url":"https:\/\/walkingmum.com\/","name":"Walking Mum","description":"La marca para beb\u00e9s modernos","potentialAction":[{"@type":"SearchAction","target":{"@type":"EntryPoint","urlTemplate":"https:\/\/walkingmum.com\/?s={search_term_string}"},"query-input":{"@type":"PropertyValueSpecification","valueRequired":true,"valueName":"search_term_string"}}],"inLanguage":"fr-FR"}]}},"_links":{"self":[{"href":"https:\/\/walkingmum.com\/fr\/wp-json\/wp\/v2\/product\/36744","targetHints":{"allow":["GET"]}}],"collection":[{"href":"https:\/\/walkingmum.com\/fr\/wp-json\/wp\/v2\/product"}],"about":[{"href":"https:\/\/walkingmum.com\/fr\/wp-json\/wp\/v2\/types\/product"}],"replies":[{"embeddable":true,"href":"https:\/\/walkingmum.com\/fr\/wp-json\/wp\/v2\/comments?post=36744"}],"wp:featuredmedia":[{"embeddable":true,"href":"https:\/\/walkingmum.com\/fr\/wp-json\/wp\/v2\/media\/36663"}],"wp:attachment":[{"href":"https:\/\/walkingmum.com\/fr\/wp-json\/wp\/v2\/media?parent=36744"}],"wp:term":[{"taxonomy":"colecciones","embeddable":true,"href":"https:\/\/walkingmum.com\/fr\/wp-json\/wp\/v2\/colecciones?post=36744"},{"taxonomy":"product_brand","embeddable":true,"href":"https:\/\/walkingmum.com\/fr\/wp-json\/wp\/v2\/product_brand?post=36744"},{"taxonomy":"product_cat","embeddable":true,"href":"https:\/\/walkingmum.com\/fr\/wp-json\/wp\/v2\/product_cat?post=36744"},{"taxonomy":"product_tag","embeddable":true,"href":"https:\/\/walkingmum.com\/fr\/wp-json\/wp\/v2\/product_tag?post=36744"}],"curies":[{"name":"wp","href":"https:\/\/api.w.org\/{rel}","templated":true}]}}