{"id":36741,"date":"2026-03-02T07:34:18","date_gmt":"2026-03-02T07:34:18","guid":{"rendered":"https:\/\/walkingmum.com\/?post_type=product&#038;p=36741"},"modified":"2026-03-02T07:34:18","modified_gmt":"2026-03-02T07:34:18","slug":"serviette-poncho-rayures-t-u","status":"publish","type":"product","link":"https:\/\/walkingmum.com\/fr\/produit\/serviette-poncho-rayures-t-u\/","title":{"rendered":"SERVIETTE PONCHO RAYURES T\/U"},"content":{"rendered":"<p>Le poncho en microfibre Summer Rayas de Walking Mum est le v\u00eatement id\u00e9al apr\u00e8s la baignade \u00e0 la plage ou \u00e0 la piscine. Son motif ray\u00e9 apporte une touche de fra\u00eecheur et s&rsquo;harmonise avec le reste de la collection Summer, cr\u00e9ant ainsi un ensemble coordonn\u00e9 et fonctionnel. Fabriqu\u00e9 en microfibre (88 % polyester \/ 12 % polyamide), il est l\u00e9ger, doux au toucher et s\u00e8che rapidement, id\u00e9al pour garder b\u00e9b\u00e9 confortable et prot\u00e9g\u00e9 apr\u00e8s chaque baignade. Sa capuche aide \u00e0 s\u00e9cher la t\u00eate et \u00e0 prot\u00e9ger du vent ou du soleil, tandis que sa coupe ample permet de l&rsquo;enfiler et de le retirer facilement. Pratique, confortable et parfait pour envelopper chaque moment dans l&rsquo;eau de douceur et de style estival. Avec protection solaire FPS\/SPF 50+. Conforme \u00e0 la norme UPF EN 13758-1:2002+A1:2007 sur les propri\u00e9t\u00e9s de protection contre les rayons ultraviolets du soleil dans les tissus d&rsquo;habillement. Taille unique adaptable de 9 \u00e0 24 mois.<\/p>\n","protected":false},"excerpt":{"rendered":"<p>Le poncho en microfibre Summer Rayas de Walking Mum est le v\u00eatement id\u00e9al apr\u00e8s la baignade \u00e0 la plage ou \u00e0 la piscine. Son motif ray\u00e9 apporte une touche de fra\u00eecheur et s&rsquo;harmonise avec le reste de la collection Summer, cr\u00e9ant ainsi un ensemble coordonn\u00e9 et fonctionnel. Fabriqu\u00e9 en microfibre (88 % polyester \/ 12 [&hellip;]<\/p>\n","protected":false},"featured_media":36644,"comment_status":"closed","ping_status":"closed","template":"","meta":{"_acf_changed":false,"inline_featured_image":false},"colecciones":[409],"product_brand":[],"product_cat":[395],"product_tag":[],"class_list":{"0":"post-36741","1":"product","2":"type-product","3":"status-publish","4":"has-post-thumbnail","6":"colecciones-collection-summer","7":"product_cat-summer-fr","9":"first","10":"instock","11":"purchasable","12":"product-type-simple"},"acf":[],"yoast_head":"<!-- This site is optimized with the Yoast SEO plugin v27.4 - https:\/\/yoast.com\/product\/yoast-seo-wordpress\/ -->\n<title>SERVIETTE PONCHO RAYURES T\/U - Walking Mum<\/title>\n<meta name=\"robots\" content=\"index, follow, max-snippet:-1, max-image-preview:large, max-video-preview:-1\" \/>\n<link rel=\"canonical\" href=\"https:\/\/walkingmum.com\/fr\/produit\/serviette-poncho-rayures-t-u\/\" \/>\n<meta property=\"og:locale\" content=\"fr_FR\" \/>\n<meta property=\"og:type\" content=\"article\" \/>\n<meta property=\"og:title\" content=\"SERVIETTE PONCHO RAYURES T\/U - Walking Mum\" \/>\n<meta property=\"og:description\" content=\"Le poncho en microfibre Summer Rayas de Walking Mum est le v\u00eatement id\u00e9al apr\u00e8s la baignade \u00e0 la plage ou \u00e0 la piscine. Son motif ray\u00e9 apporte une touche de fra\u00eecheur et s&rsquo;harmonise avec le reste de la collection Summer, cr\u00e9ant ainsi un ensemble coordonn\u00e9 et fonctionnel. Fabriqu\u00e9 en microfibre (88 % polyester \/ 12 [&hellip;]\" \/>\n<meta property=\"og:url\" content=\"https:\/\/walkingmum.com\/fr\/produit\/serviette-poncho-rayures-t-u\/\" \/>\n<meta property=\"og:site_name\" content=\"Walking Mum\" \/>\n<meta property=\"og:image\" content=\"https:\/\/walkingmum.com\/wp-content\/uploads\/2026\/02\/1120800783_a.jpg\" \/>\n\t<meta property=\"og:image:width\" content=\"800\" \/>\n\t<meta property=\"og:image:height\" content=\"800\" \/>\n\t<meta property=\"og:image:type\" content=\"image\/jpeg\" \/>\n<meta name=\"twitter:card\" content=\"summary_large_image\" \/>\n<meta name=\"twitter:label1\" content=\"Dur\u00e9e de lecture estim\u00e9e\" \/>\n\t<meta name=\"twitter:data1\" content=\"1 minute\" \/>\n<script type=\"application\/ld+json\" class=\"yoast-schema-graph\">{\"@context\":\"https:\\\/\\\/schema.org\",\"@graph\":[{\"@type\":\"WebPage\",\"@id\":\"https:\\\/\\\/walkingmum.com\\\/fr\\\/produit\\\/serviette-poncho-rayures-t-u\\\/\",\"url\":\"https:\\\/\\\/walkingmum.com\\\/fr\\\/produit\\\/serviette-poncho-rayures-t-u\\\/\",\"name\":\"SERVIETTE PONCHO RAYURES T\\\/U - Walking Mum\",\"isPartOf\":{\"@id\":\"https:\\\/\\\/walkingmum.com\\\/#website\"},\"primaryImageOfPage\":{\"@id\":\"https:\\\/\\\/walkingmum.com\\\/fr\\\/produit\\\/serviette-poncho-rayures-t-u\\\/#primaryimage\"},\"image\":{\"@id\":\"https:\\\/\\\/walkingmum.com\\\/fr\\\/produit\\\/serviette-poncho-rayures-t-u\\\/#primaryimage\"},\"thumbnailUrl\":\"https:\\\/\\\/walkingmum.com\\\/wp-content\\\/uploads\\\/2026\\\/02\\\/1120800783_a.jpg\",\"datePublished\":\"2026-03-02T07:34:18+00:00\",\"breadcrumb\":{\"@id\":\"https:\\\/\\\/walkingmum.com\\\/fr\\\/produit\\\/serviette-poncho-rayures-t-u\\\/#breadcrumb\"},\"inLanguage\":\"fr-FR\",\"potentialAction\":[{\"@type\":\"ReadAction\",\"target\":[\"https:\\\/\\\/walkingmum.com\\\/fr\\\/produit\\\/serviette-poncho-rayures-t-u\\\/\"]}]},{\"@type\":\"ImageObject\",\"inLanguage\":\"fr-FR\",\"@id\":\"https:\\\/\\\/walkingmum.com\\\/fr\\\/produit\\\/serviette-poncho-rayures-t-u\\\/#primaryimage\",\"url\":\"https:\\\/\\\/walkingmum.com\\\/wp-content\\\/uploads\\\/2026\\\/02\\\/1120800783_a.jpg\",\"contentUrl\":\"https:\\\/\\\/walkingmum.com\\\/wp-content\\\/uploads\\\/2026\\\/02\\\/1120800783_a.jpg\",\"width\":800,\"height\":800},{\"@type\":\"BreadcrumbList\",\"@id\":\"https:\\\/\\\/walkingmum.com\\\/fr\\\/produit\\\/serviette-poncho-rayures-t-u\\\/#breadcrumb\",\"itemListElement\":[{\"@type\":\"ListItem\",\"position\":1,\"name\":\"Portada\",\"item\":\"https:\\\/\\\/walkingmum.com\\\/fr\\\/\"},{\"@type\":\"ListItem\",\"position\":2,\"name\":\"Tienda\",\"item\":\"https:\\\/\\\/walkingmum.com\\\/tienda\\\/\"},{\"@type\":\"ListItem\",\"position\":3,\"name\":\"SERVIETTE PONCHO RAYURES T\\\/U\"}]},{\"@type\":\"WebSite\",\"@id\":\"https:\\\/\\\/walkingmum.com\\\/#website\",\"url\":\"https:\\\/\\\/walkingmum.com\\\/\",\"name\":\"Walking Mum\",\"description\":\"La marca para beb\u00e9s modernos\",\"potentialAction\":[{\"@type\":\"SearchAction\",\"target\":{\"@type\":\"EntryPoint\",\"urlTemplate\":\"https:\\\/\\\/walkingmum.com\\\/?s={search_term_string}\"},\"query-input\":{\"@type\":\"PropertyValueSpecification\",\"valueRequired\":true,\"valueName\":\"search_term_string\"}}],\"inLanguage\":\"fr-FR\"}]}<\/script>\n<!-- \/ Yoast SEO plugin. -->","yoast_head_json":{"title":"SERVIETTE PONCHO RAYURES T\/U - Walking Mum","robots":{"index":"index","follow":"follow","max-snippet":"max-snippet:-1","max-image-preview":"max-image-preview:large","max-video-preview":"max-video-preview:-1"},"canonical":"https:\/\/walkingmum.com\/fr\/produit\/serviette-poncho-rayures-t-u\/","og_locale":"fr_FR","og_type":"article","og_title":"SERVIETTE PONCHO RAYURES T\/U - Walking Mum","og_description":"Le poncho en microfibre Summer Rayas de Walking Mum est le v\u00eatement id\u00e9al apr\u00e8s la baignade \u00e0 la plage ou \u00e0 la piscine. Son motif ray\u00e9 apporte une touche de fra\u00eecheur et s&rsquo;harmonise avec le reste de la collection Summer, cr\u00e9ant ainsi un ensemble coordonn\u00e9 et fonctionnel. Fabriqu\u00e9 en microfibre (88 % polyester \/ 12 [&hellip;]","og_url":"https:\/\/walkingmum.com\/fr\/produit\/serviette-poncho-rayures-t-u\/","og_site_name":"Walking Mum","og_image":[{"width":800,"height":800,"url":"https:\/\/walkingmum.com\/wp-content\/uploads\/2026\/02\/1120800783_a.jpg","type":"image\/jpeg"}],"twitter_card":"summary_large_image","twitter_misc":{"Dur\u00e9e de lecture estim\u00e9e":"1 minute"},"schema":{"@context":"https:\/\/schema.org","@graph":[{"@type":"WebPage","@id":"https:\/\/walkingmum.com\/fr\/produit\/serviette-poncho-rayures-t-u\/","url":"https:\/\/walkingmum.com\/fr\/produit\/serviette-poncho-rayures-t-u\/","name":"SERVIETTE PONCHO RAYURES T\/U - Walking Mum","isPartOf":{"@id":"https:\/\/walkingmum.com\/#website"},"primaryImageOfPage":{"@id":"https:\/\/walkingmum.com\/fr\/produit\/serviette-poncho-rayures-t-u\/#primaryimage"},"image":{"@id":"https:\/\/walkingmum.com\/fr\/produit\/serviette-poncho-rayures-t-u\/#primaryimage"},"thumbnailUrl":"https:\/\/walkingmum.com\/wp-content\/uploads\/2026\/02\/1120800783_a.jpg","datePublished":"2026-03-02T07:34:18+00:00","breadcrumb":{"@id":"https:\/\/walkingmum.com\/fr\/produit\/serviette-poncho-rayures-t-u\/#breadcrumb"},"inLanguage":"fr-FR","potentialAction":[{"@type":"ReadAction","target":["https:\/\/walkingmum.com\/fr\/produit\/serviette-poncho-rayures-t-u\/"]}]},{"@type":"ImageObject","inLanguage":"fr-FR","@id":"https:\/\/walkingmum.com\/fr\/produit\/serviette-poncho-rayures-t-u\/#primaryimage","url":"https:\/\/walkingmum.com\/wp-content\/uploads\/2026\/02\/1120800783_a.jpg","contentUrl":"https:\/\/walkingmum.com\/wp-content\/uploads\/2026\/02\/1120800783_a.jpg","width":800,"height":800},{"@type":"BreadcrumbList","@id":"https:\/\/walkingmum.com\/fr\/produit\/serviette-poncho-rayures-t-u\/#breadcrumb","itemListElement":[{"@type":"ListItem","position":1,"name":"Portada","item":"https:\/\/walkingmum.com\/fr\/"},{"@type":"ListItem","position":2,"name":"Tienda","item":"https:\/\/walkingmum.com\/tienda\/"},{"@type":"ListItem","position":3,"name":"SERVIETTE PONCHO RAYURES T\/U"}]},{"@type":"WebSite","@id":"https:\/\/walkingmum.com\/#website","url":"https:\/\/walkingmum.com\/","name":"Walking Mum","description":"La marca para beb\u00e9s modernos","potentialAction":[{"@type":"SearchAction","target":{"@type":"EntryPoint","urlTemplate":"https:\/\/walkingmum.com\/?s={search_term_string}"},"query-input":{"@type":"PropertyValueSpecification","valueRequired":true,"valueName":"search_term_string"}}],"inLanguage":"fr-FR"}]}},"_links":{"self":[{"href":"https:\/\/walkingmum.com\/fr\/wp-json\/wp\/v2\/product\/36741","targetHints":{"allow":["GET"]}}],"collection":[{"href":"https:\/\/walkingmum.com\/fr\/wp-json\/wp\/v2\/product"}],"about":[{"href":"https:\/\/walkingmum.com\/fr\/wp-json\/wp\/v2\/types\/product"}],"replies":[{"embeddable":true,"href":"https:\/\/walkingmum.com\/fr\/wp-json\/wp\/v2\/comments?post=36741"}],"wp:featuredmedia":[{"embeddable":true,"href":"https:\/\/walkingmum.com\/fr\/wp-json\/wp\/v2\/media\/36644"}],"wp:attachment":[{"href":"https:\/\/walkingmum.com\/fr\/wp-json\/wp\/v2\/media?parent=36741"}],"wp:term":[{"taxonomy":"colecciones","embeddable":true,"href":"https:\/\/walkingmum.com\/fr\/wp-json\/wp\/v2\/colecciones?post=36741"},{"taxonomy":"product_brand","embeddable":true,"href":"https:\/\/walkingmum.com\/fr\/wp-json\/wp\/v2\/product_brand?post=36741"},{"taxonomy":"product_cat","embeddable":true,"href":"https:\/\/walkingmum.com\/fr\/wp-json\/wp\/v2\/product_cat?post=36741"},{"taxonomy":"product_tag","embeddable":true,"href":"https:\/\/walkingmum.com\/fr\/wp-json\/wp\/v2\/product_tag?post=36741"}],"curies":[{"name":"wp","href":"https:\/\/api.w.org\/{rel}","templated":true}]}}