{"id":36737,"date":"2026-03-02T07:34:18","date_gmt":"2026-03-02T07:34:18","guid":{"rendered":"https:\/\/walkingmum.com\/?post_type=product&#038;p=36737"},"modified":"2026-03-02T07:34:18","modified_gmt":"2026-03-02T07:34:18","slug":"serviette-fleurs-70-x-140-cm","status":"publish","type":"product","link":"https:\/\/walkingmum.com\/fr\/produit\/serviette-fleurs-70-x-140-cm\/","title":{"rendered":"SERVIETTE FLEURS 70 X 140 CM"},"content":{"rendered":"<p>La serviette en microfibre Summer Fleurs de Walking Mum est l&rsquo;accessoire id\u00e9al pour les journ\u00e9es \u00e0 la plage, \u00e0 la piscine ou les escapades en plein air. Son motif floral apporte de la fra\u00eecheur et s&rsquo;harmonise avec le reste de la collection, cr\u00e9ant un look estival coordonn\u00e9. Fabriqu\u00e9e en microfibre (88 % polyester \/ 12 % polyamide), elle est l\u00e9g\u00e8re, douce et s\u00e8che rapidement, id\u00e9ale pour un usage quotidien avec les b\u00e9b\u00e9s et les jeunes enfants. Son tissu compact facilite le pliage et prend tr\u00e8s peu de place dans le sac de plage ou la poussette. Elle est livr\u00e9e avec un sac de transport en polyester, pratique et confortable, pour la garder toujours prot\u00e9g\u00e9e et pr\u00eate \u00e0 l&#8217;emploi. Parfaite pour accompagner chaque baignade et s\u00e9cher les c\u00e2lins pleins de sable et de sel. Avec protection solaire FPS\/SPF 50+. Conforme \u00e0 la norme UPF EN 13758-1:2002+A1:2007 sur les propri\u00e9t\u00e9s protectrices contre les rayons ultraviolets du soleil dans les tissus d&rsquo;habillement. Dimensions : 70 x 140 cm.<\/p>\n","protected":false},"excerpt":{"rendered":"<p>La serviette en microfibre Summer Fleurs de Walking Mum est l&rsquo;accessoire id\u00e9al pour les journ\u00e9es \u00e0 la plage, \u00e0 la piscine ou les escapades en plein air. Son motif floral apporte de la fra\u00eecheur et s&rsquo;harmonise avec le reste de la collection, cr\u00e9ant un look estival coordonn\u00e9. Fabriqu\u00e9e en microfibre (88 % polyester \/ 12 [&hellip;]<\/p>\n","protected":false},"featured_media":36572,"comment_status":"closed","ping_status":"closed","template":"","meta":{"_acf_changed":false,"inline_featured_image":false},"colecciones":[409],"product_brand":[],"product_cat":[395],"product_tag":[],"class_list":{"0":"post-36737","1":"product","2":"type-product","3":"status-publish","4":"has-post-thumbnail","6":"colecciones-collection-summer","7":"product_cat-summer-fr","9":"first","10":"instock","11":"purchasable","12":"product-type-simple"},"acf":[],"yoast_head":"<!-- This site is optimized with the Yoast SEO plugin v27.4 - https:\/\/yoast.com\/product\/yoast-seo-wordpress\/ -->\n<title>SERVIETTE FLEURS 70 X 140 CM - Walking Mum<\/title>\n<meta name=\"robots\" content=\"index, follow, max-snippet:-1, max-image-preview:large, max-video-preview:-1\" \/>\n<link rel=\"canonical\" href=\"https:\/\/walkingmum.com\/fr\/produit\/serviette-fleurs-70-x-140-cm\/\" \/>\n<meta property=\"og:locale\" content=\"fr_FR\" \/>\n<meta property=\"og:type\" content=\"article\" \/>\n<meta property=\"og:title\" content=\"SERVIETTE FLEURS 70 X 140 CM - Walking Mum\" \/>\n<meta property=\"og:description\" content=\"La serviette en microfibre Summer Fleurs de Walking Mum est l&rsquo;accessoire id\u00e9al pour les journ\u00e9es \u00e0 la plage, \u00e0 la piscine ou les escapades en plein air. Son motif floral apporte de la fra\u00eecheur et s&rsquo;harmonise avec le reste de la collection, cr\u00e9ant un look estival coordonn\u00e9. Fabriqu\u00e9e en microfibre (88 % polyester \/ 12 [&hellip;]\" \/>\n<meta property=\"og:url\" content=\"https:\/\/walkingmum.com\/fr\/produit\/serviette-fleurs-70-x-140-cm\/\" \/>\n<meta property=\"og:site_name\" content=\"Walking Mum\" \/>\n<meta property=\"og:image\" content=\"https:\/\/walkingmum.com\/wp-content\/uploads\/2026\/02\/1120800779_a.jpg\" \/>\n\t<meta property=\"og:image:width\" content=\"800\" \/>\n\t<meta property=\"og:image:height\" content=\"800\" \/>\n\t<meta property=\"og:image:type\" content=\"image\/jpeg\" \/>\n<meta name=\"twitter:card\" content=\"summary_large_image\" \/>\n<meta name=\"twitter:label1\" content=\"Dur\u00e9e de lecture estim\u00e9e\" \/>\n\t<meta name=\"twitter:data1\" content=\"1 minute\" \/>\n<script type=\"application\/ld+json\" class=\"yoast-schema-graph\">{\"@context\":\"https:\\\/\\\/schema.org\",\"@graph\":[{\"@type\":\"WebPage\",\"@id\":\"https:\\\/\\\/walkingmum.com\\\/fr\\\/produit\\\/serviette-fleurs-70-x-140-cm\\\/\",\"url\":\"https:\\\/\\\/walkingmum.com\\\/fr\\\/produit\\\/serviette-fleurs-70-x-140-cm\\\/\",\"name\":\"SERVIETTE FLEURS 70 X 140 CM - Walking Mum\",\"isPartOf\":{\"@id\":\"https:\\\/\\\/walkingmum.com\\\/#website\"},\"primaryImageOfPage\":{\"@id\":\"https:\\\/\\\/walkingmum.com\\\/fr\\\/produit\\\/serviette-fleurs-70-x-140-cm\\\/#primaryimage\"},\"image\":{\"@id\":\"https:\\\/\\\/walkingmum.com\\\/fr\\\/produit\\\/serviette-fleurs-70-x-140-cm\\\/#primaryimage\"},\"thumbnailUrl\":\"https:\\\/\\\/walkingmum.com\\\/wp-content\\\/uploads\\\/2026\\\/02\\\/1120800779_a.jpg\",\"datePublished\":\"2026-03-02T07:34:18+00:00\",\"breadcrumb\":{\"@id\":\"https:\\\/\\\/walkingmum.com\\\/fr\\\/produit\\\/serviette-fleurs-70-x-140-cm\\\/#breadcrumb\"},\"inLanguage\":\"fr-FR\",\"potentialAction\":[{\"@type\":\"ReadAction\",\"target\":[\"https:\\\/\\\/walkingmum.com\\\/fr\\\/produit\\\/serviette-fleurs-70-x-140-cm\\\/\"]}]},{\"@type\":\"ImageObject\",\"inLanguage\":\"fr-FR\",\"@id\":\"https:\\\/\\\/walkingmum.com\\\/fr\\\/produit\\\/serviette-fleurs-70-x-140-cm\\\/#primaryimage\",\"url\":\"https:\\\/\\\/walkingmum.com\\\/wp-content\\\/uploads\\\/2026\\\/02\\\/1120800779_a.jpg\",\"contentUrl\":\"https:\\\/\\\/walkingmum.com\\\/wp-content\\\/uploads\\\/2026\\\/02\\\/1120800779_a.jpg\",\"width\":800,\"height\":800},{\"@type\":\"BreadcrumbList\",\"@id\":\"https:\\\/\\\/walkingmum.com\\\/fr\\\/produit\\\/serviette-fleurs-70-x-140-cm\\\/#breadcrumb\",\"itemListElement\":[{\"@type\":\"ListItem\",\"position\":1,\"name\":\"Portada\",\"item\":\"https:\\\/\\\/walkingmum.com\\\/fr\\\/\"},{\"@type\":\"ListItem\",\"position\":2,\"name\":\"Tienda\",\"item\":\"https:\\\/\\\/walkingmum.com\\\/tienda\\\/\"},{\"@type\":\"ListItem\",\"position\":3,\"name\":\"SERVIETTE FLEURS 70 X 140 CM\"}]},{\"@type\":\"WebSite\",\"@id\":\"https:\\\/\\\/walkingmum.com\\\/#website\",\"url\":\"https:\\\/\\\/walkingmum.com\\\/\",\"name\":\"Walking Mum\",\"description\":\"La marca para beb\u00e9s modernos\",\"potentialAction\":[{\"@type\":\"SearchAction\",\"target\":{\"@type\":\"EntryPoint\",\"urlTemplate\":\"https:\\\/\\\/walkingmum.com\\\/?s={search_term_string}\"},\"query-input\":{\"@type\":\"PropertyValueSpecification\",\"valueRequired\":true,\"valueName\":\"search_term_string\"}}],\"inLanguage\":\"fr-FR\"}]}<\/script>\n<!-- \/ Yoast SEO plugin. -->","yoast_head_json":{"title":"SERVIETTE FLEURS 70 X 140 CM - Walking Mum","robots":{"index":"index","follow":"follow","max-snippet":"max-snippet:-1","max-image-preview":"max-image-preview:large","max-video-preview":"max-video-preview:-1"},"canonical":"https:\/\/walkingmum.com\/fr\/produit\/serviette-fleurs-70-x-140-cm\/","og_locale":"fr_FR","og_type":"article","og_title":"SERVIETTE FLEURS 70 X 140 CM - Walking Mum","og_description":"La serviette en microfibre Summer Fleurs de Walking Mum est l&rsquo;accessoire id\u00e9al pour les journ\u00e9es \u00e0 la plage, \u00e0 la piscine ou les escapades en plein air. Son motif floral apporte de la fra\u00eecheur et s&rsquo;harmonise avec le reste de la collection, cr\u00e9ant un look estival coordonn\u00e9. Fabriqu\u00e9e en microfibre (88 % polyester \/ 12 [&hellip;]","og_url":"https:\/\/walkingmum.com\/fr\/produit\/serviette-fleurs-70-x-140-cm\/","og_site_name":"Walking Mum","og_image":[{"width":800,"height":800,"url":"https:\/\/walkingmum.com\/wp-content\/uploads\/2026\/02\/1120800779_a.jpg","type":"image\/jpeg"}],"twitter_card":"summary_large_image","twitter_misc":{"Dur\u00e9e de lecture estim\u00e9e":"1 minute"},"schema":{"@context":"https:\/\/schema.org","@graph":[{"@type":"WebPage","@id":"https:\/\/walkingmum.com\/fr\/produit\/serviette-fleurs-70-x-140-cm\/","url":"https:\/\/walkingmum.com\/fr\/produit\/serviette-fleurs-70-x-140-cm\/","name":"SERVIETTE FLEURS 70 X 140 CM - Walking Mum","isPartOf":{"@id":"https:\/\/walkingmum.com\/#website"},"primaryImageOfPage":{"@id":"https:\/\/walkingmum.com\/fr\/produit\/serviette-fleurs-70-x-140-cm\/#primaryimage"},"image":{"@id":"https:\/\/walkingmum.com\/fr\/produit\/serviette-fleurs-70-x-140-cm\/#primaryimage"},"thumbnailUrl":"https:\/\/walkingmum.com\/wp-content\/uploads\/2026\/02\/1120800779_a.jpg","datePublished":"2026-03-02T07:34:18+00:00","breadcrumb":{"@id":"https:\/\/walkingmum.com\/fr\/produit\/serviette-fleurs-70-x-140-cm\/#breadcrumb"},"inLanguage":"fr-FR","potentialAction":[{"@type":"ReadAction","target":["https:\/\/walkingmum.com\/fr\/produit\/serviette-fleurs-70-x-140-cm\/"]}]},{"@type":"ImageObject","inLanguage":"fr-FR","@id":"https:\/\/walkingmum.com\/fr\/produit\/serviette-fleurs-70-x-140-cm\/#primaryimage","url":"https:\/\/walkingmum.com\/wp-content\/uploads\/2026\/02\/1120800779_a.jpg","contentUrl":"https:\/\/walkingmum.com\/wp-content\/uploads\/2026\/02\/1120800779_a.jpg","width":800,"height":800},{"@type":"BreadcrumbList","@id":"https:\/\/walkingmum.com\/fr\/produit\/serviette-fleurs-70-x-140-cm\/#breadcrumb","itemListElement":[{"@type":"ListItem","position":1,"name":"Portada","item":"https:\/\/walkingmum.com\/fr\/"},{"@type":"ListItem","position":2,"name":"Tienda","item":"https:\/\/walkingmum.com\/tienda\/"},{"@type":"ListItem","position":3,"name":"SERVIETTE FLEURS 70 X 140 CM"}]},{"@type":"WebSite","@id":"https:\/\/walkingmum.com\/#website","url":"https:\/\/walkingmum.com\/","name":"Walking Mum","description":"La marca para beb\u00e9s modernos","potentialAction":[{"@type":"SearchAction","target":{"@type":"EntryPoint","urlTemplate":"https:\/\/walkingmum.com\/?s={search_term_string}"},"query-input":{"@type":"PropertyValueSpecification","valueRequired":true,"valueName":"search_term_string"}}],"inLanguage":"fr-FR"}]}},"_links":{"self":[{"href":"https:\/\/walkingmum.com\/fr\/wp-json\/wp\/v2\/product\/36737","targetHints":{"allow":["GET"]}}],"collection":[{"href":"https:\/\/walkingmum.com\/fr\/wp-json\/wp\/v2\/product"}],"about":[{"href":"https:\/\/walkingmum.com\/fr\/wp-json\/wp\/v2\/types\/product"}],"replies":[{"embeddable":true,"href":"https:\/\/walkingmum.com\/fr\/wp-json\/wp\/v2\/comments?post=36737"}],"wp:featuredmedia":[{"embeddable":true,"href":"https:\/\/walkingmum.com\/fr\/wp-json\/wp\/v2\/media\/36572"}],"wp:attachment":[{"href":"https:\/\/walkingmum.com\/fr\/wp-json\/wp\/v2\/media?parent=36737"}],"wp:term":[{"taxonomy":"colecciones","embeddable":true,"href":"https:\/\/walkingmum.com\/fr\/wp-json\/wp\/v2\/colecciones?post=36737"},{"taxonomy":"product_brand","embeddable":true,"href":"https:\/\/walkingmum.com\/fr\/wp-json\/wp\/v2\/product_brand?post=36737"},{"taxonomy":"product_cat","embeddable":true,"href":"https:\/\/walkingmum.com\/fr\/wp-json\/wp\/v2\/product_cat?post=36737"},{"taxonomy":"product_tag","embeddable":true,"href":"https:\/\/walkingmum.com\/fr\/wp-json\/wp\/v2\/product_tag?post=36737"}],"curies":[{"name":"wp","href":"https:\/\/api.w.org\/{rel}","templated":true}]}}