{"id":36732,"date":"2026-03-02T07:34:18","date_gmt":"2026-03-02T07:34:18","guid":{"rendered":"https:\/\/walkingmum.com\/?post_type=product&#038;p=36732"},"modified":"2026-03-02T07:34:18","modified_gmt":"2026-03-02T07:34:18","slug":"t-shirt-anti-uv-bandana-t-p-9-12-mois","status":"publish","type":"product","link":"https:\/\/walkingmum.com\/fr\/produit\/t-shirt-anti-uv-bandana-t-p-9-12-mois\/","title":{"rendered":"T-SHIRT ANTI-UV BANDANA T\/P (9-12 MOIS)"},"content":{"rendered":"<p>Le t-shirt Anti-UV Summer Bandana de Walking Mum est con\u00e7u pour prot\u00e9ger la peau d\u00e9licate de b\u00e9b\u00e9 pendant qu&rsquo;il profite du soleil \u00e0 la plage ou \u00e0 la piscine. Son design bandana apporte de la fra\u00eecheur et se marie parfaitement avec le reste de la collection Summer. Avec une protection solaire FPS\/SPF 50+, il aide \u00e0 r\u00e9duire l&rsquo;exposition aux rayons ultraviolets. Il est fabriqu\u00e9 dans un tissu \u00e9lastique de haute qualit\u00e9 (92 % polyamide, 8 % \u00e9lasthanne), qui s&rsquo;adapte confortablement au corps et permet une totale libert\u00e9 de mouvement dans et hors de l&rsquo;eau. L\u00e9ger, confortable et \u00e0 s\u00e9chage rapide, c&rsquo;est l&rsquo;accessoire parfait pour prot\u00e9ger b\u00e9b\u00e9 pendant les journ\u00e9es les plus ensoleill\u00e9es. Id\u00e9al \u00e0 associer avec le maillot de bain anti-fuites de la collection pour cr\u00e9er le look estival le plus pratique et le plus s\u00fbr. Conforme \u00e0 la norme UPF EN 13758-1:2002+A1:2007 relative aux propri\u00e9t\u00e9s de protection contre les rayons ultraviolets du soleil des tissus destin\u00e9s \u00e0 l&rsquo;habillement. Taille 9-12 mois.<\/p>\n","protected":false},"excerpt":{"rendered":"<p>Le t-shirt Anti-UV Summer Bandana de Walking Mum est con\u00e7u pour prot\u00e9ger la peau d\u00e9licate de b\u00e9b\u00e9 pendant qu&rsquo;il profite du soleil \u00e0 la plage ou \u00e0 la piscine. Son design bandana apporte de la fra\u00eecheur et se marie parfaitement avec le reste de la collection Summer. Avec une protection solaire FPS\/SPF 50+, il aide [&hellip;]<\/p>\n","protected":false},"featured_media":36527,"comment_status":"closed","ping_status":"closed","template":"","meta":{"_acf_changed":false,"inline_featured_image":false},"colecciones":[409],"product_brand":[],"product_cat":[395],"product_tag":[],"class_list":{"0":"post-36732","1":"product","2":"type-product","3":"status-publish","4":"has-post-thumbnail","6":"colecciones-collection-summer","7":"product_cat-summer-fr","9":"first","10":"instock","11":"purchasable","12":"product-type-simple"},"acf":[],"yoast_head":"<!-- This site is optimized with the Yoast SEO plugin v27.4 - https:\/\/yoast.com\/product\/yoast-seo-wordpress\/ -->\n<title>T-SHIRT ANTI-UV BANDANA T\/P (9-12 MOIS) - Walking Mum<\/title>\n<meta name=\"robots\" content=\"index, follow, max-snippet:-1, max-image-preview:large, max-video-preview:-1\" \/>\n<link rel=\"canonical\" href=\"https:\/\/walkingmum.com\/fr\/produit\/t-shirt-anti-uv-bandana-t-p-9-12-mois\/\" \/>\n<meta property=\"og:locale\" content=\"fr_FR\" \/>\n<meta property=\"og:type\" content=\"article\" \/>\n<meta property=\"og:title\" content=\"T-SHIRT ANTI-UV BANDANA T\/P (9-12 MOIS) - Walking Mum\" \/>\n<meta property=\"og:description\" content=\"Le t-shirt Anti-UV Summer Bandana de Walking Mum est con\u00e7u pour prot\u00e9ger la peau d\u00e9licate de b\u00e9b\u00e9 pendant qu&rsquo;il profite du soleil \u00e0 la plage ou \u00e0 la piscine. Son design bandana apporte de la fra\u00eecheur et se marie parfaitement avec le reste de la collection Summer. Avec une protection solaire FPS\/SPF 50+, il aide [&hellip;]\" \/>\n<meta property=\"og:url\" content=\"https:\/\/walkingmum.com\/fr\/produit\/t-shirt-anti-uv-bandana-t-p-9-12-mois\/\" \/>\n<meta property=\"og:site_name\" content=\"Walking Mum\" \/>\n<meta property=\"og:image\" content=\"https:\/\/walkingmum.com\/wp-content\/uploads\/2026\/02\/1120800774_a.jpg\" \/>\n\t<meta property=\"og:image:width\" content=\"800\" \/>\n\t<meta property=\"og:image:height\" content=\"800\" \/>\n\t<meta property=\"og:image:type\" content=\"image\/jpeg\" \/>\n<meta name=\"twitter:card\" content=\"summary_large_image\" \/>\n<meta name=\"twitter:label1\" content=\"Dur\u00e9e de lecture estim\u00e9e\" \/>\n\t<meta name=\"twitter:data1\" content=\"1 minute\" \/>\n<script type=\"application\/ld+json\" class=\"yoast-schema-graph\">{\"@context\":\"https:\\\/\\\/schema.org\",\"@graph\":[{\"@type\":\"WebPage\",\"@id\":\"https:\\\/\\\/walkingmum.com\\\/fr\\\/produit\\\/t-shirt-anti-uv-bandana-t-p-9-12-mois\\\/\",\"url\":\"https:\\\/\\\/walkingmum.com\\\/fr\\\/produit\\\/t-shirt-anti-uv-bandana-t-p-9-12-mois\\\/\",\"name\":\"T-SHIRT ANTI-UV BANDANA T\\\/P (9-12 MOIS) - Walking Mum\",\"isPartOf\":{\"@id\":\"https:\\\/\\\/walkingmum.com\\\/#website\"},\"primaryImageOfPage\":{\"@id\":\"https:\\\/\\\/walkingmum.com\\\/fr\\\/produit\\\/t-shirt-anti-uv-bandana-t-p-9-12-mois\\\/#primaryimage\"},\"image\":{\"@id\":\"https:\\\/\\\/walkingmum.com\\\/fr\\\/produit\\\/t-shirt-anti-uv-bandana-t-p-9-12-mois\\\/#primaryimage\"},\"thumbnailUrl\":\"https:\\\/\\\/walkingmum.com\\\/wp-content\\\/uploads\\\/2026\\\/02\\\/1120800774_a.jpg\",\"datePublished\":\"2026-03-02T07:34:18+00:00\",\"breadcrumb\":{\"@id\":\"https:\\\/\\\/walkingmum.com\\\/fr\\\/produit\\\/t-shirt-anti-uv-bandana-t-p-9-12-mois\\\/#breadcrumb\"},\"inLanguage\":\"fr-FR\",\"potentialAction\":[{\"@type\":\"ReadAction\",\"target\":[\"https:\\\/\\\/walkingmum.com\\\/fr\\\/produit\\\/t-shirt-anti-uv-bandana-t-p-9-12-mois\\\/\"]}]},{\"@type\":\"ImageObject\",\"inLanguage\":\"fr-FR\",\"@id\":\"https:\\\/\\\/walkingmum.com\\\/fr\\\/produit\\\/t-shirt-anti-uv-bandana-t-p-9-12-mois\\\/#primaryimage\",\"url\":\"https:\\\/\\\/walkingmum.com\\\/wp-content\\\/uploads\\\/2026\\\/02\\\/1120800774_a.jpg\",\"contentUrl\":\"https:\\\/\\\/walkingmum.com\\\/wp-content\\\/uploads\\\/2026\\\/02\\\/1120800774_a.jpg\",\"width\":800,\"height\":800},{\"@type\":\"BreadcrumbList\",\"@id\":\"https:\\\/\\\/walkingmum.com\\\/fr\\\/produit\\\/t-shirt-anti-uv-bandana-t-p-9-12-mois\\\/#breadcrumb\",\"itemListElement\":[{\"@type\":\"ListItem\",\"position\":1,\"name\":\"Portada\",\"item\":\"https:\\\/\\\/walkingmum.com\\\/fr\\\/\"},{\"@type\":\"ListItem\",\"position\":2,\"name\":\"Tienda\",\"item\":\"https:\\\/\\\/walkingmum.com\\\/tienda\\\/\"},{\"@type\":\"ListItem\",\"position\":3,\"name\":\"T-SHIRT ANTI-UV BANDANA T\\\/P (9-12 MOIS)\"}]},{\"@type\":\"WebSite\",\"@id\":\"https:\\\/\\\/walkingmum.com\\\/#website\",\"url\":\"https:\\\/\\\/walkingmum.com\\\/\",\"name\":\"Walking Mum\",\"description\":\"La marca para beb\u00e9s modernos\",\"potentialAction\":[{\"@type\":\"SearchAction\",\"target\":{\"@type\":\"EntryPoint\",\"urlTemplate\":\"https:\\\/\\\/walkingmum.com\\\/?s={search_term_string}\"},\"query-input\":{\"@type\":\"PropertyValueSpecification\",\"valueRequired\":true,\"valueName\":\"search_term_string\"}}],\"inLanguage\":\"fr-FR\"}]}<\/script>\n<!-- \/ Yoast SEO plugin. -->","yoast_head_json":{"title":"T-SHIRT ANTI-UV BANDANA T\/P (9-12 MOIS) - Walking Mum","robots":{"index":"index","follow":"follow","max-snippet":"max-snippet:-1","max-image-preview":"max-image-preview:large","max-video-preview":"max-video-preview:-1"},"canonical":"https:\/\/walkingmum.com\/fr\/produit\/t-shirt-anti-uv-bandana-t-p-9-12-mois\/","og_locale":"fr_FR","og_type":"article","og_title":"T-SHIRT ANTI-UV BANDANA T\/P (9-12 MOIS) - Walking Mum","og_description":"Le t-shirt Anti-UV Summer Bandana de Walking Mum est con\u00e7u pour prot\u00e9ger la peau d\u00e9licate de b\u00e9b\u00e9 pendant qu&rsquo;il profite du soleil \u00e0 la plage ou \u00e0 la piscine. Son design bandana apporte de la fra\u00eecheur et se marie parfaitement avec le reste de la collection Summer. Avec une protection solaire FPS\/SPF 50+, il aide [&hellip;]","og_url":"https:\/\/walkingmum.com\/fr\/produit\/t-shirt-anti-uv-bandana-t-p-9-12-mois\/","og_site_name":"Walking Mum","og_image":[{"width":800,"height":800,"url":"https:\/\/walkingmum.com\/wp-content\/uploads\/2026\/02\/1120800774_a.jpg","type":"image\/jpeg"}],"twitter_card":"summary_large_image","twitter_misc":{"Dur\u00e9e de lecture estim\u00e9e":"1 minute"},"schema":{"@context":"https:\/\/schema.org","@graph":[{"@type":"WebPage","@id":"https:\/\/walkingmum.com\/fr\/produit\/t-shirt-anti-uv-bandana-t-p-9-12-mois\/","url":"https:\/\/walkingmum.com\/fr\/produit\/t-shirt-anti-uv-bandana-t-p-9-12-mois\/","name":"T-SHIRT ANTI-UV BANDANA T\/P (9-12 MOIS) - Walking Mum","isPartOf":{"@id":"https:\/\/walkingmum.com\/#website"},"primaryImageOfPage":{"@id":"https:\/\/walkingmum.com\/fr\/produit\/t-shirt-anti-uv-bandana-t-p-9-12-mois\/#primaryimage"},"image":{"@id":"https:\/\/walkingmum.com\/fr\/produit\/t-shirt-anti-uv-bandana-t-p-9-12-mois\/#primaryimage"},"thumbnailUrl":"https:\/\/walkingmum.com\/wp-content\/uploads\/2026\/02\/1120800774_a.jpg","datePublished":"2026-03-02T07:34:18+00:00","breadcrumb":{"@id":"https:\/\/walkingmum.com\/fr\/produit\/t-shirt-anti-uv-bandana-t-p-9-12-mois\/#breadcrumb"},"inLanguage":"fr-FR","potentialAction":[{"@type":"ReadAction","target":["https:\/\/walkingmum.com\/fr\/produit\/t-shirt-anti-uv-bandana-t-p-9-12-mois\/"]}]},{"@type":"ImageObject","inLanguage":"fr-FR","@id":"https:\/\/walkingmum.com\/fr\/produit\/t-shirt-anti-uv-bandana-t-p-9-12-mois\/#primaryimage","url":"https:\/\/walkingmum.com\/wp-content\/uploads\/2026\/02\/1120800774_a.jpg","contentUrl":"https:\/\/walkingmum.com\/wp-content\/uploads\/2026\/02\/1120800774_a.jpg","width":800,"height":800},{"@type":"BreadcrumbList","@id":"https:\/\/walkingmum.com\/fr\/produit\/t-shirt-anti-uv-bandana-t-p-9-12-mois\/#breadcrumb","itemListElement":[{"@type":"ListItem","position":1,"name":"Portada","item":"https:\/\/walkingmum.com\/fr\/"},{"@type":"ListItem","position":2,"name":"Tienda","item":"https:\/\/walkingmum.com\/tienda\/"},{"@type":"ListItem","position":3,"name":"T-SHIRT ANTI-UV BANDANA T\/P (9-12 MOIS)"}]},{"@type":"WebSite","@id":"https:\/\/walkingmum.com\/#website","url":"https:\/\/walkingmum.com\/","name":"Walking Mum","description":"La marca para beb\u00e9s modernos","potentialAction":[{"@type":"SearchAction","target":{"@type":"EntryPoint","urlTemplate":"https:\/\/walkingmum.com\/?s={search_term_string}"},"query-input":{"@type":"PropertyValueSpecification","valueRequired":true,"valueName":"search_term_string"}}],"inLanguage":"fr-FR"}]}},"_links":{"self":[{"href":"https:\/\/walkingmum.com\/fr\/wp-json\/wp\/v2\/product\/36732","targetHints":{"allow":["GET"]}}],"collection":[{"href":"https:\/\/walkingmum.com\/fr\/wp-json\/wp\/v2\/product"}],"about":[{"href":"https:\/\/walkingmum.com\/fr\/wp-json\/wp\/v2\/types\/product"}],"replies":[{"embeddable":true,"href":"https:\/\/walkingmum.com\/fr\/wp-json\/wp\/v2\/comments?post=36732"}],"wp:featuredmedia":[{"embeddable":true,"href":"https:\/\/walkingmum.com\/fr\/wp-json\/wp\/v2\/media\/36527"}],"wp:attachment":[{"href":"https:\/\/walkingmum.com\/fr\/wp-json\/wp\/v2\/media?parent=36732"}],"wp:term":[{"taxonomy":"colecciones","embeddable":true,"href":"https:\/\/walkingmum.com\/fr\/wp-json\/wp\/v2\/colecciones?post=36732"},{"taxonomy":"product_brand","embeddable":true,"href":"https:\/\/walkingmum.com\/fr\/wp-json\/wp\/v2\/product_brand?post=36732"},{"taxonomy":"product_cat","embeddable":true,"href":"https:\/\/walkingmum.com\/fr\/wp-json\/wp\/v2\/product_cat?post=36732"},{"taxonomy":"product_tag","embeddable":true,"href":"https:\/\/walkingmum.com\/fr\/wp-json\/wp\/v2\/product_tag?post=36732"}],"curies":[{"name":"wp","href":"https:\/\/api.w.org\/{rel}","templated":true}]}}