{"id":36719,"date":"2026-03-02T07:34:15","date_gmt":"2026-03-02T07:34:15","guid":{"rendered":"https:\/\/walkingmum.com\/?post_type=product&#038;p=36719"},"modified":"2026-03-02T07:34:15","modified_gmt":"2026-03-02T07:34:15","slug":"bouteille-isotherme-350-ml-summer-fleurs","status":"publish","type":"product","link":"https:\/\/walkingmum.com\/fr\/produit\/bouteille-isotherme-350-ml-summer-fleurs\/","title":{"rendered":"BOUTEILLE ISOTHERME 350 ML SUMMER FLEURS"},"content":{"rendered":"<p>La bouteille isotherme Summer Fleurs de Walking Mum est l&rsquo;accessoire id\u00e9al pour vous accompagner lors de vos promenades, journ\u00e9es \u00e0 la plage ou escapades en plein air avec votre enfant. Son motif floral \u00e9voque l&rsquo;\u00e9t\u00e9 et allie fonctionnalit\u00e9, style et praticit\u00e9 dans un format id\u00e9al pour le quotidien. Fabriqu\u00e9e en acier inoxydable, un mat\u00e9riau r\u00e9sistant, hygi\u00e9nique et sans BPA, elle maintient la temp\u00e9rature des boissons plus longtemps, froides jusqu&rsquo;\u00e0 8 heures et chaudes jusqu&rsquo;\u00e0 8 heures. Elle est \u00e9quip\u00e9e d&rsquo;une paille souple et s\u00fbre pour les enfants, qui facilite la consommation. Son couvercle anti-fuites \u00e9vite les d\u00e9versements accidentels. Elle est dot\u00e9e d&rsquo;une poign\u00e9e int\u00e9gr\u00e9e pour faciliter le transport. L\u00e9g\u00e8re, r\u00e9sistante et facile \u00e0 nettoyer, elle est con\u00e7ue pour vous accompagner dans toutes vos aventures. La bouteille parfaite pour que votre enfant s&rsquo;hydrate avec style ! Laver avant la premi\u00e8re utilisation. Il est recommand\u00e9 de la laver \u00e0 la main pour prolonger la dur\u00e9e de vie du produit. Ne convient pas au micro-ondes ni au cong\u00e9lateur. Conforme \u00e0 la norme EN 12546-1:2000 sur les mat\u00e9riaux et articles en contact avec les denr\u00e9es alimentaires, garantissant la s\u00e9curit\u00e9 et la qualit\u00e9 d&rsquo;utilisation.<\/p>\n","protected":false},"excerpt":{"rendered":"<p>La bouteille isotherme Summer Fleurs de Walking Mum est l&rsquo;accessoire id\u00e9al pour vous accompagner lors de vos promenades, journ\u00e9es \u00e0 la plage ou escapades en plein air avec votre enfant. Son motif floral \u00e9voque l&rsquo;\u00e9t\u00e9 et allie fonctionnalit\u00e9, style et praticit\u00e9 dans un format id\u00e9al pour le quotidien. Fabriqu\u00e9e en acier inoxydable, un mat\u00e9riau r\u00e9sistant, [&hellip;]<\/p>\n","protected":false},"featured_media":36386,"comment_status":"closed","ping_status":"closed","template":"","meta":{"_acf_changed":false,"inline_featured_image":false},"colecciones":[409],"product_brand":[],"product_cat":[395],"product_tag":[],"class_list":{"0":"post-36719","1":"product","2":"type-product","3":"status-publish","4":"has-post-thumbnail","6":"colecciones-collection-summer","7":"product_cat-summer-fr","9":"first","10":"instock","11":"purchasable","12":"product-type-simple"},"acf":[],"yoast_head":"<!-- This site is optimized with the Yoast SEO plugin v27.4 - https:\/\/yoast.com\/product\/yoast-seo-wordpress\/ -->\n<title>BOUTEILLE ISOTHERME 350 ML SUMMER FLEURS - Walking Mum<\/title>\n<meta name=\"robots\" content=\"index, follow, max-snippet:-1, max-image-preview:large, max-video-preview:-1\" \/>\n<link rel=\"canonical\" href=\"https:\/\/walkingmum.com\/fr\/produit\/bouteille-isotherme-350-ml-summer-fleurs\/\" \/>\n<meta property=\"og:locale\" content=\"fr_FR\" \/>\n<meta property=\"og:type\" content=\"article\" \/>\n<meta property=\"og:title\" content=\"BOUTEILLE ISOTHERME 350 ML SUMMER FLEURS - Walking Mum\" \/>\n<meta property=\"og:description\" content=\"La bouteille isotherme Summer Fleurs de Walking Mum est l&rsquo;accessoire id\u00e9al pour vous accompagner lors de vos promenades, journ\u00e9es \u00e0 la plage ou escapades en plein air avec votre enfant. Son motif floral \u00e9voque l&rsquo;\u00e9t\u00e9 et allie fonctionnalit\u00e9, style et praticit\u00e9 dans un format id\u00e9al pour le quotidien. Fabriqu\u00e9e en acier inoxydable, un mat\u00e9riau r\u00e9sistant, [&hellip;]\" \/>\n<meta property=\"og:url\" content=\"https:\/\/walkingmum.com\/fr\/produit\/bouteille-isotherme-350-ml-summer-fleurs\/\" \/>\n<meta property=\"og:site_name\" content=\"Walking Mum\" \/>\n<meta property=\"og:image\" content=\"https:\/\/walkingmum.com\/wp-content\/uploads\/2026\/02\/1120800761_a.jpg\" \/>\n\t<meta property=\"og:image:width\" content=\"800\" \/>\n\t<meta property=\"og:image:height\" content=\"800\" \/>\n\t<meta property=\"og:image:type\" content=\"image\/jpeg\" \/>\n<meta name=\"twitter:card\" content=\"summary_large_image\" \/>\n<meta name=\"twitter:label1\" content=\"Dur\u00e9e de lecture estim\u00e9e\" \/>\n\t<meta name=\"twitter:data1\" content=\"1 minute\" \/>\n<script type=\"application\/ld+json\" class=\"yoast-schema-graph\">{\"@context\":\"https:\\\/\\\/schema.org\",\"@graph\":[{\"@type\":\"WebPage\",\"@id\":\"https:\\\/\\\/walkingmum.com\\\/fr\\\/produit\\\/bouteille-isotherme-350-ml-summer-fleurs\\\/\",\"url\":\"https:\\\/\\\/walkingmum.com\\\/fr\\\/produit\\\/bouteille-isotherme-350-ml-summer-fleurs\\\/\",\"name\":\"BOUTEILLE ISOTHERME 350 ML SUMMER FLEURS - Walking Mum\",\"isPartOf\":{\"@id\":\"https:\\\/\\\/walkingmum.com\\\/#website\"},\"primaryImageOfPage\":{\"@id\":\"https:\\\/\\\/walkingmum.com\\\/fr\\\/produit\\\/bouteille-isotherme-350-ml-summer-fleurs\\\/#primaryimage\"},\"image\":{\"@id\":\"https:\\\/\\\/walkingmum.com\\\/fr\\\/produit\\\/bouteille-isotherme-350-ml-summer-fleurs\\\/#primaryimage\"},\"thumbnailUrl\":\"https:\\\/\\\/walkingmum.com\\\/wp-content\\\/uploads\\\/2026\\\/02\\\/1120800761_a.jpg\",\"datePublished\":\"2026-03-02T07:34:15+00:00\",\"breadcrumb\":{\"@id\":\"https:\\\/\\\/walkingmum.com\\\/fr\\\/produit\\\/bouteille-isotherme-350-ml-summer-fleurs\\\/#breadcrumb\"},\"inLanguage\":\"fr-FR\",\"potentialAction\":[{\"@type\":\"ReadAction\",\"target\":[\"https:\\\/\\\/walkingmum.com\\\/fr\\\/produit\\\/bouteille-isotherme-350-ml-summer-fleurs\\\/\"]}]},{\"@type\":\"ImageObject\",\"inLanguage\":\"fr-FR\",\"@id\":\"https:\\\/\\\/walkingmum.com\\\/fr\\\/produit\\\/bouteille-isotherme-350-ml-summer-fleurs\\\/#primaryimage\",\"url\":\"https:\\\/\\\/walkingmum.com\\\/wp-content\\\/uploads\\\/2026\\\/02\\\/1120800761_a.jpg\",\"contentUrl\":\"https:\\\/\\\/walkingmum.com\\\/wp-content\\\/uploads\\\/2026\\\/02\\\/1120800761_a.jpg\",\"width\":800,\"height\":800},{\"@type\":\"BreadcrumbList\",\"@id\":\"https:\\\/\\\/walkingmum.com\\\/fr\\\/produit\\\/bouteille-isotherme-350-ml-summer-fleurs\\\/#breadcrumb\",\"itemListElement\":[{\"@type\":\"ListItem\",\"position\":1,\"name\":\"Portada\",\"item\":\"https:\\\/\\\/walkingmum.com\\\/fr\\\/\"},{\"@type\":\"ListItem\",\"position\":2,\"name\":\"Tienda\",\"item\":\"https:\\\/\\\/walkingmum.com\\\/tienda\\\/\"},{\"@type\":\"ListItem\",\"position\":3,\"name\":\"BOUTEILLE ISOTHERME 350 ML SUMMER FLEURS\"}]},{\"@type\":\"WebSite\",\"@id\":\"https:\\\/\\\/walkingmum.com\\\/#website\",\"url\":\"https:\\\/\\\/walkingmum.com\\\/\",\"name\":\"Walking Mum\",\"description\":\"La marca para beb\u00e9s modernos\",\"potentialAction\":[{\"@type\":\"SearchAction\",\"target\":{\"@type\":\"EntryPoint\",\"urlTemplate\":\"https:\\\/\\\/walkingmum.com\\\/?s={search_term_string}\"},\"query-input\":{\"@type\":\"PropertyValueSpecification\",\"valueRequired\":true,\"valueName\":\"search_term_string\"}}],\"inLanguage\":\"fr-FR\"}]}<\/script>\n<!-- \/ Yoast SEO plugin. -->","yoast_head_json":{"title":"BOUTEILLE ISOTHERME 350 ML SUMMER FLEURS - Walking Mum","robots":{"index":"index","follow":"follow","max-snippet":"max-snippet:-1","max-image-preview":"max-image-preview:large","max-video-preview":"max-video-preview:-1"},"canonical":"https:\/\/walkingmum.com\/fr\/produit\/bouteille-isotherme-350-ml-summer-fleurs\/","og_locale":"fr_FR","og_type":"article","og_title":"BOUTEILLE ISOTHERME 350 ML SUMMER FLEURS - Walking Mum","og_description":"La bouteille isotherme Summer Fleurs de Walking Mum est l&rsquo;accessoire id\u00e9al pour vous accompagner lors de vos promenades, journ\u00e9es \u00e0 la plage ou escapades en plein air avec votre enfant. Son motif floral \u00e9voque l&rsquo;\u00e9t\u00e9 et allie fonctionnalit\u00e9, style et praticit\u00e9 dans un format id\u00e9al pour le quotidien. Fabriqu\u00e9e en acier inoxydable, un mat\u00e9riau r\u00e9sistant, [&hellip;]","og_url":"https:\/\/walkingmum.com\/fr\/produit\/bouteille-isotherme-350-ml-summer-fleurs\/","og_site_name":"Walking Mum","og_image":[{"width":800,"height":800,"url":"https:\/\/walkingmum.com\/wp-content\/uploads\/2026\/02\/1120800761_a.jpg","type":"image\/jpeg"}],"twitter_card":"summary_large_image","twitter_misc":{"Dur\u00e9e de lecture estim\u00e9e":"1 minute"},"schema":{"@context":"https:\/\/schema.org","@graph":[{"@type":"WebPage","@id":"https:\/\/walkingmum.com\/fr\/produit\/bouteille-isotherme-350-ml-summer-fleurs\/","url":"https:\/\/walkingmum.com\/fr\/produit\/bouteille-isotherme-350-ml-summer-fleurs\/","name":"BOUTEILLE ISOTHERME 350 ML SUMMER FLEURS - Walking Mum","isPartOf":{"@id":"https:\/\/walkingmum.com\/#website"},"primaryImageOfPage":{"@id":"https:\/\/walkingmum.com\/fr\/produit\/bouteille-isotherme-350-ml-summer-fleurs\/#primaryimage"},"image":{"@id":"https:\/\/walkingmum.com\/fr\/produit\/bouteille-isotherme-350-ml-summer-fleurs\/#primaryimage"},"thumbnailUrl":"https:\/\/walkingmum.com\/wp-content\/uploads\/2026\/02\/1120800761_a.jpg","datePublished":"2026-03-02T07:34:15+00:00","breadcrumb":{"@id":"https:\/\/walkingmum.com\/fr\/produit\/bouteille-isotherme-350-ml-summer-fleurs\/#breadcrumb"},"inLanguage":"fr-FR","potentialAction":[{"@type":"ReadAction","target":["https:\/\/walkingmum.com\/fr\/produit\/bouteille-isotherme-350-ml-summer-fleurs\/"]}]},{"@type":"ImageObject","inLanguage":"fr-FR","@id":"https:\/\/walkingmum.com\/fr\/produit\/bouteille-isotherme-350-ml-summer-fleurs\/#primaryimage","url":"https:\/\/walkingmum.com\/wp-content\/uploads\/2026\/02\/1120800761_a.jpg","contentUrl":"https:\/\/walkingmum.com\/wp-content\/uploads\/2026\/02\/1120800761_a.jpg","width":800,"height":800},{"@type":"BreadcrumbList","@id":"https:\/\/walkingmum.com\/fr\/produit\/bouteille-isotherme-350-ml-summer-fleurs\/#breadcrumb","itemListElement":[{"@type":"ListItem","position":1,"name":"Portada","item":"https:\/\/walkingmum.com\/fr\/"},{"@type":"ListItem","position":2,"name":"Tienda","item":"https:\/\/walkingmum.com\/tienda\/"},{"@type":"ListItem","position":3,"name":"BOUTEILLE ISOTHERME 350 ML SUMMER FLEURS"}]},{"@type":"WebSite","@id":"https:\/\/walkingmum.com\/#website","url":"https:\/\/walkingmum.com\/","name":"Walking Mum","description":"La marca para beb\u00e9s modernos","potentialAction":[{"@type":"SearchAction","target":{"@type":"EntryPoint","urlTemplate":"https:\/\/walkingmum.com\/?s={search_term_string}"},"query-input":{"@type":"PropertyValueSpecification","valueRequired":true,"valueName":"search_term_string"}}],"inLanguage":"fr-FR"}]}},"_links":{"self":[{"href":"https:\/\/walkingmum.com\/fr\/wp-json\/wp\/v2\/product\/36719","targetHints":{"allow":["GET"]}}],"collection":[{"href":"https:\/\/walkingmum.com\/fr\/wp-json\/wp\/v2\/product"}],"about":[{"href":"https:\/\/walkingmum.com\/fr\/wp-json\/wp\/v2\/types\/product"}],"replies":[{"embeddable":true,"href":"https:\/\/walkingmum.com\/fr\/wp-json\/wp\/v2\/comments?post=36719"}],"wp:featuredmedia":[{"embeddable":true,"href":"https:\/\/walkingmum.com\/fr\/wp-json\/wp\/v2\/media\/36386"}],"wp:attachment":[{"href":"https:\/\/walkingmum.com\/fr\/wp-json\/wp\/v2\/media?parent=36719"}],"wp:term":[{"taxonomy":"colecciones","embeddable":true,"href":"https:\/\/walkingmum.com\/fr\/wp-json\/wp\/v2\/colecciones?post=36719"},{"taxonomy":"product_brand","embeddable":true,"href":"https:\/\/walkingmum.com\/fr\/wp-json\/wp\/v2\/product_brand?post=36719"},{"taxonomy":"product_cat","embeddable":true,"href":"https:\/\/walkingmum.com\/fr\/wp-json\/wp\/v2\/product_cat?post=36719"},{"taxonomy":"product_tag","embeddable":true,"href":"https:\/\/walkingmum.com\/fr\/wp-json\/wp\/v2\/product_tag?post=36719"}],"curies":[{"name":"wp","href":"https:\/\/api.w.org\/{rel}","templated":true}]}}