{"id":36717,"date":"2026-03-02T07:34:15","date_gmt":"2026-03-02T07:34:15","guid":{"rendered":"https:\/\/walkingmum.com\/?post_type=product&#038;p=36717"},"modified":"2026-03-02T07:34:15","modified_gmt":"2026-03-02T07:34:15","slug":"sac-isotherme-summer-rayures","status":"publish","type":"product","link":"https:\/\/walkingmum.com\/fr\/produit\/sac-isotherme-summer-rayures\/","title":{"rendered":"SAC ISOTHERME SUMMER RAYURES"},"content":{"rendered":"<p>Le sac isotherme Summer Rayures de Walking Mum est l&rsquo;accessoire id\u00e9al pour conserver vos boissons, snacks et aliments \u00e0 la temp\u00e9rature id\u00e9ale lors de vos sorties, promenades ou journ\u00e9es \u00e0 la plage. Son design \u00e0 rayures estivales allie fra\u00eecheur, style et fonctionnalit\u00e9 dans un format compact et pratique. Fabriqu\u00e9 en 100 % polyester, il est l\u00e9ger, r\u00e9sistant et facile \u00e0 nettoyer. Elle dispose de poches ext\u00e9rieures pour ranger les petits accessoires et d&rsquo;une poche int\u00e9rieure en filet id\u00e9ale pour s\u00e9parer les objets ou les garder visibles. Ses poign\u00e9es et sa longue bandouli\u00e8re permettent de la transporter confortablement selon l&rsquo;occasion. Int\u00e9rieur thermique pour conserver la temp\u00e9rature. Le compagnon id\u00e9al pour emporter la fra\u00eecheur de l&rsquo;\u00e9t\u00e9 partout avec vous. Dimensions : 23 \u00d7 18 \u00d7 16 cm<\/p>\n","protected":false},"excerpt":{"rendered":"<p>Le sac isotherme Summer Rayures de Walking Mum est l&rsquo;accessoire id\u00e9al pour conserver vos boissons, snacks et aliments \u00e0 la temp\u00e9rature id\u00e9ale lors de vos sorties, promenades ou journ\u00e9es \u00e0 la plage. Son design \u00e0 rayures estivales allie fra\u00eecheur, style et fonctionnalit\u00e9 dans un format compact et pratique. Fabriqu\u00e9 en 100 % polyester, il est [&hellip;]<\/p>\n","protected":false},"featured_media":36320,"comment_status":"closed","ping_status":"closed","template":"","meta":{"_acf_changed":false,"inline_featured_image":false},"colecciones":[409],"product_brand":[],"product_cat":[395],"product_tag":[],"class_list":{"0":"post-36717","1":"product","2":"type-product","3":"status-publish","4":"has-post-thumbnail","6":"colecciones-collection-summer","7":"product_cat-summer-fr","9":"first","10":"instock","11":"purchasable","12":"product-type-simple"},"acf":[],"yoast_head":"<!-- This site is optimized with the Yoast SEO plugin v27.4 - https:\/\/yoast.com\/product\/yoast-seo-wordpress\/ -->\n<title>SAC ISOTHERME SUMMER RAYURES - Walking Mum<\/title>\n<meta name=\"robots\" content=\"index, follow, max-snippet:-1, max-image-preview:large, max-video-preview:-1\" \/>\n<link rel=\"canonical\" href=\"https:\/\/walkingmum.com\/fr\/produit\/sac-isotherme-summer-rayures\/\" \/>\n<meta property=\"og:locale\" content=\"fr_FR\" \/>\n<meta property=\"og:type\" content=\"article\" \/>\n<meta property=\"og:title\" content=\"SAC ISOTHERME SUMMER RAYURES - Walking Mum\" \/>\n<meta property=\"og:description\" content=\"Le sac isotherme Summer Rayures de Walking Mum est l&rsquo;accessoire id\u00e9al pour conserver vos boissons, snacks et aliments \u00e0 la temp\u00e9rature id\u00e9ale lors de vos sorties, promenades ou journ\u00e9es \u00e0 la plage. Son design \u00e0 rayures estivales allie fra\u00eecheur, style et fonctionnalit\u00e9 dans un format compact et pratique. Fabriqu\u00e9 en 100 % polyester, il est [&hellip;]\" \/>\n<meta property=\"og:url\" content=\"https:\/\/walkingmum.com\/fr\/produit\/sac-isotherme-summer-rayures\/\" \/>\n<meta property=\"og:site_name\" content=\"Walking Mum\" \/>\n<meta property=\"og:image\" content=\"https:\/\/walkingmum.com\/wp-content\/uploads\/2026\/02\/1120800759_a.jpg\" \/>\n\t<meta property=\"og:image:width\" content=\"800\" \/>\n\t<meta property=\"og:image:height\" content=\"800\" \/>\n\t<meta property=\"og:image:type\" content=\"image\/jpeg\" \/>\n<meta name=\"twitter:card\" content=\"summary_large_image\" \/>\n<meta name=\"twitter:label1\" content=\"Dur\u00e9e de lecture estim\u00e9e\" \/>\n\t<meta name=\"twitter:data1\" content=\"1 minute\" \/>\n<script type=\"application\/ld+json\" class=\"yoast-schema-graph\">{\"@context\":\"https:\\\/\\\/schema.org\",\"@graph\":[{\"@type\":\"WebPage\",\"@id\":\"https:\\\/\\\/walkingmum.com\\\/fr\\\/produit\\\/sac-isotherme-summer-rayures\\\/\",\"url\":\"https:\\\/\\\/walkingmum.com\\\/fr\\\/produit\\\/sac-isotherme-summer-rayures\\\/\",\"name\":\"SAC ISOTHERME SUMMER RAYURES - Walking Mum\",\"isPartOf\":{\"@id\":\"https:\\\/\\\/walkingmum.com\\\/#website\"},\"primaryImageOfPage\":{\"@id\":\"https:\\\/\\\/walkingmum.com\\\/fr\\\/produit\\\/sac-isotherme-summer-rayures\\\/#primaryimage\"},\"image\":{\"@id\":\"https:\\\/\\\/walkingmum.com\\\/fr\\\/produit\\\/sac-isotherme-summer-rayures\\\/#primaryimage\"},\"thumbnailUrl\":\"https:\\\/\\\/walkingmum.com\\\/wp-content\\\/uploads\\\/2026\\\/02\\\/1120800759_a.jpg\",\"datePublished\":\"2026-03-02T07:34:15+00:00\",\"breadcrumb\":{\"@id\":\"https:\\\/\\\/walkingmum.com\\\/fr\\\/produit\\\/sac-isotherme-summer-rayures\\\/#breadcrumb\"},\"inLanguage\":\"fr-FR\",\"potentialAction\":[{\"@type\":\"ReadAction\",\"target\":[\"https:\\\/\\\/walkingmum.com\\\/fr\\\/produit\\\/sac-isotherme-summer-rayures\\\/\"]}]},{\"@type\":\"ImageObject\",\"inLanguage\":\"fr-FR\",\"@id\":\"https:\\\/\\\/walkingmum.com\\\/fr\\\/produit\\\/sac-isotherme-summer-rayures\\\/#primaryimage\",\"url\":\"https:\\\/\\\/walkingmum.com\\\/wp-content\\\/uploads\\\/2026\\\/02\\\/1120800759_a.jpg\",\"contentUrl\":\"https:\\\/\\\/walkingmum.com\\\/wp-content\\\/uploads\\\/2026\\\/02\\\/1120800759_a.jpg\",\"width\":800,\"height\":800},{\"@type\":\"BreadcrumbList\",\"@id\":\"https:\\\/\\\/walkingmum.com\\\/fr\\\/produit\\\/sac-isotherme-summer-rayures\\\/#breadcrumb\",\"itemListElement\":[{\"@type\":\"ListItem\",\"position\":1,\"name\":\"Portada\",\"item\":\"https:\\\/\\\/walkingmum.com\\\/fr\\\/\"},{\"@type\":\"ListItem\",\"position\":2,\"name\":\"Tienda\",\"item\":\"https:\\\/\\\/walkingmum.com\\\/tienda\\\/\"},{\"@type\":\"ListItem\",\"position\":3,\"name\":\"SAC ISOTHERME SUMMER RAYURES\"}]},{\"@type\":\"WebSite\",\"@id\":\"https:\\\/\\\/walkingmum.com\\\/#website\",\"url\":\"https:\\\/\\\/walkingmum.com\\\/\",\"name\":\"Walking Mum\",\"description\":\"La marca para beb\u00e9s modernos\",\"potentialAction\":[{\"@type\":\"SearchAction\",\"target\":{\"@type\":\"EntryPoint\",\"urlTemplate\":\"https:\\\/\\\/walkingmum.com\\\/?s={search_term_string}\"},\"query-input\":{\"@type\":\"PropertyValueSpecification\",\"valueRequired\":true,\"valueName\":\"search_term_string\"}}],\"inLanguage\":\"fr-FR\"}]}<\/script>\n<!-- \/ Yoast SEO plugin. -->","yoast_head_json":{"title":"SAC ISOTHERME SUMMER RAYURES - Walking Mum","robots":{"index":"index","follow":"follow","max-snippet":"max-snippet:-1","max-image-preview":"max-image-preview:large","max-video-preview":"max-video-preview:-1"},"canonical":"https:\/\/walkingmum.com\/fr\/produit\/sac-isotherme-summer-rayures\/","og_locale":"fr_FR","og_type":"article","og_title":"SAC ISOTHERME SUMMER RAYURES - Walking Mum","og_description":"Le sac isotherme Summer Rayures de Walking Mum est l&rsquo;accessoire id\u00e9al pour conserver vos boissons, snacks et aliments \u00e0 la temp\u00e9rature id\u00e9ale lors de vos sorties, promenades ou journ\u00e9es \u00e0 la plage. Son design \u00e0 rayures estivales allie fra\u00eecheur, style et fonctionnalit\u00e9 dans un format compact et pratique. Fabriqu\u00e9 en 100 % polyester, il est [&hellip;]","og_url":"https:\/\/walkingmum.com\/fr\/produit\/sac-isotherme-summer-rayures\/","og_site_name":"Walking Mum","og_image":[{"width":800,"height":800,"url":"https:\/\/walkingmum.com\/wp-content\/uploads\/2026\/02\/1120800759_a.jpg","type":"image\/jpeg"}],"twitter_card":"summary_large_image","twitter_misc":{"Dur\u00e9e de lecture estim\u00e9e":"1 minute"},"schema":{"@context":"https:\/\/schema.org","@graph":[{"@type":"WebPage","@id":"https:\/\/walkingmum.com\/fr\/produit\/sac-isotherme-summer-rayures\/","url":"https:\/\/walkingmum.com\/fr\/produit\/sac-isotherme-summer-rayures\/","name":"SAC ISOTHERME SUMMER RAYURES - Walking Mum","isPartOf":{"@id":"https:\/\/walkingmum.com\/#website"},"primaryImageOfPage":{"@id":"https:\/\/walkingmum.com\/fr\/produit\/sac-isotherme-summer-rayures\/#primaryimage"},"image":{"@id":"https:\/\/walkingmum.com\/fr\/produit\/sac-isotherme-summer-rayures\/#primaryimage"},"thumbnailUrl":"https:\/\/walkingmum.com\/wp-content\/uploads\/2026\/02\/1120800759_a.jpg","datePublished":"2026-03-02T07:34:15+00:00","breadcrumb":{"@id":"https:\/\/walkingmum.com\/fr\/produit\/sac-isotherme-summer-rayures\/#breadcrumb"},"inLanguage":"fr-FR","potentialAction":[{"@type":"ReadAction","target":["https:\/\/walkingmum.com\/fr\/produit\/sac-isotherme-summer-rayures\/"]}]},{"@type":"ImageObject","inLanguage":"fr-FR","@id":"https:\/\/walkingmum.com\/fr\/produit\/sac-isotherme-summer-rayures\/#primaryimage","url":"https:\/\/walkingmum.com\/wp-content\/uploads\/2026\/02\/1120800759_a.jpg","contentUrl":"https:\/\/walkingmum.com\/wp-content\/uploads\/2026\/02\/1120800759_a.jpg","width":800,"height":800},{"@type":"BreadcrumbList","@id":"https:\/\/walkingmum.com\/fr\/produit\/sac-isotherme-summer-rayures\/#breadcrumb","itemListElement":[{"@type":"ListItem","position":1,"name":"Portada","item":"https:\/\/walkingmum.com\/fr\/"},{"@type":"ListItem","position":2,"name":"Tienda","item":"https:\/\/walkingmum.com\/tienda\/"},{"@type":"ListItem","position":3,"name":"SAC ISOTHERME SUMMER RAYURES"}]},{"@type":"WebSite","@id":"https:\/\/walkingmum.com\/#website","url":"https:\/\/walkingmum.com\/","name":"Walking Mum","description":"La marca para beb\u00e9s modernos","potentialAction":[{"@type":"SearchAction","target":{"@type":"EntryPoint","urlTemplate":"https:\/\/walkingmum.com\/?s={search_term_string}"},"query-input":{"@type":"PropertyValueSpecification","valueRequired":true,"valueName":"search_term_string"}}],"inLanguage":"fr-FR"}]}},"_links":{"self":[{"href":"https:\/\/walkingmum.com\/fr\/wp-json\/wp\/v2\/product\/36717","targetHints":{"allow":["GET"]}}],"collection":[{"href":"https:\/\/walkingmum.com\/fr\/wp-json\/wp\/v2\/product"}],"about":[{"href":"https:\/\/walkingmum.com\/fr\/wp-json\/wp\/v2\/types\/product"}],"replies":[{"embeddable":true,"href":"https:\/\/walkingmum.com\/fr\/wp-json\/wp\/v2\/comments?post=36717"}],"wp:featuredmedia":[{"embeddable":true,"href":"https:\/\/walkingmum.com\/fr\/wp-json\/wp\/v2\/media\/36320"}],"wp:attachment":[{"href":"https:\/\/walkingmum.com\/fr\/wp-json\/wp\/v2\/media?parent=36717"}],"wp:term":[{"taxonomy":"colecciones","embeddable":true,"href":"https:\/\/walkingmum.com\/fr\/wp-json\/wp\/v2\/colecciones?post=36717"},{"taxonomy":"product_brand","embeddable":true,"href":"https:\/\/walkingmum.com\/fr\/wp-json\/wp\/v2\/product_brand?post=36717"},{"taxonomy":"product_cat","embeddable":true,"href":"https:\/\/walkingmum.com\/fr\/wp-json\/wp\/v2\/product_cat?post=36717"},{"taxonomy":"product_tag","embeddable":true,"href":"https:\/\/walkingmum.com\/fr\/wp-json\/wp\/v2\/product_tag?post=36717"}],"curies":[{"name":"wp","href":"https:\/\/api.w.org\/{rel}","templated":true}]}}