{"id":36712,"date":"2026-03-02T07:34:14","date_gmt":"2026-03-02T07:34:14","guid":{"rendered":"https:\/\/walkingmum.com\/?post_type=product&#038;p=36712"},"modified":"2026-03-02T07:34:14","modified_gmt":"2026-03-02T07:34:14","slug":"ventilateur-de-poussette-bandana","status":"publish","type":"product","link":"https:\/\/walkingmum.com\/fr\/produit\/ventilateur-de-poussette-bandana\/","title":{"rendered":"VENTILATEUR DE POUSSETTE BANDANA"},"content":{"rendered":"<p>Le ventilateur pour poussette BAndana de Walking Mum est l&rsquo;accessoire id\u00e9al pour garder votre b\u00e9b\u00e9 au frais et \u00e0 l&rsquo;aise pendant les promenades par temps chaud. Compact et l\u00e9ger, il se fixe facilement \u00e0 la poussette gr\u00e2ce \u00e0 sa pince de fixation s\u00e9curis\u00e9e, permettant de placer le ventilateur dans la position id\u00e9ale. Il dispose de 3 vitesses r\u00e9glables pour s&rsquo;adapter \u00e0 chaque situation, et son tube flexible permet de diriger l&rsquo;air avec pr\u00e9cision. Il fonctionne avec une batterie rechargeable via un c\u00e2ble USB int\u00e9gr\u00e9, offrant une autonomie d&rsquo;environ 2 \u00e0 5 heures selon l&rsquo;intensit\u00e9 choisie. Fabriqu\u00e9 en mat\u00e9riaux r\u00e9sistants ABS + PP, il est con\u00e7u pour une utilisation s\u00fbre et durable, conform\u00e9ment aux normes RoHS et SVHC sur la restriction des substances dangereuses. Un accessoire pratique et fonctionnel qui transforme chaque promenade en une brise douce et agr\u00e9able. Parfait pour les poussettes, les berceaux de voyage, les si\u00e8ges auto ou tout autre endroit o\u00f9 votre enfant a besoin d&rsquo;un peu de fra\u00eecheur. Dimensions : 16 cm<\/p>\n","protected":false},"excerpt":{"rendered":"<p>Le ventilateur pour poussette BAndana de Walking Mum est l&rsquo;accessoire id\u00e9al pour garder votre b\u00e9b\u00e9 au frais et \u00e0 l&rsquo;aise pendant les promenades par temps chaud. Compact et l\u00e9ger, il se fixe facilement \u00e0 la poussette gr\u00e2ce \u00e0 sa pince de fixation s\u00e9curis\u00e9e, permettant de placer le ventilateur dans la position id\u00e9ale. Il dispose de [&hellip;]<\/p>\n","protected":false},"featured_media":36183,"comment_status":"closed","ping_status":"closed","template":"","meta":{"_acf_changed":false,"inline_featured_image":false},"colecciones":[409],"product_brand":[],"product_cat":[395],"product_tag":[],"class_list":{"0":"post-36712","1":"product","2":"type-product","3":"status-publish","4":"has-post-thumbnail","6":"colecciones-collection-summer","7":"product_cat-summer-fr","9":"first","10":"instock","11":"purchasable","12":"product-type-simple"},"acf":[],"yoast_head":"<!-- This site is optimized with the Yoast SEO plugin v27.4 - https:\/\/yoast.com\/product\/yoast-seo-wordpress\/ -->\n<title>VENTILATEUR DE POUSSETTE BANDANA - Walking Mum<\/title>\n<meta name=\"robots\" content=\"index, follow, max-snippet:-1, max-image-preview:large, max-video-preview:-1\" \/>\n<link rel=\"canonical\" href=\"https:\/\/walkingmum.com\/fr\/produit\/ventilateur-de-poussette-bandana\/\" \/>\n<meta property=\"og:locale\" content=\"fr_FR\" \/>\n<meta property=\"og:type\" content=\"article\" \/>\n<meta property=\"og:title\" content=\"VENTILATEUR DE POUSSETTE BANDANA - Walking Mum\" \/>\n<meta property=\"og:description\" content=\"Le ventilateur pour poussette BAndana de Walking Mum est l&rsquo;accessoire id\u00e9al pour garder votre b\u00e9b\u00e9 au frais et \u00e0 l&rsquo;aise pendant les promenades par temps chaud. Compact et l\u00e9ger, il se fixe facilement \u00e0 la poussette gr\u00e2ce \u00e0 sa pince de fixation s\u00e9curis\u00e9e, permettant de placer le ventilateur dans la position id\u00e9ale. Il dispose de [&hellip;]\" \/>\n<meta property=\"og:url\" content=\"https:\/\/walkingmum.com\/fr\/produit\/ventilateur-de-poussette-bandana\/\" \/>\n<meta property=\"og:site_name\" content=\"Walking Mum\" \/>\n<meta property=\"og:image\" content=\"https:\/\/walkingmum.com\/wp-content\/uploads\/2026\/02\/1120800754_a.jpg\" \/>\n\t<meta property=\"og:image:width\" content=\"800\" \/>\n\t<meta property=\"og:image:height\" content=\"800\" \/>\n\t<meta property=\"og:image:type\" content=\"image\/jpeg\" \/>\n<meta name=\"twitter:card\" content=\"summary_large_image\" \/>\n<meta name=\"twitter:label1\" content=\"Dur\u00e9e de lecture estim\u00e9e\" \/>\n\t<meta name=\"twitter:data1\" content=\"1 minute\" \/>\n<script type=\"application\/ld+json\" class=\"yoast-schema-graph\">{\"@context\":\"https:\\\/\\\/schema.org\",\"@graph\":[{\"@type\":\"WebPage\",\"@id\":\"https:\\\/\\\/walkingmum.com\\\/fr\\\/produit\\\/ventilateur-de-poussette-bandana\\\/\",\"url\":\"https:\\\/\\\/walkingmum.com\\\/fr\\\/produit\\\/ventilateur-de-poussette-bandana\\\/\",\"name\":\"VENTILATEUR DE POUSSETTE BANDANA - Walking Mum\",\"isPartOf\":{\"@id\":\"https:\\\/\\\/walkingmum.com\\\/#website\"},\"primaryImageOfPage\":{\"@id\":\"https:\\\/\\\/walkingmum.com\\\/fr\\\/produit\\\/ventilateur-de-poussette-bandana\\\/#primaryimage\"},\"image\":{\"@id\":\"https:\\\/\\\/walkingmum.com\\\/fr\\\/produit\\\/ventilateur-de-poussette-bandana\\\/#primaryimage\"},\"thumbnailUrl\":\"https:\\\/\\\/walkingmum.com\\\/wp-content\\\/uploads\\\/2026\\\/02\\\/1120800754_a.jpg\",\"datePublished\":\"2026-03-02T07:34:14+00:00\",\"breadcrumb\":{\"@id\":\"https:\\\/\\\/walkingmum.com\\\/fr\\\/produit\\\/ventilateur-de-poussette-bandana\\\/#breadcrumb\"},\"inLanguage\":\"fr-FR\",\"potentialAction\":[{\"@type\":\"ReadAction\",\"target\":[\"https:\\\/\\\/walkingmum.com\\\/fr\\\/produit\\\/ventilateur-de-poussette-bandana\\\/\"]}]},{\"@type\":\"ImageObject\",\"inLanguage\":\"fr-FR\",\"@id\":\"https:\\\/\\\/walkingmum.com\\\/fr\\\/produit\\\/ventilateur-de-poussette-bandana\\\/#primaryimage\",\"url\":\"https:\\\/\\\/walkingmum.com\\\/wp-content\\\/uploads\\\/2026\\\/02\\\/1120800754_a.jpg\",\"contentUrl\":\"https:\\\/\\\/walkingmum.com\\\/wp-content\\\/uploads\\\/2026\\\/02\\\/1120800754_a.jpg\",\"width\":800,\"height\":800},{\"@type\":\"BreadcrumbList\",\"@id\":\"https:\\\/\\\/walkingmum.com\\\/fr\\\/produit\\\/ventilateur-de-poussette-bandana\\\/#breadcrumb\",\"itemListElement\":[{\"@type\":\"ListItem\",\"position\":1,\"name\":\"Portada\",\"item\":\"https:\\\/\\\/walkingmum.com\\\/fr\\\/\"},{\"@type\":\"ListItem\",\"position\":2,\"name\":\"Tienda\",\"item\":\"https:\\\/\\\/walkingmum.com\\\/tienda\\\/\"},{\"@type\":\"ListItem\",\"position\":3,\"name\":\"VENTILATEUR DE POUSSETTE BANDANA\"}]},{\"@type\":\"WebSite\",\"@id\":\"https:\\\/\\\/walkingmum.com\\\/#website\",\"url\":\"https:\\\/\\\/walkingmum.com\\\/\",\"name\":\"Walking Mum\",\"description\":\"La marca para beb\u00e9s modernos\",\"potentialAction\":[{\"@type\":\"SearchAction\",\"target\":{\"@type\":\"EntryPoint\",\"urlTemplate\":\"https:\\\/\\\/walkingmum.com\\\/?s={search_term_string}\"},\"query-input\":{\"@type\":\"PropertyValueSpecification\",\"valueRequired\":true,\"valueName\":\"search_term_string\"}}],\"inLanguage\":\"fr-FR\"}]}<\/script>\n<!-- \/ Yoast SEO plugin. -->","yoast_head_json":{"title":"VENTILATEUR DE POUSSETTE BANDANA - Walking Mum","robots":{"index":"index","follow":"follow","max-snippet":"max-snippet:-1","max-image-preview":"max-image-preview:large","max-video-preview":"max-video-preview:-1"},"canonical":"https:\/\/walkingmum.com\/fr\/produit\/ventilateur-de-poussette-bandana\/","og_locale":"fr_FR","og_type":"article","og_title":"VENTILATEUR DE POUSSETTE BANDANA - Walking Mum","og_description":"Le ventilateur pour poussette BAndana de Walking Mum est l&rsquo;accessoire id\u00e9al pour garder votre b\u00e9b\u00e9 au frais et \u00e0 l&rsquo;aise pendant les promenades par temps chaud. Compact et l\u00e9ger, il se fixe facilement \u00e0 la poussette gr\u00e2ce \u00e0 sa pince de fixation s\u00e9curis\u00e9e, permettant de placer le ventilateur dans la position id\u00e9ale. Il dispose de [&hellip;]","og_url":"https:\/\/walkingmum.com\/fr\/produit\/ventilateur-de-poussette-bandana\/","og_site_name":"Walking Mum","og_image":[{"width":800,"height":800,"url":"https:\/\/walkingmum.com\/wp-content\/uploads\/2026\/02\/1120800754_a.jpg","type":"image\/jpeg"}],"twitter_card":"summary_large_image","twitter_misc":{"Dur\u00e9e de lecture estim\u00e9e":"1 minute"},"schema":{"@context":"https:\/\/schema.org","@graph":[{"@type":"WebPage","@id":"https:\/\/walkingmum.com\/fr\/produit\/ventilateur-de-poussette-bandana\/","url":"https:\/\/walkingmum.com\/fr\/produit\/ventilateur-de-poussette-bandana\/","name":"VENTILATEUR DE POUSSETTE BANDANA - Walking Mum","isPartOf":{"@id":"https:\/\/walkingmum.com\/#website"},"primaryImageOfPage":{"@id":"https:\/\/walkingmum.com\/fr\/produit\/ventilateur-de-poussette-bandana\/#primaryimage"},"image":{"@id":"https:\/\/walkingmum.com\/fr\/produit\/ventilateur-de-poussette-bandana\/#primaryimage"},"thumbnailUrl":"https:\/\/walkingmum.com\/wp-content\/uploads\/2026\/02\/1120800754_a.jpg","datePublished":"2026-03-02T07:34:14+00:00","breadcrumb":{"@id":"https:\/\/walkingmum.com\/fr\/produit\/ventilateur-de-poussette-bandana\/#breadcrumb"},"inLanguage":"fr-FR","potentialAction":[{"@type":"ReadAction","target":["https:\/\/walkingmum.com\/fr\/produit\/ventilateur-de-poussette-bandana\/"]}]},{"@type":"ImageObject","inLanguage":"fr-FR","@id":"https:\/\/walkingmum.com\/fr\/produit\/ventilateur-de-poussette-bandana\/#primaryimage","url":"https:\/\/walkingmum.com\/wp-content\/uploads\/2026\/02\/1120800754_a.jpg","contentUrl":"https:\/\/walkingmum.com\/wp-content\/uploads\/2026\/02\/1120800754_a.jpg","width":800,"height":800},{"@type":"BreadcrumbList","@id":"https:\/\/walkingmum.com\/fr\/produit\/ventilateur-de-poussette-bandana\/#breadcrumb","itemListElement":[{"@type":"ListItem","position":1,"name":"Portada","item":"https:\/\/walkingmum.com\/fr\/"},{"@type":"ListItem","position":2,"name":"Tienda","item":"https:\/\/walkingmum.com\/tienda\/"},{"@type":"ListItem","position":3,"name":"VENTILATEUR DE POUSSETTE BANDANA"}]},{"@type":"WebSite","@id":"https:\/\/walkingmum.com\/#website","url":"https:\/\/walkingmum.com\/","name":"Walking Mum","description":"La marca para beb\u00e9s modernos","potentialAction":[{"@type":"SearchAction","target":{"@type":"EntryPoint","urlTemplate":"https:\/\/walkingmum.com\/?s={search_term_string}"},"query-input":{"@type":"PropertyValueSpecification","valueRequired":true,"valueName":"search_term_string"}}],"inLanguage":"fr-FR"}]}},"_links":{"self":[{"href":"https:\/\/walkingmum.com\/fr\/wp-json\/wp\/v2\/product\/36712","targetHints":{"allow":["GET"]}}],"collection":[{"href":"https:\/\/walkingmum.com\/fr\/wp-json\/wp\/v2\/product"}],"about":[{"href":"https:\/\/walkingmum.com\/fr\/wp-json\/wp\/v2\/types\/product"}],"replies":[{"embeddable":true,"href":"https:\/\/walkingmum.com\/fr\/wp-json\/wp\/v2\/comments?post=36712"}],"wp:featuredmedia":[{"embeddable":true,"href":"https:\/\/walkingmum.com\/fr\/wp-json\/wp\/v2\/media\/36183"}],"wp:attachment":[{"href":"https:\/\/walkingmum.com\/fr\/wp-json\/wp\/v2\/media?parent=36712"}],"wp:term":[{"taxonomy":"colecciones","embeddable":true,"href":"https:\/\/walkingmum.com\/fr\/wp-json\/wp\/v2\/colecciones?post=36712"},{"taxonomy":"product_brand","embeddable":true,"href":"https:\/\/walkingmum.com\/fr\/wp-json\/wp\/v2\/product_brand?post=36712"},{"taxonomy":"product_cat","embeddable":true,"href":"https:\/\/walkingmum.com\/fr\/wp-json\/wp\/v2\/product_cat?post=36712"},{"taxonomy":"product_tag","embeddable":true,"href":"https:\/\/walkingmum.com\/fr\/wp-json\/wp\/v2\/product_tag?post=36712"}],"curies":[{"name":"wp","href":"https:\/\/api.w.org\/{rel}","templated":true}]}}