{"id":36709,"date":"2026-03-02T07:34:13","date_gmt":"2026-03-02T07:34:13","guid":{"rendered":"https:\/\/walkingmum.com\/?post_type=product&#038;p=36709"},"modified":"2026-03-02T07:34:13","modified_gmt":"2026-03-02T07:34:13","slug":"tente-anti-uv-summer-bandana","status":"publish","type":"product","link":"https:\/\/walkingmum.com\/fr\/produit\/tente-anti-uv-summer-bandana\/","title":{"rendered":"TENTE ANTI-UV SUMMER BANDANA"},"content":{"rendered":"<p>La tente Anti-UV Summer Bandana de Walking Mum est le refuge id\u00e9al pour prot\u00e9ger votre b\u00e9b\u00e9 du soleil tout en profitant du plein air. Son imprim\u00e9 bandana lui conf\u00e8re un style frais et actuel, parfait pour vous accompagner \u00e0 la plage, au parc ou au jardin. Fabriqu\u00e9e en tissu 100 % polyester avec une protection solaire FPS\/SPF 50+, elle aide \u00e0 bloquer les rayons UV et \u00e0 cr\u00e9er un espace s\u00fbr et ombrag\u00e9. Elle comprend une moustiquaire avec fermeture velcro de s\u00e9curit\u00e9 conforme \u00e0 la norme EN-71, con\u00e7ue pour prot\u00e9ger le b\u00e9b\u00e9 des insectes en \u00e9vitant les syst\u00e8mes de fermeture rigides. De plus, elle dispose d&rsquo;une fen\u00eatre \u00e0 rabat qui facilite la ventilation int\u00e9rieure. Gr\u00e2ce \u00e0 son syst\u00e8me pop-up, elle se monte et se plie en quelques secondes sans effort. Elle comprend 4 piquets pour la fixer au sol et un sac pratique avec une poign\u00e9e pour la transporter facilement. Id\u00e9ale pour la plage, le parc ou le jardin. Une petite oasis portable d&rsquo;ombre et de protection pour accompagner votre b\u00e9b\u00e9 dans toutes ses aventures en plein air. Emportez-la avec vous et cr\u00e9ez un espace s\u00fbr et frais pour votre tout-petit \u00e0 tout moment ! Conforme aux normes de s\u00e9curit\u00e9 EN-71 et UPF EN 13758. Dimensions : 120 x 84 x 70 cm. Convient d\u00e8s la naissance.<\/p>\n","protected":false},"excerpt":{"rendered":"<p>La tente Anti-UV Summer Bandana de Walking Mum est le refuge id\u00e9al pour prot\u00e9ger votre b\u00e9b\u00e9 du soleil tout en profitant du plein air. Son imprim\u00e9 bandana lui conf\u00e8re un style frais et actuel, parfait pour vous accompagner \u00e0 la plage, au parc ou au jardin. Fabriqu\u00e9e en tissu 100 % polyester avec une protection [&hellip;]<\/p>\n","protected":false},"featured_media":36088,"comment_status":"closed","ping_status":"closed","template":"","meta":{"_acf_changed":false,"inline_featured_image":false},"colecciones":[409],"product_brand":[],"product_cat":[395],"product_tag":[],"class_list":{"0":"post-36709","1":"product","2":"type-product","3":"status-publish","4":"has-post-thumbnail","6":"colecciones-collection-summer","7":"product_cat-summer-fr","9":"first","10":"instock","11":"purchasable","12":"product-type-simple"},"acf":[],"yoast_head":"<!-- This site is optimized with the Yoast SEO plugin v27.4 - https:\/\/yoast.com\/product\/yoast-seo-wordpress\/ -->\n<title>TENTE ANTI-UV SUMMER BANDANA - Walking Mum<\/title>\n<meta name=\"robots\" content=\"index, follow, max-snippet:-1, max-image-preview:large, max-video-preview:-1\" \/>\n<link rel=\"canonical\" href=\"https:\/\/walkingmum.com\/fr\/produit\/tente-anti-uv-summer-bandana\/\" \/>\n<meta property=\"og:locale\" content=\"fr_FR\" \/>\n<meta property=\"og:type\" content=\"article\" \/>\n<meta property=\"og:title\" content=\"TENTE ANTI-UV SUMMER BANDANA - Walking Mum\" \/>\n<meta property=\"og:description\" content=\"La tente Anti-UV Summer Bandana de Walking Mum est le refuge id\u00e9al pour prot\u00e9ger votre b\u00e9b\u00e9 du soleil tout en profitant du plein air. Son imprim\u00e9 bandana lui conf\u00e8re un style frais et actuel, parfait pour vous accompagner \u00e0 la plage, au parc ou au jardin. Fabriqu\u00e9e en tissu 100 % polyester avec une protection [&hellip;]\" \/>\n<meta property=\"og:url\" content=\"https:\/\/walkingmum.com\/fr\/produit\/tente-anti-uv-summer-bandana\/\" \/>\n<meta property=\"og:site_name\" content=\"Walking Mum\" \/>\n<meta property=\"og:image\" content=\"https:\/\/walkingmum.com\/wp-content\/uploads\/2026\/02\/1120800748_a.jpg\" \/>\n\t<meta property=\"og:image:width\" content=\"800\" \/>\n\t<meta property=\"og:image:height\" content=\"800\" \/>\n\t<meta property=\"og:image:type\" content=\"image\/jpeg\" \/>\n<meta name=\"twitter:card\" content=\"summary_large_image\" \/>\n<meta name=\"twitter:label1\" content=\"Dur\u00e9e de lecture estim\u00e9e\" \/>\n\t<meta name=\"twitter:data1\" content=\"1 minute\" \/>\n<script type=\"application\/ld+json\" class=\"yoast-schema-graph\">{\"@context\":\"https:\\\/\\\/schema.org\",\"@graph\":[{\"@type\":\"WebPage\",\"@id\":\"https:\\\/\\\/walkingmum.com\\\/fr\\\/produit\\\/tente-anti-uv-summer-bandana\\\/\",\"url\":\"https:\\\/\\\/walkingmum.com\\\/fr\\\/produit\\\/tente-anti-uv-summer-bandana\\\/\",\"name\":\"TENTE ANTI-UV SUMMER BANDANA - Walking Mum\",\"isPartOf\":{\"@id\":\"https:\\\/\\\/walkingmum.com\\\/#website\"},\"primaryImageOfPage\":{\"@id\":\"https:\\\/\\\/walkingmum.com\\\/fr\\\/produit\\\/tente-anti-uv-summer-bandana\\\/#primaryimage\"},\"image\":{\"@id\":\"https:\\\/\\\/walkingmum.com\\\/fr\\\/produit\\\/tente-anti-uv-summer-bandana\\\/#primaryimage\"},\"thumbnailUrl\":\"https:\\\/\\\/walkingmum.com\\\/wp-content\\\/uploads\\\/2026\\\/02\\\/1120800748_a.jpg\",\"datePublished\":\"2026-03-02T07:34:13+00:00\",\"breadcrumb\":{\"@id\":\"https:\\\/\\\/walkingmum.com\\\/fr\\\/produit\\\/tente-anti-uv-summer-bandana\\\/#breadcrumb\"},\"inLanguage\":\"fr-FR\",\"potentialAction\":[{\"@type\":\"ReadAction\",\"target\":[\"https:\\\/\\\/walkingmum.com\\\/fr\\\/produit\\\/tente-anti-uv-summer-bandana\\\/\"]}]},{\"@type\":\"ImageObject\",\"inLanguage\":\"fr-FR\",\"@id\":\"https:\\\/\\\/walkingmum.com\\\/fr\\\/produit\\\/tente-anti-uv-summer-bandana\\\/#primaryimage\",\"url\":\"https:\\\/\\\/walkingmum.com\\\/wp-content\\\/uploads\\\/2026\\\/02\\\/1120800748_a.jpg\",\"contentUrl\":\"https:\\\/\\\/walkingmum.com\\\/wp-content\\\/uploads\\\/2026\\\/02\\\/1120800748_a.jpg\",\"width\":800,\"height\":800},{\"@type\":\"BreadcrumbList\",\"@id\":\"https:\\\/\\\/walkingmum.com\\\/fr\\\/produit\\\/tente-anti-uv-summer-bandana\\\/#breadcrumb\",\"itemListElement\":[{\"@type\":\"ListItem\",\"position\":1,\"name\":\"Portada\",\"item\":\"https:\\\/\\\/walkingmum.com\\\/fr\\\/\"},{\"@type\":\"ListItem\",\"position\":2,\"name\":\"Tienda\",\"item\":\"https:\\\/\\\/walkingmum.com\\\/tienda\\\/\"},{\"@type\":\"ListItem\",\"position\":3,\"name\":\"TENTE ANTI-UV SUMMER BANDANA\"}]},{\"@type\":\"WebSite\",\"@id\":\"https:\\\/\\\/walkingmum.com\\\/#website\",\"url\":\"https:\\\/\\\/walkingmum.com\\\/\",\"name\":\"Walking Mum\",\"description\":\"La marca para beb\u00e9s modernos\",\"potentialAction\":[{\"@type\":\"SearchAction\",\"target\":{\"@type\":\"EntryPoint\",\"urlTemplate\":\"https:\\\/\\\/walkingmum.com\\\/?s={search_term_string}\"},\"query-input\":{\"@type\":\"PropertyValueSpecification\",\"valueRequired\":true,\"valueName\":\"search_term_string\"}}],\"inLanguage\":\"fr-FR\"}]}<\/script>\n<!-- \/ Yoast SEO plugin. -->","yoast_head_json":{"title":"TENTE ANTI-UV SUMMER BANDANA - Walking Mum","robots":{"index":"index","follow":"follow","max-snippet":"max-snippet:-1","max-image-preview":"max-image-preview:large","max-video-preview":"max-video-preview:-1"},"canonical":"https:\/\/walkingmum.com\/fr\/produit\/tente-anti-uv-summer-bandana\/","og_locale":"fr_FR","og_type":"article","og_title":"TENTE ANTI-UV SUMMER BANDANA - Walking Mum","og_description":"La tente Anti-UV Summer Bandana de Walking Mum est le refuge id\u00e9al pour prot\u00e9ger votre b\u00e9b\u00e9 du soleil tout en profitant du plein air. Son imprim\u00e9 bandana lui conf\u00e8re un style frais et actuel, parfait pour vous accompagner \u00e0 la plage, au parc ou au jardin. Fabriqu\u00e9e en tissu 100 % polyester avec une protection [&hellip;]","og_url":"https:\/\/walkingmum.com\/fr\/produit\/tente-anti-uv-summer-bandana\/","og_site_name":"Walking Mum","og_image":[{"width":800,"height":800,"url":"https:\/\/walkingmum.com\/wp-content\/uploads\/2026\/02\/1120800748_a.jpg","type":"image\/jpeg"}],"twitter_card":"summary_large_image","twitter_misc":{"Dur\u00e9e de lecture estim\u00e9e":"1 minute"},"schema":{"@context":"https:\/\/schema.org","@graph":[{"@type":"WebPage","@id":"https:\/\/walkingmum.com\/fr\/produit\/tente-anti-uv-summer-bandana\/","url":"https:\/\/walkingmum.com\/fr\/produit\/tente-anti-uv-summer-bandana\/","name":"TENTE ANTI-UV SUMMER BANDANA - Walking Mum","isPartOf":{"@id":"https:\/\/walkingmum.com\/#website"},"primaryImageOfPage":{"@id":"https:\/\/walkingmum.com\/fr\/produit\/tente-anti-uv-summer-bandana\/#primaryimage"},"image":{"@id":"https:\/\/walkingmum.com\/fr\/produit\/tente-anti-uv-summer-bandana\/#primaryimage"},"thumbnailUrl":"https:\/\/walkingmum.com\/wp-content\/uploads\/2026\/02\/1120800748_a.jpg","datePublished":"2026-03-02T07:34:13+00:00","breadcrumb":{"@id":"https:\/\/walkingmum.com\/fr\/produit\/tente-anti-uv-summer-bandana\/#breadcrumb"},"inLanguage":"fr-FR","potentialAction":[{"@type":"ReadAction","target":["https:\/\/walkingmum.com\/fr\/produit\/tente-anti-uv-summer-bandana\/"]}]},{"@type":"ImageObject","inLanguage":"fr-FR","@id":"https:\/\/walkingmum.com\/fr\/produit\/tente-anti-uv-summer-bandana\/#primaryimage","url":"https:\/\/walkingmum.com\/wp-content\/uploads\/2026\/02\/1120800748_a.jpg","contentUrl":"https:\/\/walkingmum.com\/wp-content\/uploads\/2026\/02\/1120800748_a.jpg","width":800,"height":800},{"@type":"BreadcrumbList","@id":"https:\/\/walkingmum.com\/fr\/produit\/tente-anti-uv-summer-bandana\/#breadcrumb","itemListElement":[{"@type":"ListItem","position":1,"name":"Portada","item":"https:\/\/walkingmum.com\/fr\/"},{"@type":"ListItem","position":2,"name":"Tienda","item":"https:\/\/walkingmum.com\/tienda\/"},{"@type":"ListItem","position":3,"name":"TENTE ANTI-UV SUMMER BANDANA"}]},{"@type":"WebSite","@id":"https:\/\/walkingmum.com\/#website","url":"https:\/\/walkingmum.com\/","name":"Walking Mum","description":"La marca para beb\u00e9s modernos","potentialAction":[{"@type":"SearchAction","target":{"@type":"EntryPoint","urlTemplate":"https:\/\/walkingmum.com\/?s={search_term_string}"},"query-input":{"@type":"PropertyValueSpecification","valueRequired":true,"valueName":"search_term_string"}}],"inLanguage":"fr-FR"}]}},"_links":{"self":[{"href":"https:\/\/walkingmum.com\/fr\/wp-json\/wp\/v2\/product\/36709","targetHints":{"allow":["GET"]}}],"collection":[{"href":"https:\/\/walkingmum.com\/fr\/wp-json\/wp\/v2\/product"}],"about":[{"href":"https:\/\/walkingmum.com\/fr\/wp-json\/wp\/v2\/types\/product"}],"replies":[{"embeddable":true,"href":"https:\/\/walkingmum.com\/fr\/wp-json\/wp\/v2\/comments?post=36709"}],"wp:featuredmedia":[{"embeddable":true,"href":"https:\/\/walkingmum.com\/fr\/wp-json\/wp\/v2\/media\/36088"}],"wp:attachment":[{"href":"https:\/\/walkingmum.com\/fr\/wp-json\/wp\/v2\/media?parent=36709"}],"wp:term":[{"taxonomy":"colecciones","embeddable":true,"href":"https:\/\/walkingmum.com\/fr\/wp-json\/wp\/v2\/colecciones?post=36709"},{"taxonomy":"product_brand","embeddable":true,"href":"https:\/\/walkingmum.com\/fr\/wp-json\/wp\/v2\/product_brand?post=36709"},{"taxonomy":"product_cat","embeddable":true,"href":"https:\/\/walkingmum.com\/fr\/wp-json\/wp\/v2\/product_cat?post=36709"},{"taxonomy":"product_tag","embeddable":true,"href":"https:\/\/walkingmum.com\/fr\/wp-json\/wp\/v2\/product_tag?post=36709"}],"curies":[{"name":"wp","href":"https:\/\/api.w.org\/{rel}","templated":true}]}}