{"id":35793,"date":"2026-02-20T07:16:14","date_gmt":"2026-02-20T07:16:14","guid":{"rendered":"https:\/\/walkingmum.com\/?post_type=product&#038;p=35793"},"modified":"2026-02-20T07:16:14","modified_gmt":"2026-02-20T07:16:14","slug":"pingouin-musical-praline-matcha","status":"publish","type":"product","link":"https:\/\/walkingmum.com\/fr\/produit\/pingouin-musical-praline-matcha\/","title":{"rendered":"PINGOUIN MUSICAL PRALIN\u00c9 MATCHA"},"content":{"rendered":"<p>Le musical Pingouin Pralin\u00e9 Matcha de Walking Mum est l\u2019accessoire id\u00e9al pour d\u00e9tendre et apaiser b\u00e9b\u00e9. Avec son adorable pingouin de 25 cm, sa douce m\u00e9lodie cr\u00e9e une atmosph\u00e8re de calme et de confort, parfaite pour aider b\u00e9b\u00e9 \u00e0 s\u2019endormir. Il comprend un lien pratique pour l\u2019attacher au lit, \u00e0 la poussette ou \u00e0 la nacelle. Confectionn\u00e9 en maille douce, id\u00e9ale pour la peau d\u00e9licate de b\u00e9b\u00e9. Sans petites pi\u00e8ces ni \u00e9l\u00e9ments dangereux, adapt\u00e9 d\u00e8s la naissance. Il favorise le d\u00e9veloppement \u00e9motionnel et sensoriel. Ce doudou\/ peluche Walking Mum accompagne les moments de jeu et de repos avec douceur. Lavage \u00e0 la main. Tissus de qualit\u00e9, sans substances nocives. Conforme EN-71 (0+).<\/p>\n","protected":false},"excerpt":{"rendered":"<p>Le musical Pingouin Pralin\u00e9 Matcha de Walking Mum est l\u2019accessoire id\u00e9al pour d\u00e9tendre et apaiser b\u00e9b\u00e9. Avec son adorable pingouin de 25 cm, sa douce m\u00e9lodie cr\u00e9e une atmosph\u00e8re de calme et de confort, parfaite pour aider b\u00e9b\u00e9 \u00e0 s\u2019endormir. Il comprend un lien pratique pour l\u2019attacher au lit, \u00e0 la poussette ou \u00e0 la [&hellip;]<\/p>\n","protected":false},"featured_media":35568,"comment_status":"closed","ping_status":"closed","template":"","meta":{"_acf_changed":false,"inline_featured_image":false},"colecciones":[403],"product_brand":[],"product_cat":[255],"product_tag":[],"class_list":{"0":"post-35793","1":"product","2":"type-product","3":"status-publish","4":"has-post-thumbnail","6":"colecciones-collection-praline","7":"product_cat-peluches-et-accessories","9":"first","10":"instock","11":"purchasable","12":"product-type-simple"},"acf":[],"yoast_head":"<!-- This site is optimized with the Yoast SEO plugin v27.4 - https:\/\/yoast.com\/product\/yoast-seo-wordpress\/ -->\n<title>PINGOUIN MUSICAL PRALIN\u00c9 MATCHA - Walking Mum<\/title>\n<meta name=\"robots\" content=\"index, follow, max-snippet:-1, max-image-preview:large, max-video-preview:-1\" \/>\n<link rel=\"canonical\" href=\"https:\/\/walkingmum.com\/fr\/produit\/pingouin-musical-praline-matcha\/\" \/>\n<meta property=\"og:locale\" content=\"fr_FR\" \/>\n<meta property=\"og:type\" content=\"article\" \/>\n<meta property=\"og:title\" content=\"PINGOUIN MUSICAL PRALIN\u00c9 MATCHA - Walking Mum\" \/>\n<meta property=\"og:description\" content=\"Le musical Pingouin Pralin\u00e9 Matcha de Walking Mum est l\u2019accessoire id\u00e9al pour d\u00e9tendre et apaiser b\u00e9b\u00e9. Avec son adorable pingouin de 25 cm, sa douce m\u00e9lodie cr\u00e9e une atmosph\u00e8re de calme et de confort, parfaite pour aider b\u00e9b\u00e9 \u00e0 s\u2019endormir. Il comprend un lien pratique pour l\u2019attacher au lit, \u00e0 la poussette ou \u00e0 la [&hellip;]\" \/>\n<meta property=\"og:url\" content=\"https:\/\/walkingmum.com\/fr\/produit\/pingouin-musical-praline-matcha\/\" \/>\n<meta property=\"og:site_name\" content=\"Walking Mum\" \/>\n<meta property=\"og:image\" content=\"https:\/\/walkingmum.com\/wp-content\/uploads\/2026\/02\/1120800799_a.jpg\" \/>\n\t<meta property=\"og:image:width\" content=\"800\" \/>\n\t<meta property=\"og:image:height\" content=\"800\" \/>\n\t<meta property=\"og:image:type\" content=\"image\/jpeg\" \/>\n<meta name=\"twitter:card\" content=\"summary_large_image\" \/>\n<meta name=\"twitter:label1\" content=\"Dur\u00e9e de lecture estim\u00e9e\" \/>\n\t<meta name=\"twitter:data1\" content=\"1 minute\" \/>\n<script type=\"application\/ld+json\" class=\"yoast-schema-graph\">{\"@context\":\"https:\\\/\\\/schema.org\",\"@graph\":[{\"@type\":\"WebPage\",\"@id\":\"https:\\\/\\\/walkingmum.com\\\/fr\\\/produit\\\/pingouin-musical-praline-matcha\\\/\",\"url\":\"https:\\\/\\\/walkingmum.com\\\/fr\\\/produit\\\/pingouin-musical-praline-matcha\\\/\",\"name\":\"PINGOUIN MUSICAL PRALIN\u00c9 MATCHA - Walking Mum\",\"isPartOf\":{\"@id\":\"https:\\\/\\\/walkingmum.com\\\/#website\"},\"primaryImageOfPage\":{\"@id\":\"https:\\\/\\\/walkingmum.com\\\/fr\\\/produit\\\/pingouin-musical-praline-matcha\\\/#primaryimage\"},\"image\":{\"@id\":\"https:\\\/\\\/walkingmum.com\\\/fr\\\/produit\\\/pingouin-musical-praline-matcha\\\/#primaryimage\"},\"thumbnailUrl\":\"https:\\\/\\\/walkingmum.com\\\/wp-content\\\/uploads\\\/2026\\\/02\\\/1120800799_a.jpg\",\"datePublished\":\"2026-02-20T07:16:14+00:00\",\"breadcrumb\":{\"@id\":\"https:\\\/\\\/walkingmum.com\\\/fr\\\/produit\\\/pingouin-musical-praline-matcha\\\/#breadcrumb\"},\"inLanguage\":\"fr-FR\",\"potentialAction\":[{\"@type\":\"ReadAction\",\"target\":[\"https:\\\/\\\/walkingmum.com\\\/fr\\\/produit\\\/pingouin-musical-praline-matcha\\\/\"]}]},{\"@type\":\"ImageObject\",\"inLanguage\":\"fr-FR\",\"@id\":\"https:\\\/\\\/walkingmum.com\\\/fr\\\/produit\\\/pingouin-musical-praline-matcha\\\/#primaryimage\",\"url\":\"https:\\\/\\\/walkingmum.com\\\/wp-content\\\/uploads\\\/2026\\\/02\\\/1120800799_a.jpg\",\"contentUrl\":\"https:\\\/\\\/walkingmum.com\\\/wp-content\\\/uploads\\\/2026\\\/02\\\/1120800799_a.jpg\",\"width\":800,\"height\":800},{\"@type\":\"BreadcrumbList\",\"@id\":\"https:\\\/\\\/walkingmum.com\\\/fr\\\/produit\\\/pingouin-musical-praline-matcha\\\/#breadcrumb\",\"itemListElement\":[{\"@type\":\"ListItem\",\"position\":1,\"name\":\"Portada\",\"item\":\"https:\\\/\\\/walkingmum.com\\\/fr\\\/\"},{\"@type\":\"ListItem\",\"position\":2,\"name\":\"Tienda\",\"item\":\"https:\\\/\\\/walkingmum.com\\\/tienda\\\/\"},{\"@type\":\"ListItem\",\"position\":3,\"name\":\"PINGOUIN MUSICAL PRALIN\u00c9 MATCHA\"}]},{\"@type\":\"WebSite\",\"@id\":\"https:\\\/\\\/walkingmum.com\\\/#website\",\"url\":\"https:\\\/\\\/walkingmum.com\\\/\",\"name\":\"Walking Mum\",\"description\":\"La marca para beb\u00e9s modernos\",\"potentialAction\":[{\"@type\":\"SearchAction\",\"target\":{\"@type\":\"EntryPoint\",\"urlTemplate\":\"https:\\\/\\\/walkingmum.com\\\/?s={search_term_string}\"},\"query-input\":{\"@type\":\"PropertyValueSpecification\",\"valueRequired\":true,\"valueName\":\"search_term_string\"}}],\"inLanguage\":\"fr-FR\"}]}<\/script>\n<!-- \/ Yoast SEO plugin. -->","yoast_head_json":{"title":"PINGOUIN MUSICAL PRALIN\u00c9 MATCHA - Walking Mum","robots":{"index":"index","follow":"follow","max-snippet":"max-snippet:-1","max-image-preview":"max-image-preview:large","max-video-preview":"max-video-preview:-1"},"canonical":"https:\/\/walkingmum.com\/fr\/produit\/pingouin-musical-praline-matcha\/","og_locale":"fr_FR","og_type":"article","og_title":"PINGOUIN MUSICAL PRALIN\u00c9 MATCHA - Walking Mum","og_description":"Le musical Pingouin Pralin\u00e9 Matcha de Walking Mum est l\u2019accessoire id\u00e9al pour d\u00e9tendre et apaiser b\u00e9b\u00e9. Avec son adorable pingouin de 25 cm, sa douce m\u00e9lodie cr\u00e9e une atmosph\u00e8re de calme et de confort, parfaite pour aider b\u00e9b\u00e9 \u00e0 s\u2019endormir. Il comprend un lien pratique pour l\u2019attacher au lit, \u00e0 la poussette ou \u00e0 la [&hellip;]","og_url":"https:\/\/walkingmum.com\/fr\/produit\/pingouin-musical-praline-matcha\/","og_site_name":"Walking Mum","og_image":[{"width":800,"height":800,"url":"https:\/\/walkingmum.com\/wp-content\/uploads\/2026\/02\/1120800799_a.jpg","type":"image\/jpeg"}],"twitter_card":"summary_large_image","twitter_misc":{"Dur\u00e9e de lecture estim\u00e9e":"1 minute"},"schema":{"@context":"https:\/\/schema.org","@graph":[{"@type":"WebPage","@id":"https:\/\/walkingmum.com\/fr\/produit\/pingouin-musical-praline-matcha\/","url":"https:\/\/walkingmum.com\/fr\/produit\/pingouin-musical-praline-matcha\/","name":"PINGOUIN MUSICAL PRALIN\u00c9 MATCHA - Walking Mum","isPartOf":{"@id":"https:\/\/walkingmum.com\/#website"},"primaryImageOfPage":{"@id":"https:\/\/walkingmum.com\/fr\/produit\/pingouin-musical-praline-matcha\/#primaryimage"},"image":{"@id":"https:\/\/walkingmum.com\/fr\/produit\/pingouin-musical-praline-matcha\/#primaryimage"},"thumbnailUrl":"https:\/\/walkingmum.com\/wp-content\/uploads\/2026\/02\/1120800799_a.jpg","datePublished":"2026-02-20T07:16:14+00:00","breadcrumb":{"@id":"https:\/\/walkingmum.com\/fr\/produit\/pingouin-musical-praline-matcha\/#breadcrumb"},"inLanguage":"fr-FR","potentialAction":[{"@type":"ReadAction","target":["https:\/\/walkingmum.com\/fr\/produit\/pingouin-musical-praline-matcha\/"]}]},{"@type":"ImageObject","inLanguage":"fr-FR","@id":"https:\/\/walkingmum.com\/fr\/produit\/pingouin-musical-praline-matcha\/#primaryimage","url":"https:\/\/walkingmum.com\/wp-content\/uploads\/2026\/02\/1120800799_a.jpg","contentUrl":"https:\/\/walkingmum.com\/wp-content\/uploads\/2026\/02\/1120800799_a.jpg","width":800,"height":800},{"@type":"BreadcrumbList","@id":"https:\/\/walkingmum.com\/fr\/produit\/pingouin-musical-praline-matcha\/#breadcrumb","itemListElement":[{"@type":"ListItem","position":1,"name":"Portada","item":"https:\/\/walkingmum.com\/fr\/"},{"@type":"ListItem","position":2,"name":"Tienda","item":"https:\/\/walkingmum.com\/tienda\/"},{"@type":"ListItem","position":3,"name":"PINGOUIN MUSICAL PRALIN\u00c9 MATCHA"}]},{"@type":"WebSite","@id":"https:\/\/walkingmum.com\/#website","url":"https:\/\/walkingmum.com\/","name":"Walking Mum","description":"La marca para beb\u00e9s modernos","potentialAction":[{"@type":"SearchAction","target":{"@type":"EntryPoint","urlTemplate":"https:\/\/walkingmum.com\/?s={search_term_string}"},"query-input":{"@type":"PropertyValueSpecification","valueRequired":true,"valueName":"search_term_string"}}],"inLanguage":"fr-FR"}]}},"_links":{"self":[{"href":"https:\/\/walkingmum.com\/fr\/wp-json\/wp\/v2\/product\/35793","targetHints":{"allow":["GET"]}}],"collection":[{"href":"https:\/\/walkingmum.com\/fr\/wp-json\/wp\/v2\/product"}],"about":[{"href":"https:\/\/walkingmum.com\/fr\/wp-json\/wp\/v2\/types\/product"}],"replies":[{"embeddable":true,"href":"https:\/\/walkingmum.com\/fr\/wp-json\/wp\/v2\/comments?post=35793"}],"wp:featuredmedia":[{"embeddable":true,"href":"https:\/\/walkingmum.com\/fr\/wp-json\/wp\/v2\/media\/35568"}],"wp:attachment":[{"href":"https:\/\/walkingmum.com\/fr\/wp-json\/wp\/v2\/media?parent=35793"}],"wp:term":[{"taxonomy":"colecciones","embeddable":true,"href":"https:\/\/walkingmum.com\/fr\/wp-json\/wp\/v2\/colecciones?post=35793"},{"taxonomy":"product_brand","embeddable":true,"href":"https:\/\/walkingmum.com\/fr\/wp-json\/wp\/v2\/product_brand?post=35793"},{"taxonomy":"product_cat","embeddable":true,"href":"https:\/\/walkingmum.com\/fr\/wp-json\/wp\/v2\/product_cat?post=35793"},{"taxonomy":"product_tag","embeddable":true,"href":"https:\/\/walkingmum.com\/fr\/wp-json\/wp\/v2\/product_tag?post=35793"}],"curies":[{"name":"wp","href":"https:\/\/api.w.org\/{rel}","templated":true}]}}