{"id":35788,"date":"2026-02-20T07:16:13","date_gmt":"2026-02-20T07:16:13","guid":{"rendered":"https:\/\/walkingmum.com\/?post_type=product&#038;p=35788"},"modified":"2026-02-20T07:16:13","modified_gmt":"2026-02-20T07:16:13","slug":"doudou-pingouin-praline-moka","status":"publish","type":"product","link":"https:\/\/walkingmum.com\/fr\/produit\/doudou-pingouin-praline-moka\/","title":{"rendered":"DOUDOU PINGOUIN PRALIN\u00c9 MOKA"},"content":{"rendered":"<p>Ce charmant doudou Pingouin Pralin\u00e9 Moka de Walking Mum est le compagnon id\u00e9al pour apaiser b\u00e9b\u00e9 d\u00e8s la naissance. Format 25&#215;25 cm en velours et maille ultra douce, offrant une texture d\u00e9licate parfaite pour rassurer. Inspir\u00e9 d\u2019un joyeux pingouin, sans petites pi\u00e8ces ni \u00e9l\u00e9ments durs. Facile \u00e0 saisir gr\u00e2ce \u00e0 sa forme ergonomique. Id\u00e9al pour le lit, la poussette ou les moments de repos. Lavage \u00e0 30 \u00b0C. Tissus de haute qualit\u00e9 sans substances nocives. Conforme norme EN\u201171.<\/p>\n","protected":false},"excerpt":{"rendered":"<p>Ce charmant doudou Pingouin Pralin\u00e9 Moka de Walking Mum est le compagnon id\u00e9al pour apaiser b\u00e9b\u00e9 d\u00e8s la naissance. Format 25&#215;25 cm en velours et maille ultra douce, offrant une texture d\u00e9licate parfaite pour rassurer. Inspir\u00e9 d\u2019un joyeux pingouin, sans petites pi\u00e8ces ni \u00e9l\u00e9ments durs. Facile \u00e0 saisir gr\u00e2ce \u00e0 sa forme ergonomique. Id\u00e9al pour [&hellip;]<\/p>\n","protected":false},"featured_media":35471,"comment_status":"closed","ping_status":"closed","template":"","meta":{"_acf_changed":false,"inline_featured_image":false},"colecciones":[403],"product_brand":[],"product_cat":[255],"product_tag":[],"class_list":{"0":"post-35788","1":"product","2":"type-product","3":"status-publish","4":"has-post-thumbnail","6":"colecciones-collection-praline","7":"product_cat-peluches-et-accessories","9":"first","10":"instock","11":"purchasable","12":"product-type-simple"},"acf":[],"yoast_head":"<!-- This site is optimized with the Yoast SEO plugin v27.4 - https:\/\/yoast.com\/product\/yoast-seo-wordpress\/ -->\n<title>DOUDOU PINGOUIN PRALIN\u00c9 MOKA - Walking Mum<\/title>\n<meta name=\"robots\" content=\"index, follow, max-snippet:-1, max-image-preview:large, max-video-preview:-1\" \/>\n<link rel=\"canonical\" href=\"https:\/\/walkingmum.com\/fr\/produit\/doudou-pingouin-praline-moka\/\" \/>\n<meta property=\"og:locale\" content=\"fr_FR\" \/>\n<meta property=\"og:type\" content=\"article\" \/>\n<meta property=\"og:title\" content=\"DOUDOU PINGOUIN PRALIN\u00c9 MOKA - Walking Mum\" \/>\n<meta property=\"og:description\" content=\"Ce charmant doudou Pingouin Pralin\u00e9 Moka de Walking Mum est le compagnon id\u00e9al pour apaiser b\u00e9b\u00e9 d\u00e8s la naissance. Format 25&#215;25 cm en velours et maille ultra douce, offrant une texture d\u00e9licate parfaite pour rassurer. Inspir\u00e9 d\u2019un joyeux pingouin, sans petites pi\u00e8ces ni \u00e9l\u00e9ments durs. Facile \u00e0 saisir gr\u00e2ce \u00e0 sa forme ergonomique. Id\u00e9al pour [&hellip;]\" \/>\n<meta property=\"og:url\" content=\"https:\/\/walkingmum.com\/fr\/produit\/doudou-pingouin-praline-moka\/\" \/>\n<meta property=\"og:site_name\" content=\"Walking Mum\" \/>\n<meta property=\"og:image\" content=\"https:\/\/walkingmum.com\/wp-content\/uploads\/2026\/02\/1120800794_a.jpg\" \/>\n\t<meta property=\"og:image:width\" content=\"800\" \/>\n\t<meta property=\"og:image:height\" content=\"800\" \/>\n\t<meta property=\"og:image:type\" content=\"image\/jpeg\" \/>\n<meta name=\"twitter:card\" content=\"summary_large_image\" \/>\n<script type=\"application\/ld+json\" class=\"yoast-schema-graph\">{\"@context\":\"https:\\\/\\\/schema.org\",\"@graph\":[{\"@type\":\"WebPage\",\"@id\":\"https:\\\/\\\/walkingmum.com\\\/fr\\\/produit\\\/doudou-pingouin-praline-moka\\\/\",\"url\":\"https:\\\/\\\/walkingmum.com\\\/fr\\\/produit\\\/doudou-pingouin-praline-moka\\\/\",\"name\":\"DOUDOU PINGOUIN PRALIN\u00c9 MOKA - Walking Mum\",\"isPartOf\":{\"@id\":\"https:\\\/\\\/walkingmum.com\\\/#website\"},\"primaryImageOfPage\":{\"@id\":\"https:\\\/\\\/walkingmum.com\\\/fr\\\/produit\\\/doudou-pingouin-praline-moka\\\/#primaryimage\"},\"image\":{\"@id\":\"https:\\\/\\\/walkingmum.com\\\/fr\\\/produit\\\/doudou-pingouin-praline-moka\\\/#primaryimage\"},\"thumbnailUrl\":\"https:\\\/\\\/walkingmum.com\\\/wp-content\\\/uploads\\\/2026\\\/02\\\/1120800794_a.jpg\",\"datePublished\":\"2026-02-20T07:16:13+00:00\",\"breadcrumb\":{\"@id\":\"https:\\\/\\\/walkingmum.com\\\/fr\\\/produit\\\/doudou-pingouin-praline-moka\\\/#breadcrumb\"},\"inLanguage\":\"fr-FR\",\"potentialAction\":[{\"@type\":\"ReadAction\",\"target\":[\"https:\\\/\\\/walkingmum.com\\\/fr\\\/produit\\\/doudou-pingouin-praline-moka\\\/\"]}]},{\"@type\":\"ImageObject\",\"inLanguage\":\"fr-FR\",\"@id\":\"https:\\\/\\\/walkingmum.com\\\/fr\\\/produit\\\/doudou-pingouin-praline-moka\\\/#primaryimage\",\"url\":\"https:\\\/\\\/walkingmum.com\\\/wp-content\\\/uploads\\\/2026\\\/02\\\/1120800794_a.jpg\",\"contentUrl\":\"https:\\\/\\\/walkingmum.com\\\/wp-content\\\/uploads\\\/2026\\\/02\\\/1120800794_a.jpg\",\"width\":800,\"height\":800},{\"@type\":\"BreadcrumbList\",\"@id\":\"https:\\\/\\\/walkingmum.com\\\/fr\\\/produit\\\/doudou-pingouin-praline-moka\\\/#breadcrumb\",\"itemListElement\":[{\"@type\":\"ListItem\",\"position\":1,\"name\":\"Portada\",\"item\":\"https:\\\/\\\/walkingmum.com\\\/fr\\\/\"},{\"@type\":\"ListItem\",\"position\":2,\"name\":\"Tienda\",\"item\":\"https:\\\/\\\/walkingmum.com\\\/tienda\\\/\"},{\"@type\":\"ListItem\",\"position\":3,\"name\":\"DOUDOU PINGOUIN PRALIN\u00c9 MOKA\"}]},{\"@type\":\"WebSite\",\"@id\":\"https:\\\/\\\/walkingmum.com\\\/#website\",\"url\":\"https:\\\/\\\/walkingmum.com\\\/\",\"name\":\"Walking Mum\",\"description\":\"La marca para beb\u00e9s modernos\",\"potentialAction\":[{\"@type\":\"SearchAction\",\"target\":{\"@type\":\"EntryPoint\",\"urlTemplate\":\"https:\\\/\\\/walkingmum.com\\\/?s={search_term_string}\"},\"query-input\":{\"@type\":\"PropertyValueSpecification\",\"valueRequired\":true,\"valueName\":\"search_term_string\"}}],\"inLanguage\":\"fr-FR\"}]}<\/script>\n<!-- \/ Yoast SEO plugin. -->","yoast_head_json":{"title":"DOUDOU PINGOUIN PRALIN\u00c9 MOKA - Walking Mum","robots":{"index":"index","follow":"follow","max-snippet":"max-snippet:-1","max-image-preview":"max-image-preview:large","max-video-preview":"max-video-preview:-1"},"canonical":"https:\/\/walkingmum.com\/fr\/produit\/doudou-pingouin-praline-moka\/","og_locale":"fr_FR","og_type":"article","og_title":"DOUDOU PINGOUIN PRALIN\u00c9 MOKA - Walking Mum","og_description":"Ce charmant doudou Pingouin Pralin\u00e9 Moka de Walking Mum est le compagnon id\u00e9al pour apaiser b\u00e9b\u00e9 d\u00e8s la naissance. Format 25&#215;25 cm en velours et maille ultra douce, offrant une texture d\u00e9licate parfaite pour rassurer. Inspir\u00e9 d\u2019un joyeux pingouin, sans petites pi\u00e8ces ni \u00e9l\u00e9ments durs. Facile \u00e0 saisir gr\u00e2ce \u00e0 sa forme ergonomique. Id\u00e9al pour [&hellip;]","og_url":"https:\/\/walkingmum.com\/fr\/produit\/doudou-pingouin-praline-moka\/","og_site_name":"Walking Mum","og_image":[{"width":800,"height":800,"url":"https:\/\/walkingmum.com\/wp-content\/uploads\/2026\/02\/1120800794_a.jpg","type":"image\/jpeg"}],"twitter_card":"summary_large_image","schema":{"@context":"https:\/\/schema.org","@graph":[{"@type":"WebPage","@id":"https:\/\/walkingmum.com\/fr\/produit\/doudou-pingouin-praline-moka\/","url":"https:\/\/walkingmum.com\/fr\/produit\/doudou-pingouin-praline-moka\/","name":"DOUDOU PINGOUIN PRALIN\u00c9 MOKA - Walking Mum","isPartOf":{"@id":"https:\/\/walkingmum.com\/#website"},"primaryImageOfPage":{"@id":"https:\/\/walkingmum.com\/fr\/produit\/doudou-pingouin-praline-moka\/#primaryimage"},"image":{"@id":"https:\/\/walkingmum.com\/fr\/produit\/doudou-pingouin-praline-moka\/#primaryimage"},"thumbnailUrl":"https:\/\/walkingmum.com\/wp-content\/uploads\/2026\/02\/1120800794_a.jpg","datePublished":"2026-02-20T07:16:13+00:00","breadcrumb":{"@id":"https:\/\/walkingmum.com\/fr\/produit\/doudou-pingouin-praline-moka\/#breadcrumb"},"inLanguage":"fr-FR","potentialAction":[{"@type":"ReadAction","target":["https:\/\/walkingmum.com\/fr\/produit\/doudou-pingouin-praline-moka\/"]}]},{"@type":"ImageObject","inLanguage":"fr-FR","@id":"https:\/\/walkingmum.com\/fr\/produit\/doudou-pingouin-praline-moka\/#primaryimage","url":"https:\/\/walkingmum.com\/wp-content\/uploads\/2026\/02\/1120800794_a.jpg","contentUrl":"https:\/\/walkingmum.com\/wp-content\/uploads\/2026\/02\/1120800794_a.jpg","width":800,"height":800},{"@type":"BreadcrumbList","@id":"https:\/\/walkingmum.com\/fr\/produit\/doudou-pingouin-praline-moka\/#breadcrumb","itemListElement":[{"@type":"ListItem","position":1,"name":"Portada","item":"https:\/\/walkingmum.com\/fr\/"},{"@type":"ListItem","position":2,"name":"Tienda","item":"https:\/\/walkingmum.com\/tienda\/"},{"@type":"ListItem","position":3,"name":"DOUDOU PINGOUIN PRALIN\u00c9 MOKA"}]},{"@type":"WebSite","@id":"https:\/\/walkingmum.com\/#website","url":"https:\/\/walkingmum.com\/","name":"Walking Mum","description":"La marca para beb\u00e9s modernos","potentialAction":[{"@type":"SearchAction","target":{"@type":"EntryPoint","urlTemplate":"https:\/\/walkingmum.com\/?s={search_term_string}"},"query-input":{"@type":"PropertyValueSpecification","valueRequired":true,"valueName":"search_term_string"}}],"inLanguage":"fr-FR"}]}},"_links":{"self":[{"href":"https:\/\/walkingmum.com\/fr\/wp-json\/wp\/v2\/product\/35788","targetHints":{"allow":["GET"]}}],"collection":[{"href":"https:\/\/walkingmum.com\/fr\/wp-json\/wp\/v2\/product"}],"about":[{"href":"https:\/\/walkingmum.com\/fr\/wp-json\/wp\/v2\/types\/product"}],"replies":[{"embeddable":true,"href":"https:\/\/walkingmum.com\/fr\/wp-json\/wp\/v2\/comments?post=35788"}],"wp:featuredmedia":[{"embeddable":true,"href":"https:\/\/walkingmum.com\/fr\/wp-json\/wp\/v2\/media\/35471"}],"wp:attachment":[{"href":"https:\/\/walkingmum.com\/fr\/wp-json\/wp\/v2\/media?parent=35788"}],"wp:term":[{"taxonomy":"colecciones","embeddable":true,"href":"https:\/\/walkingmum.com\/fr\/wp-json\/wp\/v2\/colecciones?post=35788"},{"taxonomy":"product_brand","embeddable":true,"href":"https:\/\/walkingmum.com\/fr\/wp-json\/wp\/v2\/product_brand?post=35788"},{"taxonomy":"product_cat","embeddable":true,"href":"https:\/\/walkingmum.com\/fr\/wp-json\/wp\/v2\/product_cat?post=35788"},{"taxonomy":"product_tag","embeddable":true,"href":"https:\/\/walkingmum.com\/fr\/wp-json\/wp\/v2\/product_tag?post=35788"}],"curies":[{"name":"wp","href":"https:\/\/api.w.org\/{rel}","templated":true}]}}