{"id":35777,"date":"2026-02-20T07:16:10","date_gmt":"2026-02-20T07:16:10","guid":{"rendered":"https:\/\/walkingmum.com\/?post_type=product&#038;p=35777"},"modified":"2026-02-20T07:16:10","modified_gmt":"2026-02-20T07:16:10","slug":"habillage-berceau-moise-praline-vichy-rayures-matcha-tog-25","status":"publish","type":"product","link":"https:\/\/walkingmum.com\/fr\/produit\/habillage-berceau-moise-praline-vichy-rayures-matcha-tog-25\/","title":{"rendered":"HABILLAGE BERCEAU MO\u00cfSE PRALIN\u00c9 VICHY\/RAYURES MATCHA TOG 2,5"},"content":{"rendered":"<p>Habillage mo\u00efse Pralin\u00e9 Vichy\/Rayas Matcha pour mo\u00efse 80&#215;40 cm. Set complet doux et respirant. Lavable \u00e0 30 \u00b0C. Conforme EN 16779. Walking Mum s\u2019engage \u00e0 proposer des produits fonctionnels, s\u00fbrs et \u00e9l\u00e9gants, con\u00e7us pour les familles modernes. Fabriqu\u00e9 avec des mat\u00e9riaux de haute qualit\u00e9, sans substances nocives. Un style actuel qui allie design, confort et praticit\u00e9.<\/p>\n","protected":false},"excerpt":{"rendered":"<p>Habillage mo\u00efse Pralin\u00e9 Vichy\/Rayas Matcha pour mo\u00efse 80&#215;40 cm. Set complet doux et respirant. Lavable \u00e0 30 \u00b0C. Conforme EN 16779. Walking Mum s\u2019engage \u00e0 proposer des produits fonctionnels, s\u00fbrs et \u00e9l\u00e9gants, con\u00e7us pour les familles modernes. Fabriqu\u00e9 avec des mat\u00e9riaux de haute qualit\u00e9, sans substances nocives. Un style actuel qui allie design, confort et [&hellip;]<\/p>\n","protected":false},"featured_media":35284,"comment_status":"closed","ping_status":"closed","template":"","meta":{"_acf_changed":false,"inline_featured_image":false},"colecciones":[403],"product_brand":[],"product_cat":[358],"product_tag":[],"class_list":{"0":"post-35777","1":"product","2":"type-product","3":"status-publish","4":"has-post-thumbnail","6":"colecciones-collection-praline","7":"product_cat-home-fr","9":"first","10":"instock","11":"purchasable","12":"product-type-simple"},"acf":[],"yoast_head":"<!-- This site is optimized with the Yoast SEO plugin v27.3 - https:\/\/yoast.com\/product\/yoast-seo-wordpress\/ -->\n<title>HABILLAGE BERCEAU MO\u00cfSE PRALIN\u00c9 VICHY\/RAYURES MATCHA TOG 2,5 - Walking Mum<\/title>\n<meta name=\"robots\" content=\"index, follow, max-snippet:-1, max-image-preview:large, max-video-preview:-1\" \/>\n<link rel=\"canonical\" href=\"https:\/\/walkingmum.com\/fr\/produit\/habillage-berceau-moise-praline-vichy-rayures-matcha-tog-25\/\" \/>\n<meta property=\"og:locale\" content=\"fr_FR\" \/>\n<meta property=\"og:type\" content=\"article\" \/>\n<meta property=\"og:title\" content=\"HABILLAGE BERCEAU MO\u00cfSE PRALIN\u00c9 VICHY\/RAYURES MATCHA TOG 2,5 - Walking Mum\" \/>\n<meta property=\"og:description\" content=\"Habillage mo\u00efse Pralin\u00e9 Vichy\/Rayas Matcha pour mo\u00efse 80&#215;40 cm. Set complet doux et respirant. Lavable \u00e0 30 \u00b0C. Conforme EN 16779. Walking Mum s\u2019engage \u00e0 proposer des produits fonctionnels, s\u00fbrs et \u00e9l\u00e9gants, con\u00e7us pour les familles modernes. Fabriqu\u00e9 avec des mat\u00e9riaux de haute qualit\u00e9, sans substances nocives. Un style actuel qui allie design, confort et [&hellip;]\" \/>\n<meta property=\"og:url\" content=\"https:\/\/walkingmum.com\/fr\/produit\/habillage-berceau-moise-praline-vichy-rayures-matcha-tog-25\/\" \/>\n<meta property=\"og:site_name\" content=\"Walking Mum\" \/>\n<meta property=\"og:image\" content=\"https:\/\/walkingmum.com\/wp-content\/uploads\/2026\/02\/1120800737_a.jpg\" \/>\n\t<meta property=\"og:image:width\" content=\"800\" \/>\n\t<meta property=\"og:image:height\" content=\"800\" \/>\n\t<meta property=\"og:image:type\" content=\"image\/jpeg\" \/>\n<meta name=\"twitter:card\" content=\"summary_large_image\" \/>\n<script type=\"application\/ld+json\" class=\"yoast-schema-graph\">{\"@context\":\"https:\\\/\\\/schema.org\",\"@graph\":[{\"@type\":\"WebPage\",\"@id\":\"https:\\\/\\\/walkingmum.com\\\/fr\\\/produit\\\/habillage-berceau-moise-praline-vichy-rayures-matcha-tog-25\\\/\",\"url\":\"https:\\\/\\\/walkingmum.com\\\/fr\\\/produit\\\/habillage-berceau-moise-praline-vichy-rayures-matcha-tog-25\\\/\",\"name\":\"HABILLAGE BERCEAU MO\u00cfSE PRALIN\u00c9 VICHY\\\/RAYURES MATCHA TOG 2,5 - Walking Mum\",\"isPartOf\":{\"@id\":\"https:\\\/\\\/walkingmum.com\\\/#website\"},\"primaryImageOfPage\":{\"@id\":\"https:\\\/\\\/walkingmum.com\\\/fr\\\/produit\\\/habillage-berceau-moise-praline-vichy-rayures-matcha-tog-25\\\/#primaryimage\"},\"image\":{\"@id\":\"https:\\\/\\\/walkingmum.com\\\/fr\\\/produit\\\/habillage-berceau-moise-praline-vichy-rayures-matcha-tog-25\\\/#primaryimage\"},\"thumbnailUrl\":\"https:\\\/\\\/walkingmum.com\\\/wp-content\\\/uploads\\\/2026\\\/02\\\/1120800737_a.jpg\",\"datePublished\":\"2026-02-20T07:16:10+00:00\",\"breadcrumb\":{\"@id\":\"https:\\\/\\\/walkingmum.com\\\/fr\\\/produit\\\/habillage-berceau-moise-praline-vichy-rayures-matcha-tog-25\\\/#breadcrumb\"},\"inLanguage\":\"fr-FR\",\"potentialAction\":[{\"@type\":\"ReadAction\",\"target\":[\"https:\\\/\\\/walkingmum.com\\\/fr\\\/produit\\\/habillage-berceau-moise-praline-vichy-rayures-matcha-tog-25\\\/\"]}]},{\"@type\":\"ImageObject\",\"inLanguage\":\"fr-FR\",\"@id\":\"https:\\\/\\\/walkingmum.com\\\/fr\\\/produit\\\/habillage-berceau-moise-praline-vichy-rayures-matcha-tog-25\\\/#primaryimage\",\"url\":\"https:\\\/\\\/walkingmum.com\\\/wp-content\\\/uploads\\\/2026\\\/02\\\/1120800737_a.jpg\",\"contentUrl\":\"https:\\\/\\\/walkingmum.com\\\/wp-content\\\/uploads\\\/2026\\\/02\\\/1120800737_a.jpg\",\"width\":800,\"height\":800},{\"@type\":\"BreadcrumbList\",\"@id\":\"https:\\\/\\\/walkingmum.com\\\/fr\\\/produit\\\/habillage-berceau-moise-praline-vichy-rayures-matcha-tog-25\\\/#breadcrumb\",\"itemListElement\":[{\"@type\":\"ListItem\",\"position\":1,\"name\":\"Portada\",\"item\":\"https:\\\/\\\/walkingmum.com\\\/fr\\\/\"},{\"@type\":\"ListItem\",\"position\":2,\"name\":\"Tienda\",\"item\":\"https:\\\/\\\/walkingmum.com\\\/tienda\\\/\"},{\"@type\":\"ListItem\",\"position\":3,\"name\":\"HABILLAGE BERCEAU MO\u00cfSE PRALIN\u00c9 VICHY\\\/RAYURES MATCHA TOG 2,5\"}]},{\"@type\":\"WebSite\",\"@id\":\"https:\\\/\\\/walkingmum.com\\\/#website\",\"url\":\"https:\\\/\\\/walkingmum.com\\\/\",\"name\":\"Walking Mum\",\"description\":\"La marca para beb\u00e9s modernos\",\"potentialAction\":[{\"@type\":\"SearchAction\",\"target\":{\"@type\":\"EntryPoint\",\"urlTemplate\":\"https:\\\/\\\/walkingmum.com\\\/?s={search_term_string}\"},\"query-input\":{\"@type\":\"PropertyValueSpecification\",\"valueRequired\":true,\"valueName\":\"search_term_string\"}}],\"inLanguage\":\"fr-FR\"}]}<\/script>\n<!-- \/ Yoast SEO plugin. -->","yoast_head_json":{"title":"HABILLAGE BERCEAU MO\u00cfSE PRALIN\u00c9 VICHY\/RAYURES MATCHA TOG 2,5 - Walking Mum","robots":{"index":"index","follow":"follow","max-snippet":"max-snippet:-1","max-image-preview":"max-image-preview:large","max-video-preview":"max-video-preview:-1"},"canonical":"https:\/\/walkingmum.com\/fr\/produit\/habillage-berceau-moise-praline-vichy-rayures-matcha-tog-25\/","og_locale":"fr_FR","og_type":"article","og_title":"HABILLAGE BERCEAU MO\u00cfSE PRALIN\u00c9 VICHY\/RAYURES MATCHA TOG 2,5 - Walking Mum","og_description":"Habillage mo\u00efse Pralin\u00e9 Vichy\/Rayas Matcha pour mo\u00efse 80&#215;40 cm. Set complet doux et respirant. Lavable \u00e0 30 \u00b0C. Conforme EN 16779. Walking Mum s\u2019engage \u00e0 proposer des produits fonctionnels, s\u00fbrs et \u00e9l\u00e9gants, con\u00e7us pour les familles modernes. Fabriqu\u00e9 avec des mat\u00e9riaux de haute qualit\u00e9, sans substances nocives. Un style actuel qui allie design, confort et [&hellip;]","og_url":"https:\/\/walkingmum.com\/fr\/produit\/habillage-berceau-moise-praline-vichy-rayures-matcha-tog-25\/","og_site_name":"Walking Mum","og_image":[{"width":800,"height":800,"url":"https:\/\/walkingmum.com\/wp-content\/uploads\/2026\/02\/1120800737_a.jpg","type":"image\/jpeg"}],"twitter_card":"summary_large_image","schema":{"@context":"https:\/\/schema.org","@graph":[{"@type":"WebPage","@id":"https:\/\/walkingmum.com\/fr\/produit\/habillage-berceau-moise-praline-vichy-rayures-matcha-tog-25\/","url":"https:\/\/walkingmum.com\/fr\/produit\/habillage-berceau-moise-praline-vichy-rayures-matcha-tog-25\/","name":"HABILLAGE BERCEAU MO\u00cfSE PRALIN\u00c9 VICHY\/RAYURES MATCHA TOG 2,5 - Walking Mum","isPartOf":{"@id":"https:\/\/walkingmum.com\/#website"},"primaryImageOfPage":{"@id":"https:\/\/walkingmum.com\/fr\/produit\/habillage-berceau-moise-praline-vichy-rayures-matcha-tog-25\/#primaryimage"},"image":{"@id":"https:\/\/walkingmum.com\/fr\/produit\/habillage-berceau-moise-praline-vichy-rayures-matcha-tog-25\/#primaryimage"},"thumbnailUrl":"https:\/\/walkingmum.com\/wp-content\/uploads\/2026\/02\/1120800737_a.jpg","datePublished":"2026-02-20T07:16:10+00:00","breadcrumb":{"@id":"https:\/\/walkingmum.com\/fr\/produit\/habillage-berceau-moise-praline-vichy-rayures-matcha-tog-25\/#breadcrumb"},"inLanguage":"fr-FR","potentialAction":[{"@type":"ReadAction","target":["https:\/\/walkingmum.com\/fr\/produit\/habillage-berceau-moise-praline-vichy-rayures-matcha-tog-25\/"]}]},{"@type":"ImageObject","inLanguage":"fr-FR","@id":"https:\/\/walkingmum.com\/fr\/produit\/habillage-berceau-moise-praline-vichy-rayures-matcha-tog-25\/#primaryimage","url":"https:\/\/walkingmum.com\/wp-content\/uploads\/2026\/02\/1120800737_a.jpg","contentUrl":"https:\/\/walkingmum.com\/wp-content\/uploads\/2026\/02\/1120800737_a.jpg","width":800,"height":800},{"@type":"BreadcrumbList","@id":"https:\/\/walkingmum.com\/fr\/produit\/habillage-berceau-moise-praline-vichy-rayures-matcha-tog-25\/#breadcrumb","itemListElement":[{"@type":"ListItem","position":1,"name":"Portada","item":"https:\/\/walkingmum.com\/fr\/"},{"@type":"ListItem","position":2,"name":"Tienda","item":"https:\/\/walkingmum.com\/tienda\/"},{"@type":"ListItem","position":3,"name":"HABILLAGE BERCEAU MO\u00cfSE PRALIN\u00c9 VICHY\/RAYURES MATCHA TOG 2,5"}]},{"@type":"WebSite","@id":"https:\/\/walkingmum.com\/#website","url":"https:\/\/walkingmum.com\/","name":"Walking Mum","description":"La marca para beb\u00e9s modernos","potentialAction":[{"@type":"SearchAction","target":{"@type":"EntryPoint","urlTemplate":"https:\/\/walkingmum.com\/?s={search_term_string}"},"query-input":{"@type":"PropertyValueSpecification","valueRequired":true,"valueName":"search_term_string"}}],"inLanguage":"fr-FR"}]}},"_links":{"self":[{"href":"https:\/\/walkingmum.com\/fr\/wp-json\/wp\/v2\/product\/35777","targetHints":{"allow":["GET"]}}],"collection":[{"href":"https:\/\/walkingmum.com\/fr\/wp-json\/wp\/v2\/product"}],"about":[{"href":"https:\/\/walkingmum.com\/fr\/wp-json\/wp\/v2\/types\/product"}],"replies":[{"embeddable":true,"href":"https:\/\/walkingmum.com\/fr\/wp-json\/wp\/v2\/comments?post=35777"}],"wp:featuredmedia":[{"embeddable":true,"href":"https:\/\/walkingmum.com\/fr\/wp-json\/wp\/v2\/media\/35284"}],"wp:attachment":[{"href":"https:\/\/walkingmum.com\/fr\/wp-json\/wp\/v2\/media?parent=35777"}],"wp:term":[{"taxonomy":"colecciones","embeddable":true,"href":"https:\/\/walkingmum.com\/fr\/wp-json\/wp\/v2\/colecciones?post=35777"},{"taxonomy":"product_brand","embeddable":true,"href":"https:\/\/walkingmum.com\/fr\/wp-json\/wp\/v2\/product_brand?post=35777"},{"taxonomy":"product_cat","embeddable":true,"href":"https:\/\/walkingmum.com\/fr\/wp-json\/wp\/v2\/product_cat?post=35777"},{"taxonomy":"product_tag","embeddable":true,"href":"https:\/\/walkingmum.com\/fr\/wp-json\/wp\/v2\/product_tag?post=35777"}],"curies":[{"name":"wp","href":"https:\/\/api.w.org\/{rel}","templated":true}]}}