{"id":35755,"date":"2026-02-20T07:16:05","date_gmt":"2026-02-20T07:16:05","guid":{"rendered":"https:\/\/walkingmum.com\/?post_type=product&#038;p=35755"},"modified":"2026-02-20T07:16:06","modified_gmt":"2026-02-20T07:16:06","slug":"set-2-langes-70x70-cm-praline-vichy-rayures-matcha","status":"publish","type":"product","link":"https:\/\/walkingmum.com\/fr\/produit\/set-2-langes-70x70-cm-praline-vichy-rayures-matcha\/","title":{"rendered":"SET\/2 LANGES 70X70 CM\u00a0PRALIN\u00c9 VICHY\/RAYURES MATCHA"},"content":{"rendered":"<p>Lot de 2 mousselines Pralin\u00e9 vichy matcha (70&#215;70 cm). Compos\u00e9es de 70 % bambou et 30 % coton, ultra douces et respirantes. Parfaites pour un usage quotidien. Walking Mum prot\u00e8ge votre b\u00e9b\u00e9 en utilisant des tissus de haute qualit\u00e9, sans colorants azo\u00efques ni substances nocives. Notre collection Walking Mum se distingue par un style urbain et moderne qui ne passe pas inaper\u00e7u. Sp\u00e9cifications : Mat\u00e9riaux : 70% Bamb\u00fa &#8211; 30% Algod\u00f3n. Dimensions: 70&#215;70 cm.<\/p>\n","protected":false},"excerpt":{"rendered":"<p>Lot de 2 mousselines Pralin\u00e9 vichy matcha (70&#215;70 cm). Compos\u00e9es de 70 % bambou et 30 % coton, ultra douces et respirantes. Parfaites pour un usage quotidien. Walking Mum prot\u00e8ge votre b\u00e9b\u00e9 en utilisant des tissus de haute qualit\u00e9, sans colorants azo\u00efques ni substances nocives. Notre collection Walking Mum se distingue par un style urbain [&hellip;]<\/p>\n","protected":false},"featured_media":34830,"comment_status":"closed","ping_status":"closed","template":"","meta":{"_acf_changed":false,"inline_featured_image":false},"colecciones":[403],"product_brand":[],"product_cat":[378],"product_tag":[],"class_list":{"0":"post-35755","1":"product","2":"type-product","3":"status-publish","4":"has-post-thumbnail","6":"colecciones-collection-praline","7":"product_cat-mousselines-fr","9":"first","10":"instock","11":"purchasable","12":"product-type-simple"},"acf":[],"yoast_head":"<!-- This site is optimized with the Yoast SEO plugin v27.3 - https:\/\/yoast.com\/product\/yoast-seo-wordpress\/ -->\n<title>SET\/2 LANGES 70X70 CM\u00a0PRALIN\u00c9 VICHY\/RAYURES MATCHA - Walking Mum<\/title>\n<meta name=\"robots\" content=\"index, follow, max-snippet:-1, max-image-preview:large, max-video-preview:-1\" \/>\n<link rel=\"canonical\" href=\"https:\/\/walkingmum.com\/fr\/produit\/set-2-langes-70x70-cm-praline-vichy-rayures-matcha\/\" \/>\n<meta property=\"og:locale\" content=\"fr_FR\" \/>\n<meta property=\"og:type\" content=\"article\" \/>\n<meta property=\"og:title\" content=\"SET\/2 LANGES 70X70 CM\u00a0PRALIN\u00c9 VICHY\/RAYURES MATCHA - Walking Mum\" \/>\n<meta property=\"og:description\" content=\"Lot de 2 mousselines Pralin\u00e9 vichy matcha (70&#215;70 cm). Compos\u00e9es de 70 % bambou et 30 % coton, ultra douces et respirantes. Parfaites pour un usage quotidien. Walking Mum prot\u00e8ge votre b\u00e9b\u00e9 en utilisant des tissus de haute qualit\u00e9, sans colorants azo\u00efques ni substances nocives. Notre collection Walking Mum se distingue par un style urbain [&hellip;]\" \/>\n<meta property=\"og:url\" content=\"https:\/\/walkingmum.com\/fr\/produit\/set-2-langes-70x70-cm-praline-vichy-rayures-matcha\/\" \/>\n<meta property=\"og:site_name\" content=\"Walking Mum\" \/>\n<meta property=\"article:modified_time\" content=\"2026-02-20T07:16:06+00:00\" \/>\n<meta property=\"og:image\" content=\"https:\/\/walkingmum.com\/wp-content\/uploads\/2026\/02\/1120800717_a.jpg\" \/>\n\t<meta property=\"og:image:width\" content=\"800\" \/>\n\t<meta property=\"og:image:height\" content=\"800\" \/>\n\t<meta property=\"og:image:type\" content=\"image\/jpeg\" \/>\n<meta name=\"twitter:card\" content=\"summary_large_image\" \/>\n<script type=\"application\/ld+json\" class=\"yoast-schema-graph\">{\"@context\":\"https:\\\/\\\/schema.org\",\"@graph\":[{\"@type\":\"WebPage\",\"@id\":\"https:\\\/\\\/walkingmum.com\\\/fr\\\/produit\\\/set-2-langes-70x70-cm-praline-vichy-rayures-matcha\\\/\",\"url\":\"https:\\\/\\\/walkingmum.com\\\/fr\\\/produit\\\/set-2-langes-70x70-cm-praline-vichy-rayures-matcha\\\/\",\"name\":\"SET\\\/2 LANGES 70X70 CM\u00a0PRALIN\u00c9 VICHY\\\/RAYURES MATCHA - Walking Mum\",\"isPartOf\":{\"@id\":\"https:\\\/\\\/walkingmum.com\\\/#website\"},\"primaryImageOfPage\":{\"@id\":\"https:\\\/\\\/walkingmum.com\\\/fr\\\/produit\\\/set-2-langes-70x70-cm-praline-vichy-rayures-matcha\\\/#primaryimage\"},\"image\":{\"@id\":\"https:\\\/\\\/walkingmum.com\\\/fr\\\/produit\\\/set-2-langes-70x70-cm-praline-vichy-rayures-matcha\\\/#primaryimage\"},\"thumbnailUrl\":\"https:\\\/\\\/walkingmum.com\\\/wp-content\\\/uploads\\\/2026\\\/02\\\/1120800717_a.jpg\",\"datePublished\":\"2026-02-20T07:16:05+00:00\",\"dateModified\":\"2026-02-20T07:16:06+00:00\",\"breadcrumb\":{\"@id\":\"https:\\\/\\\/walkingmum.com\\\/fr\\\/produit\\\/set-2-langes-70x70-cm-praline-vichy-rayures-matcha\\\/#breadcrumb\"},\"inLanguage\":\"fr-FR\",\"potentialAction\":[{\"@type\":\"ReadAction\",\"target\":[\"https:\\\/\\\/walkingmum.com\\\/fr\\\/produit\\\/set-2-langes-70x70-cm-praline-vichy-rayures-matcha\\\/\"]}]},{\"@type\":\"ImageObject\",\"inLanguage\":\"fr-FR\",\"@id\":\"https:\\\/\\\/walkingmum.com\\\/fr\\\/produit\\\/set-2-langes-70x70-cm-praline-vichy-rayures-matcha\\\/#primaryimage\",\"url\":\"https:\\\/\\\/walkingmum.com\\\/wp-content\\\/uploads\\\/2026\\\/02\\\/1120800717_a.jpg\",\"contentUrl\":\"https:\\\/\\\/walkingmum.com\\\/wp-content\\\/uploads\\\/2026\\\/02\\\/1120800717_a.jpg\",\"width\":800,\"height\":800},{\"@type\":\"BreadcrumbList\",\"@id\":\"https:\\\/\\\/walkingmum.com\\\/fr\\\/produit\\\/set-2-langes-70x70-cm-praline-vichy-rayures-matcha\\\/#breadcrumb\",\"itemListElement\":[{\"@type\":\"ListItem\",\"position\":1,\"name\":\"Portada\",\"item\":\"https:\\\/\\\/walkingmum.com\\\/fr\\\/\"},{\"@type\":\"ListItem\",\"position\":2,\"name\":\"Tienda\",\"item\":\"https:\\\/\\\/walkingmum.com\\\/tienda\\\/\"},{\"@type\":\"ListItem\",\"position\":3,\"name\":\"SET\\\/2 LANGES 70X70 CM\u00a0PRALIN\u00c9 VICHY\\\/RAYURES MATCHA\"}]},{\"@type\":\"WebSite\",\"@id\":\"https:\\\/\\\/walkingmum.com\\\/#website\",\"url\":\"https:\\\/\\\/walkingmum.com\\\/\",\"name\":\"Walking Mum\",\"description\":\"La marca para beb\u00e9s modernos\",\"potentialAction\":[{\"@type\":\"SearchAction\",\"target\":{\"@type\":\"EntryPoint\",\"urlTemplate\":\"https:\\\/\\\/walkingmum.com\\\/?s={search_term_string}\"},\"query-input\":{\"@type\":\"PropertyValueSpecification\",\"valueRequired\":true,\"valueName\":\"search_term_string\"}}],\"inLanguage\":\"fr-FR\"}]}<\/script>\n<!-- \/ Yoast SEO plugin. -->","yoast_head_json":{"title":"SET\/2 LANGES 70X70 CM\u00a0PRALIN\u00c9 VICHY\/RAYURES MATCHA - Walking Mum","robots":{"index":"index","follow":"follow","max-snippet":"max-snippet:-1","max-image-preview":"max-image-preview:large","max-video-preview":"max-video-preview:-1"},"canonical":"https:\/\/walkingmum.com\/fr\/produit\/set-2-langes-70x70-cm-praline-vichy-rayures-matcha\/","og_locale":"fr_FR","og_type":"article","og_title":"SET\/2 LANGES 70X70 CM\u00a0PRALIN\u00c9 VICHY\/RAYURES MATCHA - Walking Mum","og_description":"Lot de 2 mousselines Pralin\u00e9 vichy matcha (70&#215;70 cm). Compos\u00e9es de 70 % bambou et 30 % coton, ultra douces et respirantes. Parfaites pour un usage quotidien. Walking Mum prot\u00e8ge votre b\u00e9b\u00e9 en utilisant des tissus de haute qualit\u00e9, sans colorants azo\u00efques ni substances nocives. Notre collection Walking Mum se distingue par un style urbain [&hellip;]","og_url":"https:\/\/walkingmum.com\/fr\/produit\/set-2-langes-70x70-cm-praline-vichy-rayures-matcha\/","og_site_name":"Walking Mum","article_modified_time":"2026-02-20T07:16:06+00:00","og_image":[{"width":800,"height":800,"url":"https:\/\/walkingmum.com\/wp-content\/uploads\/2026\/02\/1120800717_a.jpg","type":"image\/jpeg"}],"twitter_card":"summary_large_image","schema":{"@context":"https:\/\/schema.org","@graph":[{"@type":"WebPage","@id":"https:\/\/walkingmum.com\/fr\/produit\/set-2-langes-70x70-cm-praline-vichy-rayures-matcha\/","url":"https:\/\/walkingmum.com\/fr\/produit\/set-2-langes-70x70-cm-praline-vichy-rayures-matcha\/","name":"SET\/2 LANGES 70X70 CM\u00a0PRALIN\u00c9 VICHY\/RAYURES MATCHA - Walking Mum","isPartOf":{"@id":"https:\/\/walkingmum.com\/#website"},"primaryImageOfPage":{"@id":"https:\/\/walkingmum.com\/fr\/produit\/set-2-langes-70x70-cm-praline-vichy-rayures-matcha\/#primaryimage"},"image":{"@id":"https:\/\/walkingmum.com\/fr\/produit\/set-2-langes-70x70-cm-praline-vichy-rayures-matcha\/#primaryimage"},"thumbnailUrl":"https:\/\/walkingmum.com\/wp-content\/uploads\/2026\/02\/1120800717_a.jpg","datePublished":"2026-02-20T07:16:05+00:00","dateModified":"2026-02-20T07:16:06+00:00","breadcrumb":{"@id":"https:\/\/walkingmum.com\/fr\/produit\/set-2-langes-70x70-cm-praline-vichy-rayures-matcha\/#breadcrumb"},"inLanguage":"fr-FR","potentialAction":[{"@type":"ReadAction","target":["https:\/\/walkingmum.com\/fr\/produit\/set-2-langes-70x70-cm-praline-vichy-rayures-matcha\/"]}]},{"@type":"ImageObject","inLanguage":"fr-FR","@id":"https:\/\/walkingmum.com\/fr\/produit\/set-2-langes-70x70-cm-praline-vichy-rayures-matcha\/#primaryimage","url":"https:\/\/walkingmum.com\/wp-content\/uploads\/2026\/02\/1120800717_a.jpg","contentUrl":"https:\/\/walkingmum.com\/wp-content\/uploads\/2026\/02\/1120800717_a.jpg","width":800,"height":800},{"@type":"BreadcrumbList","@id":"https:\/\/walkingmum.com\/fr\/produit\/set-2-langes-70x70-cm-praline-vichy-rayures-matcha\/#breadcrumb","itemListElement":[{"@type":"ListItem","position":1,"name":"Portada","item":"https:\/\/walkingmum.com\/fr\/"},{"@type":"ListItem","position":2,"name":"Tienda","item":"https:\/\/walkingmum.com\/tienda\/"},{"@type":"ListItem","position":3,"name":"SET\/2 LANGES 70X70 CM\u00a0PRALIN\u00c9 VICHY\/RAYURES MATCHA"}]},{"@type":"WebSite","@id":"https:\/\/walkingmum.com\/#website","url":"https:\/\/walkingmum.com\/","name":"Walking Mum","description":"La marca para beb\u00e9s modernos","potentialAction":[{"@type":"SearchAction","target":{"@type":"EntryPoint","urlTemplate":"https:\/\/walkingmum.com\/?s={search_term_string}"},"query-input":{"@type":"PropertyValueSpecification","valueRequired":true,"valueName":"search_term_string"}}],"inLanguage":"fr-FR"}]}},"_links":{"self":[{"href":"https:\/\/walkingmum.com\/fr\/wp-json\/wp\/v2\/product\/35755","targetHints":{"allow":["GET"]}}],"collection":[{"href":"https:\/\/walkingmum.com\/fr\/wp-json\/wp\/v2\/product"}],"about":[{"href":"https:\/\/walkingmum.com\/fr\/wp-json\/wp\/v2\/types\/product"}],"replies":[{"embeddable":true,"href":"https:\/\/walkingmum.com\/fr\/wp-json\/wp\/v2\/comments?post=35755"}],"wp:featuredmedia":[{"embeddable":true,"href":"https:\/\/walkingmum.com\/fr\/wp-json\/wp\/v2\/media\/34830"}],"wp:attachment":[{"href":"https:\/\/walkingmum.com\/fr\/wp-json\/wp\/v2\/media?parent=35755"}],"wp:term":[{"taxonomy":"colecciones","embeddable":true,"href":"https:\/\/walkingmum.com\/fr\/wp-json\/wp\/v2\/colecciones?post=35755"},{"taxonomy":"product_brand","embeddable":true,"href":"https:\/\/walkingmum.com\/fr\/wp-json\/wp\/v2\/product_brand?post=35755"},{"taxonomy":"product_cat","embeddable":true,"href":"https:\/\/walkingmum.com\/fr\/wp-json\/wp\/v2\/product_cat?post=35755"},{"taxonomy":"product_tag","embeddable":true,"href":"https:\/\/walkingmum.com\/fr\/wp-json\/wp\/v2\/product_tag?post=35755"}],"curies":[{"name":"wp","href":"https:\/\/api.w.org\/{rel}","templated":true}]}}