{"id":35742,"date":"2026-02-20T07:16:04","date_gmt":"2026-02-20T07:16:04","guid":{"rendered":"https:\/\/walkingmum.com\/?post_type=product&#038;p=35742"},"modified":"2026-02-20T07:16:04","modified_gmt":"2026-02-20T07:16:04","slug":"housse-de-nacelle-dual-drap-housse-pour-nacelle-praline-vichy-rayures-moka","status":"publish","type":"product","link":"https:\/\/walkingmum.com\/fr\/produit\/housse-de-nacelle-dual-drap-housse-pour-nacelle-praline-vichy-rayures-moka\/","title":{"rendered":"HOUSSE DE NACELLE DUAL + DRAP-HOUSSE POUR NACELLE PRALIN\u00c9 VICHY\/RAYURES MOKA"},"content":{"rendered":"<p>Housse de nacelle Pralin\u00e9 vichy moka avec drap-housse assorti. R\u00e9versible pour choisir entre vichy ou rayures. Int\u00e9rieur en maille respirante pour une meilleure circulation de l\u2019air. S\u2019adapte parfaitement \u00e0 la nacelle gr\u00e2ce \u00e0 ses liens ajustables. Drap-housse en mousseline 100 % coton. Lavable \u00e0 30 \u00b0C. Walking Mum prot\u00e8ge votre b\u00e9b\u00e9 en utilisant des tissus de haute qualit\u00e9, sans colorants azo\u00efques ni substances nocives. Notre collection Walking Mum se distingue par un style urbain et moderne qui ne passe pas inaper\u00e7u. Sp\u00e9cifications : Mat\u00e9riaux : 65% Algod\u00f3n\/35% polyester &#8211; Sa\u00e1bana 100% coton. Dimensions: Universal.<\/p>\n","protected":false},"excerpt":{"rendered":"<p>Housse de nacelle Pralin\u00e9 vichy moka avec drap-housse assorti. R\u00e9versible pour choisir entre vichy ou rayures. Int\u00e9rieur en maille respirante pour une meilleure circulation de l\u2019air. S\u2019adapte parfaitement \u00e0 la nacelle gr\u00e2ce \u00e0 ses liens ajustables. Drap-housse en mousseline 100 % coton. Lavable \u00e0 30 \u00b0C. Walking Mum prot\u00e8ge votre b\u00e9b\u00e9 en utilisant des tissus [&hellip;]<\/p>\n","protected":false},"featured_media":34477,"comment_status":"closed","ping_status":"closed","template":"","meta":{"_acf_changed":false,"inline_featured_image":false},"colecciones":[403],"product_brand":[],"product_cat":[144],"product_tag":[],"class_list":{"0":"post-35742","1":"product","2":"type-product","3":"status-publish","4":"has-post-thumbnail","6":"colecciones-collection-praline","7":"product_cat-housses-pour-nacelle-et-nids-dange","9":"first","10":"instock","11":"purchasable","12":"product-type-simple"},"acf":[],"yoast_head":"<!-- This site is optimized with the Yoast SEO plugin v27.3 - https:\/\/yoast.com\/product\/yoast-seo-wordpress\/ -->\n<title>HOUSSE DE NACELLE DUAL + DRAP-HOUSSE POUR NACELLE PRALIN\u00c9 VICHY\/RAYURES MOKA - Walking Mum<\/title>\n<meta name=\"robots\" content=\"index, follow, max-snippet:-1, max-image-preview:large, max-video-preview:-1\" \/>\n<link rel=\"canonical\" href=\"https:\/\/walkingmum.com\/fr\/produit\/housse-de-nacelle-dual-drap-housse-pour-nacelle-praline-vichy-rayures-moka\/\" \/>\n<meta property=\"og:locale\" content=\"fr_FR\" \/>\n<meta property=\"og:type\" content=\"article\" \/>\n<meta property=\"og:title\" content=\"HOUSSE DE NACELLE DUAL + DRAP-HOUSSE POUR NACELLE PRALIN\u00c9 VICHY\/RAYURES MOKA - Walking Mum\" \/>\n<meta property=\"og:description\" content=\"Housse de nacelle Pralin\u00e9 vichy moka avec drap-housse assorti. R\u00e9versible pour choisir entre vichy ou rayures. Int\u00e9rieur en maille respirante pour une meilleure circulation de l\u2019air. S\u2019adapte parfaitement \u00e0 la nacelle gr\u00e2ce \u00e0 ses liens ajustables. Drap-housse en mousseline 100 % coton. Lavable \u00e0 30 \u00b0C. Walking Mum prot\u00e8ge votre b\u00e9b\u00e9 en utilisant des tissus [&hellip;]\" \/>\n<meta property=\"og:url\" content=\"https:\/\/walkingmum.com\/fr\/produit\/housse-de-nacelle-dual-drap-housse-pour-nacelle-praline-vichy-rayures-moka\/\" \/>\n<meta property=\"og:site_name\" content=\"Walking Mum\" \/>\n<meta property=\"og:image\" content=\"https:\/\/walkingmum.com\/wp-content\/uploads\/2026\/02\/1120800704_a.jpg\" \/>\n\t<meta property=\"og:image:width\" content=\"800\" \/>\n\t<meta property=\"og:image:height\" content=\"800\" \/>\n\t<meta property=\"og:image:type\" content=\"image\/jpeg\" \/>\n<meta name=\"twitter:card\" content=\"summary_large_image\" \/>\n<script type=\"application\/ld+json\" class=\"yoast-schema-graph\">{\"@context\":\"https:\\\/\\\/schema.org\",\"@graph\":[{\"@type\":\"WebPage\",\"@id\":\"https:\\\/\\\/walkingmum.com\\\/fr\\\/produit\\\/housse-de-nacelle-dual-drap-housse-pour-nacelle-praline-vichy-rayures-moka\\\/\",\"url\":\"https:\\\/\\\/walkingmum.com\\\/fr\\\/produit\\\/housse-de-nacelle-dual-drap-housse-pour-nacelle-praline-vichy-rayures-moka\\\/\",\"name\":\"HOUSSE DE NACELLE DUAL + DRAP-HOUSSE POUR NACELLE PRALIN\u00c9 VICHY\\\/RAYURES MOKA - Walking Mum\",\"isPartOf\":{\"@id\":\"https:\\\/\\\/walkingmum.com\\\/#website\"},\"primaryImageOfPage\":{\"@id\":\"https:\\\/\\\/walkingmum.com\\\/fr\\\/produit\\\/housse-de-nacelle-dual-drap-housse-pour-nacelle-praline-vichy-rayures-moka\\\/#primaryimage\"},\"image\":{\"@id\":\"https:\\\/\\\/walkingmum.com\\\/fr\\\/produit\\\/housse-de-nacelle-dual-drap-housse-pour-nacelle-praline-vichy-rayures-moka\\\/#primaryimage\"},\"thumbnailUrl\":\"https:\\\/\\\/walkingmum.com\\\/wp-content\\\/uploads\\\/2026\\\/02\\\/1120800704_a.jpg\",\"datePublished\":\"2026-02-20T07:16:04+00:00\",\"breadcrumb\":{\"@id\":\"https:\\\/\\\/walkingmum.com\\\/fr\\\/produit\\\/housse-de-nacelle-dual-drap-housse-pour-nacelle-praline-vichy-rayures-moka\\\/#breadcrumb\"},\"inLanguage\":\"fr-FR\",\"potentialAction\":[{\"@type\":\"ReadAction\",\"target\":[\"https:\\\/\\\/walkingmum.com\\\/fr\\\/produit\\\/housse-de-nacelle-dual-drap-housse-pour-nacelle-praline-vichy-rayures-moka\\\/\"]}]},{\"@type\":\"ImageObject\",\"inLanguage\":\"fr-FR\",\"@id\":\"https:\\\/\\\/walkingmum.com\\\/fr\\\/produit\\\/housse-de-nacelle-dual-drap-housse-pour-nacelle-praline-vichy-rayures-moka\\\/#primaryimage\",\"url\":\"https:\\\/\\\/walkingmum.com\\\/wp-content\\\/uploads\\\/2026\\\/02\\\/1120800704_a.jpg\",\"contentUrl\":\"https:\\\/\\\/walkingmum.com\\\/wp-content\\\/uploads\\\/2026\\\/02\\\/1120800704_a.jpg\",\"width\":800,\"height\":800},{\"@type\":\"BreadcrumbList\",\"@id\":\"https:\\\/\\\/walkingmum.com\\\/fr\\\/produit\\\/housse-de-nacelle-dual-drap-housse-pour-nacelle-praline-vichy-rayures-moka\\\/#breadcrumb\",\"itemListElement\":[{\"@type\":\"ListItem\",\"position\":1,\"name\":\"Portada\",\"item\":\"https:\\\/\\\/walkingmum.com\\\/fr\\\/\"},{\"@type\":\"ListItem\",\"position\":2,\"name\":\"Tienda\",\"item\":\"https:\\\/\\\/walkingmum.com\\\/tienda\\\/\"},{\"@type\":\"ListItem\",\"position\":3,\"name\":\"HOUSSE DE NACELLE DUAL + DRAP-HOUSSE POUR NACELLE PRALIN\u00c9 VICHY\\\/RAYURES MOKA\"}]},{\"@type\":\"WebSite\",\"@id\":\"https:\\\/\\\/walkingmum.com\\\/#website\",\"url\":\"https:\\\/\\\/walkingmum.com\\\/\",\"name\":\"Walking Mum\",\"description\":\"La marca para beb\u00e9s modernos\",\"potentialAction\":[{\"@type\":\"SearchAction\",\"target\":{\"@type\":\"EntryPoint\",\"urlTemplate\":\"https:\\\/\\\/walkingmum.com\\\/?s={search_term_string}\"},\"query-input\":{\"@type\":\"PropertyValueSpecification\",\"valueRequired\":true,\"valueName\":\"search_term_string\"}}],\"inLanguage\":\"fr-FR\"}]}<\/script>\n<!-- \/ Yoast SEO plugin. -->","yoast_head_json":{"title":"HOUSSE DE NACELLE DUAL + DRAP-HOUSSE POUR NACELLE PRALIN\u00c9 VICHY\/RAYURES MOKA - Walking Mum","robots":{"index":"index","follow":"follow","max-snippet":"max-snippet:-1","max-image-preview":"max-image-preview:large","max-video-preview":"max-video-preview:-1"},"canonical":"https:\/\/walkingmum.com\/fr\/produit\/housse-de-nacelle-dual-drap-housse-pour-nacelle-praline-vichy-rayures-moka\/","og_locale":"fr_FR","og_type":"article","og_title":"HOUSSE DE NACELLE DUAL + DRAP-HOUSSE POUR NACELLE PRALIN\u00c9 VICHY\/RAYURES MOKA - Walking Mum","og_description":"Housse de nacelle Pralin\u00e9 vichy moka avec drap-housse assorti. R\u00e9versible pour choisir entre vichy ou rayures. Int\u00e9rieur en maille respirante pour une meilleure circulation de l\u2019air. S\u2019adapte parfaitement \u00e0 la nacelle gr\u00e2ce \u00e0 ses liens ajustables. Drap-housse en mousseline 100 % coton. Lavable \u00e0 30 \u00b0C. Walking Mum prot\u00e8ge votre b\u00e9b\u00e9 en utilisant des tissus [&hellip;]","og_url":"https:\/\/walkingmum.com\/fr\/produit\/housse-de-nacelle-dual-drap-housse-pour-nacelle-praline-vichy-rayures-moka\/","og_site_name":"Walking Mum","og_image":[{"width":800,"height":800,"url":"https:\/\/walkingmum.com\/wp-content\/uploads\/2026\/02\/1120800704_a.jpg","type":"image\/jpeg"}],"twitter_card":"summary_large_image","schema":{"@context":"https:\/\/schema.org","@graph":[{"@type":"WebPage","@id":"https:\/\/walkingmum.com\/fr\/produit\/housse-de-nacelle-dual-drap-housse-pour-nacelle-praline-vichy-rayures-moka\/","url":"https:\/\/walkingmum.com\/fr\/produit\/housse-de-nacelle-dual-drap-housse-pour-nacelle-praline-vichy-rayures-moka\/","name":"HOUSSE DE NACELLE DUAL + DRAP-HOUSSE POUR NACELLE PRALIN\u00c9 VICHY\/RAYURES MOKA - Walking Mum","isPartOf":{"@id":"https:\/\/walkingmum.com\/#website"},"primaryImageOfPage":{"@id":"https:\/\/walkingmum.com\/fr\/produit\/housse-de-nacelle-dual-drap-housse-pour-nacelle-praline-vichy-rayures-moka\/#primaryimage"},"image":{"@id":"https:\/\/walkingmum.com\/fr\/produit\/housse-de-nacelle-dual-drap-housse-pour-nacelle-praline-vichy-rayures-moka\/#primaryimage"},"thumbnailUrl":"https:\/\/walkingmum.com\/wp-content\/uploads\/2026\/02\/1120800704_a.jpg","datePublished":"2026-02-20T07:16:04+00:00","breadcrumb":{"@id":"https:\/\/walkingmum.com\/fr\/produit\/housse-de-nacelle-dual-drap-housse-pour-nacelle-praline-vichy-rayures-moka\/#breadcrumb"},"inLanguage":"fr-FR","potentialAction":[{"@type":"ReadAction","target":["https:\/\/walkingmum.com\/fr\/produit\/housse-de-nacelle-dual-drap-housse-pour-nacelle-praline-vichy-rayures-moka\/"]}]},{"@type":"ImageObject","inLanguage":"fr-FR","@id":"https:\/\/walkingmum.com\/fr\/produit\/housse-de-nacelle-dual-drap-housse-pour-nacelle-praline-vichy-rayures-moka\/#primaryimage","url":"https:\/\/walkingmum.com\/wp-content\/uploads\/2026\/02\/1120800704_a.jpg","contentUrl":"https:\/\/walkingmum.com\/wp-content\/uploads\/2026\/02\/1120800704_a.jpg","width":800,"height":800},{"@type":"BreadcrumbList","@id":"https:\/\/walkingmum.com\/fr\/produit\/housse-de-nacelle-dual-drap-housse-pour-nacelle-praline-vichy-rayures-moka\/#breadcrumb","itemListElement":[{"@type":"ListItem","position":1,"name":"Portada","item":"https:\/\/walkingmum.com\/fr\/"},{"@type":"ListItem","position":2,"name":"Tienda","item":"https:\/\/walkingmum.com\/tienda\/"},{"@type":"ListItem","position":3,"name":"HOUSSE DE NACELLE DUAL + DRAP-HOUSSE POUR NACELLE PRALIN\u00c9 VICHY\/RAYURES MOKA"}]},{"@type":"WebSite","@id":"https:\/\/walkingmum.com\/#website","url":"https:\/\/walkingmum.com\/","name":"Walking Mum","description":"La marca para beb\u00e9s modernos","potentialAction":[{"@type":"SearchAction","target":{"@type":"EntryPoint","urlTemplate":"https:\/\/walkingmum.com\/?s={search_term_string}"},"query-input":{"@type":"PropertyValueSpecification","valueRequired":true,"valueName":"search_term_string"}}],"inLanguage":"fr-FR"}]}},"_links":{"self":[{"href":"https:\/\/walkingmum.com\/fr\/wp-json\/wp\/v2\/product\/35742","targetHints":{"allow":["GET"]}}],"collection":[{"href":"https:\/\/walkingmum.com\/fr\/wp-json\/wp\/v2\/product"}],"about":[{"href":"https:\/\/walkingmum.com\/fr\/wp-json\/wp\/v2\/types\/product"}],"replies":[{"embeddable":true,"href":"https:\/\/walkingmum.com\/fr\/wp-json\/wp\/v2\/comments?post=35742"}],"wp:featuredmedia":[{"embeddable":true,"href":"https:\/\/walkingmum.com\/fr\/wp-json\/wp\/v2\/media\/34477"}],"wp:attachment":[{"href":"https:\/\/walkingmum.com\/fr\/wp-json\/wp\/v2\/media?parent=35742"}],"wp:term":[{"taxonomy":"colecciones","embeddable":true,"href":"https:\/\/walkingmum.com\/fr\/wp-json\/wp\/v2\/colecciones?post=35742"},{"taxonomy":"product_brand","embeddable":true,"href":"https:\/\/walkingmum.com\/fr\/wp-json\/wp\/v2\/product_brand?post=35742"},{"taxonomy":"product_cat","embeddable":true,"href":"https:\/\/walkingmum.com\/fr\/wp-json\/wp\/v2\/product_cat?post=35742"},{"taxonomy":"product_tag","embeddable":true,"href":"https:\/\/walkingmum.com\/fr\/wp-json\/wp\/v2\/product_tag?post=35742"}],"curies":[{"name":"wp","href":"https:\/\/api.w.org\/{rel}","templated":true}]}}