{"id":35731,"date":"2026-02-20T07:16:01","date_gmt":"2026-02-20T07:16:01","guid":{"rendered":"https:\/\/walkingmum.com\/?post_type=product&#038;p=35731"},"modified":"2026-02-20T07:16:01","modified_gmt":"2026-02-20T07:16:01","slug":"nid-dange-praline-rayures-matcha-tog-1","status":"publish","type":"product","link":"https:\/\/walkingmum.com\/fr\/produit\/nid-dange-praline-rayures-matcha-tog-1\/","title":{"rendered":"NID D&rsquo;ANGE PRALIN\u00c9 RAYURES MATCHA TOG 1"},"content":{"rendered":"<p>Sac d\u2019emmaillotage d\u2019\u00e9t\u00e9 Pralin\u00e9 rayures matcha TOG 1, con\u00e7u pour envelopper b\u00e9b\u00e9 avec douceur et fra\u00eecheur. Ext\u00e9rieur r\u00e9sistant et int\u00e9rieur en mousseline 100 % coton, l\u00e9ger et respirant. Rembourrage amovible pour s\u2019adapter facilement \u00e0 la temp\u00e9rature. Id\u00e9al pour la nacelle ou comme couverture l\u00e9g\u00e8re. Lavage facile \u00e0 30 \u00b0C. Walking Mum prot\u00e8ge votre b\u00e9b\u00e9 en utilisant des tissus de haute qualit\u00e9, sans colorants azo\u00efques ni substances nocives. Notre collection Walking Mum se distingue par un style urbain et moderne qui ne passe pas inaper\u00e7u. Sp\u00e9cifications : Mat\u00e9riaux : ext\u00e9rieur 65% coton\/35% polyester &#8211; Int\u00e9rieur 100% coton. Dimensions 44&#215;78 cm. TOG 1<\/p>\n","protected":false},"excerpt":{"rendered":"<p>Sac d\u2019emmaillotage d\u2019\u00e9t\u00e9 Pralin\u00e9 rayures matcha TOG 1, con\u00e7u pour envelopper b\u00e9b\u00e9 avec douceur et fra\u00eecheur. Ext\u00e9rieur r\u00e9sistant et int\u00e9rieur en mousseline 100 % coton, l\u00e9ger et respirant. Rembourrage amovible pour s\u2019adapter facilement \u00e0 la temp\u00e9rature. Id\u00e9al pour la nacelle ou comme couverture l\u00e9g\u00e8re. Lavage facile \u00e0 30 \u00b0C. Walking Mum prot\u00e8ge votre b\u00e9b\u00e9 en [&hellip;]<\/p>\n","protected":false},"featured_media":34274,"comment_status":"closed","ping_status":"closed","template":"","meta":{"_acf_changed":false,"inline_featured_image":false},"colecciones":[403],"product_brand":[],"product_cat":[144],"product_tag":[],"class_list":{"0":"post-35731","1":"product","2":"type-product","3":"status-publish","4":"has-post-thumbnail","6":"colecciones-collection-praline","7":"product_cat-housses-pour-nacelle-et-nids-dange","9":"first","10":"instock","11":"purchasable","12":"product-type-simple"},"acf":[],"yoast_head":"<!-- This site is optimized with the Yoast SEO plugin v27.3 - https:\/\/yoast.com\/product\/yoast-seo-wordpress\/ -->\n<title>NID D&#039;ANGE PRALIN\u00c9 RAYURES MATCHA TOG 1 - Walking Mum<\/title>\n<meta name=\"robots\" content=\"index, follow, max-snippet:-1, max-image-preview:large, max-video-preview:-1\" \/>\n<link rel=\"canonical\" href=\"https:\/\/walkingmum.com\/fr\/produit\/nid-dange-praline-rayures-matcha-tog-1\/\" \/>\n<meta property=\"og:locale\" content=\"fr_FR\" \/>\n<meta property=\"og:type\" content=\"article\" \/>\n<meta property=\"og:title\" content=\"NID D&#039;ANGE PRALIN\u00c9 RAYURES MATCHA TOG 1 - Walking Mum\" \/>\n<meta property=\"og:description\" content=\"Sac d\u2019emmaillotage d\u2019\u00e9t\u00e9 Pralin\u00e9 rayures matcha TOG 1, con\u00e7u pour envelopper b\u00e9b\u00e9 avec douceur et fra\u00eecheur. Ext\u00e9rieur r\u00e9sistant et int\u00e9rieur en mousseline 100 % coton, l\u00e9ger et respirant. Rembourrage amovible pour s\u2019adapter facilement \u00e0 la temp\u00e9rature. Id\u00e9al pour la nacelle ou comme couverture l\u00e9g\u00e8re. Lavage facile \u00e0 30 \u00b0C. Walking Mum prot\u00e8ge votre b\u00e9b\u00e9 en [&hellip;]\" \/>\n<meta property=\"og:url\" content=\"https:\/\/walkingmum.com\/fr\/produit\/nid-dange-praline-rayures-matcha-tog-1\/\" \/>\n<meta property=\"og:site_name\" content=\"Walking Mum\" \/>\n<meta property=\"og:image\" content=\"https:\/\/walkingmum.com\/wp-content\/uploads\/2026\/02\/1120800697_a.jpg\" \/>\n\t<meta property=\"og:image:width\" content=\"800\" \/>\n\t<meta property=\"og:image:height\" content=\"800\" \/>\n\t<meta property=\"og:image:type\" content=\"image\/jpeg\" \/>\n<meta name=\"twitter:card\" content=\"summary_large_image\" \/>\n<meta name=\"twitter:label1\" content=\"Dur\u00e9e de lecture estim\u00e9e\" \/>\n\t<meta name=\"twitter:data1\" content=\"1 minute\" \/>\n<script type=\"application\/ld+json\" class=\"yoast-schema-graph\">{\"@context\":\"https:\\\/\\\/schema.org\",\"@graph\":[{\"@type\":\"WebPage\",\"@id\":\"https:\\\/\\\/walkingmum.com\\\/fr\\\/produit\\\/nid-dange-praline-rayures-matcha-tog-1\\\/\",\"url\":\"https:\\\/\\\/walkingmum.com\\\/fr\\\/produit\\\/nid-dange-praline-rayures-matcha-tog-1\\\/\",\"name\":\"NID D'ANGE PRALIN\u00c9 RAYURES MATCHA TOG 1 - Walking Mum\",\"isPartOf\":{\"@id\":\"https:\\\/\\\/walkingmum.com\\\/#website\"},\"primaryImageOfPage\":{\"@id\":\"https:\\\/\\\/walkingmum.com\\\/fr\\\/produit\\\/nid-dange-praline-rayures-matcha-tog-1\\\/#primaryimage\"},\"image\":{\"@id\":\"https:\\\/\\\/walkingmum.com\\\/fr\\\/produit\\\/nid-dange-praline-rayures-matcha-tog-1\\\/#primaryimage\"},\"thumbnailUrl\":\"https:\\\/\\\/walkingmum.com\\\/wp-content\\\/uploads\\\/2026\\\/02\\\/1120800697_a.jpg\",\"datePublished\":\"2026-02-20T07:16:01+00:00\",\"breadcrumb\":{\"@id\":\"https:\\\/\\\/walkingmum.com\\\/fr\\\/produit\\\/nid-dange-praline-rayures-matcha-tog-1\\\/#breadcrumb\"},\"inLanguage\":\"fr-FR\",\"potentialAction\":[{\"@type\":\"ReadAction\",\"target\":[\"https:\\\/\\\/walkingmum.com\\\/fr\\\/produit\\\/nid-dange-praline-rayures-matcha-tog-1\\\/\"]}]},{\"@type\":\"ImageObject\",\"inLanguage\":\"fr-FR\",\"@id\":\"https:\\\/\\\/walkingmum.com\\\/fr\\\/produit\\\/nid-dange-praline-rayures-matcha-tog-1\\\/#primaryimage\",\"url\":\"https:\\\/\\\/walkingmum.com\\\/wp-content\\\/uploads\\\/2026\\\/02\\\/1120800697_a.jpg\",\"contentUrl\":\"https:\\\/\\\/walkingmum.com\\\/wp-content\\\/uploads\\\/2026\\\/02\\\/1120800697_a.jpg\",\"width\":800,\"height\":800},{\"@type\":\"BreadcrumbList\",\"@id\":\"https:\\\/\\\/walkingmum.com\\\/fr\\\/produit\\\/nid-dange-praline-rayures-matcha-tog-1\\\/#breadcrumb\",\"itemListElement\":[{\"@type\":\"ListItem\",\"position\":1,\"name\":\"Portada\",\"item\":\"https:\\\/\\\/walkingmum.com\\\/fr\\\/\"},{\"@type\":\"ListItem\",\"position\":2,\"name\":\"Tienda\",\"item\":\"https:\\\/\\\/walkingmum.com\\\/tienda\\\/\"},{\"@type\":\"ListItem\",\"position\":3,\"name\":\"NID D&#8217;ANGE PRALIN\u00c9 RAYURES MATCHA TOG 1\"}]},{\"@type\":\"WebSite\",\"@id\":\"https:\\\/\\\/walkingmum.com\\\/#website\",\"url\":\"https:\\\/\\\/walkingmum.com\\\/\",\"name\":\"Walking Mum\",\"description\":\"La marca para beb\u00e9s modernos\",\"potentialAction\":[{\"@type\":\"SearchAction\",\"target\":{\"@type\":\"EntryPoint\",\"urlTemplate\":\"https:\\\/\\\/walkingmum.com\\\/?s={search_term_string}\"},\"query-input\":{\"@type\":\"PropertyValueSpecification\",\"valueRequired\":true,\"valueName\":\"search_term_string\"}}],\"inLanguage\":\"fr-FR\"}]}<\/script>\n<!-- \/ Yoast SEO plugin. -->","yoast_head_json":{"title":"NID D'ANGE PRALIN\u00c9 RAYURES MATCHA TOG 1 - Walking Mum","robots":{"index":"index","follow":"follow","max-snippet":"max-snippet:-1","max-image-preview":"max-image-preview:large","max-video-preview":"max-video-preview:-1"},"canonical":"https:\/\/walkingmum.com\/fr\/produit\/nid-dange-praline-rayures-matcha-tog-1\/","og_locale":"fr_FR","og_type":"article","og_title":"NID D'ANGE PRALIN\u00c9 RAYURES MATCHA TOG 1 - Walking Mum","og_description":"Sac d\u2019emmaillotage d\u2019\u00e9t\u00e9 Pralin\u00e9 rayures matcha TOG 1, con\u00e7u pour envelopper b\u00e9b\u00e9 avec douceur et fra\u00eecheur. Ext\u00e9rieur r\u00e9sistant et int\u00e9rieur en mousseline 100 % coton, l\u00e9ger et respirant. Rembourrage amovible pour s\u2019adapter facilement \u00e0 la temp\u00e9rature. Id\u00e9al pour la nacelle ou comme couverture l\u00e9g\u00e8re. Lavage facile \u00e0 30 \u00b0C. Walking Mum prot\u00e8ge votre b\u00e9b\u00e9 en [&hellip;]","og_url":"https:\/\/walkingmum.com\/fr\/produit\/nid-dange-praline-rayures-matcha-tog-1\/","og_site_name":"Walking Mum","og_image":[{"width":800,"height":800,"url":"https:\/\/walkingmum.com\/wp-content\/uploads\/2026\/02\/1120800697_a.jpg","type":"image\/jpeg"}],"twitter_card":"summary_large_image","twitter_misc":{"Dur\u00e9e de lecture estim\u00e9e":"1 minute"},"schema":{"@context":"https:\/\/schema.org","@graph":[{"@type":"WebPage","@id":"https:\/\/walkingmum.com\/fr\/produit\/nid-dange-praline-rayures-matcha-tog-1\/","url":"https:\/\/walkingmum.com\/fr\/produit\/nid-dange-praline-rayures-matcha-tog-1\/","name":"NID D'ANGE PRALIN\u00c9 RAYURES MATCHA TOG 1 - Walking Mum","isPartOf":{"@id":"https:\/\/walkingmum.com\/#website"},"primaryImageOfPage":{"@id":"https:\/\/walkingmum.com\/fr\/produit\/nid-dange-praline-rayures-matcha-tog-1\/#primaryimage"},"image":{"@id":"https:\/\/walkingmum.com\/fr\/produit\/nid-dange-praline-rayures-matcha-tog-1\/#primaryimage"},"thumbnailUrl":"https:\/\/walkingmum.com\/wp-content\/uploads\/2026\/02\/1120800697_a.jpg","datePublished":"2026-02-20T07:16:01+00:00","breadcrumb":{"@id":"https:\/\/walkingmum.com\/fr\/produit\/nid-dange-praline-rayures-matcha-tog-1\/#breadcrumb"},"inLanguage":"fr-FR","potentialAction":[{"@type":"ReadAction","target":["https:\/\/walkingmum.com\/fr\/produit\/nid-dange-praline-rayures-matcha-tog-1\/"]}]},{"@type":"ImageObject","inLanguage":"fr-FR","@id":"https:\/\/walkingmum.com\/fr\/produit\/nid-dange-praline-rayures-matcha-tog-1\/#primaryimage","url":"https:\/\/walkingmum.com\/wp-content\/uploads\/2026\/02\/1120800697_a.jpg","contentUrl":"https:\/\/walkingmum.com\/wp-content\/uploads\/2026\/02\/1120800697_a.jpg","width":800,"height":800},{"@type":"BreadcrumbList","@id":"https:\/\/walkingmum.com\/fr\/produit\/nid-dange-praline-rayures-matcha-tog-1\/#breadcrumb","itemListElement":[{"@type":"ListItem","position":1,"name":"Portada","item":"https:\/\/walkingmum.com\/fr\/"},{"@type":"ListItem","position":2,"name":"Tienda","item":"https:\/\/walkingmum.com\/tienda\/"},{"@type":"ListItem","position":3,"name":"NID D&#8217;ANGE PRALIN\u00c9 RAYURES MATCHA TOG 1"}]},{"@type":"WebSite","@id":"https:\/\/walkingmum.com\/#website","url":"https:\/\/walkingmum.com\/","name":"Walking Mum","description":"La marca para beb\u00e9s modernos","potentialAction":[{"@type":"SearchAction","target":{"@type":"EntryPoint","urlTemplate":"https:\/\/walkingmum.com\/?s={search_term_string}"},"query-input":{"@type":"PropertyValueSpecification","valueRequired":true,"valueName":"search_term_string"}}],"inLanguage":"fr-FR"}]}},"_links":{"self":[{"href":"https:\/\/walkingmum.com\/fr\/wp-json\/wp\/v2\/product\/35731","targetHints":{"allow":["GET"]}}],"collection":[{"href":"https:\/\/walkingmum.com\/fr\/wp-json\/wp\/v2\/product"}],"about":[{"href":"https:\/\/walkingmum.com\/fr\/wp-json\/wp\/v2\/types\/product"}],"replies":[{"embeddable":true,"href":"https:\/\/walkingmum.com\/fr\/wp-json\/wp\/v2\/comments?post=35731"}],"wp:featuredmedia":[{"embeddable":true,"href":"https:\/\/walkingmum.com\/fr\/wp-json\/wp\/v2\/media\/34274"}],"wp:attachment":[{"href":"https:\/\/walkingmum.com\/fr\/wp-json\/wp\/v2\/media?parent=35731"}],"wp:term":[{"taxonomy":"colecciones","embeddable":true,"href":"https:\/\/walkingmum.com\/fr\/wp-json\/wp\/v2\/colecciones?post=35731"},{"taxonomy":"product_brand","embeddable":true,"href":"https:\/\/walkingmum.com\/fr\/wp-json\/wp\/v2\/product_brand?post=35731"},{"taxonomy":"product_cat","embeddable":true,"href":"https:\/\/walkingmum.com\/fr\/wp-json\/wp\/v2\/product_cat?post=35731"},{"taxonomy":"product_tag","embeddable":true,"href":"https:\/\/walkingmum.com\/fr\/wp-json\/wp\/v2\/product_tag?post=35731"}],"curies":[{"name":"wp","href":"https:\/\/api.w.org\/{rel}","templated":true}]}}