{"id":35725,"date":"2026-02-20T07:16:00","date_gmt":"2026-02-20T07:16:00","guid":{"rendered":"https:\/\/walkingmum.com\/?post_type=product&#038;p=35725"},"modified":"2026-02-20T07:16:00","modified_gmt":"2026-02-20T07:16:00","slug":"nid-dange-couverture-praline-vichy-matcha-tog-25","status":"publish","type":"product","link":"https:\/\/walkingmum.com\/fr\/produit\/nid-dange-couverture-praline-vichy-matcha-tog-25\/","title":{"rendered":"NID D&rsquo;ANGE \/COUVERTURE PRALIN\u00c9 VICHY MATCHA TOG 2,5"},"content":{"rendered":"<p>Sac d\u2019emmaillotage \/ couverture Pralin\u00e9 vichy matcha TOG 2.5. Doublure en mousseline 100 % coton douce et respirante, id\u00e9ale d\u00e8s les premiers jours. Parfait pour les premi\u00e8res sorties en nacelle et transformable en couverture de lit b\u00e9b\u00e9. Fermeture enveloppe avec liens et zip au niveau des pieds pour garder b\u00e9b\u00e9 bien au chaud. Haute qualit\u00e9 et beaucoup de style. Lavable \u00e0 la main ou en machine \u00e0 30 \u00b0C. Walking Mum prot\u00e8ge votre b\u00e9b\u00e9 en utilisant des tissus de haute qualit\u00e9, sans colorants azo\u00efques ni substances nocives. Notre collection Walking Mum se distingue par un style urbain et moderne qui ne passe pas inaper\u00e7u. Sp\u00e9cifications : Mat\u00e9riaux : ext\u00e9rieur 65% coton\/35% polyester &#8211; Int\u00e9rieur 100% coton. Dimensions ferm\u00e9 38&#215;73 cm y ouvert 97&#215;73 cm. TOG 2.5<\/p>\n","protected":false},"excerpt":{"rendered":"<p>Sac d\u2019emmaillotage \/ couverture Pralin\u00e9 vichy matcha TOG 2.5. Doublure en mousseline 100 % coton douce et respirante, id\u00e9ale d\u00e8s les premiers jours. Parfait pour les premi\u00e8res sorties en nacelle et transformable en couverture de lit b\u00e9b\u00e9. Fermeture enveloppe avec liens et zip au niveau des pieds pour garder b\u00e9b\u00e9 bien au chaud. Haute qualit\u00e9 [&hellip;]<\/p>\n","protected":false},"featured_media":34160,"comment_status":"closed","ping_status":"closed","template":"","meta":{"_acf_changed":false,"inline_featured_image":false},"colecciones":[403],"product_brand":[],"product_cat":[144],"product_tag":[],"class_list":{"0":"post-35725","1":"product","2":"type-product","3":"status-publish","4":"has-post-thumbnail","6":"colecciones-collection-praline","7":"product_cat-housses-pour-nacelle-et-nids-dange","9":"first","10":"instock","11":"purchasable","12":"product-type-simple"},"acf":[],"yoast_head":"<!-- This site is optimized with the Yoast SEO plugin v27.4 - https:\/\/yoast.com\/product\/yoast-seo-wordpress\/ -->\n<title>NID D&#039;ANGE \/COUVERTURE PRALIN\u00c9 VICHY MATCHA TOG 2,5 - Walking Mum<\/title>\n<meta name=\"robots\" content=\"index, follow, max-snippet:-1, max-image-preview:large, max-video-preview:-1\" \/>\n<link rel=\"canonical\" href=\"https:\/\/walkingmum.com\/fr\/produit\/nid-dange-couverture-praline-vichy-matcha-tog-25\/\" \/>\n<meta property=\"og:locale\" content=\"fr_FR\" \/>\n<meta property=\"og:type\" content=\"article\" \/>\n<meta property=\"og:title\" content=\"NID D&#039;ANGE \/COUVERTURE PRALIN\u00c9 VICHY MATCHA TOG 2,5 - Walking Mum\" \/>\n<meta property=\"og:description\" content=\"Sac d\u2019emmaillotage \/ couverture Pralin\u00e9 vichy matcha TOG 2.5. Doublure en mousseline 100 % coton douce et respirante, id\u00e9ale d\u00e8s les premiers jours. Parfait pour les premi\u00e8res sorties en nacelle et transformable en couverture de lit b\u00e9b\u00e9. Fermeture enveloppe avec liens et zip au niveau des pieds pour garder b\u00e9b\u00e9 bien au chaud. Haute qualit\u00e9 [&hellip;]\" \/>\n<meta property=\"og:url\" content=\"https:\/\/walkingmum.com\/fr\/produit\/nid-dange-couverture-praline-vichy-matcha-tog-25\/\" \/>\n<meta property=\"og:site_name\" content=\"Walking Mum\" \/>\n<meta property=\"og:image\" content=\"https:\/\/walkingmum.com\/wp-content\/uploads\/2026\/02\/1120800693_a.jpg\" \/>\n\t<meta property=\"og:image:width\" content=\"800\" \/>\n\t<meta property=\"og:image:height\" content=\"800\" \/>\n\t<meta property=\"og:image:type\" content=\"image\/jpeg\" \/>\n<meta name=\"twitter:card\" content=\"summary_large_image\" \/>\n<meta name=\"twitter:label1\" content=\"Dur\u00e9e de lecture estim\u00e9e\" \/>\n\t<meta name=\"twitter:data1\" content=\"1 minute\" \/>\n<script type=\"application\/ld+json\" class=\"yoast-schema-graph\">{\"@context\":\"https:\\\/\\\/schema.org\",\"@graph\":[{\"@type\":\"WebPage\",\"@id\":\"https:\\\/\\\/walkingmum.com\\\/fr\\\/produit\\\/nid-dange-couverture-praline-vichy-matcha-tog-25\\\/\",\"url\":\"https:\\\/\\\/walkingmum.com\\\/fr\\\/produit\\\/nid-dange-couverture-praline-vichy-matcha-tog-25\\\/\",\"name\":\"NID D'ANGE \\\/COUVERTURE PRALIN\u00c9 VICHY MATCHA TOG 2,5 - Walking Mum\",\"isPartOf\":{\"@id\":\"https:\\\/\\\/walkingmum.com\\\/#website\"},\"primaryImageOfPage\":{\"@id\":\"https:\\\/\\\/walkingmum.com\\\/fr\\\/produit\\\/nid-dange-couverture-praline-vichy-matcha-tog-25\\\/#primaryimage\"},\"image\":{\"@id\":\"https:\\\/\\\/walkingmum.com\\\/fr\\\/produit\\\/nid-dange-couverture-praline-vichy-matcha-tog-25\\\/#primaryimage\"},\"thumbnailUrl\":\"https:\\\/\\\/walkingmum.com\\\/wp-content\\\/uploads\\\/2026\\\/02\\\/1120800693_a.jpg\",\"datePublished\":\"2026-02-20T07:16:00+00:00\",\"breadcrumb\":{\"@id\":\"https:\\\/\\\/walkingmum.com\\\/fr\\\/produit\\\/nid-dange-couverture-praline-vichy-matcha-tog-25\\\/#breadcrumb\"},\"inLanguage\":\"fr-FR\",\"potentialAction\":[{\"@type\":\"ReadAction\",\"target\":[\"https:\\\/\\\/walkingmum.com\\\/fr\\\/produit\\\/nid-dange-couverture-praline-vichy-matcha-tog-25\\\/\"]}]},{\"@type\":\"ImageObject\",\"inLanguage\":\"fr-FR\",\"@id\":\"https:\\\/\\\/walkingmum.com\\\/fr\\\/produit\\\/nid-dange-couverture-praline-vichy-matcha-tog-25\\\/#primaryimage\",\"url\":\"https:\\\/\\\/walkingmum.com\\\/wp-content\\\/uploads\\\/2026\\\/02\\\/1120800693_a.jpg\",\"contentUrl\":\"https:\\\/\\\/walkingmum.com\\\/wp-content\\\/uploads\\\/2026\\\/02\\\/1120800693_a.jpg\",\"width\":800,\"height\":800},{\"@type\":\"BreadcrumbList\",\"@id\":\"https:\\\/\\\/walkingmum.com\\\/fr\\\/produit\\\/nid-dange-couverture-praline-vichy-matcha-tog-25\\\/#breadcrumb\",\"itemListElement\":[{\"@type\":\"ListItem\",\"position\":1,\"name\":\"Portada\",\"item\":\"https:\\\/\\\/walkingmum.com\\\/fr\\\/\"},{\"@type\":\"ListItem\",\"position\":2,\"name\":\"Tienda\",\"item\":\"https:\\\/\\\/walkingmum.com\\\/tienda\\\/\"},{\"@type\":\"ListItem\",\"position\":3,\"name\":\"NID D&#8217;ANGE \\\/COUVERTURE PRALIN\u00c9 VICHY MATCHA TOG 2,5\"}]},{\"@type\":\"WebSite\",\"@id\":\"https:\\\/\\\/walkingmum.com\\\/#website\",\"url\":\"https:\\\/\\\/walkingmum.com\\\/\",\"name\":\"Walking Mum\",\"description\":\"La marca para beb\u00e9s modernos\",\"potentialAction\":[{\"@type\":\"SearchAction\",\"target\":{\"@type\":\"EntryPoint\",\"urlTemplate\":\"https:\\\/\\\/walkingmum.com\\\/?s={search_term_string}\"},\"query-input\":{\"@type\":\"PropertyValueSpecification\",\"valueRequired\":true,\"valueName\":\"search_term_string\"}}],\"inLanguage\":\"fr-FR\"}]}<\/script>\n<!-- \/ Yoast SEO plugin. -->","yoast_head_json":{"title":"NID D'ANGE \/COUVERTURE PRALIN\u00c9 VICHY MATCHA TOG 2,5 - Walking Mum","robots":{"index":"index","follow":"follow","max-snippet":"max-snippet:-1","max-image-preview":"max-image-preview:large","max-video-preview":"max-video-preview:-1"},"canonical":"https:\/\/walkingmum.com\/fr\/produit\/nid-dange-couverture-praline-vichy-matcha-tog-25\/","og_locale":"fr_FR","og_type":"article","og_title":"NID D'ANGE \/COUVERTURE PRALIN\u00c9 VICHY MATCHA TOG 2,5 - Walking Mum","og_description":"Sac d\u2019emmaillotage \/ couverture Pralin\u00e9 vichy matcha TOG 2.5. Doublure en mousseline 100 % coton douce et respirante, id\u00e9ale d\u00e8s les premiers jours. Parfait pour les premi\u00e8res sorties en nacelle et transformable en couverture de lit b\u00e9b\u00e9. Fermeture enveloppe avec liens et zip au niveau des pieds pour garder b\u00e9b\u00e9 bien au chaud. Haute qualit\u00e9 [&hellip;]","og_url":"https:\/\/walkingmum.com\/fr\/produit\/nid-dange-couverture-praline-vichy-matcha-tog-25\/","og_site_name":"Walking Mum","og_image":[{"width":800,"height":800,"url":"https:\/\/walkingmum.com\/wp-content\/uploads\/2026\/02\/1120800693_a.jpg","type":"image\/jpeg"}],"twitter_card":"summary_large_image","twitter_misc":{"Dur\u00e9e de lecture estim\u00e9e":"1 minute"},"schema":{"@context":"https:\/\/schema.org","@graph":[{"@type":"WebPage","@id":"https:\/\/walkingmum.com\/fr\/produit\/nid-dange-couverture-praline-vichy-matcha-tog-25\/","url":"https:\/\/walkingmum.com\/fr\/produit\/nid-dange-couverture-praline-vichy-matcha-tog-25\/","name":"NID D'ANGE \/COUVERTURE PRALIN\u00c9 VICHY MATCHA TOG 2,5 - Walking Mum","isPartOf":{"@id":"https:\/\/walkingmum.com\/#website"},"primaryImageOfPage":{"@id":"https:\/\/walkingmum.com\/fr\/produit\/nid-dange-couverture-praline-vichy-matcha-tog-25\/#primaryimage"},"image":{"@id":"https:\/\/walkingmum.com\/fr\/produit\/nid-dange-couverture-praline-vichy-matcha-tog-25\/#primaryimage"},"thumbnailUrl":"https:\/\/walkingmum.com\/wp-content\/uploads\/2026\/02\/1120800693_a.jpg","datePublished":"2026-02-20T07:16:00+00:00","breadcrumb":{"@id":"https:\/\/walkingmum.com\/fr\/produit\/nid-dange-couverture-praline-vichy-matcha-tog-25\/#breadcrumb"},"inLanguage":"fr-FR","potentialAction":[{"@type":"ReadAction","target":["https:\/\/walkingmum.com\/fr\/produit\/nid-dange-couverture-praline-vichy-matcha-tog-25\/"]}]},{"@type":"ImageObject","inLanguage":"fr-FR","@id":"https:\/\/walkingmum.com\/fr\/produit\/nid-dange-couverture-praline-vichy-matcha-tog-25\/#primaryimage","url":"https:\/\/walkingmum.com\/wp-content\/uploads\/2026\/02\/1120800693_a.jpg","contentUrl":"https:\/\/walkingmum.com\/wp-content\/uploads\/2026\/02\/1120800693_a.jpg","width":800,"height":800},{"@type":"BreadcrumbList","@id":"https:\/\/walkingmum.com\/fr\/produit\/nid-dange-couverture-praline-vichy-matcha-tog-25\/#breadcrumb","itemListElement":[{"@type":"ListItem","position":1,"name":"Portada","item":"https:\/\/walkingmum.com\/fr\/"},{"@type":"ListItem","position":2,"name":"Tienda","item":"https:\/\/walkingmum.com\/tienda\/"},{"@type":"ListItem","position":3,"name":"NID D&#8217;ANGE \/COUVERTURE PRALIN\u00c9 VICHY MATCHA TOG 2,5"}]},{"@type":"WebSite","@id":"https:\/\/walkingmum.com\/#website","url":"https:\/\/walkingmum.com\/","name":"Walking Mum","description":"La marca para beb\u00e9s modernos","potentialAction":[{"@type":"SearchAction","target":{"@type":"EntryPoint","urlTemplate":"https:\/\/walkingmum.com\/?s={search_term_string}"},"query-input":{"@type":"PropertyValueSpecification","valueRequired":true,"valueName":"search_term_string"}}],"inLanguage":"fr-FR"}]}},"_links":{"self":[{"href":"https:\/\/walkingmum.com\/fr\/wp-json\/wp\/v2\/product\/35725","targetHints":{"allow":["GET"]}}],"collection":[{"href":"https:\/\/walkingmum.com\/fr\/wp-json\/wp\/v2\/product"}],"about":[{"href":"https:\/\/walkingmum.com\/fr\/wp-json\/wp\/v2\/types\/product"}],"replies":[{"embeddable":true,"href":"https:\/\/walkingmum.com\/fr\/wp-json\/wp\/v2\/comments?post=35725"}],"wp:featuredmedia":[{"embeddable":true,"href":"https:\/\/walkingmum.com\/fr\/wp-json\/wp\/v2\/media\/34160"}],"wp:attachment":[{"href":"https:\/\/walkingmum.com\/fr\/wp-json\/wp\/v2\/media?parent=35725"}],"wp:term":[{"taxonomy":"colecciones","embeddable":true,"href":"https:\/\/walkingmum.com\/fr\/wp-json\/wp\/v2\/colecciones?post=35725"},{"taxonomy":"product_brand","embeddable":true,"href":"https:\/\/walkingmum.com\/fr\/wp-json\/wp\/v2\/product_brand?post=35725"},{"taxonomy":"product_cat","embeddable":true,"href":"https:\/\/walkingmum.com\/fr\/wp-json\/wp\/v2\/product_cat?post=35725"},{"taxonomy":"product_tag","embeddable":true,"href":"https:\/\/walkingmum.com\/fr\/wp-json\/wp\/v2\/product_tag?post=35725"}],"curies":[{"name":"wp","href":"https:\/\/api.w.org\/{rel}","templated":true}]}}