{"id":35716,"date":"2026-02-20T07:15:58","date_gmt":"2026-02-20T07:15:58","guid":{"rendered":"https:\/\/walkingmum.com\/?post_type=product&#038;p=35716"},"modified":"2026-02-20T07:15:58","modified_gmt":"2026-02-20T07:15:58","slug":"trousse-de-toilette-praline-vichy-moka","status":"publish","type":"product","link":"https:\/\/walkingmum.com\/fr\/produit\/trousse-de-toilette-praline-vichy-moka\/","title":{"rendered":"TROUSSE DE TOILETTE PRALIN\u00c9 VICHY MOKA"},"content":{"rendered":"<p>La trousse de toilette b\u00e9b\u00e9 Pralin\u00e9 Vichy Moka est sp\u00e9cialement pens\u00e9e pour emporter tous les produits d\u2019hygi\u00e8ne de votre b\u00e9b\u00e9 lors de vos sorties. Un mod\u00e8le plein de style, parfaitement adapt\u00e9 \u00e0 vos besoins. Sa forme rectangulaire simple et pratique offre un rangement id\u00e9al pour transporter les petits indispensables qui, parfois, se perdent dans le sac \u00e0 langer : ici, tout reste bien organis\u00e9 et \u00e0 port\u00e9e de main. Elle se ferme par une fermeture zipp\u00e9e s\u00e9curis\u00e9e pour \u00e9viter que quoi que ce soit ne s\u2019\u00e9chappe. Grande qualit\u00e9 et beaucoup de style. Facile \u00e0 nettoyer \u00e0 la main ou en machine \u00e0 30 \u00b0C. Walking Mum prot\u00e8ge votre b\u00e9b\u00e9 en utilisant des tissus de haute qualit\u00e9, sans colorants azo\u00efques ni substances nocives. Notre collection Walking Mum se distingue par un style urbain et moderne qui ne passe pas inaper\u00e7u, pour apporter une touche diff\u00e9rente aux sorties avec votre b\u00e9b\u00e9. Les accessoires de cette ligne sont sportifs et pratiques, sp\u00e9cialement con\u00e7us pour les mamans et papas modernes qui appr\u00e9cient les designs actuels et tendance sans compromettre la qualit\u00e9 et la fonctionnalit\u00e9. Sp\u00e9cifications : Mat\u00e9riaux : ext\u00e9rieur 65% coton\/35% polyester con traitement d\u00e9perlant &#8211; Int\u00e9rieur 100% PVC sans phtalates. Dimensions : 26 x 18 x 2cm.<\/p>\n","protected":false},"excerpt":{"rendered":"<p>La trousse de toilette b\u00e9b\u00e9 Pralin\u00e9 Vichy Moka est sp\u00e9cialement pens\u00e9e pour emporter tous les produits d\u2019hygi\u00e8ne de votre b\u00e9b\u00e9 lors de vos sorties. Un mod\u00e8le plein de style, parfaitement adapt\u00e9 \u00e0 vos besoins. Sa forme rectangulaire simple et pratique offre un rangement id\u00e9al pour transporter les petits indispensables qui, parfois, se perdent dans le [&hellip;]<\/p>\n","protected":false},"featured_media":34019,"comment_status":"closed","ping_status":"closed","template":"","meta":{"_acf_changed":false,"inline_featured_image":false},"colecciones":[403],"product_brand":[],"product_cat":[138],"product_tag":[],"class_list":{"0":"post-35716","1":"product","2":"type-product","3":"status-publish","4":"has-post-thumbnail","6":"colecciones-collection-praline","7":"product_cat-accessoires","9":"first","10":"instock","11":"purchasable","12":"product-type-simple"},"acf":[],"yoast_head":"<!-- This site is optimized with the Yoast SEO plugin v27.3 - https:\/\/yoast.com\/product\/yoast-seo-wordpress\/ -->\n<title>TROUSSE DE TOILETTE PRALIN\u00c9 VICHY MOKA - Walking Mum<\/title>\n<meta name=\"robots\" content=\"index, follow, max-snippet:-1, max-image-preview:large, max-video-preview:-1\" \/>\n<link rel=\"canonical\" href=\"https:\/\/walkingmum.com\/fr\/produit\/trousse-de-toilette-praline-vichy-moka\/\" \/>\n<meta property=\"og:locale\" content=\"fr_FR\" \/>\n<meta property=\"og:type\" content=\"article\" \/>\n<meta property=\"og:title\" content=\"TROUSSE DE TOILETTE PRALIN\u00c9 VICHY MOKA - Walking Mum\" \/>\n<meta property=\"og:description\" content=\"La trousse de toilette b\u00e9b\u00e9 Pralin\u00e9 Vichy Moka est sp\u00e9cialement pens\u00e9e pour emporter tous les produits d\u2019hygi\u00e8ne de votre b\u00e9b\u00e9 lors de vos sorties. Un mod\u00e8le plein de style, parfaitement adapt\u00e9 \u00e0 vos besoins. Sa forme rectangulaire simple et pratique offre un rangement id\u00e9al pour transporter les petits indispensables qui, parfois, se perdent dans le [&hellip;]\" \/>\n<meta property=\"og:url\" content=\"https:\/\/walkingmum.com\/fr\/produit\/trousse-de-toilette-praline-vichy-moka\/\" \/>\n<meta property=\"og:site_name\" content=\"Walking Mum\" \/>\n<meta property=\"og:image\" content=\"https:\/\/walkingmum.com\/wp-content\/uploads\/2026\/02\/1120800684_a.jpg\" \/>\n\t<meta property=\"og:image:width\" content=\"800\" \/>\n\t<meta property=\"og:image:height\" content=\"800\" \/>\n\t<meta property=\"og:image:type\" content=\"image\/jpeg\" \/>\n<meta name=\"twitter:card\" content=\"summary_large_image\" \/>\n<meta name=\"twitter:label1\" content=\"Dur\u00e9e de lecture estim\u00e9e\" \/>\n\t<meta name=\"twitter:data1\" content=\"1 minute\" \/>\n<script type=\"application\/ld+json\" class=\"yoast-schema-graph\">{\"@context\":\"https:\\\/\\\/schema.org\",\"@graph\":[{\"@type\":\"WebPage\",\"@id\":\"https:\\\/\\\/walkingmum.com\\\/fr\\\/produit\\\/trousse-de-toilette-praline-vichy-moka\\\/\",\"url\":\"https:\\\/\\\/walkingmum.com\\\/fr\\\/produit\\\/trousse-de-toilette-praline-vichy-moka\\\/\",\"name\":\"TROUSSE DE TOILETTE PRALIN\u00c9 VICHY MOKA - Walking Mum\",\"isPartOf\":{\"@id\":\"https:\\\/\\\/walkingmum.com\\\/#website\"},\"primaryImageOfPage\":{\"@id\":\"https:\\\/\\\/walkingmum.com\\\/fr\\\/produit\\\/trousse-de-toilette-praline-vichy-moka\\\/#primaryimage\"},\"image\":{\"@id\":\"https:\\\/\\\/walkingmum.com\\\/fr\\\/produit\\\/trousse-de-toilette-praline-vichy-moka\\\/#primaryimage\"},\"thumbnailUrl\":\"https:\\\/\\\/walkingmum.com\\\/wp-content\\\/uploads\\\/2026\\\/02\\\/1120800684_a.jpg\",\"datePublished\":\"2026-02-20T07:15:58+00:00\",\"breadcrumb\":{\"@id\":\"https:\\\/\\\/walkingmum.com\\\/fr\\\/produit\\\/trousse-de-toilette-praline-vichy-moka\\\/#breadcrumb\"},\"inLanguage\":\"fr-FR\",\"potentialAction\":[{\"@type\":\"ReadAction\",\"target\":[\"https:\\\/\\\/walkingmum.com\\\/fr\\\/produit\\\/trousse-de-toilette-praline-vichy-moka\\\/\"]}]},{\"@type\":\"ImageObject\",\"inLanguage\":\"fr-FR\",\"@id\":\"https:\\\/\\\/walkingmum.com\\\/fr\\\/produit\\\/trousse-de-toilette-praline-vichy-moka\\\/#primaryimage\",\"url\":\"https:\\\/\\\/walkingmum.com\\\/wp-content\\\/uploads\\\/2026\\\/02\\\/1120800684_a.jpg\",\"contentUrl\":\"https:\\\/\\\/walkingmum.com\\\/wp-content\\\/uploads\\\/2026\\\/02\\\/1120800684_a.jpg\",\"width\":800,\"height\":800},{\"@type\":\"BreadcrumbList\",\"@id\":\"https:\\\/\\\/walkingmum.com\\\/fr\\\/produit\\\/trousse-de-toilette-praline-vichy-moka\\\/#breadcrumb\",\"itemListElement\":[{\"@type\":\"ListItem\",\"position\":1,\"name\":\"Portada\",\"item\":\"https:\\\/\\\/walkingmum.com\\\/fr\\\/\"},{\"@type\":\"ListItem\",\"position\":2,\"name\":\"Tienda\",\"item\":\"https:\\\/\\\/walkingmum.com\\\/tienda\\\/\"},{\"@type\":\"ListItem\",\"position\":3,\"name\":\"TROUSSE DE TOILETTE PRALIN\u00c9 VICHY MOKA\"}]},{\"@type\":\"WebSite\",\"@id\":\"https:\\\/\\\/walkingmum.com\\\/#website\",\"url\":\"https:\\\/\\\/walkingmum.com\\\/\",\"name\":\"Walking Mum\",\"description\":\"La marca para beb\u00e9s modernos\",\"potentialAction\":[{\"@type\":\"SearchAction\",\"target\":{\"@type\":\"EntryPoint\",\"urlTemplate\":\"https:\\\/\\\/walkingmum.com\\\/?s={search_term_string}\"},\"query-input\":{\"@type\":\"PropertyValueSpecification\",\"valueRequired\":true,\"valueName\":\"search_term_string\"}}],\"inLanguage\":\"fr-FR\"}]}<\/script>\n<!-- \/ Yoast SEO plugin. -->","yoast_head_json":{"title":"TROUSSE DE TOILETTE PRALIN\u00c9 VICHY MOKA - Walking Mum","robots":{"index":"index","follow":"follow","max-snippet":"max-snippet:-1","max-image-preview":"max-image-preview:large","max-video-preview":"max-video-preview:-1"},"canonical":"https:\/\/walkingmum.com\/fr\/produit\/trousse-de-toilette-praline-vichy-moka\/","og_locale":"fr_FR","og_type":"article","og_title":"TROUSSE DE TOILETTE PRALIN\u00c9 VICHY MOKA - Walking Mum","og_description":"La trousse de toilette b\u00e9b\u00e9 Pralin\u00e9 Vichy Moka est sp\u00e9cialement pens\u00e9e pour emporter tous les produits d\u2019hygi\u00e8ne de votre b\u00e9b\u00e9 lors de vos sorties. Un mod\u00e8le plein de style, parfaitement adapt\u00e9 \u00e0 vos besoins. Sa forme rectangulaire simple et pratique offre un rangement id\u00e9al pour transporter les petits indispensables qui, parfois, se perdent dans le [&hellip;]","og_url":"https:\/\/walkingmum.com\/fr\/produit\/trousse-de-toilette-praline-vichy-moka\/","og_site_name":"Walking Mum","og_image":[{"width":800,"height":800,"url":"https:\/\/walkingmum.com\/wp-content\/uploads\/2026\/02\/1120800684_a.jpg","type":"image\/jpeg"}],"twitter_card":"summary_large_image","twitter_misc":{"Dur\u00e9e de lecture estim\u00e9e":"1 minute"},"schema":{"@context":"https:\/\/schema.org","@graph":[{"@type":"WebPage","@id":"https:\/\/walkingmum.com\/fr\/produit\/trousse-de-toilette-praline-vichy-moka\/","url":"https:\/\/walkingmum.com\/fr\/produit\/trousse-de-toilette-praline-vichy-moka\/","name":"TROUSSE DE TOILETTE PRALIN\u00c9 VICHY MOKA - Walking Mum","isPartOf":{"@id":"https:\/\/walkingmum.com\/#website"},"primaryImageOfPage":{"@id":"https:\/\/walkingmum.com\/fr\/produit\/trousse-de-toilette-praline-vichy-moka\/#primaryimage"},"image":{"@id":"https:\/\/walkingmum.com\/fr\/produit\/trousse-de-toilette-praline-vichy-moka\/#primaryimage"},"thumbnailUrl":"https:\/\/walkingmum.com\/wp-content\/uploads\/2026\/02\/1120800684_a.jpg","datePublished":"2026-02-20T07:15:58+00:00","breadcrumb":{"@id":"https:\/\/walkingmum.com\/fr\/produit\/trousse-de-toilette-praline-vichy-moka\/#breadcrumb"},"inLanguage":"fr-FR","potentialAction":[{"@type":"ReadAction","target":["https:\/\/walkingmum.com\/fr\/produit\/trousse-de-toilette-praline-vichy-moka\/"]}]},{"@type":"ImageObject","inLanguage":"fr-FR","@id":"https:\/\/walkingmum.com\/fr\/produit\/trousse-de-toilette-praline-vichy-moka\/#primaryimage","url":"https:\/\/walkingmum.com\/wp-content\/uploads\/2026\/02\/1120800684_a.jpg","contentUrl":"https:\/\/walkingmum.com\/wp-content\/uploads\/2026\/02\/1120800684_a.jpg","width":800,"height":800},{"@type":"BreadcrumbList","@id":"https:\/\/walkingmum.com\/fr\/produit\/trousse-de-toilette-praline-vichy-moka\/#breadcrumb","itemListElement":[{"@type":"ListItem","position":1,"name":"Portada","item":"https:\/\/walkingmum.com\/fr\/"},{"@type":"ListItem","position":2,"name":"Tienda","item":"https:\/\/walkingmum.com\/tienda\/"},{"@type":"ListItem","position":3,"name":"TROUSSE DE TOILETTE PRALIN\u00c9 VICHY MOKA"}]},{"@type":"WebSite","@id":"https:\/\/walkingmum.com\/#website","url":"https:\/\/walkingmum.com\/","name":"Walking Mum","description":"La marca para beb\u00e9s modernos","potentialAction":[{"@type":"SearchAction","target":{"@type":"EntryPoint","urlTemplate":"https:\/\/walkingmum.com\/?s={search_term_string}"},"query-input":{"@type":"PropertyValueSpecification","valueRequired":true,"valueName":"search_term_string"}}],"inLanguage":"fr-FR"}]}},"_links":{"self":[{"href":"https:\/\/walkingmum.com\/fr\/wp-json\/wp\/v2\/product\/35716","targetHints":{"allow":["GET"]}}],"collection":[{"href":"https:\/\/walkingmum.com\/fr\/wp-json\/wp\/v2\/product"}],"about":[{"href":"https:\/\/walkingmum.com\/fr\/wp-json\/wp\/v2\/types\/product"}],"replies":[{"embeddable":true,"href":"https:\/\/walkingmum.com\/fr\/wp-json\/wp\/v2\/comments?post=35716"}],"wp:featuredmedia":[{"embeddable":true,"href":"https:\/\/walkingmum.com\/fr\/wp-json\/wp\/v2\/media\/34019"}],"wp:attachment":[{"href":"https:\/\/walkingmum.com\/fr\/wp-json\/wp\/v2\/media?parent=35716"}],"wp:term":[{"taxonomy":"colecciones","embeddable":true,"href":"https:\/\/walkingmum.com\/fr\/wp-json\/wp\/v2\/colecciones?post=35716"},{"taxonomy":"product_brand","embeddable":true,"href":"https:\/\/walkingmum.com\/fr\/wp-json\/wp\/v2\/product_brand?post=35716"},{"taxonomy":"product_cat","embeddable":true,"href":"https:\/\/walkingmum.com\/fr\/wp-json\/wp\/v2\/product_cat?post=35716"},{"taxonomy":"product_tag","embeddable":true,"href":"https:\/\/walkingmum.com\/fr\/wp-json\/wp\/v2\/product_tag?post=35716"}],"curies":[{"name":"wp","href":"https:\/\/api.w.org\/{rel}","templated":true}]}}