{"id":35713,"date":"2026-02-20T07:15:58","date_gmt":"2026-02-20T07:15:58","guid":{"rendered":"https:\/\/walkingmum.com\/?post_type=product&#038;p=35713"},"modified":"2026-02-20T07:15:58","modified_gmt":"2026-02-20T07:15:58","slug":"tapis-a-langer-praline-vichy-matcha","status":"publish","type":"product","link":"https:\/\/walkingmum.com\/fr\/produit\/tapis-a-langer-praline-vichy-matcha\/","title":{"rendered":"TAPIS \u00c0 LANGER PRALIN\u00c9 VICHY MATCHA"},"content":{"rendered":"<p>Le matelas \u00e0 langer Pralin\u00e9 Vichy Matcha est tr\u00e8s confortable, pratique et facile \u00e0 transporter. Un mod\u00e8le sp\u00e9cialement con\u00e7u pour changer b\u00e9b\u00e9 quand vous en avez besoin, pliable pour l\u2019emporter partout. Son design casual, \u00e9l\u00e9gant et fonctionnel se pr\u00e9sente au format pli\u00e9 pour \u00eatre totalement portable sans prendre trop de place dans votre sac. Il dispose de rubans de maintien qui le gardent ferm\u00e9 afin de r\u00e9duire l\u2019encombrement et de pouvoir le glisser dans le sac maternit\u00e9. L\u2019int\u00e9rieur est rembourr\u00e9 et imperm\u00e9able, ce qui permet de le nettoyer facilement d\u2019un simple coup d\u2019\u00e9ponge apr\u00e8s utilisation et d\u2019\u00e9viter les odeurs. Grande qualit\u00e9 et beaucoup de style. Fabriqu\u00e9 dans un mat\u00e9riau r\u00e9sistant et facile \u00e0 nettoyer. Walking Mum prot\u00e8ge votre b\u00e9b\u00e9 en utilisant des tissus de haute qualit\u00e9, sans colorants azo\u00efques ni substances nocives. Notre collection Walking Mum se distingue par un style urbain et moderne qui ne passe pas inaper\u00e7u, pour apporter une touche diff\u00e9rente aux sorties avec votre b\u00e9b\u00e9. Les accessoires de cette ligne sont sportifs et pratiques, sp\u00e9cialement con\u00e7us pour les mamans et papas modernes qui appr\u00e9cient les designs actuels et tendance sans compromettre la qualit\u00e9 et la fonctionnalit\u00e9. Sp\u00e9cifications : Mat\u00e9riaux : ext\u00e9rieur 65% coton\/35% polyester con traitement d\u00e9perlant &#8211; Int\u00e9rieur 100% PVC sans phtalates. Dimensions : 34 x 66cm.<\/p>\n","protected":false},"excerpt":{"rendered":"<p>Le matelas \u00e0 langer Pralin\u00e9 Vichy Matcha est tr\u00e8s confortable, pratique et facile \u00e0 transporter. Un mod\u00e8le sp\u00e9cialement con\u00e7u pour changer b\u00e9b\u00e9 quand vous en avez besoin, pliable pour l\u2019emporter partout. Son design casual, \u00e9l\u00e9gant et fonctionnel se pr\u00e9sente au format pli\u00e9 pour \u00eatre totalement portable sans prendre trop de place dans votre sac. Il [&hellip;]<\/p>\n","protected":false},"featured_media":33968,"comment_status":"closed","ping_status":"closed","template":"","meta":{"_acf_changed":false,"inline_featured_image":false},"colecciones":[403],"product_brand":[],"product_cat":[138],"product_tag":[],"class_list":{"0":"post-35713","1":"product","2":"type-product","3":"status-publish","4":"has-post-thumbnail","6":"colecciones-collection-praline","7":"product_cat-accessoires","9":"first","10":"instock","11":"purchasable","12":"product-type-simple"},"acf":[],"yoast_head":"<!-- This site is optimized with the Yoast SEO plugin v27.5 - https:\/\/yoast.com\/product\/yoast-seo-wordpress\/ -->\n<title>TAPIS \u00c0 LANGER PRALIN\u00c9 VICHY MATCHA - Walking Mum<\/title>\n<meta name=\"robots\" content=\"index, follow, max-snippet:-1, max-image-preview:large, max-video-preview:-1\" \/>\n<link rel=\"canonical\" href=\"https:\/\/walkingmum.com\/fr\/produit\/tapis-a-langer-praline-vichy-matcha\/\" \/>\n<meta property=\"og:locale\" content=\"fr_FR\" \/>\n<meta property=\"og:type\" content=\"article\" \/>\n<meta property=\"og:title\" content=\"TAPIS \u00c0 LANGER PRALIN\u00c9 VICHY MATCHA - Walking Mum\" \/>\n<meta property=\"og:description\" content=\"Le matelas \u00e0 langer Pralin\u00e9 Vichy Matcha est tr\u00e8s confortable, pratique et facile \u00e0 transporter. Un mod\u00e8le sp\u00e9cialement con\u00e7u pour changer b\u00e9b\u00e9 quand vous en avez besoin, pliable pour l\u2019emporter partout. Son design casual, \u00e9l\u00e9gant et fonctionnel se pr\u00e9sente au format pli\u00e9 pour \u00eatre totalement portable sans prendre trop de place dans votre sac. Il [&hellip;]\" \/>\n<meta property=\"og:url\" content=\"https:\/\/walkingmum.com\/fr\/produit\/tapis-a-langer-praline-vichy-matcha\/\" \/>\n<meta property=\"og:site_name\" content=\"Walking Mum\" \/>\n<meta property=\"og:image\" content=\"https:\/\/walkingmum.com\/wp-content\/uploads\/2026\/02\/1120800681_a.jpg\" \/>\n\t<meta property=\"og:image:width\" content=\"800\" \/>\n\t<meta property=\"og:image:height\" content=\"800\" \/>\n\t<meta property=\"og:image:type\" content=\"image\/jpeg\" \/>\n<meta name=\"twitter:card\" content=\"summary_large_image\" \/>\n<meta name=\"twitter:label1\" content=\"Dur\u00e9e de lecture estim\u00e9e\" \/>\n\t<meta name=\"twitter:data1\" content=\"1 minute\" \/>\n<script type=\"application\/ld+json\" class=\"yoast-schema-graph\">{\"@context\":\"https:\\\/\\\/schema.org\",\"@graph\":[{\"@type\":\"WebPage\",\"@id\":\"https:\\\/\\\/walkingmum.com\\\/fr\\\/produit\\\/tapis-a-langer-praline-vichy-matcha\\\/\",\"url\":\"https:\\\/\\\/walkingmum.com\\\/fr\\\/produit\\\/tapis-a-langer-praline-vichy-matcha\\\/\",\"name\":\"TAPIS \u00c0 LANGER PRALIN\u00c9 VICHY MATCHA - Walking Mum\",\"isPartOf\":{\"@id\":\"https:\\\/\\\/walkingmum.com\\\/#website\"},\"primaryImageOfPage\":{\"@id\":\"https:\\\/\\\/walkingmum.com\\\/fr\\\/produit\\\/tapis-a-langer-praline-vichy-matcha\\\/#primaryimage\"},\"image\":{\"@id\":\"https:\\\/\\\/walkingmum.com\\\/fr\\\/produit\\\/tapis-a-langer-praline-vichy-matcha\\\/#primaryimage\"},\"thumbnailUrl\":\"https:\\\/\\\/walkingmum.com\\\/wp-content\\\/uploads\\\/2026\\\/02\\\/1120800681_a.jpg\",\"datePublished\":\"2026-02-20T07:15:58+00:00\",\"breadcrumb\":{\"@id\":\"https:\\\/\\\/walkingmum.com\\\/fr\\\/produit\\\/tapis-a-langer-praline-vichy-matcha\\\/#breadcrumb\"},\"inLanguage\":\"fr-FR\",\"potentialAction\":[{\"@type\":\"ReadAction\",\"target\":[\"https:\\\/\\\/walkingmum.com\\\/fr\\\/produit\\\/tapis-a-langer-praline-vichy-matcha\\\/\"]}]},{\"@type\":\"ImageObject\",\"inLanguage\":\"fr-FR\",\"@id\":\"https:\\\/\\\/walkingmum.com\\\/fr\\\/produit\\\/tapis-a-langer-praline-vichy-matcha\\\/#primaryimage\",\"url\":\"https:\\\/\\\/walkingmum.com\\\/wp-content\\\/uploads\\\/2026\\\/02\\\/1120800681_a.jpg\",\"contentUrl\":\"https:\\\/\\\/walkingmum.com\\\/wp-content\\\/uploads\\\/2026\\\/02\\\/1120800681_a.jpg\",\"width\":800,\"height\":800},{\"@type\":\"BreadcrumbList\",\"@id\":\"https:\\\/\\\/walkingmum.com\\\/fr\\\/produit\\\/tapis-a-langer-praline-vichy-matcha\\\/#breadcrumb\",\"itemListElement\":[{\"@type\":\"ListItem\",\"position\":1,\"name\":\"Portada\",\"item\":\"https:\\\/\\\/walkingmum.com\\\/fr\\\/\"},{\"@type\":\"ListItem\",\"position\":2,\"name\":\"Tienda\",\"item\":\"https:\\\/\\\/walkingmum.com\\\/tienda\\\/\"},{\"@type\":\"ListItem\",\"position\":3,\"name\":\"TAPIS \u00c0 LANGER PRALIN\u00c9 VICHY MATCHA\"}]},{\"@type\":\"WebSite\",\"@id\":\"https:\\\/\\\/walkingmum.com\\\/#website\",\"url\":\"https:\\\/\\\/walkingmum.com\\\/\",\"name\":\"Walking Mum\",\"description\":\"La marca para beb\u00e9s modernos\",\"potentialAction\":[{\"@type\":\"SearchAction\",\"target\":{\"@type\":\"EntryPoint\",\"urlTemplate\":\"https:\\\/\\\/walkingmum.com\\\/?s={search_term_string}\"},\"query-input\":{\"@type\":\"PropertyValueSpecification\",\"valueRequired\":true,\"valueName\":\"search_term_string\"}}],\"inLanguage\":\"fr-FR\"}]}<\/script>\n<!-- \/ Yoast SEO plugin. -->","yoast_head_json":{"title":"TAPIS \u00c0 LANGER PRALIN\u00c9 VICHY MATCHA - Walking Mum","robots":{"index":"index","follow":"follow","max-snippet":"max-snippet:-1","max-image-preview":"max-image-preview:large","max-video-preview":"max-video-preview:-1"},"canonical":"https:\/\/walkingmum.com\/fr\/produit\/tapis-a-langer-praline-vichy-matcha\/","og_locale":"fr_FR","og_type":"article","og_title":"TAPIS \u00c0 LANGER PRALIN\u00c9 VICHY MATCHA - Walking Mum","og_description":"Le matelas \u00e0 langer Pralin\u00e9 Vichy Matcha est tr\u00e8s confortable, pratique et facile \u00e0 transporter. Un mod\u00e8le sp\u00e9cialement con\u00e7u pour changer b\u00e9b\u00e9 quand vous en avez besoin, pliable pour l\u2019emporter partout. Son design casual, \u00e9l\u00e9gant et fonctionnel se pr\u00e9sente au format pli\u00e9 pour \u00eatre totalement portable sans prendre trop de place dans votre sac. Il [&hellip;]","og_url":"https:\/\/walkingmum.com\/fr\/produit\/tapis-a-langer-praline-vichy-matcha\/","og_site_name":"Walking Mum","og_image":[{"width":800,"height":800,"url":"https:\/\/walkingmum.com\/wp-content\/uploads\/2026\/02\/1120800681_a.jpg","type":"image\/jpeg"}],"twitter_card":"summary_large_image","twitter_misc":{"Dur\u00e9e de lecture estim\u00e9e":"1 minute"},"schema":{"@context":"https:\/\/schema.org","@graph":[{"@type":"WebPage","@id":"https:\/\/walkingmum.com\/fr\/produit\/tapis-a-langer-praline-vichy-matcha\/","url":"https:\/\/walkingmum.com\/fr\/produit\/tapis-a-langer-praline-vichy-matcha\/","name":"TAPIS \u00c0 LANGER PRALIN\u00c9 VICHY MATCHA - Walking Mum","isPartOf":{"@id":"https:\/\/walkingmum.com\/#website"},"primaryImageOfPage":{"@id":"https:\/\/walkingmum.com\/fr\/produit\/tapis-a-langer-praline-vichy-matcha\/#primaryimage"},"image":{"@id":"https:\/\/walkingmum.com\/fr\/produit\/tapis-a-langer-praline-vichy-matcha\/#primaryimage"},"thumbnailUrl":"https:\/\/walkingmum.com\/wp-content\/uploads\/2026\/02\/1120800681_a.jpg","datePublished":"2026-02-20T07:15:58+00:00","breadcrumb":{"@id":"https:\/\/walkingmum.com\/fr\/produit\/tapis-a-langer-praline-vichy-matcha\/#breadcrumb"},"inLanguage":"fr-FR","potentialAction":[{"@type":"ReadAction","target":["https:\/\/walkingmum.com\/fr\/produit\/tapis-a-langer-praline-vichy-matcha\/"]}]},{"@type":"ImageObject","inLanguage":"fr-FR","@id":"https:\/\/walkingmum.com\/fr\/produit\/tapis-a-langer-praline-vichy-matcha\/#primaryimage","url":"https:\/\/walkingmum.com\/wp-content\/uploads\/2026\/02\/1120800681_a.jpg","contentUrl":"https:\/\/walkingmum.com\/wp-content\/uploads\/2026\/02\/1120800681_a.jpg","width":800,"height":800},{"@type":"BreadcrumbList","@id":"https:\/\/walkingmum.com\/fr\/produit\/tapis-a-langer-praline-vichy-matcha\/#breadcrumb","itemListElement":[{"@type":"ListItem","position":1,"name":"Portada","item":"https:\/\/walkingmum.com\/fr\/"},{"@type":"ListItem","position":2,"name":"Tienda","item":"https:\/\/walkingmum.com\/tienda\/"},{"@type":"ListItem","position":3,"name":"TAPIS \u00c0 LANGER PRALIN\u00c9 VICHY MATCHA"}]},{"@type":"WebSite","@id":"https:\/\/walkingmum.com\/#website","url":"https:\/\/walkingmum.com\/","name":"Walking Mum","description":"La marca para beb\u00e9s modernos","potentialAction":[{"@type":"SearchAction","target":{"@type":"EntryPoint","urlTemplate":"https:\/\/walkingmum.com\/?s={search_term_string}"},"query-input":{"@type":"PropertyValueSpecification","valueRequired":true,"valueName":"search_term_string"}}],"inLanguage":"fr-FR"}]}},"_links":{"self":[{"href":"https:\/\/walkingmum.com\/fr\/wp-json\/wp\/v2\/product\/35713","targetHints":{"allow":["GET"]}}],"collection":[{"href":"https:\/\/walkingmum.com\/fr\/wp-json\/wp\/v2\/product"}],"about":[{"href":"https:\/\/walkingmum.com\/fr\/wp-json\/wp\/v2\/types\/product"}],"replies":[{"embeddable":true,"href":"https:\/\/walkingmum.com\/fr\/wp-json\/wp\/v2\/comments?post=35713"}],"wp:featuredmedia":[{"embeddable":true,"href":"https:\/\/walkingmum.com\/fr\/wp-json\/wp\/v2\/media\/33968"}],"wp:attachment":[{"href":"https:\/\/walkingmum.com\/fr\/wp-json\/wp\/v2\/media?parent=35713"}],"wp:term":[{"taxonomy":"colecciones","embeddable":true,"href":"https:\/\/walkingmum.com\/fr\/wp-json\/wp\/v2\/colecciones?post=35713"},{"taxonomy":"product_brand","embeddable":true,"href":"https:\/\/walkingmum.com\/fr\/wp-json\/wp\/v2\/product_brand?post=35713"},{"taxonomy":"product_cat","embeddable":true,"href":"https:\/\/walkingmum.com\/fr\/wp-json\/wp\/v2\/product_cat?post=35713"},{"taxonomy":"product_tag","embeddable":true,"href":"https:\/\/walkingmum.com\/fr\/wp-json\/wp\/v2\/product_tag?post=35713"}],"curies":[{"name":"wp","href":"https:\/\/api.w.org\/{rel}","templated":true}]}}