{"id":35708,"date":"2026-02-20T07:15:57","date_gmt":"2026-02-20T07:15:57","guid":{"rendered":"https:\/\/walkingmum.com\/?post_type=product&#038;p=35708"},"modified":"2026-02-20T07:15:58","modified_gmt":"2026-02-20T07:15:58","slug":"valise-praline-vichy-moka","status":"publish","type":"product","link":"https:\/\/walkingmum.com\/fr\/produit\/valise-praline-vichy-moka\/","title":{"rendered":"VALISE PRALIN\u00c9 VICHY MOKA"},"content":{"rendered":"<p>La valise maternit\u00e9 Pralin\u00e9 Vichy Moka est sp\u00e9cialement con\u00e7ue pour l\u2019un des moments les plus importants : l\u2019arriv\u00e9e de votre b\u00e9b\u00e9. \u00c0 ce moment, il y a tant de choses \u00e0 pr\u00e9parer, et vous avez besoin d\u2019un espace confortable pour transporter tout le n\u00e9cessaire pour vous, le papa et b\u00e9b\u00e9. Cette valise est le mod\u00e8le id\u00e9al pour tout ce qui ne peut pas manquer ce jour si sp\u00e9cial. Confortable, l\u00e9g\u00e8re et maniable, elle pr\u00e9sente une forme rectangulaire et une ouverture pratique pour avoir tout \u00e0 port\u00e9e de main. Elle est dot\u00e9e d\u2019une fermeture zipp\u00e9e s\u00e9curis\u00e9e \u00e0 double curseur pour faciliter l\u2019ouverture, d\u2019une bandouli\u00e8re longue pour la porter \u00e0 l\u2019\u00e9paule et de deux anses courtes \u00e0 la main. Elle poss\u00e8de une poche ext\u00e9rieure frontale zipp\u00e9e. \u00c0 l\u2019int\u00e9rieur, la doublure assortie et les \u00e9lastiques de maintien permettent de contenir les v\u00eatements et de garder tout en place. Grande qualit\u00e9 et beaucoup de style. Fabriqu\u00e9e avec un traitement d\u00e9perlant, facile \u00e0 nettoyer \u00e0 la main ou en machine \u00e0 30 \u00b0C. Walking Mum prot\u00e8ge votre b\u00e9b\u00e9 en utilisant des tissus de haute qualit\u00e9, sans colorants azo\u00efques ni substances nocives. Notre collection Walking Mum conserve toute la qualit\u00e9 de la marque Pasito a Pasito avec une touche urbaine et moderne qui ne passe pas inaper\u00e7ue lors de chaque sortie. Les sacs maternit\u00e9 de cette ligne sont sportifs et pratiques, sp\u00e9cialement con\u00e7us pour les mamans et papas modernes qui appr\u00e9cient les designs actuels et tendance sans compromettre la qualit\u00e9 et la fonctionnalit\u00e9. Sp\u00e9cifications : Mat\u00e9riaux : 65% coton\/35% polyester con tratamiento water d\u00e9perlant. Dimensions : 49 x 37 x 17cm.<\/p>\n","protected":false},"excerpt":{"rendered":"<p>La valise maternit\u00e9 Pralin\u00e9 Vichy Moka est sp\u00e9cialement con\u00e7ue pour l\u2019un des moments les plus importants : l\u2019arriv\u00e9e de votre b\u00e9b\u00e9. \u00c0 ce moment, il y a tant de choses \u00e0 pr\u00e9parer, et vous avez besoin d\u2019un espace confortable pour transporter tout le n\u00e9cessaire pour vous, le papa et b\u00e9b\u00e9. Cette valise est le mod\u00e8le [&hellip;]<\/p>\n","protected":false},"featured_media":33819,"comment_status":"closed","ping_status":"closed","template":"","meta":{"_acf_changed":false,"inline_featured_image":false},"colecciones":[403],"product_brand":[],"product_cat":[135],"product_tag":[],"class_list":{"0":"post-35708","1":"product","2":"type-product","3":"status-publish","4":"has-post-thumbnail","6":"colecciones-collection-praline","7":"product_cat-valises","9":"first","10":"instock","11":"purchasable","12":"product-type-simple"},"acf":[],"yoast_head":"<!-- This site is optimized with the Yoast SEO plugin v27.3 - https:\/\/yoast.com\/product\/yoast-seo-wordpress\/ -->\n<title>VALISE PRALIN\u00c9 VICHY MOKA - Walking Mum<\/title>\n<meta name=\"robots\" content=\"index, follow, max-snippet:-1, max-image-preview:large, max-video-preview:-1\" \/>\n<link rel=\"canonical\" href=\"https:\/\/walkingmum.com\/fr\/produit\/valise-praline-vichy-moka\/\" \/>\n<meta property=\"og:locale\" content=\"fr_FR\" \/>\n<meta property=\"og:type\" content=\"article\" \/>\n<meta property=\"og:title\" content=\"VALISE PRALIN\u00c9 VICHY MOKA - Walking Mum\" \/>\n<meta property=\"og:description\" content=\"La valise maternit\u00e9 Pralin\u00e9 Vichy Moka est sp\u00e9cialement con\u00e7ue pour l\u2019un des moments les plus importants : l\u2019arriv\u00e9e de votre b\u00e9b\u00e9. \u00c0 ce moment, il y a tant de choses \u00e0 pr\u00e9parer, et vous avez besoin d\u2019un espace confortable pour transporter tout le n\u00e9cessaire pour vous, le papa et b\u00e9b\u00e9. Cette valise est le mod\u00e8le [&hellip;]\" \/>\n<meta property=\"og:url\" content=\"https:\/\/walkingmum.com\/fr\/produit\/valise-praline-vichy-moka\/\" \/>\n<meta property=\"og:site_name\" content=\"Walking Mum\" \/>\n<meta property=\"article:modified_time\" content=\"2026-02-20T07:15:58+00:00\" \/>\n<meta property=\"og:image\" content=\"https:\/\/walkingmum.com\/wp-content\/uploads\/2026\/02\/1120800676_a.jpg\" \/>\n\t<meta property=\"og:image:width\" content=\"800\" \/>\n\t<meta property=\"og:image:height\" content=\"800\" \/>\n\t<meta property=\"og:image:type\" content=\"image\/jpeg\" \/>\n<meta name=\"twitter:card\" content=\"summary_large_image\" \/>\n<meta name=\"twitter:label1\" content=\"Dur\u00e9e de lecture estim\u00e9e\" \/>\n\t<meta name=\"twitter:data1\" content=\"1 minute\" \/>\n<script type=\"application\/ld+json\" class=\"yoast-schema-graph\">{\"@context\":\"https:\\\/\\\/schema.org\",\"@graph\":[{\"@type\":\"WebPage\",\"@id\":\"https:\\\/\\\/walkingmum.com\\\/fr\\\/produit\\\/valise-praline-vichy-moka\\\/\",\"url\":\"https:\\\/\\\/walkingmum.com\\\/fr\\\/produit\\\/valise-praline-vichy-moka\\\/\",\"name\":\"VALISE PRALIN\u00c9 VICHY MOKA - Walking Mum\",\"isPartOf\":{\"@id\":\"https:\\\/\\\/walkingmum.com\\\/#website\"},\"primaryImageOfPage\":{\"@id\":\"https:\\\/\\\/walkingmum.com\\\/fr\\\/produit\\\/valise-praline-vichy-moka\\\/#primaryimage\"},\"image\":{\"@id\":\"https:\\\/\\\/walkingmum.com\\\/fr\\\/produit\\\/valise-praline-vichy-moka\\\/#primaryimage\"},\"thumbnailUrl\":\"https:\\\/\\\/walkingmum.com\\\/wp-content\\\/uploads\\\/2026\\\/02\\\/1120800676_a.jpg\",\"datePublished\":\"2026-02-20T07:15:57+00:00\",\"dateModified\":\"2026-02-20T07:15:58+00:00\",\"breadcrumb\":{\"@id\":\"https:\\\/\\\/walkingmum.com\\\/fr\\\/produit\\\/valise-praline-vichy-moka\\\/#breadcrumb\"},\"inLanguage\":\"fr-FR\",\"potentialAction\":[{\"@type\":\"ReadAction\",\"target\":[\"https:\\\/\\\/walkingmum.com\\\/fr\\\/produit\\\/valise-praline-vichy-moka\\\/\"]}]},{\"@type\":\"ImageObject\",\"inLanguage\":\"fr-FR\",\"@id\":\"https:\\\/\\\/walkingmum.com\\\/fr\\\/produit\\\/valise-praline-vichy-moka\\\/#primaryimage\",\"url\":\"https:\\\/\\\/walkingmum.com\\\/wp-content\\\/uploads\\\/2026\\\/02\\\/1120800676_a.jpg\",\"contentUrl\":\"https:\\\/\\\/walkingmum.com\\\/wp-content\\\/uploads\\\/2026\\\/02\\\/1120800676_a.jpg\",\"width\":800,\"height\":800},{\"@type\":\"BreadcrumbList\",\"@id\":\"https:\\\/\\\/walkingmum.com\\\/fr\\\/produit\\\/valise-praline-vichy-moka\\\/#breadcrumb\",\"itemListElement\":[{\"@type\":\"ListItem\",\"position\":1,\"name\":\"Portada\",\"item\":\"https:\\\/\\\/walkingmum.com\\\/fr\\\/\"},{\"@type\":\"ListItem\",\"position\":2,\"name\":\"Tienda\",\"item\":\"https:\\\/\\\/walkingmum.com\\\/tienda\\\/\"},{\"@type\":\"ListItem\",\"position\":3,\"name\":\"VALISE PRALIN\u00c9 VICHY MOKA\"}]},{\"@type\":\"WebSite\",\"@id\":\"https:\\\/\\\/walkingmum.com\\\/#website\",\"url\":\"https:\\\/\\\/walkingmum.com\\\/\",\"name\":\"Walking Mum\",\"description\":\"La marca para beb\u00e9s modernos\",\"potentialAction\":[{\"@type\":\"SearchAction\",\"target\":{\"@type\":\"EntryPoint\",\"urlTemplate\":\"https:\\\/\\\/walkingmum.com\\\/?s={search_term_string}\"},\"query-input\":{\"@type\":\"PropertyValueSpecification\",\"valueRequired\":true,\"valueName\":\"search_term_string\"}}],\"inLanguage\":\"fr-FR\"}]}<\/script>\n<!-- \/ Yoast SEO plugin. -->","yoast_head_json":{"title":"VALISE PRALIN\u00c9 VICHY MOKA - Walking Mum","robots":{"index":"index","follow":"follow","max-snippet":"max-snippet:-1","max-image-preview":"max-image-preview:large","max-video-preview":"max-video-preview:-1"},"canonical":"https:\/\/walkingmum.com\/fr\/produit\/valise-praline-vichy-moka\/","og_locale":"fr_FR","og_type":"article","og_title":"VALISE PRALIN\u00c9 VICHY MOKA - Walking Mum","og_description":"La valise maternit\u00e9 Pralin\u00e9 Vichy Moka est sp\u00e9cialement con\u00e7ue pour l\u2019un des moments les plus importants : l\u2019arriv\u00e9e de votre b\u00e9b\u00e9. \u00c0 ce moment, il y a tant de choses \u00e0 pr\u00e9parer, et vous avez besoin d\u2019un espace confortable pour transporter tout le n\u00e9cessaire pour vous, le papa et b\u00e9b\u00e9. Cette valise est le mod\u00e8le [&hellip;]","og_url":"https:\/\/walkingmum.com\/fr\/produit\/valise-praline-vichy-moka\/","og_site_name":"Walking Mum","article_modified_time":"2026-02-20T07:15:58+00:00","og_image":[{"width":800,"height":800,"url":"https:\/\/walkingmum.com\/wp-content\/uploads\/2026\/02\/1120800676_a.jpg","type":"image\/jpeg"}],"twitter_card":"summary_large_image","twitter_misc":{"Dur\u00e9e de lecture estim\u00e9e":"1 minute"},"schema":{"@context":"https:\/\/schema.org","@graph":[{"@type":"WebPage","@id":"https:\/\/walkingmum.com\/fr\/produit\/valise-praline-vichy-moka\/","url":"https:\/\/walkingmum.com\/fr\/produit\/valise-praline-vichy-moka\/","name":"VALISE PRALIN\u00c9 VICHY MOKA - Walking Mum","isPartOf":{"@id":"https:\/\/walkingmum.com\/#website"},"primaryImageOfPage":{"@id":"https:\/\/walkingmum.com\/fr\/produit\/valise-praline-vichy-moka\/#primaryimage"},"image":{"@id":"https:\/\/walkingmum.com\/fr\/produit\/valise-praline-vichy-moka\/#primaryimage"},"thumbnailUrl":"https:\/\/walkingmum.com\/wp-content\/uploads\/2026\/02\/1120800676_a.jpg","datePublished":"2026-02-20T07:15:57+00:00","dateModified":"2026-02-20T07:15:58+00:00","breadcrumb":{"@id":"https:\/\/walkingmum.com\/fr\/produit\/valise-praline-vichy-moka\/#breadcrumb"},"inLanguage":"fr-FR","potentialAction":[{"@type":"ReadAction","target":["https:\/\/walkingmum.com\/fr\/produit\/valise-praline-vichy-moka\/"]}]},{"@type":"ImageObject","inLanguage":"fr-FR","@id":"https:\/\/walkingmum.com\/fr\/produit\/valise-praline-vichy-moka\/#primaryimage","url":"https:\/\/walkingmum.com\/wp-content\/uploads\/2026\/02\/1120800676_a.jpg","contentUrl":"https:\/\/walkingmum.com\/wp-content\/uploads\/2026\/02\/1120800676_a.jpg","width":800,"height":800},{"@type":"BreadcrumbList","@id":"https:\/\/walkingmum.com\/fr\/produit\/valise-praline-vichy-moka\/#breadcrumb","itemListElement":[{"@type":"ListItem","position":1,"name":"Portada","item":"https:\/\/walkingmum.com\/fr\/"},{"@type":"ListItem","position":2,"name":"Tienda","item":"https:\/\/walkingmum.com\/tienda\/"},{"@type":"ListItem","position":3,"name":"VALISE PRALIN\u00c9 VICHY MOKA"}]},{"@type":"WebSite","@id":"https:\/\/walkingmum.com\/#website","url":"https:\/\/walkingmum.com\/","name":"Walking Mum","description":"La marca para beb\u00e9s modernos","potentialAction":[{"@type":"SearchAction","target":{"@type":"EntryPoint","urlTemplate":"https:\/\/walkingmum.com\/?s={search_term_string}"},"query-input":{"@type":"PropertyValueSpecification","valueRequired":true,"valueName":"search_term_string"}}],"inLanguage":"fr-FR"}]}},"_links":{"self":[{"href":"https:\/\/walkingmum.com\/fr\/wp-json\/wp\/v2\/product\/35708","targetHints":{"allow":["GET"]}}],"collection":[{"href":"https:\/\/walkingmum.com\/fr\/wp-json\/wp\/v2\/product"}],"about":[{"href":"https:\/\/walkingmum.com\/fr\/wp-json\/wp\/v2\/types\/product"}],"replies":[{"embeddable":true,"href":"https:\/\/walkingmum.com\/fr\/wp-json\/wp\/v2\/comments?post=35708"}],"wp:featuredmedia":[{"embeddable":true,"href":"https:\/\/walkingmum.com\/fr\/wp-json\/wp\/v2\/media\/33819"}],"wp:attachment":[{"href":"https:\/\/walkingmum.com\/fr\/wp-json\/wp\/v2\/media?parent=35708"}],"wp:term":[{"taxonomy":"colecciones","embeddable":true,"href":"https:\/\/walkingmum.com\/fr\/wp-json\/wp\/v2\/colecciones?post=35708"},{"taxonomy":"product_brand","embeddable":true,"href":"https:\/\/walkingmum.com\/fr\/wp-json\/wp\/v2\/product_brand?post=35708"},{"taxonomy":"product_cat","embeddable":true,"href":"https:\/\/walkingmum.com\/fr\/wp-json\/wp\/v2\/product_cat?post=35708"},{"taxonomy":"product_tag","embeddable":true,"href":"https:\/\/walkingmum.com\/fr\/wp-json\/wp\/v2\/product_tag?post=35708"}],"curies":[{"name":"wp","href":"https:\/\/api.w.org\/{rel}","templated":true}]}}