{"id":35704,"date":"2026-02-20T07:15:56","date_gmt":"2026-02-20T07:15:56","guid":{"rendered":"https:\/\/walkingmum.com\/?post_type=product&#038;p=35704"},"modified":"2026-02-20T07:15:56","modified_gmt":"2026-02-20T07:15:56","slug":"sac-bandouliere-gondole-praline-vichy-moka","status":"publish","type":"product","link":"https:\/\/walkingmum.com\/fr\/produit\/sac-bandouliere-gondole-praline-vichy-moka\/","title":{"rendered":"SAC BANDOULI\u00c8RE GONDOLE PRALIN\u00c9 VICHY MOKA"},"content":{"rendered":"<p>Fonctionnel, l\u00e9ger et plein de style : le sac id\u00e9al pour les sorties avec b\u00e9b\u00e9. Le sac type gondole port\u00e9 crois\u00e9 Crossbody Gondola Pralin\u00e9 Vichy Moka de Walking Mum est parfait pour celles et ceux qui recherchent un sac maternit\u00e9 l\u00e9ger, compact et tr\u00e8s bien organis\u00e9. Son design courb\u00e9 type gondole est id\u00e9al \u00e0 porter en bandouli\u00e8re, et apporte une touche moderne aussi bien \u00e0 l\u2019\u00e9paule que fix\u00e9 \u00e0 la poussette. Fabriqu\u00e9 avec un traitement d\u00e9perlant, il est r\u00e9sistant, pratique et facile \u00e0 nettoyer. Il comprend des attaches universelles pour poussette. \u00c0 l\u2019int\u00e9rieur, il dispose de 3 poches : 1 poche lat\u00e9rale isotherme (id\u00e9ale pour biberons ou bouteilles) et 2 poches suppl\u00e9mentaires pour organiser couches, lingettes, cl\u00e9s ou t\u00e9l\u00e9phone. Fermeture zipp\u00e9e sur le dessus pour plus de s\u00e9curit\u00e9. Bandouli\u00e8re longue r\u00e9glable pour un port\u00e9 crois\u00e9 ou \u00e0 l\u2019\u00e9paule. Une option polyvalente et tr\u00e8s styl\u00e9e pour le quotidien. Facile \u00e0 nettoyer \u00e0 la main ou en machine \u00e0 30 \u00b0C. Walking Mum prot\u00e8ge votre b\u00e9b\u00e9 en utilisant des tissus de haute qualit\u00e9, sans colorants azo\u00efques ni substances nocives. Notre collection Walking Mum se distingue par un style urbain et moderne qui ne passe pas inaper\u00e7u, pour apporter une touche diff\u00e9rente aux sorties avec votre b\u00e9b\u00e9. Les sacs maternit\u00e9 de cette ligne sont sportifs et pratiques, sp\u00e9cialement con\u00e7us pour les mamans et papas modernes qui appr\u00e9cient les designs actuels et tendance sans compromettre la qualit\u00e9 et la fonctionnalit\u00e9. Sp\u00e9cifications : Mat\u00e9riaux : 65% coton\/35% polyester con tratamiento d\u00e9perlant. Dimensions : 32 x 22 x 12cm.<\/p>\n","protected":false},"excerpt":{"rendered":"<p>Fonctionnel, l\u00e9ger et plein de style : le sac id\u00e9al pour les sorties avec b\u00e9b\u00e9. Le sac type gondole port\u00e9 crois\u00e9 Crossbody Gondola Pralin\u00e9 Vichy Moka de Walking Mum est parfait pour celles et ceux qui recherchent un sac maternit\u00e9 l\u00e9ger, compact et tr\u00e8s bien organis\u00e9. Son design courb\u00e9 type gondole est id\u00e9al \u00e0 porter [&hellip;]<\/p>\n","protected":false},"featured_media":33687,"comment_status":"closed","ping_status":"closed","template":"","meta":{"_acf_changed":false,"inline_featured_image":false},"colecciones":[403],"product_brand":[],"product_cat":[129],"product_tag":[],"class_list":{"0":"post-35704","1":"product","2":"type-product","3":"status-publish","4":"has-post-thumbnail","6":"colecciones-collection-praline","7":"product_cat-sacs-a-langer","9":"first","10":"instock","11":"purchasable","12":"product-type-simple"},"acf":[],"yoast_head":"<!-- This site is optimized with the Yoast SEO plugin v27.3 - https:\/\/yoast.com\/product\/yoast-seo-wordpress\/ -->\n<title>SAC BANDOULI\u00c8RE GONDOLE PRALIN\u00c9 VICHY MOKA - Walking Mum<\/title>\n<meta name=\"robots\" content=\"index, follow, max-snippet:-1, max-image-preview:large, max-video-preview:-1\" \/>\n<link rel=\"canonical\" href=\"https:\/\/walkingmum.com\/fr\/produit\/sac-bandouliere-gondole-praline-vichy-moka\/\" \/>\n<meta property=\"og:locale\" content=\"fr_FR\" \/>\n<meta property=\"og:type\" content=\"article\" \/>\n<meta property=\"og:title\" content=\"SAC BANDOULI\u00c8RE GONDOLE PRALIN\u00c9 VICHY MOKA - Walking Mum\" \/>\n<meta property=\"og:description\" content=\"Fonctionnel, l\u00e9ger et plein de style : le sac id\u00e9al pour les sorties avec b\u00e9b\u00e9. Le sac type gondole port\u00e9 crois\u00e9 Crossbody Gondola Pralin\u00e9 Vichy Moka de Walking Mum est parfait pour celles et ceux qui recherchent un sac maternit\u00e9 l\u00e9ger, compact et tr\u00e8s bien organis\u00e9. Son design courb\u00e9 type gondole est id\u00e9al \u00e0 porter [&hellip;]\" \/>\n<meta property=\"og:url\" content=\"https:\/\/walkingmum.com\/fr\/produit\/sac-bandouliere-gondole-praline-vichy-moka\/\" \/>\n<meta property=\"og:site_name\" content=\"Walking Mum\" \/>\n<meta property=\"og:image\" content=\"https:\/\/walkingmum.com\/wp-content\/uploads\/2026\/02\/1120800672_a.jpg\" \/>\n\t<meta property=\"og:image:width\" content=\"800\" \/>\n\t<meta property=\"og:image:height\" content=\"800\" \/>\n\t<meta property=\"og:image:type\" content=\"image\/jpeg\" \/>\n<meta name=\"twitter:card\" content=\"summary_large_image\" \/>\n<meta name=\"twitter:label1\" content=\"Dur\u00e9e de lecture estim\u00e9e\" \/>\n\t<meta name=\"twitter:data1\" content=\"1 minute\" \/>\n<script type=\"application\/ld+json\" class=\"yoast-schema-graph\">{\"@context\":\"https:\\\/\\\/schema.org\",\"@graph\":[{\"@type\":\"WebPage\",\"@id\":\"https:\\\/\\\/walkingmum.com\\\/fr\\\/produit\\\/sac-bandouliere-gondole-praline-vichy-moka\\\/\",\"url\":\"https:\\\/\\\/walkingmum.com\\\/fr\\\/produit\\\/sac-bandouliere-gondole-praline-vichy-moka\\\/\",\"name\":\"SAC BANDOULI\u00c8RE GONDOLE PRALIN\u00c9 VICHY MOKA - Walking Mum\",\"isPartOf\":{\"@id\":\"https:\\\/\\\/walkingmum.com\\\/#website\"},\"primaryImageOfPage\":{\"@id\":\"https:\\\/\\\/walkingmum.com\\\/fr\\\/produit\\\/sac-bandouliere-gondole-praline-vichy-moka\\\/#primaryimage\"},\"image\":{\"@id\":\"https:\\\/\\\/walkingmum.com\\\/fr\\\/produit\\\/sac-bandouliere-gondole-praline-vichy-moka\\\/#primaryimage\"},\"thumbnailUrl\":\"https:\\\/\\\/walkingmum.com\\\/wp-content\\\/uploads\\\/2026\\\/02\\\/1120800672_a.jpg\",\"datePublished\":\"2026-02-20T07:15:56+00:00\",\"breadcrumb\":{\"@id\":\"https:\\\/\\\/walkingmum.com\\\/fr\\\/produit\\\/sac-bandouliere-gondole-praline-vichy-moka\\\/#breadcrumb\"},\"inLanguage\":\"fr-FR\",\"potentialAction\":[{\"@type\":\"ReadAction\",\"target\":[\"https:\\\/\\\/walkingmum.com\\\/fr\\\/produit\\\/sac-bandouliere-gondole-praline-vichy-moka\\\/\"]}]},{\"@type\":\"ImageObject\",\"inLanguage\":\"fr-FR\",\"@id\":\"https:\\\/\\\/walkingmum.com\\\/fr\\\/produit\\\/sac-bandouliere-gondole-praline-vichy-moka\\\/#primaryimage\",\"url\":\"https:\\\/\\\/walkingmum.com\\\/wp-content\\\/uploads\\\/2026\\\/02\\\/1120800672_a.jpg\",\"contentUrl\":\"https:\\\/\\\/walkingmum.com\\\/wp-content\\\/uploads\\\/2026\\\/02\\\/1120800672_a.jpg\",\"width\":800,\"height\":800},{\"@type\":\"BreadcrumbList\",\"@id\":\"https:\\\/\\\/walkingmum.com\\\/fr\\\/produit\\\/sac-bandouliere-gondole-praline-vichy-moka\\\/#breadcrumb\",\"itemListElement\":[{\"@type\":\"ListItem\",\"position\":1,\"name\":\"Portada\",\"item\":\"https:\\\/\\\/walkingmum.com\\\/fr\\\/\"},{\"@type\":\"ListItem\",\"position\":2,\"name\":\"Tienda\",\"item\":\"https:\\\/\\\/walkingmum.com\\\/tienda\\\/\"},{\"@type\":\"ListItem\",\"position\":3,\"name\":\"SAC BANDOULI\u00c8RE GONDOLE PRALIN\u00c9 VICHY MOKA\"}]},{\"@type\":\"WebSite\",\"@id\":\"https:\\\/\\\/walkingmum.com\\\/#website\",\"url\":\"https:\\\/\\\/walkingmum.com\\\/\",\"name\":\"Walking Mum\",\"description\":\"La marca para beb\u00e9s modernos\",\"potentialAction\":[{\"@type\":\"SearchAction\",\"target\":{\"@type\":\"EntryPoint\",\"urlTemplate\":\"https:\\\/\\\/walkingmum.com\\\/?s={search_term_string}\"},\"query-input\":{\"@type\":\"PropertyValueSpecification\",\"valueRequired\":true,\"valueName\":\"search_term_string\"}}],\"inLanguage\":\"fr-FR\"}]}<\/script>\n<!-- \/ Yoast SEO plugin. -->","yoast_head_json":{"title":"SAC BANDOULI\u00c8RE GONDOLE PRALIN\u00c9 VICHY MOKA - Walking Mum","robots":{"index":"index","follow":"follow","max-snippet":"max-snippet:-1","max-image-preview":"max-image-preview:large","max-video-preview":"max-video-preview:-1"},"canonical":"https:\/\/walkingmum.com\/fr\/produit\/sac-bandouliere-gondole-praline-vichy-moka\/","og_locale":"fr_FR","og_type":"article","og_title":"SAC BANDOULI\u00c8RE GONDOLE PRALIN\u00c9 VICHY MOKA - Walking Mum","og_description":"Fonctionnel, l\u00e9ger et plein de style : le sac id\u00e9al pour les sorties avec b\u00e9b\u00e9. Le sac type gondole port\u00e9 crois\u00e9 Crossbody Gondola Pralin\u00e9 Vichy Moka de Walking Mum est parfait pour celles et ceux qui recherchent un sac maternit\u00e9 l\u00e9ger, compact et tr\u00e8s bien organis\u00e9. Son design courb\u00e9 type gondole est id\u00e9al \u00e0 porter [&hellip;]","og_url":"https:\/\/walkingmum.com\/fr\/produit\/sac-bandouliere-gondole-praline-vichy-moka\/","og_site_name":"Walking Mum","og_image":[{"width":800,"height":800,"url":"https:\/\/walkingmum.com\/wp-content\/uploads\/2026\/02\/1120800672_a.jpg","type":"image\/jpeg"}],"twitter_card":"summary_large_image","twitter_misc":{"Dur\u00e9e de lecture estim\u00e9e":"1 minute"},"schema":{"@context":"https:\/\/schema.org","@graph":[{"@type":"WebPage","@id":"https:\/\/walkingmum.com\/fr\/produit\/sac-bandouliere-gondole-praline-vichy-moka\/","url":"https:\/\/walkingmum.com\/fr\/produit\/sac-bandouliere-gondole-praline-vichy-moka\/","name":"SAC BANDOULI\u00c8RE GONDOLE PRALIN\u00c9 VICHY MOKA - Walking Mum","isPartOf":{"@id":"https:\/\/walkingmum.com\/#website"},"primaryImageOfPage":{"@id":"https:\/\/walkingmum.com\/fr\/produit\/sac-bandouliere-gondole-praline-vichy-moka\/#primaryimage"},"image":{"@id":"https:\/\/walkingmum.com\/fr\/produit\/sac-bandouliere-gondole-praline-vichy-moka\/#primaryimage"},"thumbnailUrl":"https:\/\/walkingmum.com\/wp-content\/uploads\/2026\/02\/1120800672_a.jpg","datePublished":"2026-02-20T07:15:56+00:00","breadcrumb":{"@id":"https:\/\/walkingmum.com\/fr\/produit\/sac-bandouliere-gondole-praline-vichy-moka\/#breadcrumb"},"inLanguage":"fr-FR","potentialAction":[{"@type":"ReadAction","target":["https:\/\/walkingmum.com\/fr\/produit\/sac-bandouliere-gondole-praline-vichy-moka\/"]}]},{"@type":"ImageObject","inLanguage":"fr-FR","@id":"https:\/\/walkingmum.com\/fr\/produit\/sac-bandouliere-gondole-praline-vichy-moka\/#primaryimage","url":"https:\/\/walkingmum.com\/wp-content\/uploads\/2026\/02\/1120800672_a.jpg","contentUrl":"https:\/\/walkingmum.com\/wp-content\/uploads\/2026\/02\/1120800672_a.jpg","width":800,"height":800},{"@type":"BreadcrumbList","@id":"https:\/\/walkingmum.com\/fr\/produit\/sac-bandouliere-gondole-praline-vichy-moka\/#breadcrumb","itemListElement":[{"@type":"ListItem","position":1,"name":"Portada","item":"https:\/\/walkingmum.com\/fr\/"},{"@type":"ListItem","position":2,"name":"Tienda","item":"https:\/\/walkingmum.com\/tienda\/"},{"@type":"ListItem","position":3,"name":"SAC BANDOULI\u00c8RE GONDOLE PRALIN\u00c9 VICHY MOKA"}]},{"@type":"WebSite","@id":"https:\/\/walkingmum.com\/#website","url":"https:\/\/walkingmum.com\/","name":"Walking Mum","description":"La marca para beb\u00e9s modernos","potentialAction":[{"@type":"SearchAction","target":{"@type":"EntryPoint","urlTemplate":"https:\/\/walkingmum.com\/?s={search_term_string}"},"query-input":{"@type":"PropertyValueSpecification","valueRequired":true,"valueName":"search_term_string"}}],"inLanguage":"fr-FR"}]}},"_links":{"self":[{"href":"https:\/\/walkingmum.com\/fr\/wp-json\/wp\/v2\/product\/35704","targetHints":{"allow":["GET"]}}],"collection":[{"href":"https:\/\/walkingmum.com\/fr\/wp-json\/wp\/v2\/product"}],"about":[{"href":"https:\/\/walkingmum.com\/fr\/wp-json\/wp\/v2\/types\/product"}],"replies":[{"embeddable":true,"href":"https:\/\/walkingmum.com\/fr\/wp-json\/wp\/v2\/comments?post=35704"}],"wp:featuredmedia":[{"embeddable":true,"href":"https:\/\/walkingmum.com\/fr\/wp-json\/wp\/v2\/media\/33687"}],"wp:attachment":[{"href":"https:\/\/walkingmum.com\/fr\/wp-json\/wp\/v2\/media?parent=35704"}],"wp:term":[{"taxonomy":"colecciones","embeddable":true,"href":"https:\/\/walkingmum.com\/fr\/wp-json\/wp\/v2\/colecciones?post=35704"},{"taxonomy":"product_brand","embeddable":true,"href":"https:\/\/walkingmum.com\/fr\/wp-json\/wp\/v2\/product_brand?post=35704"},{"taxonomy":"product_cat","embeddable":true,"href":"https:\/\/walkingmum.com\/fr\/wp-json\/wp\/v2\/product_cat?post=35704"},{"taxonomy":"product_tag","embeddable":true,"href":"https:\/\/walkingmum.com\/fr\/wp-json\/wp\/v2\/product_tag?post=35704"}],"curies":[{"name":"wp","href":"https:\/\/api.w.org\/{rel}","templated":true}]}}