{"id":35703,"date":"2026-02-20T07:15:57","date_gmt":"2026-02-20T07:15:57","guid":{"rendered":"https:\/\/walkingmum.com\/?post_type=product&#038;p=35703"},"modified":"2026-02-20T07:15:57","modified_gmt":"2026-02-20T07:15:57","slug":"sac-bucket-praline-rayures-matcha","status":"publish","type":"product","link":"https:\/\/walkingmum.com\/fr\/produit\/sac-bucket-praline-rayures-matcha\/","title":{"rendered":"SAC BUCKET PRALIN\u00c9 RAYURES MATCHA"},"content":{"rendered":"<p>Le sac seau Bucket Pralin\u00e9 Rayas Matcha est l\u2019accessoire parfait pour accompagner chaque sortie avec style et fonctionnalit\u00e9. Son motif rayures dans un ton matcha apporte une touche fra\u00eeche, naturelle et intemporelle, id\u00e9ale \u00e0 associer \u00e0 n\u2019importe quelle poussette. Gr\u00e2ce \u00e0 son format seau tr\u00e8s pratique, il est parfait pour garder l\u2019essentiel de b\u00e9b\u00e9 toujours \u00e0 port\u00e9e de main : couches, lange, biberon ou petits accessoires. Confectionn\u00e9 avec un traitement d\u00e9perlant, il est facile \u00e0 nettoyer \u00e0 la main ou en machine \u00e0 30 \u00b0C, pens\u00e9 pour un usage quotidien et pour s\u2019adapter au rythme r\u00e9el des familles. Il comprend des anses pour le suspendre facilement \u00e0 la poussette, en trouvant l\u2019\u00e9quilibre parfait entre confort et design. Un indispensable polyvalent, l\u00e9ger, avec tout le charme serein qui d\u00e9finit la collection Pralin\u00e9. Un sac fonctionnel, joli et soign\u00e9 dans les moindres d\u00e9tails, pour profiter de chaque promenade. Walking Mum prot\u00e8ge votre b\u00e9b\u00e9 en utilisant des tissus de haute qualit\u00e9, sans colorants azo\u00efques ni substances nocives. Notre collection Walking Mum se distingue par un style urbain et moderne qui ne passe pas inaper\u00e7u, pour apporter une touche diff\u00e9rente aux sorties avec votre b\u00e9b\u00e9. Les sacs maternit\u00e9 de cette ligne sont sportifs et pratiques, sp\u00e9cialement con\u00e7us pour les mamans et papas modernes qui appr\u00e9cient les designs actuels et tendance sans compromettre la qualit\u00e9 et la fonctionnalit\u00e9. Sp\u00e9cifications : Mat\u00e9riaux : 65% coton\/35% polyester con traitement d\u00e9perlant. Dimensions : 25 x 28 x 20cm.<\/p>\n","protected":false},"excerpt":{"rendered":"<p>Le sac seau Bucket Pralin\u00e9 Rayas Matcha est l\u2019accessoire parfait pour accompagner chaque sortie avec style et fonctionnalit\u00e9. Son motif rayures dans un ton matcha apporte une touche fra\u00eeche, naturelle et intemporelle, id\u00e9ale \u00e0 associer \u00e0 n\u2019importe quelle poussette. Gr\u00e2ce \u00e0 son format seau tr\u00e8s pratique, il est parfait pour garder l\u2019essentiel de b\u00e9b\u00e9 toujours [&hellip;]<\/p>\n","protected":false},"featured_media":33662,"comment_status":"closed","ping_status":"closed","template":"","meta":{"_acf_changed":false,"inline_featured_image":false},"colecciones":[403],"product_brand":[],"product_cat":[129],"product_tag":[],"class_list":{"0":"post-35703","1":"product","2":"type-product","3":"status-publish","4":"has-post-thumbnail","6":"colecciones-collection-praline","7":"product_cat-sacs-a-langer","9":"first","10":"instock","11":"purchasable","12":"product-type-simple"},"acf":[],"yoast_head":"<!-- This site is optimized with the Yoast SEO plugin v27.3 - https:\/\/yoast.com\/product\/yoast-seo-wordpress\/ -->\n<title>SAC BUCKET PRALIN\u00c9 RAYURES MATCHA - Walking Mum<\/title>\n<meta name=\"robots\" content=\"index, follow, max-snippet:-1, max-image-preview:large, max-video-preview:-1\" \/>\n<link rel=\"canonical\" href=\"https:\/\/walkingmum.com\/fr\/produit\/sac-bucket-praline-rayures-matcha\/\" \/>\n<meta property=\"og:locale\" content=\"fr_FR\" \/>\n<meta property=\"og:type\" content=\"article\" \/>\n<meta property=\"og:title\" content=\"SAC BUCKET PRALIN\u00c9 RAYURES MATCHA - Walking Mum\" \/>\n<meta property=\"og:description\" content=\"Le sac seau Bucket Pralin\u00e9 Rayas Matcha est l\u2019accessoire parfait pour accompagner chaque sortie avec style et fonctionnalit\u00e9. Son motif rayures dans un ton matcha apporte une touche fra\u00eeche, naturelle et intemporelle, id\u00e9ale \u00e0 associer \u00e0 n\u2019importe quelle poussette. Gr\u00e2ce \u00e0 son format seau tr\u00e8s pratique, il est parfait pour garder l\u2019essentiel de b\u00e9b\u00e9 toujours [&hellip;]\" \/>\n<meta property=\"og:url\" content=\"https:\/\/walkingmum.com\/fr\/produit\/sac-bucket-praline-rayures-matcha\/\" \/>\n<meta property=\"og:site_name\" content=\"Walking Mum\" \/>\n<meta property=\"og:image\" content=\"https:\/\/walkingmum.com\/wp-content\/uploads\/2026\/02\/1120800807_a.jpg\" \/>\n\t<meta property=\"og:image:width\" content=\"800\" \/>\n\t<meta property=\"og:image:height\" content=\"800\" \/>\n\t<meta property=\"og:image:type\" content=\"image\/jpeg\" \/>\n<meta name=\"twitter:card\" content=\"summary_large_image\" \/>\n<meta name=\"twitter:label1\" content=\"Dur\u00e9e de lecture estim\u00e9e\" \/>\n\t<meta name=\"twitter:data1\" content=\"1 minute\" \/>\n<script type=\"application\/ld+json\" class=\"yoast-schema-graph\">{\"@context\":\"https:\\\/\\\/schema.org\",\"@graph\":[{\"@type\":\"WebPage\",\"@id\":\"https:\\\/\\\/walkingmum.com\\\/fr\\\/produit\\\/sac-bucket-praline-rayures-matcha\\\/\",\"url\":\"https:\\\/\\\/walkingmum.com\\\/fr\\\/produit\\\/sac-bucket-praline-rayures-matcha\\\/\",\"name\":\"SAC BUCKET PRALIN\u00c9 RAYURES MATCHA - Walking Mum\",\"isPartOf\":{\"@id\":\"https:\\\/\\\/walkingmum.com\\\/#website\"},\"primaryImageOfPage\":{\"@id\":\"https:\\\/\\\/walkingmum.com\\\/fr\\\/produit\\\/sac-bucket-praline-rayures-matcha\\\/#primaryimage\"},\"image\":{\"@id\":\"https:\\\/\\\/walkingmum.com\\\/fr\\\/produit\\\/sac-bucket-praline-rayures-matcha\\\/#primaryimage\"},\"thumbnailUrl\":\"https:\\\/\\\/walkingmum.com\\\/wp-content\\\/uploads\\\/2026\\\/02\\\/1120800807_a.jpg\",\"datePublished\":\"2026-02-20T07:15:57+00:00\",\"breadcrumb\":{\"@id\":\"https:\\\/\\\/walkingmum.com\\\/fr\\\/produit\\\/sac-bucket-praline-rayures-matcha\\\/#breadcrumb\"},\"inLanguage\":\"fr-FR\",\"potentialAction\":[{\"@type\":\"ReadAction\",\"target\":[\"https:\\\/\\\/walkingmum.com\\\/fr\\\/produit\\\/sac-bucket-praline-rayures-matcha\\\/\"]}]},{\"@type\":\"ImageObject\",\"inLanguage\":\"fr-FR\",\"@id\":\"https:\\\/\\\/walkingmum.com\\\/fr\\\/produit\\\/sac-bucket-praline-rayures-matcha\\\/#primaryimage\",\"url\":\"https:\\\/\\\/walkingmum.com\\\/wp-content\\\/uploads\\\/2026\\\/02\\\/1120800807_a.jpg\",\"contentUrl\":\"https:\\\/\\\/walkingmum.com\\\/wp-content\\\/uploads\\\/2026\\\/02\\\/1120800807_a.jpg\",\"width\":800,\"height\":800},{\"@type\":\"BreadcrumbList\",\"@id\":\"https:\\\/\\\/walkingmum.com\\\/fr\\\/produit\\\/sac-bucket-praline-rayures-matcha\\\/#breadcrumb\",\"itemListElement\":[{\"@type\":\"ListItem\",\"position\":1,\"name\":\"Portada\",\"item\":\"https:\\\/\\\/walkingmum.com\\\/fr\\\/\"},{\"@type\":\"ListItem\",\"position\":2,\"name\":\"Tienda\",\"item\":\"https:\\\/\\\/walkingmum.com\\\/tienda\\\/\"},{\"@type\":\"ListItem\",\"position\":3,\"name\":\"SAC BUCKET PRALIN\u00c9 RAYURES MATCHA\"}]},{\"@type\":\"WebSite\",\"@id\":\"https:\\\/\\\/walkingmum.com\\\/#website\",\"url\":\"https:\\\/\\\/walkingmum.com\\\/\",\"name\":\"Walking Mum\",\"description\":\"La marca para beb\u00e9s modernos\",\"potentialAction\":[{\"@type\":\"SearchAction\",\"target\":{\"@type\":\"EntryPoint\",\"urlTemplate\":\"https:\\\/\\\/walkingmum.com\\\/?s={search_term_string}\"},\"query-input\":{\"@type\":\"PropertyValueSpecification\",\"valueRequired\":true,\"valueName\":\"search_term_string\"}}],\"inLanguage\":\"fr-FR\"}]}<\/script>\n<!-- \/ Yoast SEO plugin. -->","yoast_head_json":{"title":"SAC BUCKET PRALIN\u00c9 RAYURES MATCHA - Walking Mum","robots":{"index":"index","follow":"follow","max-snippet":"max-snippet:-1","max-image-preview":"max-image-preview:large","max-video-preview":"max-video-preview:-1"},"canonical":"https:\/\/walkingmum.com\/fr\/produit\/sac-bucket-praline-rayures-matcha\/","og_locale":"fr_FR","og_type":"article","og_title":"SAC BUCKET PRALIN\u00c9 RAYURES MATCHA - Walking Mum","og_description":"Le sac seau Bucket Pralin\u00e9 Rayas Matcha est l\u2019accessoire parfait pour accompagner chaque sortie avec style et fonctionnalit\u00e9. Son motif rayures dans un ton matcha apporte une touche fra\u00eeche, naturelle et intemporelle, id\u00e9ale \u00e0 associer \u00e0 n\u2019importe quelle poussette. Gr\u00e2ce \u00e0 son format seau tr\u00e8s pratique, il est parfait pour garder l\u2019essentiel de b\u00e9b\u00e9 toujours [&hellip;]","og_url":"https:\/\/walkingmum.com\/fr\/produit\/sac-bucket-praline-rayures-matcha\/","og_site_name":"Walking Mum","og_image":[{"width":800,"height":800,"url":"https:\/\/walkingmum.com\/wp-content\/uploads\/2026\/02\/1120800807_a.jpg","type":"image\/jpeg"}],"twitter_card":"summary_large_image","twitter_misc":{"Dur\u00e9e de lecture estim\u00e9e":"1 minute"},"schema":{"@context":"https:\/\/schema.org","@graph":[{"@type":"WebPage","@id":"https:\/\/walkingmum.com\/fr\/produit\/sac-bucket-praline-rayures-matcha\/","url":"https:\/\/walkingmum.com\/fr\/produit\/sac-bucket-praline-rayures-matcha\/","name":"SAC BUCKET PRALIN\u00c9 RAYURES MATCHA - Walking Mum","isPartOf":{"@id":"https:\/\/walkingmum.com\/#website"},"primaryImageOfPage":{"@id":"https:\/\/walkingmum.com\/fr\/produit\/sac-bucket-praline-rayures-matcha\/#primaryimage"},"image":{"@id":"https:\/\/walkingmum.com\/fr\/produit\/sac-bucket-praline-rayures-matcha\/#primaryimage"},"thumbnailUrl":"https:\/\/walkingmum.com\/wp-content\/uploads\/2026\/02\/1120800807_a.jpg","datePublished":"2026-02-20T07:15:57+00:00","breadcrumb":{"@id":"https:\/\/walkingmum.com\/fr\/produit\/sac-bucket-praline-rayures-matcha\/#breadcrumb"},"inLanguage":"fr-FR","potentialAction":[{"@type":"ReadAction","target":["https:\/\/walkingmum.com\/fr\/produit\/sac-bucket-praline-rayures-matcha\/"]}]},{"@type":"ImageObject","inLanguage":"fr-FR","@id":"https:\/\/walkingmum.com\/fr\/produit\/sac-bucket-praline-rayures-matcha\/#primaryimage","url":"https:\/\/walkingmum.com\/wp-content\/uploads\/2026\/02\/1120800807_a.jpg","contentUrl":"https:\/\/walkingmum.com\/wp-content\/uploads\/2026\/02\/1120800807_a.jpg","width":800,"height":800},{"@type":"BreadcrumbList","@id":"https:\/\/walkingmum.com\/fr\/produit\/sac-bucket-praline-rayures-matcha\/#breadcrumb","itemListElement":[{"@type":"ListItem","position":1,"name":"Portada","item":"https:\/\/walkingmum.com\/fr\/"},{"@type":"ListItem","position":2,"name":"Tienda","item":"https:\/\/walkingmum.com\/tienda\/"},{"@type":"ListItem","position":3,"name":"SAC BUCKET PRALIN\u00c9 RAYURES MATCHA"}]},{"@type":"WebSite","@id":"https:\/\/walkingmum.com\/#website","url":"https:\/\/walkingmum.com\/","name":"Walking Mum","description":"La marca para beb\u00e9s modernos","potentialAction":[{"@type":"SearchAction","target":{"@type":"EntryPoint","urlTemplate":"https:\/\/walkingmum.com\/?s={search_term_string}"},"query-input":{"@type":"PropertyValueSpecification","valueRequired":true,"valueName":"search_term_string"}}],"inLanguage":"fr-FR"}]}},"_links":{"self":[{"href":"https:\/\/walkingmum.com\/fr\/wp-json\/wp\/v2\/product\/35703","targetHints":{"allow":["GET"]}}],"collection":[{"href":"https:\/\/walkingmum.com\/fr\/wp-json\/wp\/v2\/product"}],"about":[{"href":"https:\/\/walkingmum.com\/fr\/wp-json\/wp\/v2\/types\/product"}],"replies":[{"embeddable":true,"href":"https:\/\/walkingmum.com\/fr\/wp-json\/wp\/v2\/comments?post=35703"}],"wp:featuredmedia":[{"embeddable":true,"href":"https:\/\/walkingmum.com\/fr\/wp-json\/wp\/v2\/media\/33662"}],"wp:attachment":[{"href":"https:\/\/walkingmum.com\/fr\/wp-json\/wp\/v2\/media?parent=35703"}],"wp:term":[{"taxonomy":"colecciones","embeddable":true,"href":"https:\/\/walkingmum.com\/fr\/wp-json\/wp\/v2\/colecciones?post=35703"},{"taxonomy":"product_brand","embeddable":true,"href":"https:\/\/walkingmum.com\/fr\/wp-json\/wp\/v2\/product_brand?post=35703"},{"taxonomy":"product_cat","embeddable":true,"href":"https:\/\/walkingmum.com\/fr\/wp-json\/wp\/v2\/product_cat?post=35703"},{"taxonomy":"product_tag","embeddable":true,"href":"https:\/\/walkingmum.com\/fr\/wp-json\/wp\/v2\/product_tag?post=35703"}],"curies":[{"name":"wp","href":"https:\/\/api.w.org\/{rel}","templated":true}]}}