{"id":35696,"date":"2026-02-20T07:15:54","date_gmt":"2026-02-20T07:15:54","guid":{"rendered":"https:\/\/walkingmum.com\/?post_type=product&#038;p=35696"},"modified":"2026-02-20T07:15:54","modified_gmt":"2026-02-20T07:15:54","slug":"sac-a-dos-praline-vichy-moka","status":"publish","type":"product","link":"https:\/\/walkingmum.com\/fr\/produit\/sac-a-dos-praline-vichy-moka\/","title":{"rendered":"SAC \u00c0 DOS PRALIN\u00c9 VICHY MOKA"},"content":{"rendered":"<p>Un sac maternit\u00e9 et sac \u00e0 dos en m\u00eame temps, id\u00e9al pour transporter vos affaires et celles de votre b\u00e9b\u00e9 avec style lors de toutes vos sorties. Le sac \u00e0 dos Pralin\u00e9 Vichy Moka est fabriqu\u00e9 avec un traitement d\u00e9perlant. Ce mod\u00e8le multifonction est tr\u00e8s l\u00e9ger, r\u00e9sistant et de grande capacit\u00e9 pour emporter tout le n\u00e9cessaire. Son design offre 3 poches ext\u00e9rieures et 4 poches int\u00e9rieures pour tout garder organis\u00e9 et \u00e0 port\u00e9e de main. \u00c0 l\u2019ext\u00e9rieur, il dispose d\u2019une poche frontale zipp\u00e9e et de deux poches lat\u00e9rales pour biberons ou bouteilles. \u00c0 l\u2019int\u00e9rieur, il comprend une poche plastifi\u00e9e pour les v\u00eatements humides, une poche isotherme pour les biberons et deux poches suppl\u00e9mentaires pour l\u2019essentiel. Il inclut un matelas \u00e0 langer assorti. Il comprend 2 anses courtes r\u00e9glables pour une fixation facile \u00e0 la poussette, des anses \u00e0 main et des bretelles rembourr\u00e9es pour un port confortable sur le dos. Grande qualit\u00e9 et beaucoup de style. Facile \u00e0 nettoyer \u00e0 la main ou en machine \u00e0 30 \u00b0C. Walking Mum prot\u00e8ge votre b\u00e9b\u00e9 en utilisant des tissus de haute qualit\u00e9, sans colorants azo\u00efques ni substances nocives. Notre collection Walking Mum conserve toute la qualit\u00e9 de la marque Pasito a Pasito avec une touche urbaine et moderne qui ne passe pas inaper\u00e7ue lors de chaque sortie. Les sacs maternit\u00e9 de cette ligne sont sportifs et pratiques, sp\u00e9cialement con\u00e7us pour les mamans et papas modernes qui appr\u00e9cient les designs actuels et tendance sans compromettre la qualit\u00e9 et la fonctionnalit\u00e9. Sp\u00e9cifications : Mat\u00e9riaux : 65% coton\/35% polyester con tratamiento d\u00e9perlant. Dimensions : 37 x 28 x 13cm.<\/p>\n","protected":false},"excerpt":{"rendered":"<p>Un sac maternit\u00e9 et sac \u00e0 dos en m\u00eame temps, id\u00e9al pour transporter vos affaires et celles de votre b\u00e9b\u00e9 avec style lors de toutes vos sorties. Le sac \u00e0 dos Pralin\u00e9 Vichy Moka est fabriqu\u00e9 avec un traitement d\u00e9perlant. Ce mod\u00e8le multifonction est tr\u00e8s l\u00e9ger, r\u00e9sistant et de grande capacit\u00e9 pour emporter tout le [&hellip;]<\/p>\n","protected":false},"featured_media":33415,"comment_status":"closed","ping_status":"closed","template":"","meta":{"_acf_changed":false,"inline_featured_image":false},"colecciones":[403],"product_brand":[],"product_cat":[132],"product_tag":[],"class_list":{"0":"post-35696","1":"product","2":"type-product","3":"status-publish","4":"has-post-thumbnail","6":"colecciones-collection-praline","7":"product_cat-sacs-a-dos-a-langer","9":"first","10":"instock","11":"purchasable","12":"product-type-simple"},"acf":[],"yoast_head":"<!-- This site is optimized with the Yoast SEO plugin v27.3 - https:\/\/yoast.com\/product\/yoast-seo-wordpress\/ -->\n<title>SAC \u00c0 DOS PRALIN\u00c9 VICHY MOKA - Walking Mum<\/title>\n<meta name=\"robots\" content=\"index, follow, max-snippet:-1, max-image-preview:large, max-video-preview:-1\" \/>\n<link rel=\"canonical\" href=\"https:\/\/walkingmum.com\/fr\/produit\/sac-a-dos-praline-vichy-moka\/\" \/>\n<meta property=\"og:locale\" content=\"fr_FR\" \/>\n<meta property=\"og:type\" content=\"article\" \/>\n<meta property=\"og:title\" content=\"SAC \u00c0 DOS PRALIN\u00c9 VICHY MOKA - Walking Mum\" \/>\n<meta property=\"og:description\" content=\"Un sac maternit\u00e9 et sac \u00e0 dos en m\u00eame temps, id\u00e9al pour transporter vos affaires et celles de votre b\u00e9b\u00e9 avec style lors de toutes vos sorties. Le sac \u00e0 dos Pralin\u00e9 Vichy Moka est fabriqu\u00e9 avec un traitement d\u00e9perlant. Ce mod\u00e8le multifonction est tr\u00e8s l\u00e9ger, r\u00e9sistant et de grande capacit\u00e9 pour emporter tout le [&hellip;]\" \/>\n<meta property=\"og:url\" content=\"https:\/\/walkingmum.com\/fr\/produit\/sac-a-dos-praline-vichy-moka\/\" \/>\n<meta property=\"og:site_name\" content=\"Walking Mum\" \/>\n<meta property=\"og:image\" content=\"https:\/\/walkingmum.com\/wp-content\/uploads\/2026\/02\/1120800668_a.jpg\" \/>\n\t<meta property=\"og:image:width\" content=\"800\" \/>\n\t<meta property=\"og:image:height\" content=\"800\" \/>\n\t<meta property=\"og:image:type\" content=\"image\/jpeg\" \/>\n<meta name=\"twitter:card\" content=\"summary_large_image\" \/>\n<meta name=\"twitter:label1\" content=\"Dur\u00e9e de lecture estim\u00e9e\" \/>\n\t<meta name=\"twitter:data1\" content=\"1 minute\" \/>\n<script type=\"application\/ld+json\" class=\"yoast-schema-graph\">{\"@context\":\"https:\\\/\\\/schema.org\",\"@graph\":[{\"@type\":\"WebPage\",\"@id\":\"https:\\\/\\\/walkingmum.com\\\/fr\\\/produit\\\/sac-a-dos-praline-vichy-moka\\\/\",\"url\":\"https:\\\/\\\/walkingmum.com\\\/fr\\\/produit\\\/sac-a-dos-praline-vichy-moka\\\/\",\"name\":\"SAC \u00c0 DOS PRALIN\u00c9 VICHY MOKA - Walking Mum\",\"isPartOf\":{\"@id\":\"https:\\\/\\\/walkingmum.com\\\/#website\"},\"primaryImageOfPage\":{\"@id\":\"https:\\\/\\\/walkingmum.com\\\/fr\\\/produit\\\/sac-a-dos-praline-vichy-moka\\\/#primaryimage\"},\"image\":{\"@id\":\"https:\\\/\\\/walkingmum.com\\\/fr\\\/produit\\\/sac-a-dos-praline-vichy-moka\\\/#primaryimage\"},\"thumbnailUrl\":\"https:\\\/\\\/walkingmum.com\\\/wp-content\\\/uploads\\\/2026\\\/02\\\/1120800668_a.jpg\",\"datePublished\":\"2026-02-20T07:15:54+00:00\",\"breadcrumb\":{\"@id\":\"https:\\\/\\\/walkingmum.com\\\/fr\\\/produit\\\/sac-a-dos-praline-vichy-moka\\\/#breadcrumb\"},\"inLanguage\":\"fr-FR\",\"potentialAction\":[{\"@type\":\"ReadAction\",\"target\":[\"https:\\\/\\\/walkingmum.com\\\/fr\\\/produit\\\/sac-a-dos-praline-vichy-moka\\\/\"]}]},{\"@type\":\"ImageObject\",\"inLanguage\":\"fr-FR\",\"@id\":\"https:\\\/\\\/walkingmum.com\\\/fr\\\/produit\\\/sac-a-dos-praline-vichy-moka\\\/#primaryimage\",\"url\":\"https:\\\/\\\/walkingmum.com\\\/wp-content\\\/uploads\\\/2026\\\/02\\\/1120800668_a.jpg\",\"contentUrl\":\"https:\\\/\\\/walkingmum.com\\\/wp-content\\\/uploads\\\/2026\\\/02\\\/1120800668_a.jpg\",\"width\":800,\"height\":800},{\"@type\":\"BreadcrumbList\",\"@id\":\"https:\\\/\\\/walkingmum.com\\\/fr\\\/produit\\\/sac-a-dos-praline-vichy-moka\\\/#breadcrumb\",\"itemListElement\":[{\"@type\":\"ListItem\",\"position\":1,\"name\":\"Portada\",\"item\":\"https:\\\/\\\/walkingmum.com\\\/fr\\\/\"},{\"@type\":\"ListItem\",\"position\":2,\"name\":\"Tienda\",\"item\":\"https:\\\/\\\/walkingmum.com\\\/tienda\\\/\"},{\"@type\":\"ListItem\",\"position\":3,\"name\":\"SAC \u00c0 DOS PRALIN\u00c9 VICHY MOKA\"}]},{\"@type\":\"WebSite\",\"@id\":\"https:\\\/\\\/walkingmum.com\\\/#website\",\"url\":\"https:\\\/\\\/walkingmum.com\\\/\",\"name\":\"Walking Mum\",\"description\":\"La marca para beb\u00e9s modernos\",\"potentialAction\":[{\"@type\":\"SearchAction\",\"target\":{\"@type\":\"EntryPoint\",\"urlTemplate\":\"https:\\\/\\\/walkingmum.com\\\/?s={search_term_string}\"},\"query-input\":{\"@type\":\"PropertyValueSpecification\",\"valueRequired\":true,\"valueName\":\"search_term_string\"}}],\"inLanguage\":\"fr-FR\"}]}<\/script>\n<!-- \/ Yoast SEO plugin. -->","yoast_head_json":{"title":"SAC \u00c0 DOS PRALIN\u00c9 VICHY MOKA - Walking Mum","robots":{"index":"index","follow":"follow","max-snippet":"max-snippet:-1","max-image-preview":"max-image-preview:large","max-video-preview":"max-video-preview:-1"},"canonical":"https:\/\/walkingmum.com\/fr\/produit\/sac-a-dos-praline-vichy-moka\/","og_locale":"fr_FR","og_type":"article","og_title":"SAC \u00c0 DOS PRALIN\u00c9 VICHY MOKA - Walking Mum","og_description":"Un sac maternit\u00e9 et sac \u00e0 dos en m\u00eame temps, id\u00e9al pour transporter vos affaires et celles de votre b\u00e9b\u00e9 avec style lors de toutes vos sorties. Le sac \u00e0 dos Pralin\u00e9 Vichy Moka est fabriqu\u00e9 avec un traitement d\u00e9perlant. Ce mod\u00e8le multifonction est tr\u00e8s l\u00e9ger, r\u00e9sistant et de grande capacit\u00e9 pour emporter tout le [&hellip;]","og_url":"https:\/\/walkingmum.com\/fr\/produit\/sac-a-dos-praline-vichy-moka\/","og_site_name":"Walking Mum","og_image":[{"width":800,"height":800,"url":"https:\/\/walkingmum.com\/wp-content\/uploads\/2026\/02\/1120800668_a.jpg","type":"image\/jpeg"}],"twitter_card":"summary_large_image","twitter_misc":{"Dur\u00e9e de lecture estim\u00e9e":"1 minute"},"schema":{"@context":"https:\/\/schema.org","@graph":[{"@type":"WebPage","@id":"https:\/\/walkingmum.com\/fr\/produit\/sac-a-dos-praline-vichy-moka\/","url":"https:\/\/walkingmum.com\/fr\/produit\/sac-a-dos-praline-vichy-moka\/","name":"SAC \u00c0 DOS PRALIN\u00c9 VICHY MOKA - Walking Mum","isPartOf":{"@id":"https:\/\/walkingmum.com\/#website"},"primaryImageOfPage":{"@id":"https:\/\/walkingmum.com\/fr\/produit\/sac-a-dos-praline-vichy-moka\/#primaryimage"},"image":{"@id":"https:\/\/walkingmum.com\/fr\/produit\/sac-a-dos-praline-vichy-moka\/#primaryimage"},"thumbnailUrl":"https:\/\/walkingmum.com\/wp-content\/uploads\/2026\/02\/1120800668_a.jpg","datePublished":"2026-02-20T07:15:54+00:00","breadcrumb":{"@id":"https:\/\/walkingmum.com\/fr\/produit\/sac-a-dos-praline-vichy-moka\/#breadcrumb"},"inLanguage":"fr-FR","potentialAction":[{"@type":"ReadAction","target":["https:\/\/walkingmum.com\/fr\/produit\/sac-a-dos-praline-vichy-moka\/"]}]},{"@type":"ImageObject","inLanguage":"fr-FR","@id":"https:\/\/walkingmum.com\/fr\/produit\/sac-a-dos-praline-vichy-moka\/#primaryimage","url":"https:\/\/walkingmum.com\/wp-content\/uploads\/2026\/02\/1120800668_a.jpg","contentUrl":"https:\/\/walkingmum.com\/wp-content\/uploads\/2026\/02\/1120800668_a.jpg","width":800,"height":800},{"@type":"BreadcrumbList","@id":"https:\/\/walkingmum.com\/fr\/produit\/sac-a-dos-praline-vichy-moka\/#breadcrumb","itemListElement":[{"@type":"ListItem","position":1,"name":"Portada","item":"https:\/\/walkingmum.com\/fr\/"},{"@type":"ListItem","position":2,"name":"Tienda","item":"https:\/\/walkingmum.com\/tienda\/"},{"@type":"ListItem","position":3,"name":"SAC \u00c0 DOS PRALIN\u00c9 VICHY MOKA"}]},{"@type":"WebSite","@id":"https:\/\/walkingmum.com\/#website","url":"https:\/\/walkingmum.com\/","name":"Walking Mum","description":"La marca para beb\u00e9s modernos","potentialAction":[{"@type":"SearchAction","target":{"@type":"EntryPoint","urlTemplate":"https:\/\/walkingmum.com\/?s={search_term_string}"},"query-input":{"@type":"PropertyValueSpecification","valueRequired":true,"valueName":"search_term_string"}}],"inLanguage":"fr-FR"}]}},"_links":{"self":[{"href":"https:\/\/walkingmum.com\/fr\/wp-json\/wp\/v2\/product\/35696","targetHints":{"allow":["GET"]}}],"collection":[{"href":"https:\/\/walkingmum.com\/fr\/wp-json\/wp\/v2\/product"}],"about":[{"href":"https:\/\/walkingmum.com\/fr\/wp-json\/wp\/v2\/types\/product"}],"replies":[{"embeddable":true,"href":"https:\/\/walkingmum.com\/fr\/wp-json\/wp\/v2\/comments?post=35696"}],"wp:featuredmedia":[{"embeddable":true,"href":"https:\/\/walkingmum.com\/fr\/wp-json\/wp\/v2\/media\/33415"}],"wp:attachment":[{"href":"https:\/\/walkingmum.com\/fr\/wp-json\/wp\/v2\/media?parent=35696"}],"wp:term":[{"taxonomy":"colecciones","embeddable":true,"href":"https:\/\/walkingmum.com\/fr\/wp-json\/wp\/v2\/colecciones?post=35696"},{"taxonomy":"product_brand","embeddable":true,"href":"https:\/\/walkingmum.com\/fr\/wp-json\/wp\/v2\/product_brand?post=35696"},{"taxonomy":"product_cat","embeddable":true,"href":"https:\/\/walkingmum.com\/fr\/wp-json\/wp\/v2\/product_cat?post=35696"},{"taxonomy":"product_tag","embeddable":true,"href":"https:\/\/walkingmum.com\/fr\/wp-json\/wp\/v2\/product_tag?post=35696"}],"curies":[{"name":"wp","href":"https:\/\/api.w.org\/{rel}","templated":true}]}}