{"id":33045,"date":"2025-09-25T10:25:53","date_gmt":"2025-09-25T10:25:53","guid":{"rendered":"https:\/\/walkingmum.com\/?post_type=product&#038;p=33045"},"modified":"2025-09-25T10:25:53","modified_gmt":"2025-09-25T10:25:53","slug":"sac-a-dos-kids-botton-rayures","status":"publish","type":"product","link":"https:\/\/walkingmum.com\/fr\/produit\/sac-a-dos-kids-botton-rayures\/","title":{"rendered":"SAC \u00c0 DOS KIDS BOTTON RAYURES"},"content":{"rendered":"<p>Le sac \u00e0 dos Botton Stripes Kids de Walking Mum est l&rsquo;accessoire parfait pour les tout-petits dans leurs activit\u00e9s quotidiennes \u00e0 la cr\u00e8che ou lors de leurs sorties. Dot\u00e9 d&rsquo;un design charmant, fabriqu\u00e9 \u00e0 partir de 100 % polyester avec un imprim\u00e9 \u00e0 rayures d\u00e9licates, il offre douceur et confort aux enfants. Sa taille compacte est id\u00e9ale pour que les enfants puissent transporter leurs affaires essentielles, telles qu&rsquo;une bouteille d&rsquo;eau, un go\u00fbter ou leur jouet pr\u00e9f\u00e9r\u00e9. Il est dot\u00e9 d&rsquo;une fermeture \u00e0 glissi\u00e8re s\u00e9curis\u00e9e et de bretelles r\u00e9glables pour assurer un ajustement confortable sur les \u00e9paules. De plus, la poign\u00e9e sup\u00e9rieure permet de le porter facilement \u00e0 la main. Fabriqu\u00e9 en coton de haute qualit\u00e9, doux et r\u00e9sistant. Design adorable avec des oreilles en relief et des d\u00e9tails brod\u00e9s. Fermeture \u00e0 fermeture \u00e9clair avec tirette d\u00e9corative. Bretelles r\u00e9glables pour plus de confort. Parfait pour les premi\u00e8res ann\u00e9es de votre tout-petit avec une touche amusante et fonctionnelle ! Facile \u00e0 nettoyer \u00e0 la main ou en machine \u00e0 30 \u00b0C. Walking Mum prot\u00e8ge votre b\u00e9b\u00e9 en utilisant les meilleurs tissus, sans colorants azo\u00efques ni substances nocives.<\/p>\n","protected":false},"excerpt":{"rendered":"<p>Le sac \u00e0 dos Botton Stripes Kids de Walking Mum est l&rsquo;accessoire parfait pour les tout-petits dans leurs activit\u00e9s quotidiennes \u00e0 la cr\u00e8che ou lors de leurs sorties. Dot\u00e9 d&rsquo;un design charmant, fabriqu\u00e9 \u00e0 partir de 100 % polyester avec un imprim\u00e9 \u00e0 rayures d\u00e9licates, il offre douceur et confort aux enfants. Sa taille compacte [&hellip;]<\/p>\n","protected":false},"featured_media":32774,"comment_status":"closed","ping_status":"closed","template":"","meta":{"_acf_changed":false,"inline_featured_image":false},"colecciones":[389],"product_brand":[],"product_cat":[],"product_tag":[],"class_list":{"0":"post-33045","1":"product","2":"type-product","3":"status-publish","4":"has-post-thumbnail","6":"colecciones-collection-botton","8":"first","9":"instock","10":"purchasable","11":"product-type-simple"},"acf":[],"yoast_head":"<!-- This site is optimized with the Yoast SEO plugin v27.3 - https:\/\/yoast.com\/product\/yoast-seo-wordpress\/ -->\n<title>SAC \u00c0 DOS KIDS BOTTON RAYURES - Walking Mum<\/title>\n<meta name=\"robots\" content=\"index, follow, max-snippet:-1, max-image-preview:large, max-video-preview:-1\" \/>\n<link rel=\"canonical\" href=\"https:\/\/walkingmum.com\/fr\/produit\/sac-a-dos-kids-botton-rayures\/\" \/>\n<meta property=\"og:locale\" content=\"fr_FR\" \/>\n<meta property=\"og:type\" content=\"article\" \/>\n<meta property=\"og:title\" content=\"SAC \u00c0 DOS KIDS BOTTON RAYURES - Walking Mum\" \/>\n<meta property=\"og:description\" content=\"Le sac \u00e0 dos Botton Stripes Kids de Walking Mum est l&rsquo;accessoire parfait pour les tout-petits dans leurs activit\u00e9s quotidiennes \u00e0 la cr\u00e8che ou lors de leurs sorties. Dot\u00e9 d&rsquo;un design charmant, fabriqu\u00e9 \u00e0 partir de 100 % polyester avec un imprim\u00e9 \u00e0 rayures d\u00e9licates, il offre douceur et confort aux enfants. Sa taille compacte [&hellip;]\" \/>\n<meta property=\"og:url\" content=\"https:\/\/walkingmum.com\/fr\/produit\/sac-a-dos-kids-botton-rayures\/\" \/>\n<meta property=\"og:site_name\" content=\"Walking Mum\" \/>\n<meta property=\"og:image\" content=\"https:\/\/walkingmum.com\/wp-content\/uploads\/2025\/09\/1120800583_a-1.jpg\" \/>\n\t<meta property=\"og:image:width\" content=\"1800\" \/>\n\t<meta property=\"og:image:height\" content=\"1800\" \/>\n\t<meta property=\"og:image:type\" content=\"image\/jpeg\" \/>\n<meta name=\"twitter:card\" content=\"summary_large_image\" \/>\n<meta name=\"twitter:label1\" content=\"Dur\u00e9e de lecture estim\u00e9e\" \/>\n\t<meta name=\"twitter:data1\" content=\"1 minute\" \/>\n<script type=\"application\/ld+json\" class=\"yoast-schema-graph\">{\"@context\":\"https:\\\/\\\/schema.org\",\"@graph\":[{\"@type\":\"WebPage\",\"@id\":\"https:\\\/\\\/walkingmum.com\\\/fr\\\/produit\\\/sac-a-dos-kids-botton-rayures\\\/\",\"url\":\"https:\\\/\\\/walkingmum.com\\\/fr\\\/produit\\\/sac-a-dos-kids-botton-rayures\\\/\",\"name\":\"SAC \u00c0 DOS KIDS BOTTON RAYURES - Walking Mum\",\"isPartOf\":{\"@id\":\"https:\\\/\\\/walkingmum.com\\\/#website\"},\"primaryImageOfPage\":{\"@id\":\"https:\\\/\\\/walkingmum.com\\\/fr\\\/produit\\\/sac-a-dos-kids-botton-rayures\\\/#primaryimage\"},\"image\":{\"@id\":\"https:\\\/\\\/walkingmum.com\\\/fr\\\/produit\\\/sac-a-dos-kids-botton-rayures\\\/#primaryimage\"},\"thumbnailUrl\":\"https:\\\/\\\/walkingmum.com\\\/wp-content\\\/uploads\\\/2025\\\/09\\\/1120800583_a-1.jpg\",\"datePublished\":\"2025-09-25T10:25:53+00:00\",\"breadcrumb\":{\"@id\":\"https:\\\/\\\/walkingmum.com\\\/fr\\\/produit\\\/sac-a-dos-kids-botton-rayures\\\/#breadcrumb\"},\"inLanguage\":\"fr-FR\",\"potentialAction\":[{\"@type\":\"ReadAction\",\"target\":[\"https:\\\/\\\/walkingmum.com\\\/fr\\\/produit\\\/sac-a-dos-kids-botton-rayures\\\/\"]}]},{\"@type\":\"ImageObject\",\"inLanguage\":\"fr-FR\",\"@id\":\"https:\\\/\\\/walkingmum.com\\\/fr\\\/produit\\\/sac-a-dos-kids-botton-rayures\\\/#primaryimage\",\"url\":\"https:\\\/\\\/walkingmum.com\\\/wp-content\\\/uploads\\\/2025\\\/09\\\/1120800583_a-1.jpg\",\"contentUrl\":\"https:\\\/\\\/walkingmum.com\\\/wp-content\\\/uploads\\\/2025\\\/09\\\/1120800583_a-1.jpg\",\"width\":1800,\"height\":1800},{\"@type\":\"BreadcrumbList\",\"@id\":\"https:\\\/\\\/walkingmum.com\\\/fr\\\/produit\\\/sac-a-dos-kids-botton-rayures\\\/#breadcrumb\",\"itemListElement\":[{\"@type\":\"ListItem\",\"position\":1,\"name\":\"Portada\",\"item\":\"https:\\\/\\\/walkingmum.com\\\/fr\\\/\"},{\"@type\":\"ListItem\",\"position\":2,\"name\":\"Tienda\",\"item\":\"https:\\\/\\\/walkingmum.com\\\/tienda\\\/\"},{\"@type\":\"ListItem\",\"position\":3,\"name\":\"SAC \u00c0 DOS KIDS BOTTON RAYURES\"}]},{\"@type\":\"WebSite\",\"@id\":\"https:\\\/\\\/walkingmum.com\\\/#website\",\"url\":\"https:\\\/\\\/walkingmum.com\\\/\",\"name\":\"Walking Mum\",\"description\":\"La marca para beb\u00e9s modernos\",\"potentialAction\":[{\"@type\":\"SearchAction\",\"target\":{\"@type\":\"EntryPoint\",\"urlTemplate\":\"https:\\\/\\\/walkingmum.com\\\/?s={search_term_string}\"},\"query-input\":{\"@type\":\"PropertyValueSpecification\",\"valueRequired\":true,\"valueName\":\"search_term_string\"}}],\"inLanguage\":\"fr-FR\"}]}<\/script>\n<!-- \/ Yoast SEO plugin. -->","yoast_head_json":{"title":"SAC \u00c0 DOS KIDS BOTTON RAYURES - Walking Mum","robots":{"index":"index","follow":"follow","max-snippet":"max-snippet:-1","max-image-preview":"max-image-preview:large","max-video-preview":"max-video-preview:-1"},"canonical":"https:\/\/walkingmum.com\/fr\/produit\/sac-a-dos-kids-botton-rayures\/","og_locale":"fr_FR","og_type":"article","og_title":"SAC \u00c0 DOS KIDS BOTTON RAYURES - Walking Mum","og_description":"Le sac \u00e0 dos Botton Stripes Kids de Walking Mum est l&rsquo;accessoire parfait pour les tout-petits dans leurs activit\u00e9s quotidiennes \u00e0 la cr\u00e8che ou lors de leurs sorties. Dot\u00e9 d&rsquo;un design charmant, fabriqu\u00e9 \u00e0 partir de 100 % polyester avec un imprim\u00e9 \u00e0 rayures d\u00e9licates, il offre douceur et confort aux enfants. Sa taille compacte [&hellip;]","og_url":"https:\/\/walkingmum.com\/fr\/produit\/sac-a-dos-kids-botton-rayures\/","og_site_name":"Walking Mum","og_image":[{"width":1800,"height":1800,"url":"https:\/\/walkingmum.com\/wp-content\/uploads\/2025\/09\/1120800583_a-1.jpg","type":"image\/jpeg"}],"twitter_card":"summary_large_image","twitter_misc":{"Dur\u00e9e de lecture estim\u00e9e":"1 minute"},"schema":{"@context":"https:\/\/schema.org","@graph":[{"@type":"WebPage","@id":"https:\/\/walkingmum.com\/fr\/produit\/sac-a-dos-kids-botton-rayures\/","url":"https:\/\/walkingmum.com\/fr\/produit\/sac-a-dos-kids-botton-rayures\/","name":"SAC \u00c0 DOS KIDS BOTTON RAYURES - Walking Mum","isPartOf":{"@id":"https:\/\/walkingmum.com\/#website"},"primaryImageOfPage":{"@id":"https:\/\/walkingmum.com\/fr\/produit\/sac-a-dos-kids-botton-rayures\/#primaryimage"},"image":{"@id":"https:\/\/walkingmum.com\/fr\/produit\/sac-a-dos-kids-botton-rayures\/#primaryimage"},"thumbnailUrl":"https:\/\/walkingmum.com\/wp-content\/uploads\/2025\/09\/1120800583_a-1.jpg","datePublished":"2025-09-25T10:25:53+00:00","breadcrumb":{"@id":"https:\/\/walkingmum.com\/fr\/produit\/sac-a-dos-kids-botton-rayures\/#breadcrumb"},"inLanguage":"fr-FR","potentialAction":[{"@type":"ReadAction","target":["https:\/\/walkingmum.com\/fr\/produit\/sac-a-dos-kids-botton-rayures\/"]}]},{"@type":"ImageObject","inLanguage":"fr-FR","@id":"https:\/\/walkingmum.com\/fr\/produit\/sac-a-dos-kids-botton-rayures\/#primaryimage","url":"https:\/\/walkingmum.com\/wp-content\/uploads\/2025\/09\/1120800583_a-1.jpg","contentUrl":"https:\/\/walkingmum.com\/wp-content\/uploads\/2025\/09\/1120800583_a-1.jpg","width":1800,"height":1800},{"@type":"BreadcrumbList","@id":"https:\/\/walkingmum.com\/fr\/produit\/sac-a-dos-kids-botton-rayures\/#breadcrumb","itemListElement":[{"@type":"ListItem","position":1,"name":"Portada","item":"https:\/\/walkingmum.com\/fr\/"},{"@type":"ListItem","position":2,"name":"Tienda","item":"https:\/\/walkingmum.com\/tienda\/"},{"@type":"ListItem","position":3,"name":"SAC \u00c0 DOS KIDS BOTTON RAYURES"}]},{"@type":"WebSite","@id":"https:\/\/walkingmum.com\/#website","url":"https:\/\/walkingmum.com\/","name":"Walking Mum","description":"La marca para beb\u00e9s modernos","potentialAction":[{"@type":"SearchAction","target":{"@type":"EntryPoint","urlTemplate":"https:\/\/walkingmum.com\/?s={search_term_string}"},"query-input":{"@type":"PropertyValueSpecification","valueRequired":true,"valueName":"search_term_string"}}],"inLanguage":"fr-FR"}]}},"_links":{"self":[{"href":"https:\/\/walkingmum.com\/fr\/wp-json\/wp\/v2\/product\/33045","targetHints":{"allow":["GET"]}}],"collection":[{"href":"https:\/\/walkingmum.com\/fr\/wp-json\/wp\/v2\/product"}],"about":[{"href":"https:\/\/walkingmum.com\/fr\/wp-json\/wp\/v2\/types\/product"}],"replies":[{"embeddable":true,"href":"https:\/\/walkingmum.com\/fr\/wp-json\/wp\/v2\/comments?post=33045"}],"wp:featuredmedia":[{"embeddable":true,"href":"https:\/\/walkingmum.com\/fr\/wp-json\/wp\/v2\/media\/32774"}],"wp:attachment":[{"href":"https:\/\/walkingmum.com\/fr\/wp-json\/wp\/v2\/media?parent=33045"}],"wp:term":[{"taxonomy":"colecciones","embeddable":true,"href":"https:\/\/walkingmum.com\/fr\/wp-json\/wp\/v2\/colecciones?post=33045"},{"taxonomy":"product_brand","embeddable":true,"href":"https:\/\/walkingmum.com\/fr\/wp-json\/wp\/v2\/product_brand?post=33045"},{"taxonomy":"product_cat","embeddable":true,"href":"https:\/\/walkingmum.com\/fr\/wp-json\/wp\/v2\/product_cat?post=33045"},{"taxonomy":"product_tag","embeddable":true,"href":"https:\/\/walkingmum.com\/fr\/wp-json\/wp\/v2\/product_tag?post=33045"}],"curies":[{"name":"wp","href":"https:\/\/api.w.org\/{rel}","templated":true}]}}