{"id":33043,"date":"2025-09-25T10:25:53","date_gmt":"2025-09-25T10:25:53","guid":{"rendered":"https:\/\/walkingmum.com\/?post_type=product&#038;p=33043"},"modified":"2025-09-25T10:25:53","modified_gmt":"2025-09-25T10:25:53","slug":"ensemble-dinstruments-de-musique-en-bois-botton","status":"publish","type":"product","link":"https:\/\/walkingmum.com\/fr\/produit\/ensemble-dinstruments-de-musique-en-bois-botton\/","title":{"rendered":"ENSEMBLE D&rsquo;INSTRUMENTS DE MUSIQUE EN BOIS BOTTON"},"content":{"rendered":"<p>D\u00e9couvrez le set d&rsquo;instruments de musique en bois Walking Mum, id\u00e9al pour les b\u00e9b\u00e9s \u00e0 partir de 12 mois. Certifi\u00e9 FSC\u00ae et conforme \u00e0 la norme EN71, ce set de 4 pi\u00e8ces encourage l&rsquo;exploration auditive et le d\u00e9veloppement pr\u00e9coce. Parfait pour les petits musiciens ! \u00c9veillez le sens du rythme et la cr\u00e9ativit\u00e9 de votre tout-petit avec le charmant ensemble d&rsquo;instruments de musique en bois Walking Mum ! Con\u00e7u pour les b\u00e9b\u00e9s et les tout-petits, cet ensemble de jeu est une introduction parfaite au monde de la musique et des sons, favorisant le d\u00e9veloppement sensoriel et moteur de mani\u00e8re s\u00fbre et amusante. Bois durable et s\u00fbr : fabriqu\u00e9 \u00e0 partir de bois de haute qualit\u00e9, cet ensemble est certifi\u00e9 FSC\u00ae (Forest Stewardship Council), garantissant que les mat\u00e9riaux proviennent de for\u00eats g\u00e9r\u00e9es de mani\u00e8re responsable et durable, dans le respect de l&rsquo;environnement. S\u00e9curit\u00e9 garantie : Conforme \u00e0 la norme europ\u00e9enne EN71 relative \u00e0 la s\u00e9curit\u00e9 des jouets, ce produit offre une tranquillit\u00e9 d&rsquo;esprit totale aux parents, qui savent qu&rsquo;il s&rsquo;agit d&rsquo;un jouet s\u00fbr adapt\u00e9 aux plus petites mains. \u00c2ge recommand\u00e9 : Id\u00e9al pour les b\u00e9b\u00e9s et les enfants \u00e0 partir de 12 mois (+12 mois), parfait pour stimuler l&rsquo;exploration auditive, le rythme et la coordination. Ensemble complet de 4 pi\u00e8ces : cet ensemble attrayant comprend un tambourin avec des hochets \u00e0 secouer, un xylophone en bois avec un maillet pour explorer les m\u00e9lodies et un maraca, offrant une vari\u00e9t\u00e9 de sons et de textures pour une stimulation pr\u00e9coce. Design attrayant et ergonomique : avec un design moderne, des couleurs douces et des formes adapt\u00e9es aux petites mains, ces instruments sont faciles \u00e0 saisir et \u00e0 utiliser, invitant les enfants \u00e0 interagir et \u00e0 exp\u00e9rimenter avec le son. Encourage l&rsquo;apprentissage et la cr\u00e9ativit\u00e9 : jouer avec des instruments de musique aide \u00e0 d\u00e9velopper la motricit\u00e9 fine et globale, la coordination, le sens du rythme et la cr\u00e9ativit\u00e9. Cela stimule \u00e9galement l&rsquo;ou\u00efe et les capacit\u00e9s d&rsquo;expression \u00e0 travers les sons. L&rsquo;ensemble d&rsquo;instruments de musique en bois Walking Mum est le cadeau id\u00e9al pour initier votre enfant au monde merveilleux de la musique. Offrez-lui une exp\u00e9rience ludique sensorielle, \u00e9ducative et rythm\u00e9e !<\/p>\n","protected":false},"excerpt":{"rendered":"<p>D\u00e9couvrez le set d&rsquo;instruments de musique en bois Walking Mum, id\u00e9al pour les b\u00e9b\u00e9s \u00e0 partir de 12 mois. Certifi\u00e9 FSC\u00ae et conforme \u00e0 la norme EN71, ce set de 4 pi\u00e8ces encourage l&rsquo;exploration auditive et le d\u00e9veloppement pr\u00e9coce. Parfait pour les petits musiciens ! \u00c9veillez le sens du rythme et la cr\u00e9ativit\u00e9 de votre [&hellip;]<\/p>\n","protected":false},"featured_media":32716,"comment_status":"closed","ping_status":"closed","template":"","meta":{"_acf_changed":false,"inline_featured_image":false},"colecciones":[389],"product_brand":[],"product_cat":[],"product_tag":[],"class_list":{"0":"post-33043","1":"product","2":"type-product","3":"status-publish","4":"has-post-thumbnail","6":"colecciones-collection-botton","8":"first","9":"instock","10":"purchasable","11":"product-type-simple"},"acf":[],"yoast_head":"<!-- This site is optimized with the Yoast SEO plugin v27.4 - https:\/\/yoast.com\/product\/yoast-seo-wordpress\/ -->\n<title>ENSEMBLE D&#039;INSTRUMENTS DE MUSIQUE EN BOIS BOTTON - Walking Mum<\/title>\n<meta name=\"robots\" content=\"index, follow, max-snippet:-1, max-image-preview:large, max-video-preview:-1\" \/>\n<link rel=\"canonical\" href=\"https:\/\/walkingmum.com\/fr\/produit\/ensemble-dinstruments-de-musique-en-bois-botton\/\" \/>\n<meta property=\"og:locale\" content=\"fr_FR\" \/>\n<meta property=\"og:type\" content=\"article\" \/>\n<meta property=\"og:title\" content=\"ENSEMBLE D&#039;INSTRUMENTS DE MUSIQUE EN BOIS BOTTON - Walking Mum\" \/>\n<meta property=\"og:description\" content=\"D\u00e9couvrez le set d&rsquo;instruments de musique en bois Walking Mum, id\u00e9al pour les b\u00e9b\u00e9s \u00e0 partir de 12 mois. Certifi\u00e9 FSC\u00ae et conforme \u00e0 la norme EN71, ce set de 4 pi\u00e8ces encourage l&rsquo;exploration auditive et le d\u00e9veloppement pr\u00e9coce. Parfait pour les petits musiciens ! \u00c9veillez le sens du rythme et la cr\u00e9ativit\u00e9 de votre [&hellip;]\" \/>\n<meta property=\"og:url\" content=\"https:\/\/walkingmum.com\/fr\/produit\/ensemble-dinstruments-de-musique-en-bois-botton\/\" \/>\n<meta property=\"og:site_name\" content=\"Walking Mum\" \/>\n<meta property=\"og:image\" content=\"https:\/\/walkingmum.com\/wp-content\/uploads\/2025\/09\/1120800595_a-1.jpg\" \/>\n\t<meta property=\"og:image:width\" content=\"1800\" \/>\n\t<meta property=\"og:image:height\" content=\"1800\" \/>\n\t<meta property=\"og:image:type\" content=\"image\/jpeg\" \/>\n<meta name=\"twitter:card\" content=\"summary_large_image\" \/>\n<meta name=\"twitter:label1\" content=\"Dur\u00e9e de lecture estim\u00e9e\" \/>\n\t<meta name=\"twitter:data1\" content=\"2 minutes\" \/>\n<script type=\"application\/ld+json\" class=\"yoast-schema-graph\">{\"@context\":\"https:\\\/\\\/schema.org\",\"@graph\":[{\"@type\":\"WebPage\",\"@id\":\"https:\\\/\\\/walkingmum.com\\\/fr\\\/produit\\\/ensemble-dinstruments-de-musique-en-bois-botton\\\/\",\"url\":\"https:\\\/\\\/walkingmum.com\\\/fr\\\/produit\\\/ensemble-dinstruments-de-musique-en-bois-botton\\\/\",\"name\":\"ENSEMBLE D'INSTRUMENTS DE MUSIQUE EN BOIS BOTTON - Walking Mum\",\"isPartOf\":{\"@id\":\"https:\\\/\\\/walkingmum.com\\\/#website\"},\"primaryImageOfPage\":{\"@id\":\"https:\\\/\\\/walkingmum.com\\\/fr\\\/produit\\\/ensemble-dinstruments-de-musique-en-bois-botton\\\/#primaryimage\"},\"image\":{\"@id\":\"https:\\\/\\\/walkingmum.com\\\/fr\\\/produit\\\/ensemble-dinstruments-de-musique-en-bois-botton\\\/#primaryimage\"},\"thumbnailUrl\":\"https:\\\/\\\/walkingmum.com\\\/wp-content\\\/uploads\\\/2025\\\/09\\\/1120800595_a-1.jpg\",\"datePublished\":\"2025-09-25T10:25:53+00:00\",\"breadcrumb\":{\"@id\":\"https:\\\/\\\/walkingmum.com\\\/fr\\\/produit\\\/ensemble-dinstruments-de-musique-en-bois-botton\\\/#breadcrumb\"},\"inLanguage\":\"fr-FR\",\"potentialAction\":[{\"@type\":\"ReadAction\",\"target\":[\"https:\\\/\\\/walkingmum.com\\\/fr\\\/produit\\\/ensemble-dinstruments-de-musique-en-bois-botton\\\/\"]}]},{\"@type\":\"ImageObject\",\"inLanguage\":\"fr-FR\",\"@id\":\"https:\\\/\\\/walkingmum.com\\\/fr\\\/produit\\\/ensemble-dinstruments-de-musique-en-bois-botton\\\/#primaryimage\",\"url\":\"https:\\\/\\\/walkingmum.com\\\/wp-content\\\/uploads\\\/2025\\\/09\\\/1120800595_a-1.jpg\",\"contentUrl\":\"https:\\\/\\\/walkingmum.com\\\/wp-content\\\/uploads\\\/2025\\\/09\\\/1120800595_a-1.jpg\",\"width\":1800,\"height\":1800},{\"@type\":\"BreadcrumbList\",\"@id\":\"https:\\\/\\\/walkingmum.com\\\/fr\\\/produit\\\/ensemble-dinstruments-de-musique-en-bois-botton\\\/#breadcrumb\",\"itemListElement\":[{\"@type\":\"ListItem\",\"position\":1,\"name\":\"Portada\",\"item\":\"https:\\\/\\\/walkingmum.com\\\/fr\\\/\"},{\"@type\":\"ListItem\",\"position\":2,\"name\":\"Tienda\",\"item\":\"https:\\\/\\\/walkingmum.com\\\/tienda\\\/\"},{\"@type\":\"ListItem\",\"position\":3,\"name\":\"ENSEMBLE D&#8217;INSTRUMENTS DE MUSIQUE EN BOIS BOTTON\"}]},{\"@type\":\"WebSite\",\"@id\":\"https:\\\/\\\/walkingmum.com\\\/#website\",\"url\":\"https:\\\/\\\/walkingmum.com\\\/\",\"name\":\"Walking Mum\",\"description\":\"La marca para beb\u00e9s modernos\",\"potentialAction\":[{\"@type\":\"SearchAction\",\"target\":{\"@type\":\"EntryPoint\",\"urlTemplate\":\"https:\\\/\\\/walkingmum.com\\\/?s={search_term_string}\"},\"query-input\":{\"@type\":\"PropertyValueSpecification\",\"valueRequired\":true,\"valueName\":\"search_term_string\"}}],\"inLanguage\":\"fr-FR\"}]}<\/script>\n<!-- \/ Yoast SEO plugin. -->","yoast_head_json":{"title":"ENSEMBLE D'INSTRUMENTS DE MUSIQUE EN BOIS BOTTON - Walking Mum","robots":{"index":"index","follow":"follow","max-snippet":"max-snippet:-1","max-image-preview":"max-image-preview:large","max-video-preview":"max-video-preview:-1"},"canonical":"https:\/\/walkingmum.com\/fr\/produit\/ensemble-dinstruments-de-musique-en-bois-botton\/","og_locale":"fr_FR","og_type":"article","og_title":"ENSEMBLE D'INSTRUMENTS DE MUSIQUE EN BOIS BOTTON - Walking Mum","og_description":"D\u00e9couvrez le set d&rsquo;instruments de musique en bois Walking Mum, id\u00e9al pour les b\u00e9b\u00e9s \u00e0 partir de 12 mois. Certifi\u00e9 FSC\u00ae et conforme \u00e0 la norme EN71, ce set de 4 pi\u00e8ces encourage l&rsquo;exploration auditive et le d\u00e9veloppement pr\u00e9coce. Parfait pour les petits musiciens ! \u00c9veillez le sens du rythme et la cr\u00e9ativit\u00e9 de votre [&hellip;]","og_url":"https:\/\/walkingmum.com\/fr\/produit\/ensemble-dinstruments-de-musique-en-bois-botton\/","og_site_name":"Walking Mum","og_image":[{"width":1800,"height":1800,"url":"https:\/\/walkingmum.com\/wp-content\/uploads\/2025\/09\/1120800595_a-1.jpg","type":"image\/jpeg"}],"twitter_card":"summary_large_image","twitter_misc":{"Dur\u00e9e de lecture estim\u00e9e":"2 minutes"},"schema":{"@context":"https:\/\/schema.org","@graph":[{"@type":"WebPage","@id":"https:\/\/walkingmum.com\/fr\/produit\/ensemble-dinstruments-de-musique-en-bois-botton\/","url":"https:\/\/walkingmum.com\/fr\/produit\/ensemble-dinstruments-de-musique-en-bois-botton\/","name":"ENSEMBLE D'INSTRUMENTS DE MUSIQUE EN BOIS BOTTON - Walking Mum","isPartOf":{"@id":"https:\/\/walkingmum.com\/#website"},"primaryImageOfPage":{"@id":"https:\/\/walkingmum.com\/fr\/produit\/ensemble-dinstruments-de-musique-en-bois-botton\/#primaryimage"},"image":{"@id":"https:\/\/walkingmum.com\/fr\/produit\/ensemble-dinstruments-de-musique-en-bois-botton\/#primaryimage"},"thumbnailUrl":"https:\/\/walkingmum.com\/wp-content\/uploads\/2025\/09\/1120800595_a-1.jpg","datePublished":"2025-09-25T10:25:53+00:00","breadcrumb":{"@id":"https:\/\/walkingmum.com\/fr\/produit\/ensemble-dinstruments-de-musique-en-bois-botton\/#breadcrumb"},"inLanguage":"fr-FR","potentialAction":[{"@type":"ReadAction","target":["https:\/\/walkingmum.com\/fr\/produit\/ensemble-dinstruments-de-musique-en-bois-botton\/"]}]},{"@type":"ImageObject","inLanguage":"fr-FR","@id":"https:\/\/walkingmum.com\/fr\/produit\/ensemble-dinstruments-de-musique-en-bois-botton\/#primaryimage","url":"https:\/\/walkingmum.com\/wp-content\/uploads\/2025\/09\/1120800595_a-1.jpg","contentUrl":"https:\/\/walkingmum.com\/wp-content\/uploads\/2025\/09\/1120800595_a-1.jpg","width":1800,"height":1800},{"@type":"BreadcrumbList","@id":"https:\/\/walkingmum.com\/fr\/produit\/ensemble-dinstruments-de-musique-en-bois-botton\/#breadcrumb","itemListElement":[{"@type":"ListItem","position":1,"name":"Portada","item":"https:\/\/walkingmum.com\/fr\/"},{"@type":"ListItem","position":2,"name":"Tienda","item":"https:\/\/walkingmum.com\/tienda\/"},{"@type":"ListItem","position":3,"name":"ENSEMBLE D&#8217;INSTRUMENTS DE MUSIQUE EN BOIS BOTTON"}]},{"@type":"WebSite","@id":"https:\/\/walkingmum.com\/#website","url":"https:\/\/walkingmum.com\/","name":"Walking Mum","description":"La marca para beb\u00e9s modernos","potentialAction":[{"@type":"SearchAction","target":{"@type":"EntryPoint","urlTemplate":"https:\/\/walkingmum.com\/?s={search_term_string}"},"query-input":{"@type":"PropertyValueSpecification","valueRequired":true,"valueName":"search_term_string"}}],"inLanguage":"fr-FR"}]}},"_links":{"self":[{"href":"https:\/\/walkingmum.com\/fr\/wp-json\/wp\/v2\/product\/33043","targetHints":{"allow":["GET"]}}],"collection":[{"href":"https:\/\/walkingmum.com\/fr\/wp-json\/wp\/v2\/product"}],"about":[{"href":"https:\/\/walkingmum.com\/fr\/wp-json\/wp\/v2\/types\/product"}],"replies":[{"embeddable":true,"href":"https:\/\/walkingmum.com\/fr\/wp-json\/wp\/v2\/comments?post=33043"}],"wp:featuredmedia":[{"embeddable":true,"href":"https:\/\/walkingmum.com\/fr\/wp-json\/wp\/v2\/media\/32716"}],"wp:attachment":[{"href":"https:\/\/walkingmum.com\/fr\/wp-json\/wp\/v2\/media?parent=33043"}],"wp:term":[{"taxonomy":"colecciones","embeddable":true,"href":"https:\/\/walkingmum.com\/fr\/wp-json\/wp\/v2\/colecciones?post=33043"},{"taxonomy":"product_brand","embeddable":true,"href":"https:\/\/walkingmum.com\/fr\/wp-json\/wp\/v2\/product_brand?post=33043"},{"taxonomy":"product_cat","embeddable":true,"href":"https:\/\/walkingmum.com\/fr\/wp-json\/wp\/v2\/product_cat?post=33043"},{"taxonomy":"product_tag","embeddable":true,"href":"https:\/\/walkingmum.com\/fr\/wp-json\/wp\/v2\/product_tag?post=33043"}],"curies":[{"name":"wp","href":"https:\/\/api.w.org\/{rel}","templated":true}]}}