{"id":33041,"date":"2025-09-25T10:25:53","date_gmt":"2025-09-25T10:25:53","guid":{"rendered":"https:\/\/walkingmum.com\/?post_type=product&#038;p=33041"},"modified":"2025-09-25T10:25:53","modified_gmt":"2025-09-25T10:25:53","slug":"mixeur-en-bois-botton","status":"publish","type":"product","link":"https:\/\/walkingmum.com\/fr\/produit\/mixeur-en-bois-botton\/","title":{"rendered":"MIXEUR EN BOIS BOTTON"},"content":{"rendered":"<p>D\u00e9couvrez le mixeur en bois Walking Mum, id\u00e9al pour les enfants \u00e0 partir de 24 mois. Certifi\u00e9 FSC\u00ae et conforme \u00e0 la norme EN71, cet ensemble de 12 pi\u00e8ces encourage le jeu cr\u00e9atif et le d\u00e9veloppement de l&rsquo;enfant. Parfait pour les petits chefs ! Cr\u00e9ez les smoothies les plus d\u00e9licieux avec le charmant mixeur en bois Walking Mum ! Ce jouet interactif et \u00e9ducatif est parfait pour permettre aux tout-petits d&rsquo;explorer le monde culinaire, en encourageant l&rsquo;imagination et le jeu de r\u00f4le de mani\u00e8re s\u00fbre et amusante. Bois durable et s\u00fbr : fabriqu\u00e9 \u00e0 partir de bois de haute qualit\u00e9, ce mixeur est certifi\u00e9 FSC\u00ae (Forest Stewardship Council), garantissant que les mat\u00e9riaux proviennent de for\u00eats g\u00e9r\u00e9es de mani\u00e8re responsable et durable. S\u00e9curit\u00e9 garantie : conforme \u00e0 la norme europ\u00e9enne EN71 sur la s\u00e9curit\u00e9 des jouets, les parents ont l&rsquo;esprit tranquille en sachant que ce jouet est sans danger pour leurs enfants. \u00c2ge recommand\u00e9 : id\u00e9al pour les gar\u00e7ons et les filles \u00e2g\u00e9s de 24 mois et plus (+24 mois), favorisant le d\u00e9veloppement de la motricit\u00e9 fine, de la coordination \u0153il-main et du jeu symbolique d\u00e8s le plus jeune \u00e2ge. Ensemble complet de 12 pi\u00e8ces : cet ensemble amusant comprend le mixeur, un gobelet, une cuill\u00e8re et une vari\u00e9t\u00e9 de fruits en bois (banane, poire, fraise et pomme) qui peuvent \u00eatre \u00ab coup\u00e9s \u00bb en deux gr\u00e2ce \u00e0 leur conception velcro, offrant de multiples possibilit\u00e9s de jeu. Design r\u00e9aliste et attrayant : avec son design moderne, ses couleurs douces et ses d\u00e9tails r\u00e9alistes, ce jouet est visuellement attrayant et suscite l&rsquo;int\u00e9r\u00eat des enfants pour la cuisine. Encourage l&rsquo;apprentissage et la cr\u00e9ativit\u00e9 : le jeu de r\u00f4le avec le mixeur permet aux enfants de d\u00e9couvrir les aliments, la nutrition et les t\u00e2ches m\u00e9nag\u00e8res, tout en d\u00e9veloppant leur cr\u00e9ativit\u00e9, leurs comp\u00e9tences sociales et leur capacit\u00e9 \u00e0 r\u00e9soudre des probl\u00e8mes. Le mixeur Walking Mum Toy est le cadeau id\u00e9al pour inspirer les futurs chefs et amateurs de smoothies. Offrez \u00e0 vos enfants une exp\u00e9rience de jeu s\u00fbre, \u00e9ducative et amusante !<\/p>\n","protected":false},"excerpt":{"rendered":"<p>D\u00e9couvrez le mixeur en bois Walking Mum, id\u00e9al pour les enfants \u00e0 partir de 24 mois. Certifi\u00e9 FSC\u00ae et conforme \u00e0 la norme EN71, cet ensemble de 12 pi\u00e8ces encourage le jeu cr\u00e9atif et le d\u00e9veloppement de l&rsquo;enfant. Parfait pour les petits chefs ! Cr\u00e9ez les smoothies les plus d\u00e9licieux avec le charmant mixeur en [&hellip;]<\/p>\n","protected":false},"featured_media":32638,"comment_status":"closed","ping_status":"closed","template":"","meta":{"_acf_changed":false,"inline_featured_image":false},"colecciones":[389],"product_brand":[],"product_cat":[],"product_tag":[],"class_list":{"0":"post-33041","1":"product","2":"type-product","3":"status-publish","4":"has-post-thumbnail","6":"colecciones-collection-botton","8":"first","9":"instock","10":"purchasable","11":"product-type-simple"},"acf":[],"yoast_head":"<!-- This site is optimized with the Yoast SEO plugin v27.4 - https:\/\/yoast.com\/product\/yoast-seo-wordpress\/ -->\n<title>MIXEUR EN BOIS BOTTON - Walking Mum<\/title>\n<meta name=\"robots\" content=\"index, follow, max-snippet:-1, max-image-preview:large, max-video-preview:-1\" \/>\n<link rel=\"canonical\" href=\"https:\/\/walkingmum.com\/fr\/produit\/mixeur-en-bois-botton\/\" \/>\n<meta property=\"og:locale\" content=\"fr_FR\" \/>\n<meta property=\"og:type\" content=\"article\" \/>\n<meta property=\"og:title\" content=\"MIXEUR EN BOIS BOTTON - Walking Mum\" \/>\n<meta property=\"og:description\" content=\"D\u00e9couvrez le mixeur en bois Walking Mum, id\u00e9al pour les enfants \u00e0 partir de 24 mois. Certifi\u00e9 FSC\u00ae et conforme \u00e0 la norme EN71, cet ensemble de 12 pi\u00e8ces encourage le jeu cr\u00e9atif et le d\u00e9veloppement de l&rsquo;enfant. Parfait pour les petits chefs ! Cr\u00e9ez les smoothies les plus d\u00e9licieux avec le charmant mixeur en [&hellip;]\" \/>\n<meta property=\"og:url\" content=\"https:\/\/walkingmum.com\/fr\/produit\/mixeur-en-bois-botton\/\" \/>\n<meta property=\"og:site_name\" content=\"Walking Mum\" \/>\n<meta property=\"og:image\" content=\"https:\/\/walkingmum.com\/wp-content\/uploads\/2025\/09\/1120800593_a-1.jpg\" \/>\n\t<meta property=\"og:image:width\" content=\"1800\" \/>\n\t<meta property=\"og:image:height\" content=\"1800\" \/>\n\t<meta property=\"og:image:type\" content=\"image\/jpeg\" \/>\n<meta name=\"twitter:card\" content=\"summary_large_image\" \/>\n<meta name=\"twitter:label1\" content=\"Dur\u00e9e de lecture estim\u00e9e\" \/>\n\t<meta name=\"twitter:data1\" content=\"2 minutes\" \/>\n<script type=\"application\/ld+json\" class=\"yoast-schema-graph\">{\"@context\":\"https:\\\/\\\/schema.org\",\"@graph\":[{\"@type\":\"WebPage\",\"@id\":\"https:\\\/\\\/walkingmum.com\\\/fr\\\/produit\\\/mixeur-en-bois-botton\\\/\",\"url\":\"https:\\\/\\\/walkingmum.com\\\/fr\\\/produit\\\/mixeur-en-bois-botton\\\/\",\"name\":\"MIXEUR EN BOIS BOTTON - Walking Mum\",\"isPartOf\":{\"@id\":\"https:\\\/\\\/walkingmum.com\\\/#website\"},\"primaryImageOfPage\":{\"@id\":\"https:\\\/\\\/walkingmum.com\\\/fr\\\/produit\\\/mixeur-en-bois-botton\\\/#primaryimage\"},\"image\":{\"@id\":\"https:\\\/\\\/walkingmum.com\\\/fr\\\/produit\\\/mixeur-en-bois-botton\\\/#primaryimage\"},\"thumbnailUrl\":\"https:\\\/\\\/walkingmum.com\\\/wp-content\\\/uploads\\\/2025\\\/09\\\/1120800593_a-1.jpg\",\"datePublished\":\"2025-09-25T10:25:53+00:00\",\"breadcrumb\":{\"@id\":\"https:\\\/\\\/walkingmum.com\\\/fr\\\/produit\\\/mixeur-en-bois-botton\\\/#breadcrumb\"},\"inLanguage\":\"fr-FR\",\"potentialAction\":[{\"@type\":\"ReadAction\",\"target\":[\"https:\\\/\\\/walkingmum.com\\\/fr\\\/produit\\\/mixeur-en-bois-botton\\\/\"]}]},{\"@type\":\"ImageObject\",\"inLanguage\":\"fr-FR\",\"@id\":\"https:\\\/\\\/walkingmum.com\\\/fr\\\/produit\\\/mixeur-en-bois-botton\\\/#primaryimage\",\"url\":\"https:\\\/\\\/walkingmum.com\\\/wp-content\\\/uploads\\\/2025\\\/09\\\/1120800593_a-1.jpg\",\"contentUrl\":\"https:\\\/\\\/walkingmum.com\\\/wp-content\\\/uploads\\\/2025\\\/09\\\/1120800593_a-1.jpg\",\"width\":1800,\"height\":1800},{\"@type\":\"BreadcrumbList\",\"@id\":\"https:\\\/\\\/walkingmum.com\\\/fr\\\/produit\\\/mixeur-en-bois-botton\\\/#breadcrumb\",\"itemListElement\":[{\"@type\":\"ListItem\",\"position\":1,\"name\":\"Portada\",\"item\":\"https:\\\/\\\/walkingmum.com\\\/fr\\\/\"},{\"@type\":\"ListItem\",\"position\":2,\"name\":\"Tienda\",\"item\":\"https:\\\/\\\/walkingmum.com\\\/tienda\\\/\"},{\"@type\":\"ListItem\",\"position\":3,\"name\":\"MIXEUR EN BOIS BOTTON\"}]},{\"@type\":\"WebSite\",\"@id\":\"https:\\\/\\\/walkingmum.com\\\/#website\",\"url\":\"https:\\\/\\\/walkingmum.com\\\/\",\"name\":\"Walking Mum\",\"description\":\"La marca para beb\u00e9s modernos\",\"potentialAction\":[{\"@type\":\"SearchAction\",\"target\":{\"@type\":\"EntryPoint\",\"urlTemplate\":\"https:\\\/\\\/walkingmum.com\\\/?s={search_term_string}\"},\"query-input\":{\"@type\":\"PropertyValueSpecification\",\"valueRequired\":true,\"valueName\":\"search_term_string\"}}],\"inLanguage\":\"fr-FR\"}]}<\/script>\n<!-- \/ Yoast SEO plugin. -->","yoast_head_json":{"title":"MIXEUR EN BOIS BOTTON - Walking Mum","robots":{"index":"index","follow":"follow","max-snippet":"max-snippet:-1","max-image-preview":"max-image-preview:large","max-video-preview":"max-video-preview:-1"},"canonical":"https:\/\/walkingmum.com\/fr\/produit\/mixeur-en-bois-botton\/","og_locale":"fr_FR","og_type":"article","og_title":"MIXEUR EN BOIS BOTTON - Walking Mum","og_description":"D\u00e9couvrez le mixeur en bois Walking Mum, id\u00e9al pour les enfants \u00e0 partir de 24 mois. Certifi\u00e9 FSC\u00ae et conforme \u00e0 la norme EN71, cet ensemble de 12 pi\u00e8ces encourage le jeu cr\u00e9atif et le d\u00e9veloppement de l&rsquo;enfant. Parfait pour les petits chefs ! Cr\u00e9ez les smoothies les plus d\u00e9licieux avec le charmant mixeur en [&hellip;]","og_url":"https:\/\/walkingmum.com\/fr\/produit\/mixeur-en-bois-botton\/","og_site_name":"Walking Mum","og_image":[{"width":1800,"height":1800,"url":"https:\/\/walkingmum.com\/wp-content\/uploads\/2025\/09\/1120800593_a-1.jpg","type":"image\/jpeg"}],"twitter_card":"summary_large_image","twitter_misc":{"Dur\u00e9e de lecture estim\u00e9e":"2 minutes"},"schema":{"@context":"https:\/\/schema.org","@graph":[{"@type":"WebPage","@id":"https:\/\/walkingmum.com\/fr\/produit\/mixeur-en-bois-botton\/","url":"https:\/\/walkingmum.com\/fr\/produit\/mixeur-en-bois-botton\/","name":"MIXEUR EN BOIS BOTTON - Walking Mum","isPartOf":{"@id":"https:\/\/walkingmum.com\/#website"},"primaryImageOfPage":{"@id":"https:\/\/walkingmum.com\/fr\/produit\/mixeur-en-bois-botton\/#primaryimage"},"image":{"@id":"https:\/\/walkingmum.com\/fr\/produit\/mixeur-en-bois-botton\/#primaryimage"},"thumbnailUrl":"https:\/\/walkingmum.com\/wp-content\/uploads\/2025\/09\/1120800593_a-1.jpg","datePublished":"2025-09-25T10:25:53+00:00","breadcrumb":{"@id":"https:\/\/walkingmum.com\/fr\/produit\/mixeur-en-bois-botton\/#breadcrumb"},"inLanguage":"fr-FR","potentialAction":[{"@type":"ReadAction","target":["https:\/\/walkingmum.com\/fr\/produit\/mixeur-en-bois-botton\/"]}]},{"@type":"ImageObject","inLanguage":"fr-FR","@id":"https:\/\/walkingmum.com\/fr\/produit\/mixeur-en-bois-botton\/#primaryimage","url":"https:\/\/walkingmum.com\/wp-content\/uploads\/2025\/09\/1120800593_a-1.jpg","contentUrl":"https:\/\/walkingmum.com\/wp-content\/uploads\/2025\/09\/1120800593_a-1.jpg","width":1800,"height":1800},{"@type":"BreadcrumbList","@id":"https:\/\/walkingmum.com\/fr\/produit\/mixeur-en-bois-botton\/#breadcrumb","itemListElement":[{"@type":"ListItem","position":1,"name":"Portada","item":"https:\/\/walkingmum.com\/fr\/"},{"@type":"ListItem","position":2,"name":"Tienda","item":"https:\/\/walkingmum.com\/tienda\/"},{"@type":"ListItem","position":3,"name":"MIXEUR EN BOIS BOTTON"}]},{"@type":"WebSite","@id":"https:\/\/walkingmum.com\/#website","url":"https:\/\/walkingmum.com\/","name":"Walking Mum","description":"La marca para beb\u00e9s modernos","potentialAction":[{"@type":"SearchAction","target":{"@type":"EntryPoint","urlTemplate":"https:\/\/walkingmum.com\/?s={search_term_string}"},"query-input":{"@type":"PropertyValueSpecification","valueRequired":true,"valueName":"search_term_string"}}],"inLanguage":"fr-FR"}]}},"_links":{"self":[{"href":"https:\/\/walkingmum.com\/fr\/wp-json\/wp\/v2\/product\/33041","targetHints":{"allow":["GET"]}}],"collection":[{"href":"https:\/\/walkingmum.com\/fr\/wp-json\/wp\/v2\/product"}],"about":[{"href":"https:\/\/walkingmum.com\/fr\/wp-json\/wp\/v2\/types\/product"}],"replies":[{"embeddable":true,"href":"https:\/\/walkingmum.com\/fr\/wp-json\/wp\/v2\/comments?post=33041"}],"wp:featuredmedia":[{"embeddable":true,"href":"https:\/\/walkingmum.com\/fr\/wp-json\/wp\/v2\/media\/32638"}],"wp:attachment":[{"href":"https:\/\/walkingmum.com\/fr\/wp-json\/wp\/v2\/media?parent=33041"}],"wp:term":[{"taxonomy":"colecciones","embeddable":true,"href":"https:\/\/walkingmum.com\/fr\/wp-json\/wp\/v2\/colecciones?post=33041"},{"taxonomy":"product_brand","embeddable":true,"href":"https:\/\/walkingmum.com\/fr\/wp-json\/wp\/v2\/product_brand?post=33041"},{"taxonomy":"product_cat","embeddable":true,"href":"https:\/\/walkingmum.com\/fr\/wp-json\/wp\/v2\/product_cat?post=33041"},{"taxonomy":"product_tag","embeddable":true,"href":"https:\/\/walkingmum.com\/fr\/wp-json\/wp\/v2\/product_tag?post=33041"}],"curies":[{"name":"wp","href":"https:\/\/api.w.org\/{rel}","templated":true}]}}