{"id":33039,"date":"2025-09-25T10:25:56","date_gmt":"2025-09-25T10:25:56","guid":{"rendered":"https:\/\/walkingmum.com\/?post_type=product&#038;p=33039"},"modified":"2025-09-25T10:25:56","modified_gmt":"2025-09-25T10:25:56","slug":"chanceliere-hiver-i-love-vichy-gris-iv","status":"publish","type":"product","link":"https:\/\/walkingmum.com\/fr\/produit\/chanceliere-hiver-i-love-vichy-gris-iv\/","title":{"rendered":"CHANCELIERE HIVER I LOVE VICHY GRIS (IV)"},"content":{"rendered":"<p>La housse pour si\u00e8ge de poussette I Love Vichy Grey est l&rsquo;accessoire id\u00e9al pour recouvrir la base de votre poussette et est livr\u00e9e avec une chanceli\u00e8re pour garder votre b\u00e9b\u00e9 au chaud. Sa conception comprend plusieurs ouvertures (boutons-pression) et r\u00e9glages qui facilitent son adaptation \u00e0 la plupart des poussettes, garantissant ainsi un trajet s\u00fbr et confortable pour votre b\u00e9b\u00e9. Fabriqu\u00e9e dans un mat\u00e9riau chaud et r\u00e9sistant. Il est dot\u00e9 d&rsquo;une base recouverte de plastique au niveau du repose-pieds pour un nettoyage facile apr\u00e8s utilisation. Ce design simple, \u00e9l\u00e9gant et confortable cr\u00e9e un nid douillet pour votre b\u00e9b\u00e9, qui reste bien emmitoufl\u00e9 et prot\u00e9g\u00e9 pendant les journ\u00e9es froides. La chanceli\u00e8re s&rsquo;adapte facilement \u00e0 toutes les poussettes et offre \u00e0 votre b\u00e9b\u00e9 un repos plus agr\u00e9able gr\u00e2ce \u00e0 sa forme douillette en nid. Haute qualit\u00e9 et style raffin\u00e9. Fabriqu\u00e9e dans des mat\u00e9riaux r\u00e9sistants, elle est facile \u00e0 nettoyer \u00e0 la main ou en machine \u00e0 30 \u00b0C. Walking Mum prot\u00e8ge votre b\u00e9b\u00e9 en utilisant les meilleurs tissus, sans colorants azo\u00efques ni substances nocives. Notre collection Walking Mum conserve la haute qualit\u00e9 de la marque Pasito a Pasito, mais avec un style urbain et moderne qui se d\u00e9marque, donnant un look frais \u00e0 vos promenades avec votre b\u00e9b\u00e9. Les accessoires de cette ligne sont plus sportifs et pratiques, sp\u00e9cialement con\u00e7us pour les mamans et les papas modernes qui appr\u00e9cient les derniers designs et les derni\u00e8res tendances sans sacrifier la qualit\u00e9 et la fonctionnalit\u00e9 des accessoires qui rendent chaque sortie avec leur b\u00e9b\u00e9 plus confortable. Dimensions : 47 x 90 cm.<\/p>\n","protected":false},"excerpt":{"rendered":"<p>La housse pour si\u00e8ge de poussette I Love Vichy Grey est l&rsquo;accessoire id\u00e9al pour recouvrir la base de votre poussette et est livr\u00e9e avec une chanceli\u00e8re pour garder votre b\u00e9b\u00e9 au chaud. Sa conception comprend plusieurs ouvertures (boutons-pression) et r\u00e9glages qui facilitent son adaptation \u00e0 la plupart des poussettes, garantissant ainsi un trajet s\u00fbr et [&hellip;]<\/p>\n","protected":false},"featured_media":32584,"comment_status":"closed","ping_status":"closed","template":"","meta":{"_acf_changed":false,"inline_featured_image":false},"colecciones":[114],"product_brand":[],"product_cat":[191],"product_tag":[],"class_list":{"0":"post-33039","1":"product","2":"type-product","3":"status-publish","4":"has-post-thumbnail","6":"colecciones-collection-i-love-vichy-fr","7":"product_cat-sorties","9":"first","10":"instock","11":"purchasable","12":"product-type-simple"},"acf":[],"yoast_head":"<!-- This site is optimized with the Yoast SEO plugin v27.4 - https:\/\/yoast.com\/product\/yoast-seo-wordpress\/ -->\n<title>CHANCELIERE HIVER I LOVE VICHY GRIS (IV) - Walking Mum<\/title>\n<meta name=\"robots\" content=\"index, follow, max-snippet:-1, max-image-preview:large, max-video-preview:-1\" \/>\n<link rel=\"canonical\" href=\"https:\/\/walkingmum.com\/fr\/produit\/chanceliere-hiver-i-love-vichy-gris-iv\/\" \/>\n<meta property=\"og:locale\" content=\"fr_FR\" \/>\n<meta property=\"og:type\" content=\"article\" \/>\n<meta property=\"og:title\" content=\"CHANCELIERE HIVER I LOVE VICHY GRIS (IV) - Walking Mum\" \/>\n<meta property=\"og:description\" content=\"La housse pour si\u00e8ge de poussette I Love Vichy Grey est l&rsquo;accessoire id\u00e9al pour recouvrir la base de votre poussette et est livr\u00e9e avec une chanceli\u00e8re pour garder votre b\u00e9b\u00e9 au chaud. Sa conception comprend plusieurs ouvertures (boutons-pression) et r\u00e9glages qui facilitent son adaptation \u00e0 la plupart des poussettes, garantissant ainsi un trajet s\u00fbr et [&hellip;]\" \/>\n<meta property=\"og:url\" content=\"https:\/\/walkingmum.com\/fr\/produit\/chanceliere-hiver-i-love-vichy-gris-iv\/\" \/>\n<meta property=\"og:site_name\" content=\"Walking Mum\" \/>\n<meta property=\"og:image\" content=\"https:\/\/walkingmum.com\/wp-content\/uploads\/2025\/09\/1120800591_a-1.jpg\" \/>\n\t<meta property=\"og:image:width\" content=\"1800\" \/>\n\t<meta property=\"og:image:height\" content=\"1800\" \/>\n\t<meta property=\"og:image:type\" content=\"image\/jpeg\" \/>\n<meta name=\"twitter:card\" content=\"summary_large_image\" \/>\n<meta name=\"twitter:label1\" content=\"Dur\u00e9e de lecture estim\u00e9e\" \/>\n\t<meta name=\"twitter:data1\" content=\"1 minute\" \/>\n<script type=\"application\/ld+json\" class=\"yoast-schema-graph\">{\"@context\":\"https:\\\/\\\/schema.org\",\"@graph\":[{\"@type\":\"WebPage\",\"@id\":\"https:\\\/\\\/walkingmum.com\\\/fr\\\/produit\\\/chanceliere-hiver-i-love-vichy-gris-iv\\\/\",\"url\":\"https:\\\/\\\/walkingmum.com\\\/fr\\\/produit\\\/chanceliere-hiver-i-love-vichy-gris-iv\\\/\",\"name\":\"CHANCELIERE HIVER I LOVE VICHY GRIS (IV) - Walking Mum\",\"isPartOf\":{\"@id\":\"https:\\\/\\\/walkingmum.com\\\/#website\"},\"primaryImageOfPage\":{\"@id\":\"https:\\\/\\\/walkingmum.com\\\/fr\\\/produit\\\/chanceliere-hiver-i-love-vichy-gris-iv\\\/#primaryimage\"},\"image\":{\"@id\":\"https:\\\/\\\/walkingmum.com\\\/fr\\\/produit\\\/chanceliere-hiver-i-love-vichy-gris-iv\\\/#primaryimage\"},\"thumbnailUrl\":\"https:\\\/\\\/walkingmum.com\\\/wp-content\\\/uploads\\\/2025\\\/09\\\/1120800591_a-1.jpg\",\"datePublished\":\"2025-09-25T10:25:56+00:00\",\"breadcrumb\":{\"@id\":\"https:\\\/\\\/walkingmum.com\\\/fr\\\/produit\\\/chanceliere-hiver-i-love-vichy-gris-iv\\\/#breadcrumb\"},\"inLanguage\":\"fr-FR\",\"potentialAction\":[{\"@type\":\"ReadAction\",\"target\":[\"https:\\\/\\\/walkingmum.com\\\/fr\\\/produit\\\/chanceliere-hiver-i-love-vichy-gris-iv\\\/\"]}]},{\"@type\":\"ImageObject\",\"inLanguage\":\"fr-FR\",\"@id\":\"https:\\\/\\\/walkingmum.com\\\/fr\\\/produit\\\/chanceliere-hiver-i-love-vichy-gris-iv\\\/#primaryimage\",\"url\":\"https:\\\/\\\/walkingmum.com\\\/wp-content\\\/uploads\\\/2025\\\/09\\\/1120800591_a-1.jpg\",\"contentUrl\":\"https:\\\/\\\/walkingmum.com\\\/wp-content\\\/uploads\\\/2025\\\/09\\\/1120800591_a-1.jpg\",\"width\":1800,\"height\":1800},{\"@type\":\"BreadcrumbList\",\"@id\":\"https:\\\/\\\/walkingmum.com\\\/fr\\\/produit\\\/chanceliere-hiver-i-love-vichy-gris-iv\\\/#breadcrumb\",\"itemListElement\":[{\"@type\":\"ListItem\",\"position\":1,\"name\":\"Portada\",\"item\":\"https:\\\/\\\/walkingmum.com\\\/fr\\\/\"},{\"@type\":\"ListItem\",\"position\":2,\"name\":\"Tienda\",\"item\":\"https:\\\/\\\/walkingmum.com\\\/tienda\\\/\"},{\"@type\":\"ListItem\",\"position\":3,\"name\":\"CHANCELIERE HIVER I LOVE VICHY GRIS (IV)\"}]},{\"@type\":\"WebSite\",\"@id\":\"https:\\\/\\\/walkingmum.com\\\/#website\",\"url\":\"https:\\\/\\\/walkingmum.com\\\/\",\"name\":\"Walking Mum\",\"description\":\"La marca para beb\u00e9s modernos\",\"potentialAction\":[{\"@type\":\"SearchAction\",\"target\":{\"@type\":\"EntryPoint\",\"urlTemplate\":\"https:\\\/\\\/walkingmum.com\\\/?s={search_term_string}\"},\"query-input\":{\"@type\":\"PropertyValueSpecification\",\"valueRequired\":true,\"valueName\":\"search_term_string\"}}],\"inLanguage\":\"fr-FR\"}]}<\/script>\n<!-- \/ Yoast SEO plugin. -->","yoast_head_json":{"title":"CHANCELIERE HIVER I LOVE VICHY GRIS (IV) - Walking Mum","robots":{"index":"index","follow":"follow","max-snippet":"max-snippet:-1","max-image-preview":"max-image-preview:large","max-video-preview":"max-video-preview:-1"},"canonical":"https:\/\/walkingmum.com\/fr\/produit\/chanceliere-hiver-i-love-vichy-gris-iv\/","og_locale":"fr_FR","og_type":"article","og_title":"CHANCELIERE HIVER I LOVE VICHY GRIS (IV) - Walking Mum","og_description":"La housse pour si\u00e8ge de poussette I Love Vichy Grey est l&rsquo;accessoire id\u00e9al pour recouvrir la base de votre poussette et est livr\u00e9e avec une chanceli\u00e8re pour garder votre b\u00e9b\u00e9 au chaud. Sa conception comprend plusieurs ouvertures (boutons-pression) et r\u00e9glages qui facilitent son adaptation \u00e0 la plupart des poussettes, garantissant ainsi un trajet s\u00fbr et [&hellip;]","og_url":"https:\/\/walkingmum.com\/fr\/produit\/chanceliere-hiver-i-love-vichy-gris-iv\/","og_site_name":"Walking Mum","og_image":[{"width":1800,"height":1800,"url":"https:\/\/walkingmum.com\/wp-content\/uploads\/2025\/09\/1120800591_a-1.jpg","type":"image\/jpeg"}],"twitter_card":"summary_large_image","twitter_misc":{"Dur\u00e9e de lecture estim\u00e9e":"1 minute"},"schema":{"@context":"https:\/\/schema.org","@graph":[{"@type":"WebPage","@id":"https:\/\/walkingmum.com\/fr\/produit\/chanceliere-hiver-i-love-vichy-gris-iv\/","url":"https:\/\/walkingmum.com\/fr\/produit\/chanceliere-hiver-i-love-vichy-gris-iv\/","name":"CHANCELIERE HIVER I LOVE VICHY GRIS (IV) - Walking Mum","isPartOf":{"@id":"https:\/\/walkingmum.com\/#website"},"primaryImageOfPage":{"@id":"https:\/\/walkingmum.com\/fr\/produit\/chanceliere-hiver-i-love-vichy-gris-iv\/#primaryimage"},"image":{"@id":"https:\/\/walkingmum.com\/fr\/produit\/chanceliere-hiver-i-love-vichy-gris-iv\/#primaryimage"},"thumbnailUrl":"https:\/\/walkingmum.com\/wp-content\/uploads\/2025\/09\/1120800591_a-1.jpg","datePublished":"2025-09-25T10:25:56+00:00","breadcrumb":{"@id":"https:\/\/walkingmum.com\/fr\/produit\/chanceliere-hiver-i-love-vichy-gris-iv\/#breadcrumb"},"inLanguage":"fr-FR","potentialAction":[{"@type":"ReadAction","target":["https:\/\/walkingmum.com\/fr\/produit\/chanceliere-hiver-i-love-vichy-gris-iv\/"]}]},{"@type":"ImageObject","inLanguage":"fr-FR","@id":"https:\/\/walkingmum.com\/fr\/produit\/chanceliere-hiver-i-love-vichy-gris-iv\/#primaryimage","url":"https:\/\/walkingmum.com\/wp-content\/uploads\/2025\/09\/1120800591_a-1.jpg","contentUrl":"https:\/\/walkingmum.com\/wp-content\/uploads\/2025\/09\/1120800591_a-1.jpg","width":1800,"height":1800},{"@type":"BreadcrumbList","@id":"https:\/\/walkingmum.com\/fr\/produit\/chanceliere-hiver-i-love-vichy-gris-iv\/#breadcrumb","itemListElement":[{"@type":"ListItem","position":1,"name":"Portada","item":"https:\/\/walkingmum.com\/fr\/"},{"@type":"ListItem","position":2,"name":"Tienda","item":"https:\/\/walkingmum.com\/tienda\/"},{"@type":"ListItem","position":3,"name":"CHANCELIERE HIVER I LOVE VICHY GRIS (IV)"}]},{"@type":"WebSite","@id":"https:\/\/walkingmum.com\/#website","url":"https:\/\/walkingmum.com\/","name":"Walking Mum","description":"La marca para beb\u00e9s modernos","potentialAction":[{"@type":"SearchAction","target":{"@type":"EntryPoint","urlTemplate":"https:\/\/walkingmum.com\/?s={search_term_string}"},"query-input":{"@type":"PropertyValueSpecification","valueRequired":true,"valueName":"search_term_string"}}],"inLanguage":"fr-FR"}]}},"_links":{"self":[{"href":"https:\/\/walkingmum.com\/fr\/wp-json\/wp\/v2\/product\/33039","targetHints":{"allow":["GET"]}}],"collection":[{"href":"https:\/\/walkingmum.com\/fr\/wp-json\/wp\/v2\/product"}],"about":[{"href":"https:\/\/walkingmum.com\/fr\/wp-json\/wp\/v2\/types\/product"}],"replies":[{"embeddable":true,"href":"https:\/\/walkingmum.com\/fr\/wp-json\/wp\/v2\/comments?post=33039"}],"wp:featuredmedia":[{"embeddable":true,"href":"https:\/\/walkingmum.com\/fr\/wp-json\/wp\/v2\/media\/32584"}],"wp:attachment":[{"href":"https:\/\/walkingmum.com\/fr\/wp-json\/wp\/v2\/media?parent=33039"}],"wp:term":[{"taxonomy":"colecciones","embeddable":true,"href":"https:\/\/walkingmum.com\/fr\/wp-json\/wp\/v2\/colecciones?post=33039"},{"taxonomy":"product_brand","embeddable":true,"href":"https:\/\/walkingmum.com\/fr\/wp-json\/wp\/v2\/product_brand?post=33039"},{"taxonomy":"product_cat","embeddable":true,"href":"https:\/\/walkingmum.com\/fr\/wp-json\/wp\/v2\/product_cat?post=33039"},{"taxonomy":"product_tag","embeddable":true,"href":"https:\/\/walkingmum.com\/fr\/wp-json\/wp\/v2\/product_tag?post=33039"}],"curies":[{"name":"wp","href":"https:\/\/api.w.org\/{rel}","templated":true}]}}