{"id":33038,"date":"2025-09-25T10:25:55","date_gmt":"2025-09-25T10:25:55","guid":{"rendered":"https:\/\/walkingmum.com\/?post_type=product&#038;p=33038"},"modified":"2025-09-25T10:25:55","modified_gmt":"2025-09-25T10:25:55","slug":"chanceliere-mi-saison-i-love-vichy-gris-iv","status":"publish","type":"product","link":"https:\/\/walkingmum.com\/fr\/produit\/chanceliere-mi-saison-i-love-vichy-gris-iv\/","title":{"rendered":"CHANCELIERE MI-SAISON I LOVE VICHY GRIS (IV)"},"content":{"rendered":"<p>La housse de si\u00e8ge de poussette I Love Vichy Grey est l&rsquo;accessoire id\u00e9al pour recouvrir la base du si\u00e8ge de votre poussette. Elle est livr\u00e9e avec une chanceli\u00e8re pour garder votre b\u00e9b\u00e9 au chaud. Gr\u00e2ce \u00e0 cette chanceli\u00e8re, votre b\u00e9b\u00e9 sera bien au chaud au printemps et en automne. Le dos est dot\u00e9 d&rsquo;un mat\u00e9riau anti-transpiration qui emp\u00eache la transpiration excessive. Il est dot\u00e9 d&rsquo;un rembourrage amovible. Sa conception comprend plusieurs ouvertures (boutons-pression) et des r\u00e9glages qui facilitent son adaptation \u00e0 la plupart des poussettes, rendant les promenades de votre b\u00e9b\u00e9 s\u00fbres et confortables. Fabriqu\u00e9 dans un mat\u00e9riau r\u00e9sistant et chaud. Il est dot\u00e9 d&rsquo;un repose-pieds recouvert de plastique pour un nettoyage facile apr\u00e8s utilisation. Ce mod\u00e8le au design simple et \u00e9l\u00e9gant cr\u00e9e un nid douillet pour votre b\u00e9b\u00e9, le gardant au chaud et prot\u00e9g\u00e9. La chanceli\u00e8re s&rsquo;adapte facilement \u00e0 toutes les poussettes et offre un repos plus agr\u00e9able gr\u00e2ce \u00e0 sa forme douillette en nid. De haute qualit\u00e9 et tr\u00e8s \u00e9l\u00e9gante. Fabriqu\u00e9e avec des mat\u00e9riaux durables, facile \u00e0 nettoyer \u00e0 la main ou en machine \u00e0 30 \u00b0C. Walking Mum prot\u00e8ge votre b\u00e9b\u00e9 gr\u00e2ce aux meilleurs tissus, sans colorants azo\u00efques ni substances nocives. Notre collection Walking Mum conserve toute la qualit\u00e9 de la marque Pasito a Pasito, mais avec un style moderne et urbain qui ne passe pas inaper\u00e7u, offrant une fa\u00e7on diff\u00e9rente de profiter des promenades avec votre b\u00e9b\u00e9. Les accessoires de cette ligne sont plus sportifs et pratiques, sp\u00e9cialement con\u00e7us pour les mamans et les papas modernes qui appr\u00e9cient les designs contemporains et tendance sans compromettre la qualit\u00e9 et la fonctionnalit\u00e9 des accessoires qui rendent chaque promenade avec leur b\u00e9b\u00e9 plus confortable. Dimensions : 47 x 90 cm.<\/p>\n","protected":false},"excerpt":{"rendered":"<p>La housse de si\u00e8ge de poussette I Love Vichy Grey est l&rsquo;accessoire id\u00e9al pour recouvrir la base du si\u00e8ge de votre poussette. Elle est livr\u00e9e avec une chanceli\u00e8re pour garder votre b\u00e9b\u00e9 au chaud. Gr\u00e2ce \u00e0 cette chanceli\u00e8re, votre b\u00e9b\u00e9 sera bien au chaud au printemps et en automne. Le dos est dot\u00e9 d&rsquo;un mat\u00e9riau [&hellip;]<\/p>\n","protected":false},"featured_media":32563,"comment_status":"closed","ping_status":"closed","template":"","meta":{"_acf_changed":false,"inline_featured_image":false},"colecciones":[114],"product_brand":[],"product_cat":[191],"product_tag":[],"class_list":{"0":"post-33038","1":"product","2":"type-product","3":"status-publish","4":"has-post-thumbnail","6":"colecciones-collection-i-love-vichy-fr","7":"product_cat-sorties","9":"first","10":"instock","11":"purchasable","12":"product-type-simple"},"acf":[],"yoast_head":"<!-- This site is optimized with the Yoast SEO plugin v27.5 - https:\/\/yoast.com\/product\/yoast-seo-wordpress\/ -->\n<title>CHANCELIERE MI-SAISON I LOVE VICHY GRIS (IV) - Walking Mum<\/title>\n<meta name=\"robots\" content=\"index, follow, max-snippet:-1, max-image-preview:large, max-video-preview:-1\" \/>\n<link rel=\"canonical\" href=\"https:\/\/walkingmum.com\/fr\/produit\/chanceliere-mi-saison-i-love-vichy-gris-iv\/\" \/>\n<meta property=\"og:locale\" content=\"fr_FR\" \/>\n<meta property=\"og:type\" content=\"article\" \/>\n<meta property=\"og:title\" content=\"CHANCELIERE MI-SAISON I LOVE VICHY GRIS (IV) - Walking Mum\" \/>\n<meta property=\"og:description\" content=\"La housse de si\u00e8ge de poussette I Love Vichy Grey est l&rsquo;accessoire id\u00e9al pour recouvrir la base du si\u00e8ge de votre poussette. Elle est livr\u00e9e avec une chanceli\u00e8re pour garder votre b\u00e9b\u00e9 au chaud. Gr\u00e2ce \u00e0 cette chanceli\u00e8re, votre b\u00e9b\u00e9 sera bien au chaud au printemps et en automne. Le dos est dot\u00e9 d&rsquo;un mat\u00e9riau [&hellip;]\" \/>\n<meta property=\"og:url\" content=\"https:\/\/walkingmum.com\/fr\/produit\/chanceliere-mi-saison-i-love-vichy-gris-iv\/\" \/>\n<meta property=\"og:site_name\" content=\"Walking Mum\" \/>\n<meta property=\"og:image\" content=\"https:\/\/walkingmum.com\/wp-content\/uploads\/2025\/09\/1120800588_a-1.jpg\" \/>\n\t<meta property=\"og:image:width\" content=\"1800\" \/>\n\t<meta property=\"og:image:height\" content=\"1800\" \/>\n\t<meta property=\"og:image:type\" content=\"image\/jpeg\" \/>\n<meta name=\"twitter:card\" content=\"summary_large_image\" \/>\n<meta name=\"twitter:label1\" content=\"Dur\u00e9e de lecture estim\u00e9e\" \/>\n\t<meta name=\"twitter:data1\" content=\"2 minutes\" \/>\n<script type=\"application\/ld+json\" class=\"yoast-schema-graph\">{\"@context\":\"https:\\\/\\\/schema.org\",\"@graph\":[{\"@type\":\"WebPage\",\"@id\":\"https:\\\/\\\/walkingmum.com\\\/fr\\\/produit\\\/chanceliere-mi-saison-i-love-vichy-gris-iv\\\/\",\"url\":\"https:\\\/\\\/walkingmum.com\\\/fr\\\/produit\\\/chanceliere-mi-saison-i-love-vichy-gris-iv\\\/\",\"name\":\"CHANCELIERE MI-SAISON I LOVE VICHY GRIS (IV) - Walking Mum\",\"isPartOf\":{\"@id\":\"https:\\\/\\\/walkingmum.com\\\/#website\"},\"primaryImageOfPage\":{\"@id\":\"https:\\\/\\\/walkingmum.com\\\/fr\\\/produit\\\/chanceliere-mi-saison-i-love-vichy-gris-iv\\\/#primaryimage\"},\"image\":{\"@id\":\"https:\\\/\\\/walkingmum.com\\\/fr\\\/produit\\\/chanceliere-mi-saison-i-love-vichy-gris-iv\\\/#primaryimage\"},\"thumbnailUrl\":\"https:\\\/\\\/walkingmum.com\\\/wp-content\\\/uploads\\\/2025\\\/09\\\/1120800588_a-1.jpg\",\"datePublished\":\"2025-09-25T10:25:55+00:00\",\"breadcrumb\":{\"@id\":\"https:\\\/\\\/walkingmum.com\\\/fr\\\/produit\\\/chanceliere-mi-saison-i-love-vichy-gris-iv\\\/#breadcrumb\"},\"inLanguage\":\"fr-FR\",\"potentialAction\":[{\"@type\":\"ReadAction\",\"target\":[\"https:\\\/\\\/walkingmum.com\\\/fr\\\/produit\\\/chanceliere-mi-saison-i-love-vichy-gris-iv\\\/\"]}]},{\"@type\":\"ImageObject\",\"inLanguage\":\"fr-FR\",\"@id\":\"https:\\\/\\\/walkingmum.com\\\/fr\\\/produit\\\/chanceliere-mi-saison-i-love-vichy-gris-iv\\\/#primaryimage\",\"url\":\"https:\\\/\\\/walkingmum.com\\\/wp-content\\\/uploads\\\/2025\\\/09\\\/1120800588_a-1.jpg\",\"contentUrl\":\"https:\\\/\\\/walkingmum.com\\\/wp-content\\\/uploads\\\/2025\\\/09\\\/1120800588_a-1.jpg\",\"width\":1800,\"height\":1800},{\"@type\":\"BreadcrumbList\",\"@id\":\"https:\\\/\\\/walkingmum.com\\\/fr\\\/produit\\\/chanceliere-mi-saison-i-love-vichy-gris-iv\\\/#breadcrumb\",\"itemListElement\":[{\"@type\":\"ListItem\",\"position\":1,\"name\":\"Portada\",\"item\":\"https:\\\/\\\/walkingmum.com\\\/fr\\\/\"},{\"@type\":\"ListItem\",\"position\":2,\"name\":\"Tienda\",\"item\":\"https:\\\/\\\/walkingmum.com\\\/tienda\\\/\"},{\"@type\":\"ListItem\",\"position\":3,\"name\":\"CHANCELIERE MI-SAISON I LOVE VICHY GRIS (IV)\"}]},{\"@type\":\"WebSite\",\"@id\":\"https:\\\/\\\/walkingmum.com\\\/#website\",\"url\":\"https:\\\/\\\/walkingmum.com\\\/\",\"name\":\"Walking Mum\",\"description\":\"La marca para beb\u00e9s modernos\",\"potentialAction\":[{\"@type\":\"SearchAction\",\"target\":{\"@type\":\"EntryPoint\",\"urlTemplate\":\"https:\\\/\\\/walkingmum.com\\\/?s={search_term_string}\"},\"query-input\":{\"@type\":\"PropertyValueSpecification\",\"valueRequired\":true,\"valueName\":\"search_term_string\"}}],\"inLanguage\":\"fr-FR\"}]}<\/script>\n<!-- \/ Yoast SEO plugin. -->","yoast_head_json":{"title":"CHANCELIERE MI-SAISON I LOVE VICHY GRIS (IV) - Walking Mum","robots":{"index":"index","follow":"follow","max-snippet":"max-snippet:-1","max-image-preview":"max-image-preview:large","max-video-preview":"max-video-preview:-1"},"canonical":"https:\/\/walkingmum.com\/fr\/produit\/chanceliere-mi-saison-i-love-vichy-gris-iv\/","og_locale":"fr_FR","og_type":"article","og_title":"CHANCELIERE MI-SAISON I LOVE VICHY GRIS (IV) - Walking Mum","og_description":"La housse de si\u00e8ge de poussette I Love Vichy Grey est l&rsquo;accessoire id\u00e9al pour recouvrir la base du si\u00e8ge de votre poussette. Elle est livr\u00e9e avec une chanceli\u00e8re pour garder votre b\u00e9b\u00e9 au chaud. Gr\u00e2ce \u00e0 cette chanceli\u00e8re, votre b\u00e9b\u00e9 sera bien au chaud au printemps et en automne. Le dos est dot\u00e9 d&rsquo;un mat\u00e9riau [&hellip;]","og_url":"https:\/\/walkingmum.com\/fr\/produit\/chanceliere-mi-saison-i-love-vichy-gris-iv\/","og_site_name":"Walking Mum","og_image":[{"width":1800,"height":1800,"url":"https:\/\/walkingmum.com\/wp-content\/uploads\/2025\/09\/1120800588_a-1.jpg","type":"image\/jpeg"}],"twitter_card":"summary_large_image","twitter_misc":{"Dur\u00e9e de lecture estim\u00e9e":"2 minutes"},"schema":{"@context":"https:\/\/schema.org","@graph":[{"@type":"WebPage","@id":"https:\/\/walkingmum.com\/fr\/produit\/chanceliere-mi-saison-i-love-vichy-gris-iv\/","url":"https:\/\/walkingmum.com\/fr\/produit\/chanceliere-mi-saison-i-love-vichy-gris-iv\/","name":"CHANCELIERE MI-SAISON I LOVE VICHY GRIS (IV) - Walking Mum","isPartOf":{"@id":"https:\/\/walkingmum.com\/#website"},"primaryImageOfPage":{"@id":"https:\/\/walkingmum.com\/fr\/produit\/chanceliere-mi-saison-i-love-vichy-gris-iv\/#primaryimage"},"image":{"@id":"https:\/\/walkingmum.com\/fr\/produit\/chanceliere-mi-saison-i-love-vichy-gris-iv\/#primaryimage"},"thumbnailUrl":"https:\/\/walkingmum.com\/wp-content\/uploads\/2025\/09\/1120800588_a-1.jpg","datePublished":"2025-09-25T10:25:55+00:00","breadcrumb":{"@id":"https:\/\/walkingmum.com\/fr\/produit\/chanceliere-mi-saison-i-love-vichy-gris-iv\/#breadcrumb"},"inLanguage":"fr-FR","potentialAction":[{"@type":"ReadAction","target":["https:\/\/walkingmum.com\/fr\/produit\/chanceliere-mi-saison-i-love-vichy-gris-iv\/"]}]},{"@type":"ImageObject","inLanguage":"fr-FR","@id":"https:\/\/walkingmum.com\/fr\/produit\/chanceliere-mi-saison-i-love-vichy-gris-iv\/#primaryimage","url":"https:\/\/walkingmum.com\/wp-content\/uploads\/2025\/09\/1120800588_a-1.jpg","contentUrl":"https:\/\/walkingmum.com\/wp-content\/uploads\/2025\/09\/1120800588_a-1.jpg","width":1800,"height":1800},{"@type":"BreadcrumbList","@id":"https:\/\/walkingmum.com\/fr\/produit\/chanceliere-mi-saison-i-love-vichy-gris-iv\/#breadcrumb","itemListElement":[{"@type":"ListItem","position":1,"name":"Portada","item":"https:\/\/walkingmum.com\/fr\/"},{"@type":"ListItem","position":2,"name":"Tienda","item":"https:\/\/walkingmum.com\/tienda\/"},{"@type":"ListItem","position":3,"name":"CHANCELIERE MI-SAISON I LOVE VICHY GRIS (IV)"}]},{"@type":"WebSite","@id":"https:\/\/walkingmum.com\/#website","url":"https:\/\/walkingmum.com\/","name":"Walking Mum","description":"La marca para beb\u00e9s modernos","potentialAction":[{"@type":"SearchAction","target":{"@type":"EntryPoint","urlTemplate":"https:\/\/walkingmum.com\/?s={search_term_string}"},"query-input":{"@type":"PropertyValueSpecification","valueRequired":true,"valueName":"search_term_string"}}],"inLanguage":"fr-FR"}]}},"_links":{"self":[{"href":"https:\/\/walkingmum.com\/fr\/wp-json\/wp\/v2\/product\/33038","targetHints":{"allow":["GET"]}}],"collection":[{"href":"https:\/\/walkingmum.com\/fr\/wp-json\/wp\/v2\/product"}],"about":[{"href":"https:\/\/walkingmum.com\/fr\/wp-json\/wp\/v2\/types\/product"}],"replies":[{"embeddable":true,"href":"https:\/\/walkingmum.com\/fr\/wp-json\/wp\/v2\/comments?post=33038"}],"wp:featuredmedia":[{"embeddable":true,"href":"https:\/\/walkingmum.com\/fr\/wp-json\/wp\/v2\/media\/32563"}],"wp:attachment":[{"href":"https:\/\/walkingmum.com\/fr\/wp-json\/wp\/v2\/media?parent=33038"}],"wp:term":[{"taxonomy":"colecciones","embeddable":true,"href":"https:\/\/walkingmum.com\/fr\/wp-json\/wp\/v2\/colecciones?post=33038"},{"taxonomy":"product_brand","embeddable":true,"href":"https:\/\/walkingmum.com\/fr\/wp-json\/wp\/v2\/product_brand?post=33038"},{"taxonomy":"product_cat","embeddable":true,"href":"https:\/\/walkingmum.com\/fr\/wp-json\/wp\/v2\/product_cat?post=33038"},{"taxonomy":"product_tag","embeddable":true,"href":"https:\/\/walkingmum.com\/fr\/wp-json\/wp\/v2\/product_tag?post=33038"}],"curies":[{"name":"wp","href":"https:\/\/api.w.org\/{rel}","templated":true}]}}