{"id":33036,"date":"2025-09-25T10:25:55","date_gmt":"2025-09-25T10:25:55","guid":{"rendered":"https:\/\/walkingmum.com\/?post_type=product&#038;p=33036"},"modified":"2025-09-25T10:25:55","modified_gmt":"2025-09-25T10:25:55","slug":"livre-dactivites-lion-gala-cerise","status":"publish","type":"product","link":"https:\/\/walkingmum.com\/fr\/produit\/livre-dactivites-lion-gala-cerise\/","title":{"rendered":"LIVRE D&rsquo;ACTIVIT\u00c9S LION GALA CERISE"},"content":{"rendered":"<p>Livre d&rsquo;activit\u00e9s Walking Mum Gala Cerise Velour. Faites d\u00e9couvrir \u00e0 votre tout-petit un monde de d\u00e9couvertes tactiles et d&rsquo;apprentissage ludique avec le livre d&rsquo;activit\u00e9s Walking Mum Gala Cerise Velour ! Ce charmant livre d&rsquo;activit\u00e9s souple, mesurant 12 x 12 cm et issu de l&rsquo;adorable collection Gala Cerise, est con\u00e7u pour stimuler les sens de votre b\u00e9b\u00e9 et favoriser son d\u00e9veloppement pr\u00e9coce. Fabriqu\u00e9 en velours, il est incroyablement doux et parfait pour que les petites mains puissent l&rsquo;explorer et le saisir.Chaque page comporte des \u00e9l\u00e9ments attrayants qui \u00e9veillent la curiosit\u00e9 et d\u00e9veloppent la motricit\u00e9 fine. Votre b\u00e9b\u00e9 adorera d\u00e9couvrir le lion sympathique qui jette un \u0153il, la lune froiss\u00e9e avec des \u00e9toiles, le soleil souriant et le lion aventureux au volant d&rsquo;une jeep. Les textures vari\u00e9es et les illustrations vivantes offrent une exp\u00e9rience multisensorielle qui favorise l&rsquo;exploration sensorielle et le d\u00e9veloppement cognitif. L\u00e9ger et facile \u00e0 transporter, ce livre d&rsquo;activit\u00e9s est id\u00e9al pour jouer \u00e0 la maison ou en d\u00e9placement. Il comprend \u00e9galement une boucle pratique pour l&rsquo;attacher \u00e0 une poussette ou \u00e0 un si\u00e8ge auto pour un divertissement sans fin. Soyez rassur\u00e9, ce produit r\u00e9pond aux normes de s\u00e9curit\u00e9 les plus strictes et est conforme \u00e0 la r\u00e9glementation EN-71 +0 sur la s\u00e9curit\u00e9 des jouets. Walking Mum accorde la priorit\u00e9 \u00e0 la s\u00e9curit\u00e9 et au bien-\u00eatre de votre b\u00e9b\u00e9 en utilisant uniquement les meilleurs mat\u00e9riaux, exempts de substances nocives. Ramenez \u00e0 la maison le livre d&rsquo;activit\u00e9s Walking Mum Gala Cerise Velour et regardez les yeux de votre b\u00e9b\u00e9 s&rsquo;illuminer de joie et d&rsquo;\u00e9merveillement ! Un m\u00e9lange parfait de style, de s\u00e9curit\u00e9 et de plaisir sensoriel pour les familles modernes. Walking Mum prot\u00e8ge votre b\u00e9b\u00e9 en utilisant les meilleurs tissus, sans colorants azo\u00efques ni substances nocives. Conforme \u00e0 la norme europ\u00e9enne EN-71 sur la s\u00e9curit\u00e9 des jouets pour les enfants de 0 ans et plus.<\/p>\n","protected":false},"excerpt":{"rendered":"<p>Livre d&rsquo;activit\u00e9s Walking Mum Gala Cerise Velour. Faites d\u00e9couvrir \u00e0 votre tout-petit un monde de d\u00e9couvertes tactiles et d&rsquo;apprentissage ludique avec le livre d&rsquo;activit\u00e9s Walking Mum Gala Cerise Velour ! Ce charmant livre d&rsquo;activit\u00e9s souple, mesurant 12 x 12 cm et issu de l&rsquo;adorable collection Gala Cerise, est con\u00e7u pour stimuler les sens de votre [&hellip;]<\/p>\n","protected":false},"featured_media":32529,"comment_status":"closed","ping_status":"closed","template":"","meta":{"_acf_changed":false,"inline_featured_image":false},"colecciones":[399],"product_brand":[],"product_cat":[255],"product_tag":[],"class_list":{"0":"post-33036","1":"product","2":"type-product","3":"status-publish","4":"has-post-thumbnail","6":"colecciones-collection-gala","7":"product_cat-peluches-et-accessories","9":"first","10":"instock","11":"purchasable","12":"product-type-simple"},"acf":[],"yoast_head":"<!-- This site is optimized with the Yoast SEO plugin v27.4 - https:\/\/yoast.com\/product\/yoast-seo-wordpress\/ -->\n<title>LIVRE D&#039;ACTIVIT\u00c9S LION GALA CERISE - Walking Mum<\/title>\n<meta name=\"robots\" content=\"index, follow, max-snippet:-1, max-image-preview:large, max-video-preview:-1\" \/>\n<link rel=\"canonical\" href=\"https:\/\/walkingmum.com\/fr\/produit\/livre-dactivites-lion-gala-cerise\/\" \/>\n<meta property=\"og:locale\" content=\"fr_FR\" \/>\n<meta property=\"og:type\" content=\"article\" \/>\n<meta property=\"og:title\" content=\"LIVRE D&#039;ACTIVIT\u00c9S LION GALA CERISE - Walking Mum\" \/>\n<meta property=\"og:description\" content=\"Livre d&rsquo;activit\u00e9s Walking Mum Gala Cerise Velour. Faites d\u00e9couvrir \u00e0 votre tout-petit un monde de d\u00e9couvertes tactiles et d&rsquo;apprentissage ludique avec le livre d&rsquo;activit\u00e9s Walking Mum Gala Cerise Velour ! Ce charmant livre d&rsquo;activit\u00e9s souple, mesurant 12 x 12 cm et issu de l&rsquo;adorable collection Gala Cerise, est con\u00e7u pour stimuler les sens de votre [&hellip;]\" \/>\n<meta property=\"og:url\" content=\"https:\/\/walkingmum.com\/fr\/produit\/livre-dactivites-lion-gala-cerise\/\" \/>\n<meta property=\"og:site_name\" content=\"Walking Mum\" \/>\n<meta property=\"og:image\" content=\"https:\/\/walkingmum.com\/wp-content\/uploads\/2025\/09\/1120800658_a-1.jpg\" \/>\n\t<meta property=\"og:image:width\" content=\"1800\" \/>\n\t<meta property=\"og:image:height\" content=\"1800\" \/>\n\t<meta property=\"og:image:type\" content=\"image\/jpeg\" \/>\n<meta name=\"twitter:card\" content=\"summary_large_image\" \/>\n<meta name=\"twitter:label1\" content=\"Dur\u00e9e de lecture estim\u00e9e\" \/>\n\t<meta name=\"twitter:data1\" content=\"2 minutes\" \/>\n<script type=\"application\/ld+json\" class=\"yoast-schema-graph\">{\"@context\":\"https:\\\/\\\/schema.org\",\"@graph\":[{\"@type\":\"WebPage\",\"@id\":\"https:\\\/\\\/walkingmum.com\\\/fr\\\/produit\\\/livre-dactivites-lion-gala-cerise\\\/\",\"url\":\"https:\\\/\\\/walkingmum.com\\\/fr\\\/produit\\\/livre-dactivites-lion-gala-cerise\\\/\",\"name\":\"LIVRE D'ACTIVIT\u00c9S LION GALA CERISE - Walking Mum\",\"isPartOf\":{\"@id\":\"https:\\\/\\\/walkingmum.com\\\/#website\"},\"primaryImageOfPage\":{\"@id\":\"https:\\\/\\\/walkingmum.com\\\/fr\\\/produit\\\/livre-dactivites-lion-gala-cerise\\\/#primaryimage\"},\"image\":{\"@id\":\"https:\\\/\\\/walkingmum.com\\\/fr\\\/produit\\\/livre-dactivites-lion-gala-cerise\\\/#primaryimage\"},\"thumbnailUrl\":\"https:\\\/\\\/walkingmum.com\\\/wp-content\\\/uploads\\\/2025\\\/09\\\/1120800658_a-1.jpg\",\"datePublished\":\"2025-09-25T10:25:55+00:00\",\"breadcrumb\":{\"@id\":\"https:\\\/\\\/walkingmum.com\\\/fr\\\/produit\\\/livre-dactivites-lion-gala-cerise\\\/#breadcrumb\"},\"inLanguage\":\"fr-FR\",\"potentialAction\":[{\"@type\":\"ReadAction\",\"target\":[\"https:\\\/\\\/walkingmum.com\\\/fr\\\/produit\\\/livre-dactivites-lion-gala-cerise\\\/\"]}]},{\"@type\":\"ImageObject\",\"inLanguage\":\"fr-FR\",\"@id\":\"https:\\\/\\\/walkingmum.com\\\/fr\\\/produit\\\/livre-dactivites-lion-gala-cerise\\\/#primaryimage\",\"url\":\"https:\\\/\\\/walkingmum.com\\\/wp-content\\\/uploads\\\/2025\\\/09\\\/1120800658_a-1.jpg\",\"contentUrl\":\"https:\\\/\\\/walkingmum.com\\\/wp-content\\\/uploads\\\/2025\\\/09\\\/1120800658_a-1.jpg\",\"width\":1800,\"height\":1800},{\"@type\":\"BreadcrumbList\",\"@id\":\"https:\\\/\\\/walkingmum.com\\\/fr\\\/produit\\\/livre-dactivites-lion-gala-cerise\\\/#breadcrumb\",\"itemListElement\":[{\"@type\":\"ListItem\",\"position\":1,\"name\":\"Portada\",\"item\":\"https:\\\/\\\/walkingmum.com\\\/fr\\\/\"},{\"@type\":\"ListItem\",\"position\":2,\"name\":\"Tienda\",\"item\":\"https:\\\/\\\/walkingmum.com\\\/tienda\\\/\"},{\"@type\":\"ListItem\",\"position\":3,\"name\":\"LIVRE D&#8217;ACTIVIT\u00c9S LION GALA CERISE\"}]},{\"@type\":\"WebSite\",\"@id\":\"https:\\\/\\\/walkingmum.com\\\/#website\",\"url\":\"https:\\\/\\\/walkingmum.com\\\/\",\"name\":\"Walking Mum\",\"description\":\"La marca para beb\u00e9s modernos\",\"potentialAction\":[{\"@type\":\"SearchAction\",\"target\":{\"@type\":\"EntryPoint\",\"urlTemplate\":\"https:\\\/\\\/walkingmum.com\\\/?s={search_term_string}\"},\"query-input\":{\"@type\":\"PropertyValueSpecification\",\"valueRequired\":true,\"valueName\":\"search_term_string\"}}],\"inLanguage\":\"fr-FR\"}]}<\/script>\n<!-- \/ Yoast SEO plugin. -->","yoast_head_json":{"title":"LIVRE D'ACTIVIT\u00c9S LION GALA CERISE - Walking Mum","robots":{"index":"index","follow":"follow","max-snippet":"max-snippet:-1","max-image-preview":"max-image-preview:large","max-video-preview":"max-video-preview:-1"},"canonical":"https:\/\/walkingmum.com\/fr\/produit\/livre-dactivites-lion-gala-cerise\/","og_locale":"fr_FR","og_type":"article","og_title":"LIVRE D'ACTIVIT\u00c9S LION GALA CERISE - Walking Mum","og_description":"Livre d&rsquo;activit\u00e9s Walking Mum Gala Cerise Velour. Faites d\u00e9couvrir \u00e0 votre tout-petit un monde de d\u00e9couvertes tactiles et d&rsquo;apprentissage ludique avec le livre d&rsquo;activit\u00e9s Walking Mum Gala Cerise Velour ! Ce charmant livre d&rsquo;activit\u00e9s souple, mesurant 12 x 12 cm et issu de l&rsquo;adorable collection Gala Cerise, est con\u00e7u pour stimuler les sens de votre [&hellip;]","og_url":"https:\/\/walkingmum.com\/fr\/produit\/livre-dactivites-lion-gala-cerise\/","og_site_name":"Walking Mum","og_image":[{"width":1800,"height":1800,"url":"https:\/\/walkingmum.com\/wp-content\/uploads\/2025\/09\/1120800658_a-1.jpg","type":"image\/jpeg"}],"twitter_card":"summary_large_image","twitter_misc":{"Dur\u00e9e de lecture estim\u00e9e":"2 minutes"},"schema":{"@context":"https:\/\/schema.org","@graph":[{"@type":"WebPage","@id":"https:\/\/walkingmum.com\/fr\/produit\/livre-dactivites-lion-gala-cerise\/","url":"https:\/\/walkingmum.com\/fr\/produit\/livre-dactivites-lion-gala-cerise\/","name":"LIVRE D'ACTIVIT\u00c9S LION GALA CERISE - Walking Mum","isPartOf":{"@id":"https:\/\/walkingmum.com\/#website"},"primaryImageOfPage":{"@id":"https:\/\/walkingmum.com\/fr\/produit\/livre-dactivites-lion-gala-cerise\/#primaryimage"},"image":{"@id":"https:\/\/walkingmum.com\/fr\/produit\/livre-dactivites-lion-gala-cerise\/#primaryimage"},"thumbnailUrl":"https:\/\/walkingmum.com\/wp-content\/uploads\/2025\/09\/1120800658_a-1.jpg","datePublished":"2025-09-25T10:25:55+00:00","breadcrumb":{"@id":"https:\/\/walkingmum.com\/fr\/produit\/livre-dactivites-lion-gala-cerise\/#breadcrumb"},"inLanguage":"fr-FR","potentialAction":[{"@type":"ReadAction","target":["https:\/\/walkingmum.com\/fr\/produit\/livre-dactivites-lion-gala-cerise\/"]}]},{"@type":"ImageObject","inLanguage":"fr-FR","@id":"https:\/\/walkingmum.com\/fr\/produit\/livre-dactivites-lion-gala-cerise\/#primaryimage","url":"https:\/\/walkingmum.com\/wp-content\/uploads\/2025\/09\/1120800658_a-1.jpg","contentUrl":"https:\/\/walkingmum.com\/wp-content\/uploads\/2025\/09\/1120800658_a-1.jpg","width":1800,"height":1800},{"@type":"BreadcrumbList","@id":"https:\/\/walkingmum.com\/fr\/produit\/livre-dactivites-lion-gala-cerise\/#breadcrumb","itemListElement":[{"@type":"ListItem","position":1,"name":"Portada","item":"https:\/\/walkingmum.com\/fr\/"},{"@type":"ListItem","position":2,"name":"Tienda","item":"https:\/\/walkingmum.com\/tienda\/"},{"@type":"ListItem","position":3,"name":"LIVRE D&#8217;ACTIVIT\u00c9S LION GALA CERISE"}]},{"@type":"WebSite","@id":"https:\/\/walkingmum.com\/#website","url":"https:\/\/walkingmum.com\/","name":"Walking Mum","description":"La marca para beb\u00e9s modernos","potentialAction":[{"@type":"SearchAction","target":{"@type":"EntryPoint","urlTemplate":"https:\/\/walkingmum.com\/?s={search_term_string}"},"query-input":{"@type":"PropertyValueSpecification","valueRequired":true,"valueName":"search_term_string"}}],"inLanguage":"fr-FR"}]}},"_links":{"self":[{"href":"https:\/\/walkingmum.com\/fr\/wp-json\/wp\/v2\/product\/33036","targetHints":{"allow":["GET"]}}],"collection":[{"href":"https:\/\/walkingmum.com\/fr\/wp-json\/wp\/v2\/product"}],"about":[{"href":"https:\/\/walkingmum.com\/fr\/wp-json\/wp\/v2\/types\/product"}],"replies":[{"embeddable":true,"href":"https:\/\/walkingmum.com\/fr\/wp-json\/wp\/v2\/comments?post=33036"}],"wp:featuredmedia":[{"embeddable":true,"href":"https:\/\/walkingmum.com\/fr\/wp-json\/wp\/v2\/media\/32529"}],"wp:attachment":[{"href":"https:\/\/walkingmum.com\/fr\/wp-json\/wp\/v2\/media?parent=33036"}],"wp:term":[{"taxonomy":"colecciones","embeddable":true,"href":"https:\/\/walkingmum.com\/fr\/wp-json\/wp\/v2\/colecciones?post=33036"},{"taxonomy":"product_brand","embeddable":true,"href":"https:\/\/walkingmum.com\/fr\/wp-json\/wp\/v2\/product_brand?post=33036"},{"taxonomy":"product_cat","embeddable":true,"href":"https:\/\/walkingmum.com\/fr\/wp-json\/wp\/v2\/product_cat?post=33036"},{"taxonomy":"product_tag","embeddable":true,"href":"https:\/\/walkingmum.com\/fr\/wp-json\/wp\/v2\/product_tag?post=33036"}],"curies":[{"name":"wp","href":"https:\/\/api.w.org\/{rel}","templated":true}]}}