{"id":33035,"date":"2025-09-25T10:25:55","date_gmt":"2025-09-25T10:25:55","guid":{"rendered":"https:\/\/walkingmum.com\/?post_type=product&#038;p=33035"},"modified":"2025-09-25T10:25:55","modified_gmt":"2025-09-25T10:25:55","slug":"jouet-musical-lion-gala","status":"publish","type":"product","link":"https:\/\/walkingmum.com\/fr\/produit\/jouet-musical-lion-gala\/","title":{"rendered":"JOUET MUSICAL LION GALA"},"content":{"rendered":"<p>Le musical Gala Cerise de Walking Mum est l&rsquo;accessoire id\u00e9al pour d\u00e9tendre et apaiser votre b\u00e9b\u00e9. Con\u00e7u avec un adorable lion de 25 cm, sa douce m\u00e9lodie cr\u00e9e une atmosph\u00e8re de tranquillit\u00e9 et de confort. Parfait pour aider votre b\u00e9b\u00e9 \u00e0 s&rsquo;endormir. Comprend une boucle pratique pour l&rsquo;attacher au lit, \u00e0 la poussette ou au landau. Fabriqu\u00e9 en peluche et en mousseline, parfait pour le toucher d\u00e9licat du b\u00e9b\u00e9. Sans petites pi\u00e8ces ni \u00e9l\u00e9ments dangereux, convient aux nouveau-n\u00e9s. Favorise le d\u00e9veloppement \u00e9motionnel et sensoriel du b\u00e9b\u00e9. Cette peluche de Walking Mum est le compagnon id\u00e9al pour les moments de jeu et de repos, apportant calme et douceur \u00e0 votre b\u00e9b\u00e9. Lavage \u00e0 la main uniquement. Walking Mum prot\u00e8ge votre b\u00e9b\u00e9 en utilisant les meilleurs tissus, sans colorants azo\u00efques ni substances nocives. Conforme \u00e0 la norme europ\u00e9enne EN-71 sur la s\u00e9curit\u00e9 des jouets pour les enfants de 0 \u00e0 12 mois.<\/p>\n","protected":false},"excerpt":{"rendered":"<p>Le musical Gala Cerise de Walking Mum est l&rsquo;accessoire id\u00e9al pour d\u00e9tendre et apaiser votre b\u00e9b\u00e9. Con\u00e7u avec un adorable lion de 25 cm, sa douce m\u00e9lodie cr\u00e9e une atmosph\u00e8re de tranquillit\u00e9 et de confort. Parfait pour aider votre b\u00e9b\u00e9 \u00e0 s&rsquo;endormir. Comprend une boucle pratique pour l&rsquo;attacher au lit, \u00e0 la poussette ou au [&hellip;]<\/p>\n","protected":false},"featured_media":32512,"comment_status":"closed","ping_status":"closed","template":"","meta":{"_acf_changed":false,"inline_featured_image":false},"colecciones":[399],"product_brand":[],"product_cat":[255],"product_tag":[],"class_list":{"0":"post-33035","1":"product","2":"type-product","3":"status-publish","4":"has-post-thumbnail","6":"colecciones-collection-gala","7":"product_cat-peluches-et-accessories","9":"first","10":"instock","11":"purchasable","12":"product-type-simple"},"acf":[],"yoast_head":"<!-- This site is optimized with the Yoast SEO plugin v27.4 - https:\/\/yoast.com\/product\/yoast-seo-wordpress\/ -->\n<title>JOUET MUSICAL LION GALA - Walking Mum<\/title>\n<meta name=\"robots\" content=\"index, follow, max-snippet:-1, max-image-preview:large, max-video-preview:-1\" \/>\n<link rel=\"canonical\" href=\"https:\/\/walkingmum.com\/fr\/produit\/jouet-musical-lion-gala\/\" \/>\n<meta property=\"og:locale\" content=\"fr_FR\" \/>\n<meta property=\"og:type\" content=\"article\" \/>\n<meta property=\"og:title\" content=\"JOUET MUSICAL LION GALA - Walking Mum\" \/>\n<meta property=\"og:description\" content=\"Le musical Gala Cerise de Walking Mum est l&rsquo;accessoire id\u00e9al pour d\u00e9tendre et apaiser votre b\u00e9b\u00e9. Con\u00e7u avec un adorable lion de 25 cm, sa douce m\u00e9lodie cr\u00e9e une atmosph\u00e8re de tranquillit\u00e9 et de confort. Parfait pour aider votre b\u00e9b\u00e9 \u00e0 s&rsquo;endormir. Comprend une boucle pratique pour l&rsquo;attacher au lit, \u00e0 la poussette ou au [&hellip;]\" \/>\n<meta property=\"og:url\" content=\"https:\/\/walkingmum.com\/fr\/produit\/jouet-musical-lion-gala\/\" \/>\n<meta property=\"og:site_name\" content=\"Walking Mum\" \/>\n<meta property=\"og:image\" content=\"https:\/\/walkingmum.com\/wp-content\/uploads\/2025\/09\/1120800656_a-1.jpg\" \/>\n\t<meta property=\"og:image:width\" content=\"1800\" \/>\n\t<meta property=\"og:image:height\" content=\"1800\" \/>\n\t<meta property=\"og:image:type\" content=\"image\/jpeg\" \/>\n<meta name=\"twitter:card\" content=\"summary_large_image\" \/>\n<meta name=\"twitter:label1\" content=\"Dur\u00e9e de lecture estim\u00e9e\" \/>\n\t<meta name=\"twitter:data1\" content=\"1 minute\" \/>\n<script type=\"application\/ld+json\" class=\"yoast-schema-graph\">{\"@context\":\"https:\\\/\\\/schema.org\",\"@graph\":[{\"@type\":\"WebPage\",\"@id\":\"https:\\\/\\\/walkingmum.com\\\/fr\\\/produit\\\/jouet-musical-lion-gala\\\/\",\"url\":\"https:\\\/\\\/walkingmum.com\\\/fr\\\/produit\\\/jouet-musical-lion-gala\\\/\",\"name\":\"JOUET MUSICAL LION GALA - Walking Mum\",\"isPartOf\":{\"@id\":\"https:\\\/\\\/walkingmum.com\\\/#website\"},\"primaryImageOfPage\":{\"@id\":\"https:\\\/\\\/walkingmum.com\\\/fr\\\/produit\\\/jouet-musical-lion-gala\\\/#primaryimage\"},\"image\":{\"@id\":\"https:\\\/\\\/walkingmum.com\\\/fr\\\/produit\\\/jouet-musical-lion-gala\\\/#primaryimage\"},\"thumbnailUrl\":\"https:\\\/\\\/walkingmum.com\\\/wp-content\\\/uploads\\\/2025\\\/09\\\/1120800656_a-1.jpg\",\"datePublished\":\"2025-09-25T10:25:55+00:00\",\"breadcrumb\":{\"@id\":\"https:\\\/\\\/walkingmum.com\\\/fr\\\/produit\\\/jouet-musical-lion-gala\\\/#breadcrumb\"},\"inLanguage\":\"fr-FR\",\"potentialAction\":[{\"@type\":\"ReadAction\",\"target\":[\"https:\\\/\\\/walkingmum.com\\\/fr\\\/produit\\\/jouet-musical-lion-gala\\\/\"]}]},{\"@type\":\"ImageObject\",\"inLanguage\":\"fr-FR\",\"@id\":\"https:\\\/\\\/walkingmum.com\\\/fr\\\/produit\\\/jouet-musical-lion-gala\\\/#primaryimage\",\"url\":\"https:\\\/\\\/walkingmum.com\\\/wp-content\\\/uploads\\\/2025\\\/09\\\/1120800656_a-1.jpg\",\"contentUrl\":\"https:\\\/\\\/walkingmum.com\\\/wp-content\\\/uploads\\\/2025\\\/09\\\/1120800656_a-1.jpg\",\"width\":1800,\"height\":1800},{\"@type\":\"BreadcrumbList\",\"@id\":\"https:\\\/\\\/walkingmum.com\\\/fr\\\/produit\\\/jouet-musical-lion-gala\\\/#breadcrumb\",\"itemListElement\":[{\"@type\":\"ListItem\",\"position\":1,\"name\":\"Portada\",\"item\":\"https:\\\/\\\/walkingmum.com\\\/fr\\\/\"},{\"@type\":\"ListItem\",\"position\":2,\"name\":\"Tienda\",\"item\":\"https:\\\/\\\/walkingmum.com\\\/tienda\\\/\"},{\"@type\":\"ListItem\",\"position\":3,\"name\":\"JOUET MUSICAL LION GALA\"}]},{\"@type\":\"WebSite\",\"@id\":\"https:\\\/\\\/walkingmum.com\\\/#website\",\"url\":\"https:\\\/\\\/walkingmum.com\\\/\",\"name\":\"Walking Mum\",\"description\":\"La marca para beb\u00e9s modernos\",\"potentialAction\":[{\"@type\":\"SearchAction\",\"target\":{\"@type\":\"EntryPoint\",\"urlTemplate\":\"https:\\\/\\\/walkingmum.com\\\/?s={search_term_string}\"},\"query-input\":{\"@type\":\"PropertyValueSpecification\",\"valueRequired\":true,\"valueName\":\"search_term_string\"}}],\"inLanguage\":\"fr-FR\"}]}<\/script>\n<!-- \/ Yoast SEO plugin. -->","yoast_head_json":{"title":"JOUET MUSICAL LION GALA - Walking Mum","robots":{"index":"index","follow":"follow","max-snippet":"max-snippet:-1","max-image-preview":"max-image-preview:large","max-video-preview":"max-video-preview:-1"},"canonical":"https:\/\/walkingmum.com\/fr\/produit\/jouet-musical-lion-gala\/","og_locale":"fr_FR","og_type":"article","og_title":"JOUET MUSICAL LION GALA - Walking Mum","og_description":"Le musical Gala Cerise de Walking Mum est l&rsquo;accessoire id\u00e9al pour d\u00e9tendre et apaiser votre b\u00e9b\u00e9. Con\u00e7u avec un adorable lion de 25 cm, sa douce m\u00e9lodie cr\u00e9e une atmosph\u00e8re de tranquillit\u00e9 et de confort. Parfait pour aider votre b\u00e9b\u00e9 \u00e0 s&rsquo;endormir. Comprend une boucle pratique pour l&rsquo;attacher au lit, \u00e0 la poussette ou au [&hellip;]","og_url":"https:\/\/walkingmum.com\/fr\/produit\/jouet-musical-lion-gala\/","og_site_name":"Walking Mum","og_image":[{"width":1800,"height":1800,"url":"https:\/\/walkingmum.com\/wp-content\/uploads\/2025\/09\/1120800656_a-1.jpg","type":"image\/jpeg"}],"twitter_card":"summary_large_image","twitter_misc":{"Dur\u00e9e de lecture estim\u00e9e":"1 minute"},"schema":{"@context":"https:\/\/schema.org","@graph":[{"@type":"WebPage","@id":"https:\/\/walkingmum.com\/fr\/produit\/jouet-musical-lion-gala\/","url":"https:\/\/walkingmum.com\/fr\/produit\/jouet-musical-lion-gala\/","name":"JOUET MUSICAL LION GALA - Walking Mum","isPartOf":{"@id":"https:\/\/walkingmum.com\/#website"},"primaryImageOfPage":{"@id":"https:\/\/walkingmum.com\/fr\/produit\/jouet-musical-lion-gala\/#primaryimage"},"image":{"@id":"https:\/\/walkingmum.com\/fr\/produit\/jouet-musical-lion-gala\/#primaryimage"},"thumbnailUrl":"https:\/\/walkingmum.com\/wp-content\/uploads\/2025\/09\/1120800656_a-1.jpg","datePublished":"2025-09-25T10:25:55+00:00","breadcrumb":{"@id":"https:\/\/walkingmum.com\/fr\/produit\/jouet-musical-lion-gala\/#breadcrumb"},"inLanguage":"fr-FR","potentialAction":[{"@type":"ReadAction","target":["https:\/\/walkingmum.com\/fr\/produit\/jouet-musical-lion-gala\/"]}]},{"@type":"ImageObject","inLanguage":"fr-FR","@id":"https:\/\/walkingmum.com\/fr\/produit\/jouet-musical-lion-gala\/#primaryimage","url":"https:\/\/walkingmum.com\/wp-content\/uploads\/2025\/09\/1120800656_a-1.jpg","contentUrl":"https:\/\/walkingmum.com\/wp-content\/uploads\/2025\/09\/1120800656_a-1.jpg","width":1800,"height":1800},{"@type":"BreadcrumbList","@id":"https:\/\/walkingmum.com\/fr\/produit\/jouet-musical-lion-gala\/#breadcrumb","itemListElement":[{"@type":"ListItem","position":1,"name":"Portada","item":"https:\/\/walkingmum.com\/fr\/"},{"@type":"ListItem","position":2,"name":"Tienda","item":"https:\/\/walkingmum.com\/tienda\/"},{"@type":"ListItem","position":3,"name":"JOUET MUSICAL LION GALA"}]},{"@type":"WebSite","@id":"https:\/\/walkingmum.com\/#website","url":"https:\/\/walkingmum.com\/","name":"Walking Mum","description":"La marca para beb\u00e9s modernos","potentialAction":[{"@type":"SearchAction","target":{"@type":"EntryPoint","urlTemplate":"https:\/\/walkingmum.com\/?s={search_term_string}"},"query-input":{"@type":"PropertyValueSpecification","valueRequired":true,"valueName":"search_term_string"}}],"inLanguage":"fr-FR"}]}},"_links":{"self":[{"href":"https:\/\/walkingmum.com\/fr\/wp-json\/wp\/v2\/product\/33035","targetHints":{"allow":["GET"]}}],"collection":[{"href":"https:\/\/walkingmum.com\/fr\/wp-json\/wp\/v2\/product"}],"about":[{"href":"https:\/\/walkingmum.com\/fr\/wp-json\/wp\/v2\/types\/product"}],"replies":[{"embeddable":true,"href":"https:\/\/walkingmum.com\/fr\/wp-json\/wp\/v2\/comments?post=33035"}],"wp:featuredmedia":[{"embeddable":true,"href":"https:\/\/walkingmum.com\/fr\/wp-json\/wp\/v2\/media\/32512"}],"wp:attachment":[{"href":"https:\/\/walkingmum.com\/fr\/wp-json\/wp\/v2\/media?parent=33035"}],"wp:term":[{"taxonomy":"colecciones","embeddable":true,"href":"https:\/\/walkingmum.com\/fr\/wp-json\/wp\/v2\/colecciones?post=33035"},{"taxonomy":"product_brand","embeddable":true,"href":"https:\/\/walkingmum.com\/fr\/wp-json\/wp\/v2\/product_brand?post=33035"},{"taxonomy":"product_cat","embeddable":true,"href":"https:\/\/walkingmum.com\/fr\/wp-json\/wp\/v2\/product_cat?post=33035"},{"taxonomy":"product_tag","embeddable":true,"href":"https:\/\/walkingmum.com\/fr\/wp-json\/wp\/v2\/product_tag?post=33035"}],"curies":[{"name":"wp","href":"https:\/\/api.w.org\/{rel}","templated":true}]}}