{"id":33034,"date":"2025-09-25T10:25:55","date_gmt":"2025-09-25T10:25:55","guid":{"rendered":"https:\/\/walkingmum.com\/?post_type=product&#038;p=33034"},"modified":"2025-09-25T10:25:55","modified_gmt":"2025-09-25T10:25:55","slug":"spirale-dactivites-lion-gala-mint","status":"publish","type":"product","link":"https:\/\/walkingmum.com\/fr\/produit\/spirale-dactivites-lion-gala-mint\/","title":{"rendered":"SPIRALE D&rsquo;ACTIVIT\u00c9S LION GALA MINT"},"content":{"rendered":"<p>Le jouet lion en spirale de la collection Gala Mint de Walking Mum est l&rsquo;accessoire parfait pour stimuler et divertir votre b\u00e9b\u00e9. Fabriqu\u00e9 avec des mat\u00e9riaux ultra-doux comme le velours et la peluche, ce jouet est id\u00e9al pour \u00eatre accroch\u00e9 \u00e0 la poussette ou au si\u00e8ge auto, offrant des heures de plaisir et d&rsquo;apprentissage. Facile \u00e0 fixer et s&rsquo;adapte \u00e0 diff\u00e9rentes surfaces. Comprend des \u00e9l\u00e9ments suspendus avec diff\u00e9rentes textures, formes et sons pour le d\u00e9veloppement du b\u00e9b\u00e9. Design adorable dans des tons neutres et \u00e9l\u00e9gants. Sans petites pi\u00e8ces ni \u00e9l\u00e9ments dangereux. Ce jouet encourage non seulement l&rsquo;exploration et le d\u00e9veloppement sensoriel, mais d\u00e9core aussi de mani\u00e8re adorable l&rsquo;espace de votre b\u00e9b\u00e9. Walking Mum prot\u00e8ge votre b\u00e9b\u00e9 en utilisant les meilleurs tissus, sans colorants azo\u00efques ni substances nocives. Conforme \u00e0 la norme europ\u00e9enne EN-71 sur la s\u00e9curit\u00e9 des jouets pour les enfants de 0 \u00e0 3 ans.<\/p>\n","protected":false},"excerpt":{"rendered":"<p>Le jouet lion en spirale de la collection Gala Mint de Walking Mum est l&rsquo;accessoire parfait pour stimuler et divertir votre b\u00e9b\u00e9. Fabriqu\u00e9 avec des mat\u00e9riaux ultra-doux comme le velours et la peluche, ce jouet est id\u00e9al pour \u00eatre accroch\u00e9 \u00e0 la poussette ou au si\u00e8ge auto, offrant des heures de plaisir et d&rsquo;apprentissage. Facile [&hellip;]<\/p>\n","protected":false},"featured_media":32503,"comment_status":"closed","ping_status":"closed","template":"","meta":{"_acf_changed":false,"inline_featured_image":false},"colecciones":[399],"product_brand":[],"product_cat":[255],"product_tag":[],"class_list":{"0":"post-33034","1":"product","2":"type-product","3":"status-publish","4":"has-post-thumbnail","6":"colecciones-collection-gala","7":"product_cat-peluches-et-accessories","9":"first","10":"instock","11":"purchasable","12":"product-type-simple"},"acf":[],"yoast_head":"<!-- This site is optimized with the Yoast SEO plugin v27.4 - https:\/\/yoast.com\/product\/yoast-seo-wordpress\/ -->\n<title>SPIRALE D&#039;ACTIVIT\u00c9S LION GALA MINT - Walking Mum<\/title>\n<meta name=\"robots\" content=\"index, follow, max-snippet:-1, max-image-preview:large, max-video-preview:-1\" \/>\n<link rel=\"canonical\" href=\"https:\/\/walkingmum.com\/fr\/produit\/spirale-dactivites-lion-gala-mint\/\" \/>\n<meta property=\"og:locale\" content=\"fr_FR\" \/>\n<meta property=\"og:type\" content=\"article\" \/>\n<meta property=\"og:title\" content=\"SPIRALE D&#039;ACTIVIT\u00c9S LION GALA MINT - Walking Mum\" \/>\n<meta property=\"og:description\" content=\"Le jouet lion en spirale de la collection Gala Mint de Walking Mum est l&rsquo;accessoire parfait pour stimuler et divertir votre b\u00e9b\u00e9. Fabriqu\u00e9 avec des mat\u00e9riaux ultra-doux comme le velours et la peluche, ce jouet est id\u00e9al pour \u00eatre accroch\u00e9 \u00e0 la poussette ou au si\u00e8ge auto, offrant des heures de plaisir et d&rsquo;apprentissage. Facile [&hellip;]\" \/>\n<meta property=\"og:url\" content=\"https:\/\/walkingmum.com\/fr\/produit\/spirale-dactivites-lion-gala-mint\/\" \/>\n<meta property=\"og:site_name\" content=\"Walking Mum\" \/>\n<meta property=\"og:image\" content=\"https:\/\/walkingmum.com\/wp-content\/uploads\/2025\/09\/1120800655_a-1.jpg\" \/>\n\t<meta property=\"og:image:width\" content=\"1800\" \/>\n\t<meta property=\"og:image:height\" content=\"1800\" \/>\n\t<meta property=\"og:image:type\" content=\"image\/jpeg\" \/>\n<meta name=\"twitter:card\" content=\"summary_large_image\" \/>\n<meta name=\"twitter:label1\" content=\"Dur\u00e9e de lecture estim\u00e9e\" \/>\n\t<meta name=\"twitter:data1\" content=\"1 minute\" \/>\n<script type=\"application\/ld+json\" class=\"yoast-schema-graph\">{\"@context\":\"https:\\\/\\\/schema.org\",\"@graph\":[{\"@type\":\"WebPage\",\"@id\":\"https:\\\/\\\/walkingmum.com\\\/fr\\\/produit\\\/spirale-dactivites-lion-gala-mint\\\/\",\"url\":\"https:\\\/\\\/walkingmum.com\\\/fr\\\/produit\\\/spirale-dactivites-lion-gala-mint\\\/\",\"name\":\"SPIRALE D'ACTIVIT\u00c9S LION GALA MINT - Walking Mum\",\"isPartOf\":{\"@id\":\"https:\\\/\\\/walkingmum.com\\\/#website\"},\"primaryImageOfPage\":{\"@id\":\"https:\\\/\\\/walkingmum.com\\\/fr\\\/produit\\\/spirale-dactivites-lion-gala-mint\\\/#primaryimage\"},\"image\":{\"@id\":\"https:\\\/\\\/walkingmum.com\\\/fr\\\/produit\\\/spirale-dactivites-lion-gala-mint\\\/#primaryimage\"},\"thumbnailUrl\":\"https:\\\/\\\/walkingmum.com\\\/wp-content\\\/uploads\\\/2025\\\/09\\\/1120800655_a-1.jpg\",\"datePublished\":\"2025-09-25T10:25:55+00:00\",\"breadcrumb\":{\"@id\":\"https:\\\/\\\/walkingmum.com\\\/fr\\\/produit\\\/spirale-dactivites-lion-gala-mint\\\/#breadcrumb\"},\"inLanguage\":\"fr-FR\",\"potentialAction\":[{\"@type\":\"ReadAction\",\"target\":[\"https:\\\/\\\/walkingmum.com\\\/fr\\\/produit\\\/spirale-dactivites-lion-gala-mint\\\/\"]}]},{\"@type\":\"ImageObject\",\"inLanguage\":\"fr-FR\",\"@id\":\"https:\\\/\\\/walkingmum.com\\\/fr\\\/produit\\\/spirale-dactivites-lion-gala-mint\\\/#primaryimage\",\"url\":\"https:\\\/\\\/walkingmum.com\\\/wp-content\\\/uploads\\\/2025\\\/09\\\/1120800655_a-1.jpg\",\"contentUrl\":\"https:\\\/\\\/walkingmum.com\\\/wp-content\\\/uploads\\\/2025\\\/09\\\/1120800655_a-1.jpg\",\"width\":1800,\"height\":1800},{\"@type\":\"BreadcrumbList\",\"@id\":\"https:\\\/\\\/walkingmum.com\\\/fr\\\/produit\\\/spirale-dactivites-lion-gala-mint\\\/#breadcrumb\",\"itemListElement\":[{\"@type\":\"ListItem\",\"position\":1,\"name\":\"Portada\",\"item\":\"https:\\\/\\\/walkingmum.com\\\/fr\\\/\"},{\"@type\":\"ListItem\",\"position\":2,\"name\":\"Tienda\",\"item\":\"https:\\\/\\\/walkingmum.com\\\/tienda\\\/\"},{\"@type\":\"ListItem\",\"position\":3,\"name\":\"SPIRALE D&#8217;ACTIVIT\u00c9S LION GALA MINT\"}]},{\"@type\":\"WebSite\",\"@id\":\"https:\\\/\\\/walkingmum.com\\\/#website\",\"url\":\"https:\\\/\\\/walkingmum.com\\\/\",\"name\":\"Walking Mum\",\"description\":\"La marca para beb\u00e9s modernos\",\"potentialAction\":[{\"@type\":\"SearchAction\",\"target\":{\"@type\":\"EntryPoint\",\"urlTemplate\":\"https:\\\/\\\/walkingmum.com\\\/?s={search_term_string}\"},\"query-input\":{\"@type\":\"PropertyValueSpecification\",\"valueRequired\":true,\"valueName\":\"search_term_string\"}}],\"inLanguage\":\"fr-FR\"}]}<\/script>\n<!-- \/ Yoast SEO plugin. -->","yoast_head_json":{"title":"SPIRALE D'ACTIVIT\u00c9S LION GALA MINT - Walking Mum","robots":{"index":"index","follow":"follow","max-snippet":"max-snippet:-1","max-image-preview":"max-image-preview:large","max-video-preview":"max-video-preview:-1"},"canonical":"https:\/\/walkingmum.com\/fr\/produit\/spirale-dactivites-lion-gala-mint\/","og_locale":"fr_FR","og_type":"article","og_title":"SPIRALE D'ACTIVIT\u00c9S LION GALA MINT - Walking Mum","og_description":"Le jouet lion en spirale de la collection Gala Mint de Walking Mum est l&rsquo;accessoire parfait pour stimuler et divertir votre b\u00e9b\u00e9. Fabriqu\u00e9 avec des mat\u00e9riaux ultra-doux comme le velours et la peluche, ce jouet est id\u00e9al pour \u00eatre accroch\u00e9 \u00e0 la poussette ou au si\u00e8ge auto, offrant des heures de plaisir et d&rsquo;apprentissage. Facile [&hellip;]","og_url":"https:\/\/walkingmum.com\/fr\/produit\/spirale-dactivites-lion-gala-mint\/","og_site_name":"Walking Mum","og_image":[{"width":1800,"height":1800,"url":"https:\/\/walkingmum.com\/wp-content\/uploads\/2025\/09\/1120800655_a-1.jpg","type":"image\/jpeg"}],"twitter_card":"summary_large_image","twitter_misc":{"Dur\u00e9e de lecture estim\u00e9e":"1 minute"},"schema":{"@context":"https:\/\/schema.org","@graph":[{"@type":"WebPage","@id":"https:\/\/walkingmum.com\/fr\/produit\/spirale-dactivites-lion-gala-mint\/","url":"https:\/\/walkingmum.com\/fr\/produit\/spirale-dactivites-lion-gala-mint\/","name":"SPIRALE D'ACTIVIT\u00c9S LION GALA MINT - Walking Mum","isPartOf":{"@id":"https:\/\/walkingmum.com\/#website"},"primaryImageOfPage":{"@id":"https:\/\/walkingmum.com\/fr\/produit\/spirale-dactivites-lion-gala-mint\/#primaryimage"},"image":{"@id":"https:\/\/walkingmum.com\/fr\/produit\/spirale-dactivites-lion-gala-mint\/#primaryimage"},"thumbnailUrl":"https:\/\/walkingmum.com\/wp-content\/uploads\/2025\/09\/1120800655_a-1.jpg","datePublished":"2025-09-25T10:25:55+00:00","breadcrumb":{"@id":"https:\/\/walkingmum.com\/fr\/produit\/spirale-dactivites-lion-gala-mint\/#breadcrumb"},"inLanguage":"fr-FR","potentialAction":[{"@type":"ReadAction","target":["https:\/\/walkingmum.com\/fr\/produit\/spirale-dactivites-lion-gala-mint\/"]}]},{"@type":"ImageObject","inLanguage":"fr-FR","@id":"https:\/\/walkingmum.com\/fr\/produit\/spirale-dactivites-lion-gala-mint\/#primaryimage","url":"https:\/\/walkingmum.com\/wp-content\/uploads\/2025\/09\/1120800655_a-1.jpg","contentUrl":"https:\/\/walkingmum.com\/wp-content\/uploads\/2025\/09\/1120800655_a-1.jpg","width":1800,"height":1800},{"@type":"BreadcrumbList","@id":"https:\/\/walkingmum.com\/fr\/produit\/spirale-dactivites-lion-gala-mint\/#breadcrumb","itemListElement":[{"@type":"ListItem","position":1,"name":"Portada","item":"https:\/\/walkingmum.com\/fr\/"},{"@type":"ListItem","position":2,"name":"Tienda","item":"https:\/\/walkingmum.com\/tienda\/"},{"@type":"ListItem","position":3,"name":"SPIRALE D&#8217;ACTIVIT\u00c9S LION GALA MINT"}]},{"@type":"WebSite","@id":"https:\/\/walkingmum.com\/#website","url":"https:\/\/walkingmum.com\/","name":"Walking Mum","description":"La marca para beb\u00e9s modernos","potentialAction":[{"@type":"SearchAction","target":{"@type":"EntryPoint","urlTemplate":"https:\/\/walkingmum.com\/?s={search_term_string}"},"query-input":{"@type":"PropertyValueSpecification","valueRequired":true,"valueName":"search_term_string"}}],"inLanguage":"fr-FR"}]}},"_links":{"self":[{"href":"https:\/\/walkingmum.com\/fr\/wp-json\/wp\/v2\/product\/33034","targetHints":{"allow":["GET"]}}],"collection":[{"href":"https:\/\/walkingmum.com\/fr\/wp-json\/wp\/v2\/product"}],"about":[{"href":"https:\/\/walkingmum.com\/fr\/wp-json\/wp\/v2\/types\/product"}],"replies":[{"embeddable":true,"href":"https:\/\/walkingmum.com\/fr\/wp-json\/wp\/v2\/comments?post=33034"}],"wp:featuredmedia":[{"embeddable":true,"href":"https:\/\/walkingmum.com\/fr\/wp-json\/wp\/v2\/media\/32503"}],"wp:attachment":[{"href":"https:\/\/walkingmum.com\/fr\/wp-json\/wp\/v2\/media?parent=33034"}],"wp:term":[{"taxonomy":"colecciones","embeddable":true,"href":"https:\/\/walkingmum.com\/fr\/wp-json\/wp\/v2\/colecciones?post=33034"},{"taxonomy":"product_brand","embeddable":true,"href":"https:\/\/walkingmum.com\/fr\/wp-json\/wp\/v2\/product_brand?post=33034"},{"taxonomy":"product_cat","embeddable":true,"href":"https:\/\/walkingmum.com\/fr\/wp-json\/wp\/v2\/product_cat?post=33034"},{"taxonomy":"product_tag","embeddable":true,"href":"https:\/\/walkingmum.com\/fr\/wp-json\/wp\/v2\/product_tag?post=33034"}],"curies":[{"name":"wp","href":"https:\/\/api.w.org\/{rel}","templated":true}]}}