{"id":33030,"date":"2025-09-25T10:25:54","date_gmt":"2025-09-25T10:25:54","guid":{"rendered":"https:\/\/walkingmum.com\/?post_type=product&#038;p=33030"},"modified":"2025-09-25T10:25:54","modified_gmt":"2025-09-25T10:25:54","slug":"lion-en-peluche-gala","status":"publish","type":"product","link":"https:\/\/walkingmum.com\/fr\/produit\/lion-en-peluche-gala\/","title":{"rendered":"LION EN PELUCHE GALA"},"content":{"rendered":"<p>Cet adorable lion en peluche Gala de Walking Mum est con\u00e7u pour offrir douceur, tendresse et compagnie \u00e0 votre b\u00e9b\u00e9 d\u00e8s ses premiers jours. C&rsquo;est le compagnon id\u00e9al des tout-petits. Avec son design doux et r\u00e9confortant, ce lion de 30 cm est fabriqu\u00e9 \u00e0 partir d&rsquo;une combinaison de peluche douce et de velours, garantissant une texture agr\u00e9able et s\u00fbre pour le b\u00e9b\u00e9, avec des d\u00e9tails brod\u00e9s, sans petites pi\u00e8ces ni \u00e9l\u00e9ments durs. Il est id\u00e9al pour les c\u00e2lins, stimule le toucher et apporte de la s\u00e9curit\u00e9 aux tout-petits. Facile \u00e0 tenir et \u00e0 serrer dans ses bras, il offre r\u00e9confort et compagnie. Favorise le d\u00e9veloppement \u00e9motionnel et sensoriel du b\u00e9b\u00e9. Cette peluche Walking Mum est le compagnon id\u00e9al pour les moments de jeu et de repos, apportant calme et douceur \u00e0 votre b\u00e9b\u00e9. Lavable \u00e0 la main ou en machine \u00e0 30 \u00b0C. Walking Mum prot\u00e8ge votre b\u00e9b\u00e9 en utilisant les meilleurs tissus, sans colorants azo\u00efques ni substances nocives. Conforme \u00e0 la norme europ\u00e9enne EN-71 relative \u00e0 la s\u00e9curit\u00e9 des jouets pour les enfants de 0 \u00e0 3 ans.<\/p>\n","protected":false},"excerpt":{"rendered":"<p>Cet adorable lion en peluche Gala de Walking Mum est con\u00e7u pour offrir douceur, tendresse et compagnie \u00e0 votre b\u00e9b\u00e9 d\u00e8s ses premiers jours. C&rsquo;est le compagnon id\u00e9al des tout-petits. Avec son design doux et r\u00e9confortant, ce lion de 30 cm est fabriqu\u00e9 \u00e0 partir d&rsquo;une combinaison de peluche douce et de velours, garantissant une [&hellip;]<\/p>\n","protected":false},"featured_media":32435,"comment_status":"closed","ping_status":"closed","template":"","meta":{"_acf_changed":false,"inline_featured_image":false},"colecciones":[399],"product_brand":[],"product_cat":[255],"product_tag":[],"class_list":{"0":"post-33030","1":"product","2":"type-product","3":"status-publish","4":"has-post-thumbnail","6":"colecciones-collection-gala","7":"product_cat-peluches-et-accessories","9":"first","10":"instock","11":"purchasable","12":"product-type-simple"},"acf":[],"yoast_head":"<!-- This site is optimized with the Yoast SEO plugin v27.5 - https:\/\/yoast.com\/product\/yoast-seo-wordpress\/ -->\n<title>LION EN PELUCHE GALA - Walking Mum<\/title>\n<meta name=\"robots\" content=\"index, follow, max-snippet:-1, max-image-preview:large, max-video-preview:-1\" \/>\n<link rel=\"canonical\" href=\"https:\/\/walkingmum.com\/fr\/produit\/lion-en-peluche-gala\/\" \/>\n<meta property=\"og:locale\" content=\"fr_FR\" \/>\n<meta property=\"og:type\" content=\"article\" \/>\n<meta property=\"og:title\" content=\"LION EN PELUCHE GALA - Walking Mum\" \/>\n<meta property=\"og:description\" content=\"Cet adorable lion en peluche Gala de Walking Mum est con\u00e7u pour offrir douceur, tendresse et compagnie \u00e0 votre b\u00e9b\u00e9 d\u00e8s ses premiers jours. C&rsquo;est le compagnon id\u00e9al des tout-petits. Avec son design doux et r\u00e9confortant, ce lion de 30 cm est fabriqu\u00e9 \u00e0 partir d&rsquo;une combinaison de peluche douce et de velours, garantissant une [&hellip;]\" \/>\n<meta property=\"og:url\" content=\"https:\/\/walkingmum.com\/fr\/produit\/lion-en-peluche-gala\/\" \/>\n<meta property=\"og:site_name\" content=\"Walking Mum\" \/>\n<meta property=\"og:image\" content=\"https:\/\/walkingmum.com\/wp-content\/uploads\/2025\/09\/1120800650_a-1.jpg\" \/>\n\t<meta property=\"og:image:width\" content=\"1800\" \/>\n\t<meta property=\"og:image:height\" content=\"1800\" \/>\n\t<meta property=\"og:image:type\" content=\"image\/jpeg\" \/>\n<meta name=\"twitter:card\" content=\"summary_large_image\" \/>\n<meta name=\"twitter:label1\" content=\"Dur\u00e9e de lecture estim\u00e9e\" \/>\n\t<meta name=\"twitter:data1\" content=\"1 minute\" \/>\n<script type=\"application\/ld+json\" class=\"yoast-schema-graph\">{\"@context\":\"https:\\\/\\\/schema.org\",\"@graph\":[{\"@type\":\"WebPage\",\"@id\":\"https:\\\/\\\/walkingmum.com\\\/fr\\\/produit\\\/lion-en-peluche-gala\\\/\",\"url\":\"https:\\\/\\\/walkingmum.com\\\/fr\\\/produit\\\/lion-en-peluche-gala\\\/\",\"name\":\"LION EN PELUCHE GALA - Walking Mum\",\"isPartOf\":{\"@id\":\"https:\\\/\\\/walkingmum.com\\\/#website\"},\"primaryImageOfPage\":{\"@id\":\"https:\\\/\\\/walkingmum.com\\\/fr\\\/produit\\\/lion-en-peluche-gala\\\/#primaryimage\"},\"image\":{\"@id\":\"https:\\\/\\\/walkingmum.com\\\/fr\\\/produit\\\/lion-en-peluche-gala\\\/#primaryimage\"},\"thumbnailUrl\":\"https:\\\/\\\/walkingmum.com\\\/wp-content\\\/uploads\\\/2025\\\/09\\\/1120800650_a-1.jpg\",\"datePublished\":\"2025-09-25T10:25:54+00:00\",\"breadcrumb\":{\"@id\":\"https:\\\/\\\/walkingmum.com\\\/fr\\\/produit\\\/lion-en-peluche-gala\\\/#breadcrumb\"},\"inLanguage\":\"fr-FR\",\"potentialAction\":[{\"@type\":\"ReadAction\",\"target\":[\"https:\\\/\\\/walkingmum.com\\\/fr\\\/produit\\\/lion-en-peluche-gala\\\/\"]}]},{\"@type\":\"ImageObject\",\"inLanguage\":\"fr-FR\",\"@id\":\"https:\\\/\\\/walkingmum.com\\\/fr\\\/produit\\\/lion-en-peluche-gala\\\/#primaryimage\",\"url\":\"https:\\\/\\\/walkingmum.com\\\/wp-content\\\/uploads\\\/2025\\\/09\\\/1120800650_a-1.jpg\",\"contentUrl\":\"https:\\\/\\\/walkingmum.com\\\/wp-content\\\/uploads\\\/2025\\\/09\\\/1120800650_a-1.jpg\",\"width\":1800,\"height\":1800},{\"@type\":\"BreadcrumbList\",\"@id\":\"https:\\\/\\\/walkingmum.com\\\/fr\\\/produit\\\/lion-en-peluche-gala\\\/#breadcrumb\",\"itemListElement\":[{\"@type\":\"ListItem\",\"position\":1,\"name\":\"Portada\",\"item\":\"https:\\\/\\\/walkingmum.com\\\/fr\\\/\"},{\"@type\":\"ListItem\",\"position\":2,\"name\":\"Tienda\",\"item\":\"https:\\\/\\\/walkingmum.com\\\/tienda\\\/\"},{\"@type\":\"ListItem\",\"position\":3,\"name\":\"LION EN PELUCHE GALA\"}]},{\"@type\":\"WebSite\",\"@id\":\"https:\\\/\\\/walkingmum.com\\\/#website\",\"url\":\"https:\\\/\\\/walkingmum.com\\\/\",\"name\":\"Walking Mum\",\"description\":\"La marca para beb\u00e9s modernos\",\"potentialAction\":[{\"@type\":\"SearchAction\",\"target\":{\"@type\":\"EntryPoint\",\"urlTemplate\":\"https:\\\/\\\/walkingmum.com\\\/?s={search_term_string}\"},\"query-input\":{\"@type\":\"PropertyValueSpecification\",\"valueRequired\":true,\"valueName\":\"search_term_string\"}}],\"inLanguage\":\"fr-FR\"}]}<\/script>\n<!-- \/ Yoast SEO plugin. -->","yoast_head_json":{"title":"LION EN PELUCHE GALA - Walking Mum","robots":{"index":"index","follow":"follow","max-snippet":"max-snippet:-1","max-image-preview":"max-image-preview:large","max-video-preview":"max-video-preview:-1"},"canonical":"https:\/\/walkingmum.com\/fr\/produit\/lion-en-peluche-gala\/","og_locale":"fr_FR","og_type":"article","og_title":"LION EN PELUCHE GALA - Walking Mum","og_description":"Cet adorable lion en peluche Gala de Walking Mum est con\u00e7u pour offrir douceur, tendresse et compagnie \u00e0 votre b\u00e9b\u00e9 d\u00e8s ses premiers jours. C&rsquo;est le compagnon id\u00e9al des tout-petits. Avec son design doux et r\u00e9confortant, ce lion de 30 cm est fabriqu\u00e9 \u00e0 partir d&rsquo;une combinaison de peluche douce et de velours, garantissant une [&hellip;]","og_url":"https:\/\/walkingmum.com\/fr\/produit\/lion-en-peluche-gala\/","og_site_name":"Walking Mum","og_image":[{"width":1800,"height":1800,"url":"https:\/\/walkingmum.com\/wp-content\/uploads\/2025\/09\/1120800650_a-1.jpg","type":"image\/jpeg"}],"twitter_card":"summary_large_image","twitter_misc":{"Dur\u00e9e de lecture estim\u00e9e":"1 minute"},"schema":{"@context":"https:\/\/schema.org","@graph":[{"@type":"WebPage","@id":"https:\/\/walkingmum.com\/fr\/produit\/lion-en-peluche-gala\/","url":"https:\/\/walkingmum.com\/fr\/produit\/lion-en-peluche-gala\/","name":"LION EN PELUCHE GALA - Walking Mum","isPartOf":{"@id":"https:\/\/walkingmum.com\/#website"},"primaryImageOfPage":{"@id":"https:\/\/walkingmum.com\/fr\/produit\/lion-en-peluche-gala\/#primaryimage"},"image":{"@id":"https:\/\/walkingmum.com\/fr\/produit\/lion-en-peluche-gala\/#primaryimage"},"thumbnailUrl":"https:\/\/walkingmum.com\/wp-content\/uploads\/2025\/09\/1120800650_a-1.jpg","datePublished":"2025-09-25T10:25:54+00:00","breadcrumb":{"@id":"https:\/\/walkingmum.com\/fr\/produit\/lion-en-peluche-gala\/#breadcrumb"},"inLanguage":"fr-FR","potentialAction":[{"@type":"ReadAction","target":["https:\/\/walkingmum.com\/fr\/produit\/lion-en-peluche-gala\/"]}]},{"@type":"ImageObject","inLanguage":"fr-FR","@id":"https:\/\/walkingmum.com\/fr\/produit\/lion-en-peluche-gala\/#primaryimage","url":"https:\/\/walkingmum.com\/wp-content\/uploads\/2025\/09\/1120800650_a-1.jpg","contentUrl":"https:\/\/walkingmum.com\/wp-content\/uploads\/2025\/09\/1120800650_a-1.jpg","width":1800,"height":1800},{"@type":"BreadcrumbList","@id":"https:\/\/walkingmum.com\/fr\/produit\/lion-en-peluche-gala\/#breadcrumb","itemListElement":[{"@type":"ListItem","position":1,"name":"Portada","item":"https:\/\/walkingmum.com\/fr\/"},{"@type":"ListItem","position":2,"name":"Tienda","item":"https:\/\/walkingmum.com\/tienda\/"},{"@type":"ListItem","position":3,"name":"LION EN PELUCHE GALA"}]},{"@type":"WebSite","@id":"https:\/\/walkingmum.com\/#website","url":"https:\/\/walkingmum.com\/","name":"Walking Mum","description":"La marca para beb\u00e9s modernos","potentialAction":[{"@type":"SearchAction","target":{"@type":"EntryPoint","urlTemplate":"https:\/\/walkingmum.com\/?s={search_term_string}"},"query-input":{"@type":"PropertyValueSpecification","valueRequired":true,"valueName":"search_term_string"}}],"inLanguage":"fr-FR"}]}},"_links":{"self":[{"href":"https:\/\/walkingmum.com\/fr\/wp-json\/wp\/v2\/product\/33030","targetHints":{"allow":["GET"]}}],"collection":[{"href":"https:\/\/walkingmum.com\/fr\/wp-json\/wp\/v2\/product"}],"about":[{"href":"https:\/\/walkingmum.com\/fr\/wp-json\/wp\/v2\/types\/product"}],"replies":[{"embeddable":true,"href":"https:\/\/walkingmum.com\/fr\/wp-json\/wp\/v2\/comments?post=33030"}],"wp:featuredmedia":[{"embeddable":true,"href":"https:\/\/walkingmum.com\/fr\/wp-json\/wp\/v2\/media\/32435"}],"wp:attachment":[{"href":"https:\/\/walkingmum.com\/fr\/wp-json\/wp\/v2\/media?parent=33030"}],"wp:term":[{"taxonomy":"colecciones","embeddable":true,"href":"https:\/\/walkingmum.com\/fr\/wp-json\/wp\/v2\/colecciones?post=33030"},{"taxonomy":"product_brand","embeddable":true,"href":"https:\/\/walkingmum.com\/fr\/wp-json\/wp\/v2\/product_brand?post=33030"},{"taxonomy":"product_cat","embeddable":true,"href":"https:\/\/walkingmum.com\/fr\/wp-json\/wp\/v2\/product_cat?post=33030"},{"taxonomy":"product_tag","embeddable":true,"href":"https:\/\/walkingmum.com\/fr\/wp-json\/wp\/v2\/product_tag?post=33030"}],"curies":[{"name":"wp","href":"https:\/\/api.w.org\/{rel}","templated":true}]}}