{"id":33029,"date":"2025-09-25T10:25:57","date_gmt":"2025-09-25T10:25:57","guid":{"rendered":"https:\/\/walkingmum.com\/?post_type=product&#038;p=33029"},"modified":"2025-09-25T10:25:57","modified_gmt":"2025-09-25T10:25:57","slug":"support-couffin-en-bois-naturel","status":"publish","type":"product","link":"https:\/\/walkingmum.com\/fr\/produit\/support-couffin-en-bois-naturel\/","title":{"rendered":"SUPPORT COUFFIN EN BOIS NATUREL"},"content":{"rendered":"<p>Ajoutez du mouvement \u00e0 votre couffin Walking Mum gr\u00e2ce au support \u00e0 bascule en bois. Compatible avec les couffins en osier, il mesure 74 x 49 x 49 cm. Fabriqu\u00e9 en bois naturel, il est conforme \u00e0 la norme EN-1466 pour une s\u00e9curit\u00e9 totale. Transformez le berceau de votre b\u00e9b\u00e9 en un berceau \u00e0 bascule avec notre support en bois naturel. Con\u00e7u pour s&rsquo;adapter parfaitement aux berceaux en osier, ce support ajoute une fonction de balancement doux qui aide \u00e0 apaiser votre b\u00e9b\u00e9 et \u00e0 faciliter son sommeil en reproduisant la sensation d&rsquo;\u00eatre berc\u00e9. Son design robuste et naturel s&rsquo;harmonise avec tous les styles de chambre d&rsquo;enfant. Fonction de balancement doux : permet un mouvement de balancement d\u00e9licat et naturel, id\u00e9al pour d\u00e9tendre votre b\u00e9b\u00e9 et l&rsquo;aider \u00e0 s&rsquo;endormir paisiblement. Bois naturel et robuste : fabriqu\u00e9 \u00e0 partir de bois de haute qualit\u00e9, ce support offre une base solide et durable pour le berceau, garantissant stabilit\u00e9 et s\u00e9curit\u00e9. Compatible avec les berceaux en osier : sp\u00e9cialement con\u00e7u pour accueillir les berceaux en osier et les nacelles (tels que celui d\u00e9crit pr\u00e9c\u00e9demment), il garantit un ajustement parfait et s\u00fbr. Dimensions optimales : mesurant 74 x 49 x 49 cm, ce support est de taille id\u00e9ale pour sur\u00e9lever le berceau \u00e0 une hauteur confortable et s\u00fbre. S\u00e9curit\u00e9 certifi\u00e9e : conforme \u00e0 la norme europ\u00e9enne stricte EN-1466, qui r\u00e9glemente les exigences de s\u00e9curit\u00e9 pour les berceaux et les nacelles, offrant une tranquillit\u00e9 d&rsquo;esprit maximale aux parents. Facile \u00e0 assembler : sa conception permet une installation rapide et simple pour que vous puissiez profiter de ses avantages en un rien de temps. Style intemporel : le bois naturel ajoute une touche chaleureuse et \u00e9l\u00e9gante qui s&rsquo;int\u00e8gre \u00e0 tous les d\u00e9cors de chambre de b\u00e9b\u00e9. Le support \u00e0 bascule en bois est le compl\u00e9ment parfait de votre berceau en osier, offrant un confort suppl\u00e9mentaire pour le b\u00e9b\u00e9 en phase d&rsquo; et une grande praticit\u00e9 pour les parents. Un accessoire indispensable pour les premiers mois de votre tout-petit !<\/p>\n","protected":false},"excerpt":{"rendered":"<p>Ajoutez du mouvement \u00e0 votre couffin Walking Mum gr\u00e2ce au support \u00e0 bascule en bois. Compatible avec les couffins en osier, il mesure 74 x 49 x 49 cm. Fabriqu\u00e9 en bois naturel, il est conforme \u00e0 la norme EN-1466 pour une s\u00e9curit\u00e9 totale. Transformez le berceau de votre b\u00e9b\u00e9 en un berceau \u00e0 bascule [&hellip;]<\/p>\n","protected":false},"featured_media":32426,"comment_status":"closed","ping_status":"closed","template":"","meta":{"_acf_changed":false,"inline_featured_image":false},"colecciones":[399],"product_brand":[],"product_cat":[358],"product_tag":[],"class_list":{"0":"post-33029","1":"product","2":"type-product","3":"status-publish","4":"has-post-thumbnail","6":"colecciones-collection-gala","7":"product_cat-home-fr","9":"first","10":"instock","11":"purchasable","12":"product-type-simple"},"acf":[],"yoast_head":"<!-- This site is optimized with the Yoast SEO plugin v27.5 - https:\/\/yoast.com\/product\/yoast-seo-wordpress\/ -->\n<title>SUPPORT COUFFIN EN BOIS NATUREL - Walking Mum<\/title>\n<meta name=\"robots\" content=\"index, follow, max-snippet:-1, max-image-preview:large, max-video-preview:-1\" \/>\n<link rel=\"canonical\" href=\"https:\/\/walkingmum.com\/fr\/produit\/support-couffin-en-bois-naturel\/\" \/>\n<meta property=\"og:locale\" content=\"fr_FR\" \/>\n<meta property=\"og:type\" content=\"article\" \/>\n<meta property=\"og:title\" content=\"SUPPORT COUFFIN EN BOIS NATUREL - Walking Mum\" \/>\n<meta property=\"og:description\" content=\"Ajoutez du mouvement \u00e0 votre couffin Walking Mum gr\u00e2ce au support \u00e0 bascule en bois. Compatible avec les couffins en osier, il mesure 74 x 49 x 49 cm. Fabriqu\u00e9 en bois naturel, il est conforme \u00e0 la norme EN-1466 pour une s\u00e9curit\u00e9 totale. Transformez le berceau de votre b\u00e9b\u00e9 en un berceau \u00e0 bascule [&hellip;]\" \/>\n<meta property=\"og:url\" content=\"https:\/\/walkingmum.com\/fr\/produit\/support-couffin-en-bois-naturel\/\" \/>\n<meta property=\"og:site_name\" content=\"Walking Mum\" \/>\n<meta property=\"og:image\" content=\"https:\/\/walkingmum.com\/wp-content\/uploads\/2025\/09\/1120800645_a-1.jpg\" \/>\n\t<meta property=\"og:image:width\" content=\"1800\" \/>\n\t<meta property=\"og:image:height\" content=\"1800\" \/>\n\t<meta property=\"og:image:type\" content=\"image\/jpeg\" \/>\n<meta name=\"twitter:card\" content=\"summary_large_image\" \/>\n<meta name=\"twitter:label1\" content=\"Dur\u00e9e de lecture estim\u00e9e\" \/>\n\t<meta name=\"twitter:data1\" content=\"2 minutes\" \/>\n<script type=\"application\/ld+json\" class=\"yoast-schema-graph\">{\"@context\":\"https:\\\/\\\/schema.org\",\"@graph\":[{\"@type\":\"WebPage\",\"@id\":\"https:\\\/\\\/walkingmum.com\\\/fr\\\/produit\\\/support-couffin-en-bois-naturel\\\/\",\"url\":\"https:\\\/\\\/walkingmum.com\\\/fr\\\/produit\\\/support-couffin-en-bois-naturel\\\/\",\"name\":\"SUPPORT COUFFIN EN BOIS NATUREL - Walking Mum\",\"isPartOf\":{\"@id\":\"https:\\\/\\\/walkingmum.com\\\/#website\"},\"primaryImageOfPage\":{\"@id\":\"https:\\\/\\\/walkingmum.com\\\/fr\\\/produit\\\/support-couffin-en-bois-naturel\\\/#primaryimage\"},\"image\":{\"@id\":\"https:\\\/\\\/walkingmum.com\\\/fr\\\/produit\\\/support-couffin-en-bois-naturel\\\/#primaryimage\"},\"thumbnailUrl\":\"https:\\\/\\\/walkingmum.com\\\/wp-content\\\/uploads\\\/2025\\\/09\\\/1120800645_a-1.jpg\",\"datePublished\":\"2025-09-25T10:25:57+00:00\",\"breadcrumb\":{\"@id\":\"https:\\\/\\\/walkingmum.com\\\/fr\\\/produit\\\/support-couffin-en-bois-naturel\\\/#breadcrumb\"},\"inLanguage\":\"fr-FR\",\"potentialAction\":[{\"@type\":\"ReadAction\",\"target\":[\"https:\\\/\\\/walkingmum.com\\\/fr\\\/produit\\\/support-couffin-en-bois-naturel\\\/\"]}]},{\"@type\":\"ImageObject\",\"inLanguage\":\"fr-FR\",\"@id\":\"https:\\\/\\\/walkingmum.com\\\/fr\\\/produit\\\/support-couffin-en-bois-naturel\\\/#primaryimage\",\"url\":\"https:\\\/\\\/walkingmum.com\\\/wp-content\\\/uploads\\\/2025\\\/09\\\/1120800645_a-1.jpg\",\"contentUrl\":\"https:\\\/\\\/walkingmum.com\\\/wp-content\\\/uploads\\\/2025\\\/09\\\/1120800645_a-1.jpg\",\"width\":1800,\"height\":1800},{\"@type\":\"BreadcrumbList\",\"@id\":\"https:\\\/\\\/walkingmum.com\\\/fr\\\/produit\\\/support-couffin-en-bois-naturel\\\/#breadcrumb\",\"itemListElement\":[{\"@type\":\"ListItem\",\"position\":1,\"name\":\"Portada\",\"item\":\"https:\\\/\\\/walkingmum.com\\\/fr\\\/\"},{\"@type\":\"ListItem\",\"position\":2,\"name\":\"Tienda\",\"item\":\"https:\\\/\\\/walkingmum.com\\\/tienda\\\/\"},{\"@type\":\"ListItem\",\"position\":3,\"name\":\"SUPPORT COUFFIN EN BOIS NATUREL\"}]},{\"@type\":\"WebSite\",\"@id\":\"https:\\\/\\\/walkingmum.com\\\/#website\",\"url\":\"https:\\\/\\\/walkingmum.com\\\/\",\"name\":\"Walking Mum\",\"description\":\"La marca para beb\u00e9s modernos\",\"potentialAction\":[{\"@type\":\"SearchAction\",\"target\":{\"@type\":\"EntryPoint\",\"urlTemplate\":\"https:\\\/\\\/walkingmum.com\\\/?s={search_term_string}\"},\"query-input\":{\"@type\":\"PropertyValueSpecification\",\"valueRequired\":true,\"valueName\":\"search_term_string\"}}],\"inLanguage\":\"fr-FR\"}]}<\/script>\n<!-- \/ Yoast SEO plugin. -->","yoast_head_json":{"title":"SUPPORT COUFFIN EN BOIS NATUREL - Walking Mum","robots":{"index":"index","follow":"follow","max-snippet":"max-snippet:-1","max-image-preview":"max-image-preview:large","max-video-preview":"max-video-preview:-1"},"canonical":"https:\/\/walkingmum.com\/fr\/produit\/support-couffin-en-bois-naturel\/","og_locale":"fr_FR","og_type":"article","og_title":"SUPPORT COUFFIN EN BOIS NATUREL - Walking Mum","og_description":"Ajoutez du mouvement \u00e0 votre couffin Walking Mum gr\u00e2ce au support \u00e0 bascule en bois. Compatible avec les couffins en osier, il mesure 74 x 49 x 49 cm. Fabriqu\u00e9 en bois naturel, il est conforme \u00e0 la norme EN-1466 pour une s\u00e9curit\u00e9 totale. Transformez le berceau de votre b\u00e9b\u00e9 en un berceau \u00e0 bascule [&hellip;]","og_url":"https:\/\/walkingmum.com\/fr\/produit\/support-couffin-en-bois-naturel\/","og_site_name":"Walking Mum","og_image":[{"width":1800,"height":1800,"url":"https:\/\/walkingmum.com\/wp-content\/uploads\/2025\/09\/1120800645_a-1.jpg","type":"image\/jpeg"}],"twitter_card":"summary_large_image","twitter_misc":{"Dur\u00e9e de lecture estim\u00e9e":"2 minutes"},"schema":{"@context":"https:\/\/schema.org","@graph":[{"@type":"WebPage","@id":"https:\/\/walkingmum.com\/fr\/produit\/support-couffin-en-bois-naturel\/","url":"https:\/\/walkingmum.com\/fr\/produit\/support-couffin-en-bois-naturel\/","name":"SUPPORT COUFFIN EN BOIS NATUREL - Walking Mum","isPartOf":{"@id":"https:\/\/walkingmum.com\/#website"},"primaryImageOfPage":{"@id":"https:\/\/walkingmum.com\/fr\/produit\/support-couffin-en-bois-naturel\/#primaryimage"},"image":{"@id":"https:\/\/walkingmum.com\/fr\/produit\/support-couffin-en-bois-naturel\/#primaryimage"},"thumbnailUrl":"https:\/\/walkingmum.com\/wp-content\/uploads\/2025\/09\/1120800645_a-1.jpg","datePublished":"2025-09-25T10:25:57+00:00","breadcrumb":{"@id":"https:\/\/walkingmum.com\/fr\/produit\/support-couffin-en-bois-naturel\/#breadcrumb"},"inLanguage":"fr-FR","potentialAction":[{"@type":"ReadAction","target":["https:\/\/walkingmum.com\/fr\/produit\/support-couffin-en-bois-naturel\/"]}]},{"@type":"ImageObject","inLanguage":"fr-FR","@id":"https:\/\/walkingmum.com\/fr\/produit\/support-couffin-en-bois-naturel\/#primaryimage","url":"https:\/\/walkingmum.com\/wp-content\/uploads\/2025\/09\/1120800645_a-1.jpg","contentUrl":"https:\/\/walkingmum.com\/wp-content\/uploads\/2025\/09\/1120800645_a-1.jpg","width":1800,"height":1800},{"@type":"BreadcrumbList","@id":"https:\/\/walkingmum.com\/fr\/produit\/support-couffin-en-bois-naturel\/#breadcrumb","itemListElement":[{"@type":"ListItem","position":1,"name":"Portada","item":"https:\/\/walkingmum.com\/fr\/"},{"@type":"ListItem","position":2,"name":"Tienda","item":"https:\/\/walkingmum.com\/tienda\/"},{"@type":"ListItem","position":3,"name":"SUPPORT COUFFIN EN BOIS NATUREL"}]},{"@type":"WebSite","@id":"https:\/\/walkingmum.com\/#website","url":"https:\/\/walkingmum.com\/","name":"Walking Mum","description":"La marca para beb\u00e9s modernos","potentialAction":[{"@type":"SearchAction","target":{"@type":"EntryPoint","urlTemplate":"https:\/\/walkingmum.com\/?s={search_term_string}"},"query-input":{"@type":"PropertyValueSpecification","valueRequired":true,"valueName":"search_term_string"}}],"inLanguage":"fr-FR"}]}},"_links":{"self":[{"href":"https:\/\/walkingmum.com\/fr\/wp-json\/wp\/v2\/product\/33029","targetHints":{"allow":["GET"]}}],"collection":[{"href":"https:\/\/walkingmum.com\/fr\/wp-json\/wp\/v2\/product"}],"about":[{"href":"https:\/\/walkingmum.com\/fr\/wp-json\/wp\/v2\/types\/product"}],"replies":[{"embeddable":true,"href":"https:\/\/walkingmum.com\/fr\/wp-json\/wp\/v2\/comments?post=33029"}],"wp:featuredmedia":[{"embeddable":true,"href":"https:\/\/walkingmum.com\/fr\/wp-json\/wp\/v2\/media\/32426"}],"wp:attachment":[{"href":"https:\/\/walkingmum.com\/fr\/wp-json\/wp\/v2\/media?parent=33029"}],"wp:term":[{"taxonomy":"colecciones","embeddable":true,"href":"https:\/\/walkingmum.com\/fr\/wp-json\/wp\/v2\/colecciones?post=33029"},{"taxonomy":"product_brand","embeddable":true,"href":"https:\/\/walkingmum.com\/fr\/wp-json\/wp\/v2\/product_brand?post=33029"},{"taxonomy":"product_cat","embeddable":true,"href":"https:\/\/walkingmum.com\/fr\/wp-json\/wp\/v2\/product_cat?post=33029"},{"taxonomy":"product_tag","embeddable":true,"href":"https:\/\/walkingmum.com\/fr\/wp-json\/wp\/v2\/product_tag?post=33029"}],"curies":[{"name":"wp","href":"https:\/\/api.w.org\/{rel}","templated":true}]}}