{"id":33028,"date":"2025-09-25T10:25:57","date_gmt":"2025-09-25T10:25:57","guid":{"rendered":"https:\/\/walkingmum.com\/?post_type=product&#038;p=33028"},"modified":"2025-09-25T10:25:57","modified_gmt":"2025-09-25T10:25:57","slug":"couffin-en-osier-pour-poupee","status":"publish","type":"product","link":"https:\/\/walkingmum.com\/fr\/produit\/couffin-en-osier-pour-poupee\/","title":{"rendered":"COUFFIN EN OSIER POUR POUP\u00c9E"},"content":{"rendered":"<p>D\u00e9couvrez le couffin en osier naturel Walking Mum de 80 x 40 cm, parfait pour le repos de votre b\u00e9b\u00e9. Il comprend un matelas, est l\u00e9ger et cr\u00e9e un environnement chaud et s\u00fbr. Id\u00e9al pour les premiers mois. Offrez \u00e0 votre b\u00e9b\u00e9 un espace de repos confortable et naturel avec notre couffin en osier. Con\u00e7u pour les premiers mois de la vie, ce couffin offre un nid s\u00fbr et confortable. Mat\u00e9riau 100 % naturel : fabriqu\u00e9 en osier naturel tress\u00e9, ce couffin est respirant, l\u00e9ger et cr\u00e9e une atmosph\u00e8re chaleureuse et naturelle pour votre b\u00e9b\u00e9. Taille id\u00e9ale pour votre b\u00e9b\u00e9 : avec ses dimensions de 80 x 40 cm, il offre un espace parfait pour que votre nouveau-n\u00e9 se sente bien et en s\u00e9curit\u00e9. Matelas inclus : livr\u00e9 avec un matelas confortable qui s&rsquo;adapte parfaitement \u00e0 la base du couffin, garantissant un soutien ad\u00e9quat et un repos optimal pour votre b\u00e9b\u00e9 d\u00e8s le premier jour. Poign\u00e9es int\u00e9gr\u00e9es : \u00e9quip\u00e9 de poign\u00e9es robustes pour un transport facile d&rsquo;une pi\u00e8ce \u00e0 l&rsquo;autre, vous permettant de garder votre b\u00e9b\u00e9 pr\u00e8s de vous tout en vaquant \u00e0 vos occupations quotidiennes. Environnement confortable et s\u00fbr : sa conception enveloppante procure un sentiment de s\u00e9curit\u00e9 et de confort, favorisant un sommeil calme et r\u00e9parateur pour votre b\u00e9b\u00e9. Style intemporel et d\u00e9coratif : l&rsquo;osier ajoute une touche boh\u00e8me et naturelle \u00e0 la d\u00e9coration de n&rsquo;importe quelle pi\u00e8ce, le rendant \u00e0 la fois fonctionnel et esth\u00e9tique. L\u00e9ger et pratique : son poids r\u00e9duit le rend facile \u00e0 d\u00e9placer, ce qui en fait une solution pratique pour les parents qui recherchent de la flexibilit\u00e9 dans les soins \u00e0 apporter \u00e0 leur b\u00e9b\u00e9. Le couffin en osier est le choix id\u00e9al pour les parents qui appr\u00e9cient la simplicit\u00e9, le naturel et le confort. Cr\u00e9ez un espace de r\u00eave pour votre nouveau-n\u00e9 avec ce design classique revisit\u00e9. Conforme \u00e0 la norme europ\u00e9enne stricte EN-1466 relative aux berceaux et couffins.<\/p>\n","protected":false},"excerpt":{"rendered":"<p>D\u00e9couvrez le couffin en osier naturel Walking Mum de 80 x 40 cm, parfait pour le repos de votre b\u00e9b\u00e9. Il comprend un matelas, est l\u00e9ger et cr\u00e9e un environnement chaud et s\u00fbr. Id\u00e9al pour les premiers mois. Offrez \u00e0 votre b\u00e9b\u00e9 un espace de repos confortable et naturel avec notre couffin en osier. Con\u00e7u [&hellip;]<\/p>\n","protected":false},"featured_media":32381,"comment_status":"closed","ping_status":"closed","template":"","meta":{"_acf_changed":false,"inline_featured_image":false},"colecciones":[399],"product_brand":[],"product_cat":[358],"product_tag":[],"class_list":{"0":"post-33028","1":"product","2":"type-product","3":"status-publish","4":"has-post-thumbnail","6":"colecciones-collection-gala","7":"product_cat-home-fr","9":"first","10":"instock","11":"purchasable","12":"product-type-simple"},"acf":[],"yoast_head":"<!-- This site is optimized with the Yoast SEO plugin v27.6 - https:\/\/yoast.com\/product\/yoast-seo-wordpress\/ -->\n<title>COUFFIN EN OSIER POUR POUP\u00c9E - Walking Mum<\/title>\n<meta name=\"robots\" content=\"index, follow, max-snippet:-1, max-image-preview:large, max-video-preview:-1\" \/>\n<link rel=\"canonical\" href=\"https:\/\/walkingmum.com\/fr\/produit\/couffin-en-osier-pour-poupee\/\" \/>\n<meta property=\"og:locale\" content=\"fr_FR\" \/>\n<meta property=\"og:type\" content=\"article\" \/>\n<meta property=\"og:title\" content=\"COUFFIN EN OSIER POUR POUP\u00c9E - Walking Mum\" \/>\n<meta property=\"og:description\" content=\"D\u00e9couvrez le couffin en osier naturel Walking Mum de 80 x 40 cm, parfait pour le repos de votre b\u00e9b\u00e9. Il comprend un matelas, est l\u00e9ger et cr\u00e9e un environnement chaud et s\u00fbr. Id\u00e9al pour les premiers mois. Offrez \u00e0 votre b\u00e9b\u00e9 un espace de repos confortable et naturel avec notre couffin en osier. Con\u00e7u [&hellip;]\" \/>\n<meta property=\"og:url\" content=\"https:\/\/walkingmum.com\/fr\/produit\/couffin-en-osier-pour-poupee\/\" \/>\n<meta property=\"og:site_name\" content=\"Walking Mum\" \/>\n<meta property=\"og:image\" content=\"https:\/\/walkingmum.com\/wp-content\/uploads\/2025\/09\/1120800644_a-1.jpg\" \/>\n\t<meta property=\"og:image:width\" content=\"1800\" \/>\n\t<meta property=\"og:image:height\" content=\"1800\" \/>\n\t<meta property=\"og:image:type\" content=\"image\/jpeg\" \/>\n<meta name=\"twitter:card\" content=\"summary_large_image\" \/>\n<meta name=\"twitter:label1\" content=\"Dur\u00e9e de lecture estim\u00e9e\" \/>\n\t<meta name=\"twitter:data1\" content=\"2 minutes\" \/>\n<script type=\"application\/ld+json\" class=\"yoast-schema-graph\">{\"@context\":\"https:\\\/\\\/schema.org\",\"@graph\":[{\"@type\":\"WebPage\",\"@id\":\"https:\\\/\\\/walkingmum.com\\\/fr\\\/produit\\\/couffin-en-osier-pour-poupee\\\/\",\"url\":\"https:\\\/\\\/walkingmum.com\\\/fr\\\/produit\\\/couffin-en-osier-pour-poupee\\\/\",\"name\":\"COUFFIN EN OSIER POUR POUP\u00c9E - Walking Mum\",\"isPartOf\":{\"@id\":\"https:\\\/\\\/walkingmum.com\\\/#website\"},\"primaryImageOfPage\":{\"@id\":\"https:\\\/\\\/walkingmum.com\\\/fr\\\/produit\\\/couffin-en-osier-pour-poupee\\\/#primaryimage\"},\"image\":{\"@id\":\"https:\\\/\\\/walkingmum.com\\\/fr\\\/produit\\\/couffin-en-osier-pour-poupee\\\/#primaryimage\"},\"thumbnailUrl\":\"https:\\\/\\\/walkingmum.com\\\/wp-content\\\/uploads\\\/2025\\\/09\\\/1120800644_a-1.jpg\",\"datePublished\":\"2025-09-25T10:25:57+00:00\",\"breadcrumb\":{\"@id\":\"https:\\\/\\\/walkingmum.com\\\/fr\\\/produit\\\/couffin-en-osier-pour-poupee\\\/#breadcrumb\"},\"inLanguage\":\"fr-FR\",\"potentialAction\":[{\"@type\":\"ReadAction\",\"target\":[\"https:\\\/\\\/walkingmum.com\\\/fr\\\/produit\\\/couffin-en-osier-pour-poupee\\\/\"]}]},{\"@type\":\"ImageObject\",\"inLanguage\":\"fr-FR\",\"@id\":\"https:\\\/\\\/walkingmum.com\\\/fr\\\/produit\\\/couffin-en-osier-pour-poupee\\\/#primaryimage\",\"url\":\"https:\\\/\\\/walkingmum.com\\\/wp-content\\\/uploads\\\/2025\\\/09\\\/1120800644_a-1.jpg\",\"contentUrl\":\"https:\\\/\\\/walkingmum.com\\\/wp-content\\\/uploads\\\/2025\\\/09\\\/1120800644_a-1.jpg\",\"width\":1800,\"height\":1800},{\"@type\":\"BreadcrumbList\",\"@id\":\"https:\\\/\\\/walkingmum.com\\\/fr\\\/produit\\\/couffin-en-osier-pour-poupee\\\/#breadcrumb\",\"itemListElement\":[{\"@type\":\"ListItem\",\"position\":1,\"name\":\"Portada\",\"item\":\"https:\\\/\\\/walkingmum.com\\\/fr\\\/\"},{\"@type\":\"ListItem\",\"position\":2,\"name\":\"Tienda\",\"item\":\"https:\\\/\\\/walkingmum.com\\\/tienda\\\/\"},{\"@type\":\"ListItem\",\"position\":3,\"name\":\"COUFFIN EN OSIER POUR POUP\u00c9E\"}]},{\"@type\":\"WebSite\",\"@id\":\"https:\\\/\\\/walkingmum.com\\\/#website\",\"url\":\"https:\\\/\\\/walkingmum.com\\\/\",\"name\":\"Walking Mum\",\"description\":\"La marca para beb\u00e9s modernos\",\"potentialAction\":[{\"@type\":\"SearchAction\",\"target\":{\"@type\":\"EntryPoint\",\"urlTemplate\":\"https:\\\/\\\/walkingmum.com\\\/?s={search_term_string}\"},\"query-input\":{\"@type\":\"PropertyValueSpecification\",\"valueRequired\":true,\"valueName\":\"search_term_string\"}}],\"inLanguage\":\"fr-FR\"}]}<\/script>\n<!-- \/ Yoast SEO plugin. -->","yoast_head_json":{"title":"COUFFIN EN OSIER POUR POUP\u00c9E - Walking Mum","robots":{"index":"index","follow":"follow","max-snippet":"max-snippet:-1","max-image-preview":"max-image-preview:large","max-video-preview":"max-video-preview:-1"},"canonical":"https:\/\/walkingmum.com\/fr\/produit\/couffin-en-osier-pour-poupee\/","og_locale":"fr_FR","og_type":"article","og_title":"COUFFIN EN OSIER POUR POUP\u00c9E - Walking Mum","og_description":"D\u00e9couvrez le couffin en osier naturel Walking Mum de 80 x 40 cm, parfait pour le repos de votre b\u00e9b\u00e9. Il comprend un matelas, est l\u00e9ger et cr\u00e9e un environnement chaud et s\u00fbr. Id\u00e9al pour les premiers mois. Offrez \u00e0 votre b\u00e9b\u00e9 un espace de repos confortable et naturel avec notre couffin en osier. Con\u00e7u [&hellip;]","og_url":"https:\/\/walkingmum.com\/fr\/produit\/couffin-en-osier-pour-poupee\/","og_site_name":"Walking Mum","og_image":[{"width":1800,"height":1800,"url":"https:\/\/walkingmum.com\/wp-content\/uploads\/2025\/09\/1120800644_a-1.jpg","type":"image\/jpeg"}],"twitter_card":"summary_large_image","twitter_misc":{"Dur\u00e9e de lecture estim\u00e9e":"2 minutes"},"schema":{"@context":"https:\/\/schema.org","@graph":[{"@type":"WebPage","@id":"https:\/\/walkingmum.com\/fr\/produit\/couffin-en-osier-pour-poupee\/","url":"https:\/\/walkingmum.com\/fr\/produit\/couffin-en-osier-pour-poupee\/","name":"COUFFIN EN OSIER POUR POUP\u00c9E - Walking Mum","isPartOf":{"@id":"https:\/\/walkingmum.com\/#website"},"primaryImageOfPage":{"@id":"https:\/\/walkingmum.com\/fr\/produit\/couffin-en-osier-pour-poupee\/#primaryimage"},"image":{"@id":"https:\/\/walkingmum.com\/fr\/produit\/couffin-en-osier-pour-poupee\/#primaryimage"},"thumbnailUrl":"https:\/\/walkingmum.com\/wp-content\/uploads\/2025\/09\/1120800644_a-1.jpg","datePublished":"2025-09-25T10:25:57+00:00","breadcrumb":{"@id":"https:\/\/walkingmum.com\/fr\/produit\/couffin-en-osier-pour-poupee\/#breadcrumb"},"inLanguage":"fr-FR","potentialAction":[{"@type":"ReadAction","target":["https:\/\/walkingmum.com\/fr\/produit\/couffin-en-osier-pour-poupee\/"]}]},{"@type":"ImageObject","inLanguage":"fr-FR","@id":"https:\/\/walkingmum.com\/fr\/produit\/couffin-en-osier-pour-poupee\/#primaryimage","url":"https:\/\/walkingmum.com\/wp-content\/uploads\/2025\/09\/1120800644_a-1.jpg","contentUrl":"https:\/\/walkingmum.com\/wp-content\/uploads\/2025\/09\/1120800644_a-1.jpg","width":1800,"height":1800},{"@type":"BreadcrumbList","@id":"https:\/\/walkingmum.com\/fr\/produit\/couffin-en-osier-pour-poupee\/#breadcrumb","itemListElement":[{"@type":"ListItem","position":1,"name":"Portada","item":"https:\/\/walkingmum.com\/fr\/"},{"@type":"ListItem","position":2,"name":"Tienda","item":"https:\/\/walkingmum.com\/tienda\/"},{"@type":"ListItem","position":3,"name":"COUFFIN EN OSIER POUR POUP\u00c9E"}]},{"@type":"WebSite","@id":"https:\/\/walkingmum.com\/#website","url":"https:\/\/walkingmum.com\/","name":"Walking Mum","description":"La marca para beb\u00e9s modernos","potentialAction":[{"@type":"SearchAction","target":{"@type":"EntryPoint","urlTemplate":"https:\/\/walkingmum.com\/?s={search_term_string}"},"query-input":{"@type":"PropertyValueSpecification","valueRequired":true,"valueName":"search_term_string"}}],"inLanguage":"fr-FR"}]}},"_links":{"self":[{"href":"https:\/\/walkingmum.com\/fr\/wp-json\/wp\/v2\/product\/33028","targetHints":{"allow":["GET"]}}],"collection":[{"href":"https:\/\/walkingmum.com\/fr\/wp-json\/wp\/v2\/product"}],"about":[{"href":"https:\/\/walkingmum.com\/fr\/wp-json\/wp\/v2\/types\/product"}],"replies":[{"embeddable":true,"href":"https:\/\/walkingmum.com\/fr\/wp-json\/wp\/v2\/comments?post=33028"}],"wp:featuredmedia":[{"embeddable":true,"href":"https:\/\/walkingmum.com\/fr\/wp-json\/wp\/v2\/media\/32381"}],"wp:attachment":[{"href":"https:\/\/walkingmum.com\/fr\/wp-json\/wp\/v2\/media?parent=33028"}],"wp:term":[{"taxonomy":"colecciones","embeddable":true,"href":"https:\/\/walkingmum.com\/fr\/wp-json\/wp\/v2\/colecciones?post=33028"},{"taxonomy":"product_brand","embeddable":true,"href":"https:\/\/walkingmum.com\/fr\/wp-json\/wp\/v2\/product_brand?post=33028"},{"taxonomy":"product_cat","embeddable":true,"href":"https:\/\/walkingmum.com\/fr\/wp-json\/wp\/v2\/product_cat?post=33028"},{"taxonomy":"product_tag","embeddable":true,"href":"https:\/\/walkingmum.com\/fr\/wp-json\/wp\/v2\/product_tag?post=33028"}],"curies":[{"name":"wp","href":"https:\/\/api.w.org\/{rel}","templated":true}]}}