{"id":33022,"date":"2025-09-25T10:25:56","date_gmt":"2025-09-25T10:25:56","guid":{"rendered":"https:\/\/walkingmum.com\/?post_type=product&#038;p=33022"},"modified":"2025-09-25T10:25:56","modified_gmt":"2025-09-25T10:25:56","slug":"couette-drap-housse-coussin-pour-berceau-90x50-cm-gala-cerise","status":"publish","type":"product","link":"https:\/\/walkingmum.com\/fr\/produit\/couette-drap-housse-coussin-pour-berceau-90x50-cm-gala-cerise\/","title":{"rendered":"COUETTE + DRAP HOUSSE + COUSSIN POUR BERCEAU 90X50 CM GALA CERISE"},"content":{"rendered":"<p>Pr\u00e9parez le lit de votre b\u00e9b\u00e9 avec cet adorable ensemble complet de la collection Gala Cerise de Walking Mum, con\u00e7u pour les mini-lits de 90 x 50 cm. Cr\u00e9\u00e9 pour offrir un maximum de confort et une touche d&rsquo;\u00e9l\u00e9gance \u00e0 la chambre de votre tout-petit, cet ensemble est parfait pour envelopper votre b\u00e9b\u00e9 dans la douceur et la s\u00e9curit\u00e9. Cet ensemble de literie indispensable comprend quatre pi\u00e8ces essentielles : un drap housse en mousseline 100 % coton doux, qui s&rsquo;adapte parfaitement au matelas et offre une respirabilit\u00e9 sup\u00e9rieure pour \u00e9viter la surchauffe ; une housse de couette 100 % coton, douce pour la peau sensible de votre b\u00e9b\u00e9 et qui ajoute une touche de couleur et de style au lit ; une couette amovible l\u00e9g\u00e8re et chaude avec un indice TOG de 2,5, id\u00e9ale pour maintenir une temp\u00e9rature de sommeil parfaite ; et un oreiller en maille 3D respirante pour plus de confort. Tous les \u00e9l\u00e9ments de cet ensemble sont fabriqu\u00e9s en 100 % coton, id\u00e9al pour la peau d\u00e9licate des b\u00e9b\u00e9s. Le tissu en mousseline du drap-housse offre une douceur et une adaptabilit\u00e9 suppl\u00e9mentaires. La collection Gala Cerise de Walking Mum se distingue par son design moderne et doux, alliant fonctionnalit\u00e9 et esth\u00e9tique charmante qui s&rsquo;int\u00e8gre parfaitement \u00e0 tout d\u00e9cor de chambre d&rsquo;enfant. C&rsquo;est le choix id\u00e9al pour les parents qui recherchent qualit\u00e9, confort et style dans les accessoires de lit de leur b\u00e9b\u00e9. Compatible avec les mini-lits de 90 x 50 cm. Facile \u00e0 laver \u00e0 la main ou en machine \u00e0 30 \u00b0C. \u00c0 associer avec d&rsquo;autres articles de la collection pour un look coordonn\u00e9. Walking Mum s&rsquo;engage \u00e0 proposer des produits fonctionnels, s\u00fbrs et \u00e9l\u00e9gants, con\u00e7us pour les familles modernes qui accordent de l&rsquo;importance \u00e0 chaque d\u00e9tail. Walking Mum prot\u00e8ge votre b\u00e9b\u00e9 gr\u00e2ce \u00e0 des tissus de qualit\u00e9, sans colorants azo\u00efques ni substances nocives. Notre collection Walking Mum se caract\u00e9rise par un style urbain et moderne qui ne passera pas inaper\u00e7u et ajoutera une touche unique \u00e0 vos sorties avec votre b\u00e9b\u00e9. Les accessoires de maternit\u00e9 de cette ligne sont plus sportifs et pratiques, sp\u00e9cialement cr\u00e9\u00e9s pour les mamans et les papas modernes qui appr\u00e9cient les derni\u00e8res tendances et les designs contemporains sans compromettre la qualit\u00e9 et la fonctionnalit\u00e9 des produits. Caract\u00e9ristiques : Mat\u00e9riaux : 100 % coton. Conforme \u00e0 la norme EN-16779 de l&rsquo; &#8211; Articles textiles pour la pu\u00e9riculture. Exigences de s\u00e9curit\u00e9 et m\u00e9thodes d&rsquo;essai pour les couettes pour enfants.<\/p>\n","protected":false},"excerpt":{"rendered":"<p>Pr\u00e9parez le lit de votre b\u00e9b\u00e9 avec cet adorable ensemble complet de la collection Gala Cerise de Walking Mum, con\u00e7u pour les mini-lits de 90 x 50 cm. Cr\u00e9\u00e9 pour offrir un maximum de confort et une touche d&rsquo;\u00e9l\u00e9gance \u00e0 la chambre de votre tout-petit, cet ensemble est parfait pour envelopper votre b\u00e9b\u00e9 dans la [&hellip;]<\/p>\n","protected":false},"featured_media":32243,"comment_status":"closed","ping_status":"closed","template":"","meta":{"_acf_changed":false,"inline_featured_image":false},"colecciones":[399],"product_brand":[],"product_cat":[358],"product_tag":[],"class_list":{"0":"post-33022","1":"product","2":"type-product","3":"status-publish","4":"has-post-thumbnail","6":"colecciones-collection-gala","7":"product_cat-home-fr","9":"first","10":"instock","11":"purchasable","12":"product-type-simple"},"acf":[],"yoast_head":"<!-- This site is optimized with the Yoast SEO plugin v27.5 - https:\/\/yoast.com\/product\/yoast-seo-wordpress\/ -->\n<title>COUETTE + DRAP HOUSSE + COUSSIN POUR BERCEAU 90X50 CM GALA CERISE - Walking Mum<\/title>\n<meta name=\"robots\" content=\"index, follow, max-snippet:-1, max-image-preview:large, max-video-preview:-1\" \/>\n<link rel=\"canonical\" href=\"https:\/\/walkingmum.com\/fr\/produit\/couette-drap-housse-coussin-pour-berceau-90x50-cm-gala-cerise\/\" \/>\n<meta property=\"og:locale\" content=\"fr_FR\" \/>\n<meta property=\"og:type\" content=\"article\" \/>\n<meta property=\"og:title\" content=\"COUETTE + DRAP HOUSSE + COUSSIN POUR BERCEAU 90X50 CM GALA CERISE - Walking Mum\" \/>\n<meta property=\"og:description\" content=\"Pr\u00e9parez le lit de votre b\u00e9b\u00e9 avec cet adorable ensemble complet de la collection Gala Cerise de Walking Mum, con\u00e7u pour les mini-lits de 90 x 50 cm. Cr\u00e9\u00e9 pour offrir un maximum de confort et une touche d&rsquo;\u00e9l\u00e9gance \u00e0 la chambre de votre tout-petit, cet ensemble est parfait pour envelopper votre b\u00e9b\u00e9 dans la [&hellip;]\" \/>\n<meta property=\"og:url\" content=\"https:\/\/walkingmum.com\/fr\/produit\/couette-drap-housse-coussin-pour-berceau-90x50-cm-gala-cerise\/\" \/>\n<meta property=\"og:site_name\" content=\"Walking Mum\" \/>\n<meta property=\"og:image\" content=\"https:\/\/walkingmum.com\/wp-content\/uploads\/2025\/09\/1120800638_a-1.jpg\" \/>\n\t<meta property=\"og:image:width\" content=\"1800\" \/>\n\t<meta property=\"og:image:height\" content=\"1800\" \/>\n\t<meta property=\"og:image:type\" content=\"image\/jpeg\" \/>\n<meta name=\"twitter:card\" content=\"summary_large_image\" \/>\n<meta name=\"twitter:label1\" content=\"Dur\u00e9e de lecture estim\u00e9e\" \/>\n\t<meta name=\"twitter:data1\" content=\"2 minutes\" \/>\n<script type=\"application\/ld+json\" class=\"yoast-schema-graph\">{\"@context\":\"https:\\\/\\\/schema.org\",\"@graph\":[{\"@type\":\"WebPage\",\"@id\":\"https:\\\/\\\/walkingmum.com\\\/fr\\\/produit\\\/couette-drap-housse-coussin-pour-berceau-90x50-cm-gala-cerise\\\/\",\"url\":\"https:\\\/\\\/walkingmum.com\\\/fr\\\/produit\\\/couette-drap-housse-coussin-pour-berceau-90x50-cm-gala-cerise\\\/\",\"name\":\"COUETTE + DRAP HOUSSE + COUSSIN POUR BERCEAU 90X50 CM GALA CERISE - Walking Mum\",\"isPartOf\":{\"@id\":\"https:\\\/\\\/walkingmum.com\\\/#website\"},\"primaryImageOfPage\":{\"@id\":\"https:\\\/\\\/walkingmum.com\\\/fr\\\/produit\\\/couette-drap-housse-coussin-pour-berceau-90x50-cm-gala-cerise\\\/#primaryimage\"},\"image\":{\"@id\":\"https:\\\/\\\/walkingmum.com\\\/fr\\\/produit\\\/couette-drap-housse-coussin-pour-berceau-90x50-cm-gala-cerise\\\/#primaryimage\"},\"thumbnailUrl\":\"https:\\\/\\\/walkingmum.com\\\/wp-content\\\/uploads\\\/2025\\\/09\\\/1120800638_a-1.jpg\",\"datePublished\":\"2025-09-25T10:25:56+00:00\",\"breadcrumb\":{\"@id\":\"https:\\\/\\\/walkingmum.com\\\/fr\\\/produit\\\/couette-drap-housse-coussin-pour-berceau-90x50-cm-gala-cerise\\\/#breadcrumb\"},\"inLanguage\":\"fr-FR\",\"potentialAction\":[{\"@type\":\"ReadAction\",\"target\":[\"https:\\\/\\\/walkingmum.com\\\/fr\\\/produit\\\/couette-drap-housse-coussin-pour-berceau-90x50-cm-gala-cerise\\\/\"]}]},{\"@type\":\"ImageObject\",\"inLanguage\":\"fr-FR\",\"@id\":\"https:\\\/\\\/walkingmum.com\\\/fr\\\/produit\\\/couette-drap-housse-coussin-pour-berceau-90x50-cm-gala-cerise\\\/#primaryimage\",\"url\":\"https:\\\/\\\/walkingmum.com\\\/wp-content\\\/uploads\\\/2025\\\/09\\\/1120800638_a-1.jpg\",\"contentUrl\":\"https:\\\/\\\/walkingmum.com\\\/wp-content\\\/uploads\\\/2025\\\/09\\\/1120800638_a-1.jpg\",\"width\":1800,\"height\":1800},{\"@type\":\"BreadcrumbList\",\"@id\":\"https:\\\/\\\/walkingmum.com\\\/fr\\\/produit\\\/couette-drap-housse-coussin-pour-berceau-90x50-cm-gala-cerise\\\/#breadcrumb\",\"itemListElement\":[{\"@type\":\"ListItem\",\"position\":1,\"name\":\"Portada\",\"item\":\"https:\\\/\\\/walkingmum.com\\\/fr\\\/\"},{\"@type\":\"ListItem\",\"position\":2,\"name\":\"Tienda\",\"item\":\"https:\\\/\\\/walkingmum.com\\\/tienda\\\/\"},{\"@type\":\"ListItem\",\"position\":3,\"name\":\"COUETTE + DRAP HOUSSE + COUSSIN POUR BERCEAU 90X50 CM GALA CERISE\"}]},{\"@type\":\"WebSite\",\"@id\":\"https:\\\/\\\/walkingmum.com\\\/#website\",\"url\":\"https:\\\/\\\/walkingmum.com\\\/\",\"name\":\"Walking Mum\",\"description\":\"La marca para beb\u00e9s modernos\",\"potentialAction\":[{\"@type\":\"SearchAction\",\"target\":{\"@type\":\"EntryPoint\",\"urlTemplate\":\"https:\\\/\\\/walkingmum.com\\\/?s={search_term_string}\"},\"query-input\":{\"@type\":\"PropertyValueSpecification\",\"valueRequired\":true,\"valueName\":\"search_term_string\"}}],\"inLanguage\":\"fr-FR\"}]}<\/script>\n<!-- \/ Yoast SEO plugin. -->","yoast_head_json":{"title":"COUETTE + DRAP HOUSSE + COUSSIN POUR BERCEAU 90X50 CM GALA CERISE - Walking Mum","robots":{"index":"index","follow":"follow","max-snippet":"max-snippet:-1","max-image-preview":"max-image-preview:large","max-video-preview":"max-video-preview:-1"},"canonical":"https:\/\/walkingmum.com\/fr\/produit\/couette-drap-housse-coussin-pour-berceau-90x50-cm-gala-cerise\/","og_locale":"fr_FR","og_type":"article","og_title":"COUETTE + DRAP HOUSSE + COUSSIN POUR BERCEAU 90X50 CM GALA CERISE - Walking Mum","og_description":"Pr\u00e9parez le lit de votre b\u00e9b\u00e9 avec cet adorable ensemble complet de la collection Gala Cerise de Walking Mum, con\u00e7u pour les mini-lits de 90 x 50 cm. Cr\u00e9\u00e9 pour offrir un maximum de confort et une touche d&rsquo;\u00e9l\u00e9gance \u00e0 la chambre de votre tout-petit, cet ensemble est parfait pour envelopper votre b\u00e9b\u00e9 dans la [&hellip;]","og_url":"https:\/\/walkingmum.com\/fr\/produit\/couette-drap-housse-coussin-pour-berceau-90x50-cm-gala-cerise\/","og_site_name":"Walking Mum","og_image":[{"width":1800,"height":1800,"url":"https:\/\/walkingmum.com\/wp-content\/uploads\/2025\/09\/1120800638_a-1.jpg","type":"image\/jpeg"}],"twitter_card":"summary_large_image","twitter_misc":{"Dur\u00e9e de lecture estim\u00e9e":"2 minutes"},"schema":{"@context":"https:\/\/schema.org","@graph":[{"@type":"WebPage","@id":"https:\/\/walkingmum.com\/fr\/produit\/couette-drap-housse-coussin-pour-berceau-90x50-cm-gala-cerise\/","url":"https:\/\/walkingmum.com\/fr\/produit\/couette-drap-housse-coussin-pour-berceau-90x50-cm-gala-cerise\/","name":"COUETTE + DRAP HOUSSE + COUSSIN POUR BERCEAU 90X50 CM GALA CERISE - Walking Mum","isPartOf":{"@id":"https:\/\/walkingmum.com\/#website"},"primaryImageOfPage":{"@id":"https:\/\/walkingmum.com\/fr\/produit\/couette-drap-housse-coussin-pour-berceau-90x50-cm-gala-cerise\/#primaryimage"},"image":{"@id":"https:\/\/walkingmum.com\/fr\/produit\/couette-drap-housse-coussin-pour-berceau-90x50-cm-gala-cerise\/#primaryimage"},"thumbnailUrl":"https:\/\/walkingmum.com\/wp-content\/uploads\/2025\/09\/1120800638_a-1.jpg","datePublished":"2025-09-25T10:25:56+00:00","breadcrumb":{"@id":"https:\/\/walkingmum.com\/fr\/produit\/couette-drap-housse-coussin-pour-berceau-90x50-cm-gala-cerise\/#breadcrumb"},"inLanguage":"fr-FR","potentialAction":[{"@type":"ReadAction","target":["https:\/\/walkingmum.com\/fr\/produit\/couette-drap-housse-coussin-pour-berceau-90x50-cm-gala-cerise\/"]}]},{"@type":"ImageObject","inLanguage":"fr-FR","@id":"https:\/\/walkingmum.com\/fr\/produit\/couette-drap-housse-coussin-pour-berceau-90x50-cm-gala-cerise\/#primaryimage","url":"https:\/\/walkingmum.com\/wp-content\/uploads\/2025\/09\/1120800638_a-1.jpg","contentUrl":"https:\/\/walkingmum.com\/wp-content\/uploads\/2025\/09\/1120800638_a-1.jpg","width":1800,"height":1800},{"@type":"BreadcrumbList","@id":"https:\/\/walkingmum.com\/fr\/produit\/couette-drap-housse-coussin-pour-berceau-90x50-cm-gala-cerise\/#breadcrumb","itemListElement":[{"@type":"ListItem","position":1,"name":"Portada","item":"https:\/\/walkingmum.com\/fr\/"},{"@type":"ListItem","position":2,"name":"Tienda","item":"https:\/\/walkingmum.com\/tienda\/"},{"@type":"ListItem","position":3,"name":"COUETTE + DRAP HOUSSE + COUSSIN POUR BERCEAU 90X50 CM GALA CERISE"}]},{"@type":"WebSite","@id":"https:\/\/walkingmum.com\/#website","url":"https:\/\/walkingmum.com\/","name":"Walking Mum","description":"La marca para beb\u00e9s modernos","potentialAction":[{"@type":"SearchAction","target":{"@type":"EntryPoint","urlTemplate":"https:\/\/walkingmum.com\/?s={search_term_string}"},"query-input":{"@type":"PropertyValueSpecification","valueRequired":true,"valueName":"search_term_string"}}],"inLanguage":"fr-FR"}]}},"_links":{"self":[{"href":"https:\/\/walkingmum.com\/fr\/wp-json\/wp\/v2\/product\/33022","targetHints":{"allow":["GET"]}}],"collection":[{"href":"https:\/\/walkingmum.com\/fr\/wp-json\/wp\/v2\/product"}],"about":[{"href":"https:\/\/walkingmum.com\/fr\/wp-json\/wp\/v2\/types\/product"}],"replies":[{"embeddable":true,"href":"https:\/\/walkingmum.com\/fr\/wp-json\/wp\/v2\/comments?post=33022"}],"wp:featuredmedia":[{"embeddable":true,"href":"https:\/\/walkingmum.com\/fr\/wp-json\/wp\/v2\/media\/32243"}],"wp:attachment":[{"href":"https:\/\/walkingmum.com\/fr\/wp-json\/wp\/v2\/media?parent=33022"}],"wp:term":[{"taxonomy":"colecciones","embeddable":true,"href":"https:\/\/walkingmum.com\/fr\/wp-json\/wp\/v2\/colecciones?post=33022"},{"taxonomy":"product_brand","embeddable":true,"href":"https:\/\/walkingmum.com\/fr\/wp-json\/wp\/v2\/product_brand?post=33022"},{"taxonomy":"product_cat","embeddable":true,"href":"https:\/\/walkingmum.com\/fr\/wp-json\/wp\/v2\/product_cat?post=33022"},{"taxonomy":"product_tag","embeddable":true,"href":"https:\/\/walkingmum.com\/fr\/wp-json\/wp\/v2\/product_tag?post=33022"}],"curies":[{"name":"wp","href":"https:\/\/api.w.org\/{rel}","templated":true}]}}