{"id":33020,"date":"2025-09-25T10:25:56","date_gmt":"2025-09-25T10:25:56","guid":{"rendered":"https:\/\/walkingmum.com\/?post_type=product&#038;p=33020"},"modified":"2025-09-25T10:25:56","modified_gmt":"2025-09-25T10:25:56","slug":"drap-housse-pour-berceau-120x60-cm-gala-cerise","status":"publish","type":"product","link":"https:\/\/walkingmum.com\/fr\/produit\/drap-housse-pour-berceau-120x60-cm-gala-cerise\/","title":{"rendered":"DRAP-HOUSSE POUR BERCEAU 120X60 CM GALA CERISE"},"content":{"rendered":"<p>Le drap-housse en mousseline pour lit b\u00e9b\u00e9 120 x 60 cm de la collection Gala Cerise de Walking Mum est le compl\u00e9ment id\u00e9al pour l&rsquo;espace de sommeil de votre b\u00e9b\u00e9. Fabriqu\u00e9 en mousseline 100 % coton, ce drap-housse est extr\u00eamement doux, l\u00e9ger et respirant, id\u00e9al pour prendre soin de la peau sensible de votre b\u00e9b\u00e9 et lui garantir une nuit paisible. Son charmant motif floral, caract\u00e9ristique de la collection Gala Cerise, apporte une touche douce et \u00e9l\u00e9gante au lit b\u00e9b\u00e9. De plus, ses bords enti\u00e8rement \u00e9lastiqu\u00e9s permettent de l&rsquo;ajuster facilement et de le maintenir en place \u00e0 tout moment. Compatible avec les lits b\u00e9b\u00e9 120 x 60 cm. Facile \u00e0 installer et lavable \u00e0 la main ou en machine \u00e0 30 \u00b0C. \u00c0 associer avec d&rsquo;autres produits de la collection pour un ensemble coordonn\u00e9 complet. Walking Mum s&rsquo;engage \u00e0 proposer des produits fonctionnels, s\u00fbrs et \u00e9l\u00e9gants, con\u00e7us pour les familles modernes qui accordent de l&rsquo;importance aux d\u00e9tails. Walking Mum prot\u00e8ge votre b\u00e9b\u00e9 en utilisant les meilleurs tissus, sans colorants azo\u00efques ni substances nocives. Notre collection Walking Mum se caract\u00e9rise par un style urbain et moderne qui se d\u00e9marque et ajoute une touche unique \u00e0 vos sorties avec votre b\u00e9b\u00e9. Les accessoires de maternit\u00e9 de cette ligne sont plus sportifs et pratiques, sp\u00e9cialement cr\u00e9\u00e9s pour les mamans et les papas modernes qui appr\u00e9cient les designs les plus actuels et tendance sans compromettre l&rsquo; , la qualit\u00e9 et la fonctionnalit\u00e9 des produits. Caract\u00e9ristiques : Mat\u00e9riaux : 100 % coton.<\/p>\n","protected":false},"excerpt":{"rendered":"<p>Le drap-housse en mousseline pour lit b\u00e9b\u00e9 120 x 60 cm de la collection Gala Cerise de Walking Mum est le compl\u00e9ment id\u00e9al pour l&rsquo;espace de sommeil de votre b\u00e9b\u00e9. Fabriqu\u00e9 en mousseline 100 % coton, ce drap-housse est extr\u00eamement doux, l\u00e9ger et respirant, id\u00e9al pour prendre soin de la peau sensible de votre b\u00e9b\u00e9 [&hellip;]<\/p>\n","protected":false},"featured_media":32217,"comment_status":"closed","ping_status":"closed","template":"","meta":{"_acf_changed":false,"inline_featured_image":false},"colecciones":[399],"product_brand":[],"product_cat":[358],"product_tag":[],"class_list":{"0":"post-33020","1":"product","2":"type-product","3":"status-publish","4":"has-post-thumbnail","6":"colecciones-collection-gala","7":"product_cat-home-fr","9":"first","10":"instock","11":"purchasable","12":"product-type-simple"},"acf":[],"yoast_head":"<!-- This site is optimized with the Yoast SEO plugin v27.3 - https:\/\/yoast.com\/product\/yoast-seo-wordpress\/ -->\n<title>DRAP-HOUSSE POUR BERCEAU 120X60 CM GALA CERISE - Walking Mum<\/title>\n<meta name=\"robots\" content=\"index, follow, max-snippet:-1, max-image-preview:large, max-video-preview:-1\" \/>\n<link rel=\"canonical\" href=\"https:\/\/walkingmum.com\/fr\/produit\/drap-housse-pour-berceau-120x60-cm-gala-cerise\/\" \/>\n<meta property=\"og:locale\" content=\"fr_FR\" \/>\n<meta property=\"og:type\" content=\"article\" \/>\n<meta property=\"og:title\" content=\"DRAP-HOUSSE POUR BERCEAU 120X60 CM GALA CERISE - Walking Mum\" \/>\n<meta property=\"og:description\" content=\"Le drap-housse en mousseline pour lit b\u00e9b\u00e9 120 x 60 cm de la collection Gala Cerise de Walking Mum est le compl\u00e9ment id\u00e9al pour l&rsquo;espace de sommeil de votre b\u00e9b\u00e9. Fabriqu\u00e9 en mousseline 100 % coton, ce drap-housse est extr\u00eamement doux, l\u00e9ger et respirant, id\u00e9al pour prendre soin de la peau sensible de votre b\u00e9b\u00e9 [&hellip;]\" \/>\n<meta property=\"og:url\" content=\"https:\/\/walkingmum.com\/fr\/produit\/drap-housse-pour-berceau-120x60-cm-gala-cerise\/\" \/>\n<meta property=\"og:site_name\" content=\"Walking Mum\" \/>\n<meta property=\"og:image\" content=\"https:\/\/walkingmum.com\/wp-content\/uploads\/2025\/09\/1120800636_a-1.jpg\" \/>\n\t<meta property=\"og:image:width\" content=\"1800\" \/>\n\t<meta property=\"og:image:height\" content=\"1800\" \/>\n\t<meta property=\"og:image:type\" content=\"image\/jpeg\" \/>\n<meta name=\"twitter:card\" content=\"summary_large_image\" \/>\n<meta name=\"twitter:label1\" content=\"Dur\u00e9e de lecture estim\u00e9e\" \/>\n\t<meta name=\"twitter:data1\" content=\"1 minute\" \/>\n<script type=\"application\/ld+json\" class=\"yoast-schema-graph\">{\"@context\":\"https:\\\/\\\/schema.org\",\"@graph\":[{\"@type\":\"WebPage\",\"@id\":\"https:\\\/\\\/walkingmum.com\\\/fr\\\/produit\\\/drap-housse-pour-berceau-120x60-cm-gala-cerise\\\/\",\"url\":\"https:\\\/\\\/walkingmum.com\\\/fr\\\/produit\\\/drap-housse-pour-berceau-120x60-cm-gala-cerise\\\/\",\"name\":\"DRAP-HOUSSE POUR BERCEAU 120X60 CM GALA CERISE - Walking Mum\",\"isPartOf\":{\"@id\":\"https:\\\/\\\/walkingmum.com\\\/#website\"},\"primaryImageOfPage\":{\"@id\":\"https:\\\/\\\/walkingmum.com\\\/fr\\\/produit\\\/drap-housse-pour-berceau-120x60-cm-gala-cerise\\\/#primaryimage\"},\"image\":{\"@id\":\"https:\\\/\\\/walkingmum.com\\\/fr\\\/produit\\\/drap-housse-pour-berceau-120x60-cm-gala-cerise\\\/#primaryimage\"},\"thumbnailUrl\":\"https:\\\/\\\/walkingmum.com\\\/wp-content\\\/uploads\\\/2025\\\/09\\\/1120800636_a-1.jpg\",\"datePublished\":\"2025-09-25T10:25:56+00:00\",\"breadcrumb\":{\"@id\":\"https:\\\/\\\/walkingmum.com\\\/fr\\\/produit\\\/drap-housse-pour-berceau-120x60-cm-gala-cerise\\\/#breadcrumb\"},\"inLanguage\":\"fr-FR\",\"potentialAction\":[{\"@type\":\"ReadAction\",\"target\":[\"https:\\\/\\\/walkingmum.com\\\/fr\\\/produit\\\/drap-housse-pour-berceau-120x60-cm-gala-cerise\\\/\"]}]},{\"@type\":\"ImageObject\",\"inLanguage\":\"fr-FR\",\"@id\":\"https:\\\/\\\/walkingmum.com\\\/fr\\\/produit\\\/drap-housse-pour-berceau-120x60-cm-gala-cerise\\\/#primaryimage\",\"url\":\"https:\\\/\\\/walkingmum.com\\\/wp-content\\\/uploads\\\/2025\\\/09\\\/1120800636_a-1.jpg\",\"contentUrl\":\"https:\\\/\\\/walkingmum.com\\\/wp-content\\\/uploads\\\/2025\\\/09\\\/1120800636_a-1.jpg\",\"width\":1800,\"height\":1800},{\"@type\":\"BreadcrumbList\",\"@id\":\"https:\\\/\\\/walkingmum.com\\\/fr\\\/produit\\\/drap-housse-pour-berceau-120x60-cm-gala-cerise\\\/#breadcrumb\",\"itemListElement\":[{\"@type\":\"ListItem\",\"position\":1,\"name\":\"Portada\",\"item\":\"https:\\\/\\\/walkingmum.com\\\/fr\\\/\"},{\"@type\":\"ListItem\",\"position\":2,\"name\":\"Tienda\",\"item\":\"https:\\\/\\\/walkingmum.com\\\/tienda\\\/\"},{\"@type\":\"ListItem\",\"position\":3,\"name\":\"DRAP-HOUSSE POUR BERCEAU 120X60 CM GALA CERISE\"}]},{\"@type\":\"WebSite\",\"@id\":\"https:\\\/\\\/walkingmum.com\\\/#website\",\"url\":\"https:\\\/\\\/walkingmum.com\\\/\",\"name\":\"Walking Mum\",\"description\":\"La marca para beb\u00e9s modernos\",\"potentialAction\":[{\"@type\":\"SearchAction\",\"target\":{\"@type\":\"EntryPoint\",\"urlTemplate\":\"https:\\\/\\\/walkingmum.com\\\/?s={search_term_string}\"},\"query-input\":{\"@type\":\"PropertyValueSpecification\",\"valueRequired\":true,\"valueName\":\"search_term_string\"}}],\"inLanguage\":\"fr-FR\"}]}<\/script>\n<!-- \/ Yoast SEO plugin. -->","yoast_head_json":{"title":"DRAP-HOUSSE POUR BERCEAU 120X60 CM GALA CERISE - Walking Mum","robots":{"index":"index","follow":"follow","max-snippet":"max-snippet:-1","max-image-preview":"max-image-preview:large","max-video-preview":"max-video-preview:-1"},"canonical":"https:\/\/walkingmum.com\/fr\/produit\/drap-housse-pour-berceau-120x60-cm-gala-cerise\/","og_locale":"fr_FR","og_type":"article","og_title":"DRAP-HOUSSE POUR BERCEAU 120X60 CM GALA CERISE - Walking Mum","og_description":"Le drap-housse en mousseline pour lit b\u00e9b\u00e9 120 x 60 cm de la collection Gala Cerise de Walking Mum est le compl\u00e9ment id\u00e9al pour l&rsquo;espace de sommeil de votre b\u00e9b\u00e9. Fabriqu\u00e9 en mousseline 100 % coton, ce drap-housse est extr\u00eamement doux, l\u00e9ger et respirant, id\u00e9al pour prendre soin de la peau sensible de votre b\u00e9b\u00e9 [&hellip;]","og_url":"https:\/\/walkingmum.com\/fr\/produit\/drap-housse-pour-berceau-120x60-cm-gala-cerise\/","og_site_name":"Walking Mum","og_image":[{"width":1800,"height":1800,"url":"https:\/\/walkingmum.com\/wp-content\/uploads\/2025\/09\/1120800636_a-1.jpg","type":"image\/jpeg"}],"twitter_card":"summary_large_image","twitter_misc":{"Dur\u00e9e de lecture estim\u00e9e":"1 minute"},"schema":{"@context":"https:\/\/schema.org","@graph":[{"@type":"WebPage","@id":"https:\/\/walkingmum.com\/fr\/produit\/drap-housse-pour-berceau-120x60-cm-gala-cerise\/","url":"https:\/\/walkingmum.com\/fr\/produit\/drap-housse-pour-berceau-120x60-cm-gala-cerise\/","name":"DRAP-HOUSSE POUR BERCEAU 120X60 CM GALA CERISE - Walking Mum","isPartOf":{"@id":"https:\/\/walkingmum.com\/#website"},"primaryImageOfPage":{"@id":"https:\/\/walkingmum.com\/fr\/produit\/drap-housse-pour-berceau-120x60-cm-gala-cerise\/#primaryimage"},"image":{"@id":"https:\/\/walkingmum.com\/fr\/produit\/drap-housse-pour-berceau-120x60-cm-gala-cerise\/#primaryimage"},"thumbnailUrl":"https:\/\/walkingmum.com\/wp-content\/uploads\/2025\/09\/1120800636_a-1.jpg","datePublished":"2025-09-25T10:25:56+00:00","breadcrumb":{"@id":"https:\/\/walkingmum.com\/fr\/produit\/drap-housse-pour-berceau-120x60-cm-gala-cerise\/#breadcrumb"},"inLanguage":"fr-FR","potentialAction":[{"@type":"ReadAction","target":["https:\/\/walkingmum.com\/fr\/produit\/drap-housse-pour-berceau-120x60-cm-gala-cerise\/"]}]},{"@type":"ImageObject","inLanguage":"fr-FR","@id":"https:\/\/walkingmum.com\/fr\/produit\/drap-housse-pour-berceau-120x60-cm-gala-cerise\/#primaryimage","url":"https:\/\/walkingmum.com\/wp-content\/uploads\/2025\/09\/1120800636_a-1.jpg","contentUrl":"https:\/\/walkingmum.com\/wp-content\/uploads\/2025\/09\/1120800636_a-1.jpg","width":1800,"height":1800},{"@type":"BreadcrumbList","@id":"https:\/\/walkingmum.com\/fr\/produit\/drap-housse-pour-berceau-120x60-cm-gala-cerise\/#breadcrumb","itemListElement":[{"@type":"ListItem","position":1,"name":"Portada","item":"https:\/\/walkingmum.com\/fr\/"},{"@type":"ListItem","position":2,"name":"Tienda","item":"https:\/\/walkingmum.com\/tienda\/"},{"@type":"ListItem","position":3,"name":"DRAP-HOUSSE POUR BERCEAU 120X60 CM GALA CERISE"}]},{"@type":"WebSite","@id":"https:\/\/walkingmum.com\/#website","url":"https:\/\/walkingmum.com\/","name":"Walking Mum","description":"La marca para beb\u00e9s modernos","potentialAction":[{"@type":"SearchAction","target":{"@type":"EntryPoint","urlTemplate":"https:\/\/walkingmum.com\/?s={search_term_string}"},"query-input":{"@type":"PropertyValueSpecification","valueRequired":true,"valueName":"search_term_string"}}],"inLanguage":"fr-FR"}]}},"_links":{"self":[{"href":"https:\/\/walkingmum.com\/fr\/wp-json\/wp\/v2\/product\/33020","targetHints":{"allow":["GET"]}}],"collection":[{"href":"https:\/\/walkingmum.com\/fr\/wp-json\/wp\/v2\/product"}],"about":[{"href":"https:\/\/walkingmum.com\/fr\/wp-json\/wp\/v2\/types\/product"}],"replies":[{"embeddable":true,"href":"https:\/\/walkingmum.com\/fr\/wp-json\/wp\/v2\/comments?post=33020"}],"wp:featuredmedia":[{"embeddable":true,"href":"https:\/\/walkingmum.com\/fr\/wp-json\/wp\/v2\/media\/32217"}],"wp:attachment":[{"href":"https:\/\/walkingmum.com\/fr\/wp-json\/wp\/v2\/media?parent=33020"}],"wp:term":[{"taxonomy":"colecciones","embeddable":true,"href":"https:\/\/walkingmum.com\/fr\/wp-json\/wp\/v2\/colecciones?post=33020"},{"taxonomy":"product_brand","embeddable":true,"href":"https:\/\/walkingmum.com\/fr\/wp-json\/wp\/v2\/product_brand?post=33020"},{"taxonomy":"product_cat","embeddable":true,"href":"https:\/\/walkingmum.com\/fr\/wp-json\/wp\/v2\/product_cat?post=33020"},{"taxonomy":"product_tag","embeddable":true,"href":"https:\/\/walkingmum.com\/fr\/wp-json\/wp\/v2\/product_tag?post=33020"}],"curies":[{"name":"wp","href":"https:\/\/api.w.org\/{rel}","templated":true}]}}