{"id":33017,"date":"2025-09-25T10:25:58","date_gmt":"2025-09-25T10:25:58","guid":{"rendered":"https:\/\/walkingmum.com\/?post_type=product&#038;p=33017"},"modified":"2025-09-25T10:25:58","modified_gmt":"2025-09-25T10:25:58","slug":"tour-de-lit-120x60-cm-gala-mint","status":"publish","type":"product","link":"https:\/\/walkingmum.com\/fr\/produit\/tour-de-lit-120x60-cm-gala-mint\/","title":{"rendered":"TOUR DE LIT 120X60 CM GALA MINT"},"content":{"rendered":"<p>Offrez confort et s\u00e9curit\u00e9 \u00e0 votre b\u00e9b\u00e9 pendant son sommeil avec le tour de lit 120&#215;60 cm de la collection Gala Mint de Walking Mum. Con\u00e7u avec un charmant imprim\u00e9 floral, ce tour de lit ajoute une touche romantique et d\u00e9licate au lit de b\u00e9b\u00e9, parfait pour les chambres d&rsquo;enfant \u00e9l\u00e9gantes. Son int\u00e9rieur en maille 3D respirante assure une circulation optimale de l&rsquo;air, favorisant un environnement de sommeil s\u00fbr pour votre b\u00e9b\u00e9. Fabriqu\u00e9 \u00e0 partir de mat\u00e9riaux doux, r\u00e9sistants et de haute qualit\u00e9, ce tour de lit rembourr\u00e9 s&rsquo;attache facilement aux barreaux du lit, offrant un maintien ferme et s\u00fbr. Compatible avec les lits de 120 x 60 cm. Facile \u00e0 installer et lavable \u00e0 la main ou en machine \u00e0 30 \u00b0C. Associez-le \u00e0 d&rsquo;autres produits de la collection pour un look coordonn\u00e9 complet. Walking Mum s&rsquo;engage \u00e0 proposer des produits fonctionnels, s\u00fbrs et \u00e9l\u00e9gants pour les familles modernes qui accordent de l&rsquo;importance \u00e0 chaque d\u00e9tail. Nous prot\u00e9geons votre b\u00e9b\u00e9 en utilisant uniquement les meilleurs tissus, sans colorants azo\u00efques ni substances nocives. La collection Walking Mum se caract\u00e9rise par un style urbain et moderne unique qui se d\u00e9marque et apporte une touche de fra\u00eecheur \u00e0 vos promenades avec votre b\u00e9b\u00e9. Les accessoires de maternit\u00e9 de cette ligne sont plus sportifs et plus pratiques, sp\u00e9cialement con\u00e7us pour les mamans et les papas modernes qui appr\u00e9cient les designs tendance et actuels sans compromettre la qualit\u00e9 ou la fonctionnalit\u00e9. Caract\u00e9ristiques : Mat\u00e9riaux : 100 % coton. Dimensions : 180 x 30 cm. Conforme \u00e0 la norme EN-16780 &#8211; Articles textiles pour la pu\u00e9riculture. Exigences de s\u00e9curit\u00e9 et m\u00e9thodes d&rsquo;essai pour les tours de lit.<\/p>\n","protected":false},"excerpt":{"rendered":"<p>Offrez confort et s\u00e9curit\u00e9 \u00e0 votre b\u00e9b\u00e9 pendant son sommeil avec le tour de lit 120&#215;60 cm de la collection Gala Mint de Walking Mum. Con\u00e7u avec un charmant imprim\u00e9 floral, ce tour de lit ajoute une touche romantique et d\u00e9licate au lit de b\u00e9b\u00e9, parfait pour les chambres d&rsquo;enfant \u00e9l\u00e9gantes. Son int\u00e9rieur en maille [&hellip;]<\/p>\n","protected":false},"featured_media":32182,"comment_status":"closed","ping_status":"closed","template":"","meta":{"_acf_changed":false,"inline_featured_image":false},"colecciones":[399],"product_brand":[],"product_cat":[358],"product_tag":[],"class_list":{"0":"post-33017","1":"product","2":"type-product","3":"status-publish","4":"has-post-thumbnail","6":"colecciones-collection-gala","7":"product_cat-home-fr","9":"first","10":"instock","11":"purchasable","12":"product-type-simple"},"acf":[],"yoast_head":"<!-- This site is optimized with the Yoast SEO plugin v27.3 - https:\/\/yoast.com\/product\/yoast-seo-wordpress\/ -->\n<title>TOUR DE LIT 120X60 CM GALA MINT - Walking Mum<\/title>\n<meta name=\"robots\" content=\"index, follow, max-snippet:-1, max-image-preview:large, max-video-preview:-1\" \/>\n<link rel=\"canonical\" href=\"https:\/\/walkingmum.com\/fr\/produit\/tour-de-lit-120x60-cm-gala-mint\/\" \/>\n<meta property=\"og:locale\" content=\"fr_FR\" \/>\n<meta property=\"og:type\" content=\"article\" \/>\n<meta property=\"og:title\" content=\"TOUR DE LIT 120X60 CM GALA MINT - Walking Mum\" \/>\n<meta property=\"og:description\" content=\"Offrez confort et s\u00e9curit\u00e9 \u00e0 votre b\u00e9b\u00e9 pendant son sommeil avec le tour de lit 120&#215;60 cm de la collection Gala Mint de Walking Mum. Con\u00e7u avec un charmant imprim\u00e9 floral, ce tour de lit ajoute une touche romantique et d\u00e9licate au lit de b\u00e9b\u00e9, parfait pour les chambres d&rsquo;enfant \u00e9l\u00e9gantes. Son int\u00e9rieur en maille [&hellip;]\" \/>\n<meta property=\"og:url\" content=\"https:\/\/walkingmum.com\/fr\/produit\/tour-de-lit-120x60-cm-gala-mint\/\" \/>\n<meta property=\"og:site_name\" content=\"Walking Mum\" \/>\n<meta property=\"og:image\" content=\"https:\/\/walkingmum.com\/wp-content\/uploads\/2025\/09\/1120800633_a-1.jpg\" \/>\n\t<meta property=\"og:image:width\" content=\"1800\" \/>\n\t<meta property=\"og:image:height\" content=\"1800\" \/>\n\t<meta property=\"og:image:type\" content=\"image\/jpeg\" \/>\n<meta name=\"twitter:card\" content=\"summary_large_image\" \/>\n<meta name=\"twitter:label1\" content=\"Dur\u00e9e de lecture estim\u00e9e\" \/>\n\t<meta name=\"twitter:data1\" content=\"1 minute\" \/>\n<script type=\"application\/ld+json\" class=\"yoast-schema-graph\">{\"@context\":\"https:\\\/\\\/schema.org\",\"@graph\":[{\"@type\":\"WebPage\",\"@id\":\"https:\\\/\\\/walkingmum.com\\\/fr\\\/produit\\\/tour-de-lit-120x60-cm-gala-mint\\\/\",\"url\":\"https:\\\/\\\/walkingmum.com\\\/fr\\\/produit\\\/tour-de-lit-120x60-cm-gala-mint\\\/\",\"name\":\"TOUR DE LIT 120X60 CM GALA MINT - Walking Mum\",\"isPartOf\":{\"@id\":\"https:\\\/\\\/walkingmum.com\\\/#website\"},\"primaryImageOfPage\":{\"@id\":\"https:\\\/\\\/walkingmum.com\\\/fr\\\/produit\\\/tour-de-lit-120x60-cm-gala-mint\\\/#primaryimage\"},\"image\":{\"@id\":\"https:\\\/\\\/walkingmum.com\\\/fr\\\/produit\\\/tour-de-lit-120x60-cm-gala-mint\\\/#primaryimage\"},\"thumbnailUrl\":\"https:\\\/\\\/walkingmum.com\\\/wp-content\\\/uploads\\\/2025\\\/09\\\/1120800633_a-1.jpg\",\"datePublished\":\"2025-09-25T10:25:58+00:00\",\"breadcrumb\":{\"@id\":\"https:\\\/\\\/walkingmum.com\\\/fr\\\/produit\\\/tour-de-lit-120x60-cm-gala-mint\\\/#breadcrumb\"},\"inLanguage\":\"fr-FR\",\"potentialAction\":[{\"@type\":\"ReadAction\",\"target\":[\"https:\\\/\\\/walkingmum.com\\\/fr\\\/produit\\\/tour-de-lit-120x60-cm-gala-mint\\\/\"]}]},{\"@type\":\"ImageObject\",\"inLanguage\":\"fr-FR\",\"@id\":\"https:\\\/\\\/walkingmum.com\\\/fr\\\/produit\\\/tour-de-lit-120x60-cm-gala-mint\\\/#primaryimage\",\"url\":\"https:\\\/\\\/walkingmum.com\\\/wp-content\\\/uploads\\\/2025\\\/09\\\/1120800633_a-1.jpg\",\"contentUrl\":\"https:\\\/\\\/walkingmum.com\\\/wp-content\\\/uploads\\\/2025\\\/09\\\/1120800633_a-1.jpg\",\"width\":1800,\"height\":1800},{\"@type\":\"BreadcrumbList\",\"@id\":\"https:\\\/\\\/walkingmum.com\\\/fr\\\/produit\\\/tour-de-lit-120x60-cm-gala-mint\\\/#breadcrumb\",\"itemListElement\":[{\"@type\":\"ListItem\",\"position\":1,\"name\":\"Portada\",\"item\":\"https:\\\/\\\/walkingmum.com\\\/fr\\\/\"},{\"@type\":\"ListItem\",\"position\":2,\"name\":\"Tienda\",\"item\":\"https:\\\/\\\/walkingmum.com\\\/tienda\\\/\"},{\"@type\":\"ListItem\",\"position\":3,\"name\":\"TOUR DE LIT 120X60 CM GALA MINT\"}]},{\"@type\":\"WebSite\",\"@id\":\"https:\\\/\\\/walkingmum.com\\\/#website\",\"url\":\"https:\\\/\\\/walkingmum.com\\\/\",\"name\":\"Walking Mum\",\"description\":\"La marca para beb\u00e9s modernos\",\"potentialAction\":[{\"@type\":\"SearchAction\",\"target\":{\"@type\":\"EntryPoint\",\"urlTemplate\":\"https:\\\/\\\/walkingmum.com\\\/?s={search_term_string}\"},\"query-input\":{\"@type\":\"PropertyValueSpecification\",\"valueRequired\":true,\"valueName\":\"search_term_string\"}}],\"inLanguage\":\"fr-FR\"}]}<\/script>\n<!-- \/ Yoast SEO plugin. -->","yoast_head_json":{"title":"TOUR DE LIT 120X60 CM GALA MINT - Walking Mum","robots":{"index":"index","follow":"follow","max-snippet":"max-snippet:-1","max-image-preview":"max-image-preview:large","max-video-preview":"max-video-preview:-1"},"canonical":"https:\/\/walkingmum.com\/fr\/produit\/tour-de-lit-120x60-cm-gala-mint\/","og_locale":"fr_FR","og_type":"article","og_title":"TOUR DE LIT 120X60 CM GALA MINT - Walking Mum","og_description":"Offrez confort et s\u00e9curit\u00e9 \u00e0 votre b\u00e9b\u00e9 pendant son sommeil avec le tour de lit 120&#215;60 cm de la collection Gala Mint de Walking Mum. Con\u00e7u avec un charmant imprim\u00e9 floral, ce tour de lit ajoute une touche romantique et d\u00e9licate au lit de b\u00e9b\u00e9, parfait pour les chambres d&rsquo;enfant \u00e9l\u00e9gantes. Son int\u00e9rieur en maille [&hellip;]","og_url":"https:\/\/walkingmum.com\/fr\/produit\/tour-de-lit-120x60-cm-gala-mint\/","og_site_name":"Walking Mum","og_image":[{"width":1800,"height":1800,"url":"https:\/\/walkingmum.com\/wp-content\/uploads\/2025\/09\/1120800633_a-1.jpg","type":"image\/jpeg"}],"twitter_card":"summary_large_image","twitter_misc":{"Dur\u00e9e de lecture estim\u00e9e":"1 minute"},"schema":{"@context":"https:\/\/schema.org","@graph":[{"@type":"WebPage","@id":"https:\/\/walkingmum.com\/fr\/produit\/tour-de-lit-120x60-cm-gala-mint\/","url":"https:\/\/walkingmum.com\/fr\/produit\/tour-de-lit-120x60-cm-gala-mint\/","name":"TOUR DE LIT 120X60 CM GALA MINT - Walking Mum","isPartOf":{"@id":"https:\/\/walkingmum.com\/#website"},"primaryImageOfPage":{"@id":"https:\/\/walkingmum.com\/fr\/produit\/tour-de-lit-120x60-cm-gala-mint\/#primaryimage"},"image":{"@id":"https:\/\/walkingmum.com\/fr\/produit\/tour-de-lit-120x60-cm-gala-mint\/#primaryimage"},"thumbnailUrl":"https:\/\/walkingmum.com\/wp-content\/uploads\/2025\/09\/1120800633_a-1.jpg","datePublished":"2025-09-25T10:25:58+00:00","breadcrumb":{"@id":"https:\/\/walkingmum.com\/fr\/produit\/tour-de-lit-120x60-cm-gala-mint\/#breadcrumb"},"inLanguage":"fr-FR","potentialAction":[{"@type":"ReadAction","target":["https:\/\/walkingmum.com\/fr\/produit\/tour-de-lit-120x60-cm-gala-mint\/"]}]},{"@type":"ImageObject","inLanguage":"fr-FR","@id":"https:\/\/walkingmum.com\/fr\/produit\/tour-de-lit-120x60-cm-gala-mint\/#primaryimage","url":"https:\/\/walkingmum.com\/wp-content\/uploads\/2025\/09\/1120800633_a-1.jpg","contentUrl":"https:\/\/walkingmum.com\/wp-content\/uploads\/2025\/09\/1120800633_a-1.jpg","width":1800,"height":1800},{"@type":"BreadcrumbList","@id":"https:\/\/walkingmum.com\/fr\/produit\/tour-de-lit-120x60-cm-gala-mint\/#breadcrumb","itemListElement":[{"@type":"ListItem","position":1,"name":"Portada","item":"https:\/\/walkingmum.com\/fr\/"},{"@type":"ListItem","position":2,"name":"Tienda","item":"https:\/\/walkingmum.com\/tienda\/"},{"@type":"ListItem","position":3,"name":"TOUR DE LIT 120X60 CM GALA MINT"}]},{"@type":"WebSite","@id":"https:\/\/walkingmum.com\/#website","url":"https:\/\/walkingmum.com\/","name":"Walking Mum","description":"La marca para beb\u00e9s modernos","potentialAction":[{"@type":"SearchAction","target":{"@type":"EntryPoint","urlTemplate":"https:\/\/walkingmum.com\/?s={search_term_string}"},"query-input":{"@type":"PropertyValueSpecification","valueRequired":true,"valueName":"search_term_string"}}],"inLanguage":"fr-FR"}]}},"_links":{"self":[{"href":"https:\/\/walkingmum.com\/fr\/wp-json\/wp\/v2\/product\/33017","targetHints":{"allow":["GET"]}}],"collection":[{"href":"https:\/\/walkingmum.com\/fr\/wp-json\/wp\/v2\/product"}],"about":[{"href":"https:\/\/walkingmum.com\/fr\/wp-json\/wp\/v2\/types\/product"}],"replies":[{"embeddable":true,"href":"https:\/\/walkingmum.com\/fr\/wp-json\/wp\/v2\/comments?post=33017"}],"wp:featuredmedia":[{"embeddable":true,"href":"https:\/\/walkingmum.com\/fr\/wp-json\/wp\/v2\/media\/32182"}],"wp:attachment":[{"href":"https:\/\/walkingmum.com\/fr\/wp-json\/wp\/v2\/media?parent=33017"}],"wp:term":[{"taxonomy":"colecciones","embeddable":true,"href":"https:\/\/walkingmum.com\/fr\/wp-json\/wp\/v2\/colecciones?post=33017"},{"taxonomy":"product_brand","embeddable":true,"href":"https:\/\/walkingmum.com\/fr\/wp-json\/wp\/v2\/product_brand?post=33017"},{"taxonomy":"product_cat","embeddable":true,"href":"https:\/\/walkingmum.com\/fr\/wp-json\/wp\/v2\/product_cat?post=33017"},{"taxonomy":"product_tag","embeddable":true,"href":"https:\/\/walkingmum.com\/fr\/wp-json\/wp\/v2\/product_tag?post=33017"}],"curies":[{"name":"wp","href":"https:\/\/api.w.org\/{rel}","templated":true}]}}