{"id":33011,"date":"2025-09-25T10:25:58","date_gmt":"2025-09-25T10:25:58","guid":{"rendered":"https:\/\/walkingmum.com\/?post_type=product&#038;p=33011"},"modified":"2025-09-25T10:25:58","modified_gmt":"2025-09-25T10:25:58","slug":"lange-gala-mint","status":"publish","type":"product","link":"https:\/\/walkingmum.com\/fr\/produit\/lange-gala-mint\/","title":{"rendered":"LANGE\u00a0GALA MINT"},"content":{"rendered":"<p>La mousseline imprim\u00e9e Walking Mum Gala Mint est un accessoire indispensable pour les soins du b\u00e9b\u00e9. Compos\u00e9e \u00e0 70 % de bambou et \u00e0 30 % de coton, elle offre une texture ultra-douce, respirante et d\u00e9licate pour la peau du nouveau-n\u00e9. Ses dimensions de 120 x 120 cm la rendent id\u00e9ale pour de multiples usages : emmaillotage, couverture l\u00e9g\u00e8re, protection pour poussette, couverture d&rsquo;allaitement ou matelas \u00e0 langer improvis\u00e9. Gr\u00e2ce \u00e0 son tissu respirant, elle aide \u00e0 r\u00e9guler la temp\u00e9rature du b\u00e9b\u00e9, lui offrant un confort optimal en toute situation. Ses mati\u00e8res d\u00e9licates sur la peau du b\u00e9b\u00e9 sont id\u00e9ales pour un repos s\u00fbr et agr\u00e9able. Facile \u00e0 laver et \u00e0 entretenir, elle conserve sa douceur lavage apr\u00e8s lavage. Elle est id\u00e9ale pour garder votre b\u00e9b\u00e9 confortable et prot\u00e9g\u00e9, avec le style et la qualit\u00e9 qui caract\u00e9risent Walking Mum. Fabriqu\u00e9e dans des mati\u00e8res r\u00e9sistantes, elle est facile \u00e0 nettoyer \u00e0 la main ou en machine \u00e0 30 \u00b0C. Walking Mum prot\u00e8ge votre b\u00e9b\u00e9 en utilisant les meilleurs tissus, sans colorants azo\u00efques ni substances nocives pour la sant\u00e9. Notre collection Walking Mum est con\u00e7ue avec une touche particuli\u00e8re de style urbain et moderne qui ne passe pas inaper\u00e7ue, pour habiller diff\u00e9remment les sorties de votre b\u00e9b\u00e9. Les accessoires de maternit\u00e9 de cette ligne sont plus sportifs et pratiques, sp\u00e9cialement con\u00e7us pour les mamans et les papas modernes qui appr\u00e9cient les designs les plus r\u00e9cents et les plus tendance sans n\u00e9gliger la qualit\u00e9 et la fonctionnalit\u00e9 des produits qui compl\u00e8tent et rendent plus confortables toutes les sorties avec leurs b\u00e9b\u00e9s. Caract\u00e9ristiques : Mat\u00e9riaux: 70%  Bambou &#8211; 30 % Coton. Dimensions : 120 x 120 cm.<\/p>\n","protected":false},"excerpt":{"rendered":"<p>La mousseline imprim\u00e9e Walking Mum Gala Mint est un accessoire indispensable pour les soins du b\u00e9b\u00e9. Compos\u00e9e \u00e0 70 % de bambou et \u00e0 30 % de coton, elle offre une texture ultra-douce, respirante et d\u00e9licate pour la peau du nouveau-n\u00e9. Ses dimensions de 120 x 120 cm la rendent id\u00e9ale pour de multiples usages [&hellip;]<\/p>\n","protected":false},"featured_media":32064,"comment_status":"closed","ping_status":"closed","template":"","meta":{"_acf_changed":false,"inline_featured_image":false},"colecciones":[399],"product_brand":[],"product_cat":[378],"product_tag":[],"class_list":{"0":"post-33011","1":"product","2":"type-product","3":"status-publish","4":"has-post-thumbnail","6":"colecciones-collection-gala","7":"product_cat-mousselines-fr","9":"first","10":"instock","11":"purchasable","12":"product-type-simple"},"acf":[],"yoast_head":"<!-- This site is optimized with the Yoast SEO plugin v27.4 - https:\/\/yoast.com\/product\/yoast-seo-wordpress\/ -->\n<title>LANGE\u00a0GALA MINT - Walking Mum<\/title>\n<meta name=\"robots\" content=\"index, follow, max-snippet:-1, max-image-preview:large, max-video-preview:-1\" \/>\n<link rel=\"canonical\" href=\"https:\/\/walkingmum.com\/fr\/produit\/lange-gala-mint\/\" \/>\n<meta property=\"og:locale\" content=\"fr_FR\" \/>\n<meta property=\"og:type\" content=\"article\" \/>\n<meta property=\"og:title\" content=\"LANGE\u00a0GALA MINT - Walking Mum\" \/>\n<meta property=\"og:description\" content=\"La mousseline imprim\u00e9e Walking Mum Gala Mint est un accessoire indispensable pour les soins du b\u00e9b\u00e9. Compos\u00e9e \u00e0 70 % de bambou et \u00e0 30 % de coton, elle offre une texture ultra-douce, respirante et d\u00e9licate pour la peau du nouveau-n\u00e9. Ses dimensions de 120 x 120 cm la rendent id\u00e9ale pour de multiples usages [&hellip;]\" \/>\n<meta property=\"og:url\" content=\"https:\/\/walkingmum.com\/fr\/produit\/lange-gala-mint\/\" \/>\n<meta property=\"og:site_name\" content=\"Walking Mum\" \/>\n<meta property=\"og:image\" content=\"https:\/\/walkingmum.com\/wp-content\/uploads\/2025\/09\/1120800627_a-1.jpg\" \/>\n\t<meta property=\"og:image:width\" content=\"1800\" \/>\n\t<meta property=\"og:image:height\" content=\"1800\" \/>\n\t<meta property=\"og:image:type\" content=\"image\/jpeg\" \/>\n<meta name=\"twitter:card\" content=\"summary_large_image\" \/>\n<meta name=\"twitter:label1\" content=\"Dur\u00e9e de lecture estim\u00e9e\" \/>\n\t<meta name=\"twitter:data1\" content=\"1 minute\" \/>\n<script type=\"application\/ld+json\" class=\"yoast-schema-graph\">{\"@context\":\"https:\\\/\\\/schema.org\",\"@graph\":[{\"@type\":\"WebPage\",\"@id\":\"https:\\\/\\\/walkingmum.com\\\/fr\\\/produit\\\/lange-gala-mint\\\/\",\"url\":\"https:\\\/\\\/walkingmum.com\\\/fr\\\/produit\\\/lange-gala-mint\\\/\",\"name\":\"LANGE\u00a0GALA MINT - Walking Mum\",\"isPartOf\":{\"@id\":\"https:\\\/\\\/walkingmum.com\\\/#website\"},\"primaryImageOfPage\":{\"@id\":\"https:\\\/\\\/walkingmum.com\\\/fr\\\/produit\\\/lange-gala-mint\\\/#primaryimage\"},\"image\":{\"@id\":\"https:\\\/\\\/walkingmum.com\\\/fr\\\/produit\\\/lange-gala-mint\\\/#primaryimage\"},\"thumbnailUrl\":\"https:\\\/\\\/walkingmum.com\\\/wp-content\\\/uploads\\\/2025\\\/09\\\/1120800627_a-1.jpg\",\"datePublished\":\"2025-09-25T10:25:58+00:00\",\"breadcrumb\":{\"@id\":\"https:\\\/\\\/walkingmum.com\\\/fr\\\/produit\\\/lange-gala-mint\\\/#breadcrumb\"},\"inLanguage\":\"fr-FR\",\"potentialAction\":[{\"@type\":\"ReadAction\",\"target\":[\"https:\\\/\\\/walkingmum.com\\\/fr\\\/produit\\\/lange-gala-mint\\\/\"]}]},{\"@type\":\"ImageObject\",\"inLanguage\":\"fr-FR\",\"@id\":\"https:\\\/\\\/walkingmum.com\\\/fr\\\/produit\\\/lange-gala-mint\\\/#primaryimage\",\"url\":\"https:\\\/\\\/walkingmum.com\\\/wp-content\\\/uploads\\\/2025\\\/09\\\/1120800627_a-1.jpg\",\"contentUrl\":\"https:\\\/\\\/walkingmum.com\\\/wp-content\\\/uploads\\\/2025\\\/09\\\/1120800627_a-1.jpg\",\"width\":1800,\"height\":1800},{\"@type\":\"BreadcrumbList\",\"@id\":\"https:\\\/\\\/walkingmum.com\\\/fr\\\/produit\\\/lange-gala-mint\\\/#breadcrumb\",\"itemListElement\":[{\"@type\":\"ListItem\",\"position\":1,\"name\":\"Portada\",\"item\":\"https:\\\/\\\/walkingmum.com\\\/fr\\\/\"},{\"@type\":\"ListItem\",\"position\":2,\"name\":\"Tienda\",\"item\":\"https:\\\/\\\/walkingmum.com\\\/tienda\\\/\"},{\"@type\":\"ListItem\",\"position\":3,\"name\":\"LANGE\u00a0GALA MINT\"}]},{\"@type\":\"WebSite\",\"@id\":\"https:\\\/\\\/walkingmum.com\\\/#website\",\"url\":\"https:\\\/\\\/walkingmum.com\\\/\",\"name\":\"Walking Mum\",\"description\":\"La marca para beb\u00e9s modernos\",\"potentialAction\":[{\"@type\":\"SearchAction\",\"target\":{\"@type\":\"EntryPoint\",\"urlTemplate\":\"https:\\\/\\\/walkingmum.com\\\/?s={search_term_string}\"},\"query-input\":{\"@type\":\"PropertyValueSpecification\",\"valueRequired\":true,\"valueName\":\"search_term_string\"}}],\"inLanguage\":\"fr-FR\"}]}<\/script>\n<!-- \/ Yoast SEO plugin. -->","yoast_head_json":{"title":"LANGE\u00a0GALA MINT - Walking Mum","robots":{"index":"index","follow":"follow","max-snippet":"max-snippet:-1","max-image-preview":"max-image-preview:large","max-video-preview":"max-video-preview:-1"},"canonical":"https:\/\/walkingmum.com\/fr\/produit\/lange-gala-mint\/","og_locale":"fr_FR","og_type":"article","og_title":"LANGE\u00a0GALA MINT - Walking Mum","og_description":"La mousseline imprim\u00e9e Walking Mum Gala Mint est un accessoire indispensable pour les soins du b\u00e9b\u00e9. Compos\u00e9e \u00e0 70 % de bambou et \u00e0 30 % de coton, elle offre une texture ultra-douce, respirante et d\u00e9licate pour la peau du nouveau-n\u00e9. Ses dimensions de 120 x 120 cm la rendent id\u00e9ale pour de multiples usages [&hellip;]","og_url":"https:\/\/walkingmum.com\/fr\/produit\/lange-gala-mint\/","og_site_name":"Walking Mum","og_image":[{"width":1800,"height":1800,"url":"https:\/\/walkingmum.com\/wp-content\/uploads\/2025\/09\/1120800627_a-1.jpg","type":"image\/jpeg"}],"twitter_card":"summary_large_image","twitter_misc":{"Dur\u00e9e de lecture estim\u00e9e":"1 minute"},"schema":{"@context":"https:\/\/schema.org","@graph":[{"@type":"WebPage","@id":"https:\/\/walkingmum.com\/fr\/produit\/lange-gala-mint\/","url":"https:\/\/walkingmum.com\/fr\/produit\/lange-gala-mint\/","name":"LANGE\u00a0GALA MINT - Walking Mum","isPartOf":{"@id":"https:\/\/walkingmum.com\/#website"},"primaryImageOfPage":{"@id":"https:\/\/walkingmum.com\/fr\/produit\/lange-gala-mint\/#primaryimage"},"image":{"@id":"https:\/\/walkingmum.com\/fr\/produit\/lange-gala-mint\/#primaryimage"},"thumbnailUrl":"https:\/\/walkingmum.com\/wp-content\/uploads\/2025\/09\/1120800627_a-1.jpg","datePublished":"2025-09-25T10:25:58+00:00","breadcrumb":{"@id":"https:\/\/walkingmum.com\/fr\/produit\/lange-gala-mint\/#breadcrumb"},"inLanguage":"fr-FR","potentialAction":[{"@type":"ReadAction","target":["https:\/\/walkingmum.com\/fr\/produit\/lange-gala-mint\/"]}]},{"@type":"ImageObject","inLanguage":"fr-FR","@id":"https:\/\/walkingmum.com\/fr\/produit\/lange-gala-mint\/#primaryimage","url":"https:\/\/walkingmum.com\/wp-content\/uploads\/2025\/09\/1120800627_a-1.jpg","contentUrl":"https:\/\/walkingmum.com\/wp-content\/uploads\/2025\/09\/1120800627_a-1.jpg","width":1800,"height":1800},{"@type":"BreadcrumbList","@id":"https:\/\/walkingmum.com\/fr\/produit\/lange-gala-mint\/#breadcrumb","itemListElement":[{"@type":"ListItem","position":1,"name":"Portada","item":"https:\/\/walkingmum.com\/fr\/"},{"@type":"ListItem","position":2,"name":"Tienda","item":"https:\/\/walkingmum.com\/tienda\/"},{"@type":"ListItem","position":3,"name":"LANGE\u00a0GALA MINT"}]},{"@type":"WebSite","@id":"https:\/\/walkingmum.com\/#website","url":"https:\/\/walkingmum.com\/","name":"Walking Mum","description":"La marca para beb\u00e9s modernos","potentialAction":[{"@type":"SearchAction","target":{"@type":"EntryPoint","urlTemplate":"https:\/\/walkingmum.com\/?s={search_term_string}"},"query-input":{"@type":"PropertyValueSpecification","valueRequired":true,"valueName":"search_term_string"}}],"inLanguage":"fr-FR"}]}},"_links":{"self":[{"href":"https:\/\/walkingmum.com\/fr\/wp-json\/wp\/v2\/product\/33011","targetHints":{"allow":["GET"]}}],"collection":[{"href":"https:\/\/walkingmum.com\/fr\/wp-json\/wp\/v2\/product"}],"about":[{"href":"https:\/\/walkingmum.com\/fr\/wp-json\/wp\/v2\/types\/product"}],"replies":[{"embeddable":true,"href":"https:\/\/walkingmum.com\/fr\/wp-json\/wp\/v2\/comments?post=33011"}],"wp:featuredmedia":[{"embeddable":true,"href":"https:\/\/walkingmum.com\/fr\/wp-json\/wp\/v2\/media\/32064"}],"wp:attachment":[{"href":"https:\/\/walkingmum.com\/fr\/wp-json\/wp\/v2\/media?parent=33011"}],"wp:term":[{"taxonomy":"colecciones","embeddable":true,"href":"https:\/\/walkingmum.com\/fr\/wp-json\/wp\/v2\/colecciones?post=33011"},{"taxonomy":"product_brand","embeddable":true,"href":"https:\/\/walkingmum.com\/fr\/wp-json\/wp\/v2\/product_brand?post=33011"},{"taxonomy":"product_cat","embeddable":true,"href":"https:\/\/walkingmum.com\/fr\/wp-json\/wp\/v2\/product_cat?post=33011"},{"taxonomy":"product_tag","embeddable":true,"href":"https:\/\/walkingmum.com\/fr\/wp-json\/wp\/v2\/product_tag?post=33011"}],"curies":[{"name":"wp","href":"https:\/\/api.w.org\/{rel}","templated":true}]}}