{"id":33004,"date":"2025-09-25T10:25:59","date_gmt":"2025-09-25T10:25:59","guid":{"rendered":"https:\/\/walkingmum.com\/?post_type=product&#038;p=33004"},"modified":"2025-09-25T10:26:00","modified_gmt":"2025-09-25T10:26:00","slug":"housse-de-nacelle-dual-drap-housse-pour-nacelle-gala-cerise","status":"publish","type":"product","link":"https:\/\/walkingmum.com\/fr\/produit\/housse-de-nacelle-dual-drap-housse-pour-nacelle-gala-cerise\/","title":{"rendered":"HOUSSE DE NACELLE DUAL + DRAP-HOUSSE POUR NACELLE GALA CERISE"},"content":{"rendered":"<p>La housse pour couffin Gala Cerise avec drap housse double et ajustable \u00e0 imprim\u00e9 floral est le compl\u00e9ment id\u00e9al pour ajouter douceur et \u00e9l\u00e9gance au couffin de votre b\u00e9b\u00e9. Fabriqu\u00e9e en 100 % coton, elle garantit un toucher d\u00e9licat et respirant, id\u00e9al pour la peau sensible des nouveau-n\u00e9s. La housse double s&rsquo;adapte parfaitement \u00e0 l&rsquo;int\u00e9rieur du berceau. Sa conception ajustable avec des liens garantit une adaptation parfaite au berceau, offrant une finition enveloppante et s\u00e9curisante avec un charmant imprim\u00e9 floral dans des tons neutres. Le drap-housse ajustable, en mousseline 100 % coton, offre une douceur exceptionnelle et une respirabilit\u00e9 optimale, assurant le confort de b\u00e9b\u00e9 \u00e0 tout moment. Compatible avec la plupart des berceaux. Cet ensemble est id\u00e9al pour garder votre b\u00e9b\u00e9 confortable et prot\u00e9g\u00e9. Grande qualit\u00e9 et beaucoup de style. Fabriqu\u00e9 dans des mat\u00e9riaux r\u00e9sistants et facile \u00e0 nettoyer \u00e0 la main ou en machine \u00e0 30 \u00b0C. Walking Mum prot\u00e8ge votre b\u00e9b\u00e9 en utilisant les meilleurs tissus, sans colorants azo\u00efques ni substances nocives pour la sant\u00e9. Notre collection Walking Mum est con\u00e7ue avec une touche particuli\u00e8re de style urbain et moderne qui ne passe pas inaper\u00e7ue, pour habiller diff\u00e9remment les sorties de votre b\u00e9b\u00e9. Les accessoires de maternit\u00e9 de cette ligne sont plus sportifs et pratiques, sp\u00e9cialement con\u00e7us pour les mamans et les papas modernes qui appr\u00e9cient les designs les plus r\u00e9cents et les plus tendance sans n\u00e9gliger la qualit\u00e9 et la fonctionnalit\u00e9 des produits qui compl\u00e8tent et rendent plus confortables toutes les sorties avec leurs b\u00e9b\u00e9s. Caract\u00e9ristiques : Mat\u00e9riaux : 100 % coton. Dimensions : universelles.<\/p>\n","protected":false},"excerpt":{"rendered":"<p>La housse pour couffin Gala Cerise avec drap housse double et ajustable \u00e0 imprim\u00e9 floral est le compl\u00e9ment id\u00e9al pour ajouter douceur et \u00e9l\u00e9gance au couffin de votre b\u00e9b\u00e9. Fabriqu\u00e9e en 100 % coton, elle garantit un toucher d\u00e9licat et respirant, id\u00e9al pour la peau sensible des nouveau-n\u00e9s. La housse double s&rsquo;adapte parfaitement \u00e0 l&rsquo;int\u00e9rieur [&hellip;]<\/p>\n","protected":false},"featured_media":31953,"comment_status":"closed","ping_status":"closed","template":"","meta":{"_acf_changed":false,"inline_featured_image":false},"colecciones":[399],"product_brand":[],"product_cat":[144],"product_tag":[],"class_list":{"0":"post-33004","1":"product","2":"type-product","3":"status-publish","4":"has-post-thumbnail","6":"colecciones-collection-gala","7":"product_cat-housses-pour-nacelle-et-nids-dange","9":"first","10":"instock","11":"purchasable","12":"product-type-simple"},"acf":[],"yoast_head":"<!-- This site is optimized with the Yoast SEO plugin v27.3 - https:\/\/yoast.com\/product\/yoast-seo-wordpress\/ -->\n<title>HOUSSE DE NACELLE DUAL + DRAP-HOUSSE POUR NACELLE GALA CERISE - Walking Mum<\/title>\n<meta name=\"robots\" content=\"index, follow, max-snippet:-1, max-image-preview:large, max-video-preview:-1\" \/>\n<link rel=\"canonical\" href=\"https:\/\/walkingmum.com\/fr\/produit\/housse-de-nacelle-dual-drap-housse-pour-nacelle-gala-cerise\/\" \/>\n<meta property=\"og:locale\" content=\"fr_FR\" \/>\n<meta property=\"og:type\" content=\"article\" \/>\n<meta property=\"og:title\" content=\"HOUSSE DE NACELLE DUAL + DRAP-HOUSSE POUR NACELLE GALA CERISE - Walking Mum\" \/>\n<meta property=\"og:description\" content=\"La housse pour couffin Gala Cerise avec drap housse double et ajustable \u00e0 imprim\u00e9 floral est le compl\u00e9ment id\u00e9al pour ajouter douceur et \u00e9l\u00e9gance au couffin de votre b\u00e9b\u00e9. Fabriqu\u00e9e en 100 % coton, elle garantit un toucher d\u00e9licat et respirant, id\u00e9al pour la peau sensible des nouveau-n\u00e9s. La housse double s&rsquo;adapte parfaitement \u00e0 l&rsquo;int\u00e9rieur [&hellip;]\" \/>\n<meta property=\"og:url\" content=\"https:\/\/walkingmum.com\/fr\/produit\/housse-de-nacelle-dual-drap-housse-pour-nacelle-gala-cerise\/\" \/>\n<meta property=\"og:site_name\" content=\"Walking Mum\" \/>\n<meta property=\"article:modified_time\" content=\"2025-09-25T10:26:00+00:00\" \/>\n<meta property=\"og:image\" content=\"https:\/\/walkingmum.com\/wp-content\/uploads\/2025\/09\/1120800620_a-1.jpg\" \/>\n\t<meta property=\"og:image:width\" content=\"1800\" \/>\n\t<meta property=\"og:image:height\" content=\"1800\" \/>\n\t<meta property=\"og:image:type\" content=\"image\/jpeg\" \/>\n<meta name=\"twitter:card\" content=\"summary_large_image\" \/>\n<meta name=\"twitter:label1\" content=\"Dur\u00e9e de lecture estim\u00e9e\" \/>\n\t<meta name=\"twitter:data1\" content=\"1 minute\" \/>\n<script type=\"application\/ld+json\" class=\"yoast-schema-graph\">{\"@context\":\"https:\\\/\\\/schema.org\",\"@graph\":[{\"@type\":\"WebPage\",\"@id\":\"https:\\\/\\\/walkingmum.com\\\/fr\\\/produit\\\/housse-de-nacelle-dual-drap-housse-pour-nacelle-gala-cerise\\\/\",\"url\":\"https:\\\/\\\/walkingmum.com\\\/fr\\\/produit\\\/housse-de-nacelle-dual-drap-housse-pour-nacelle-gala-cerise\\\/\",\"name\":\"HOUSSE DE NACELLE DUAL + DRAP-HOUSSE POUR NACELLE GALA CERISE - Walking Mum\",\"isPartOf\":{\"@id\":\"https:\\\/\\\/walkingmum.com\\\/#website\"},\"primaryImageOfPage\":{\"@id\":\"https:\\\/\\\/walkingmum.com\\\/fr\\\/produit\\\/housse-de-nacelle-dual-drap-housse-pour-nacelle-gala-cerise\\\/#primaryimage\"},\"image\":{\"@id\":\"https:\\\/\\\/walkingmum.com\\\/fr\\\/produit\\\/housse-de-nacelle-dual-drap-housse-pour-nacelle-gala-cerise\\\/#primaryimage\"},\"thumbnailUrl\":\"https:\\\/\\\/walkingmum.com\\\/wp-content\\\/uploads\\\/2025\\\/09\\\/1120800620_a-1.jpg\",\"datePublished\":\"2025-09-25T10:25:59+00:00\",\"dateModified\":\"2025-09-25T10:26:00+00:00\",\"breadcrumb\":{\"@id\":\"https:\\\/\\\/walkingmum.com\\\/fr\\\/produit\\\/housse-de-nacelle-dual-drap-housse-pour-nacelle-gala-cerise\\\/#breadcrumb\"},\"inLanguage\":\"fr-FR\",\"potentialAction\":[{\"@type\":\"ReadAction\",\"target\":[\"https:\\\/\\\/walkingmum.com\\\/fr\\\/produit\\\/housse-de-nacelle-dual-drap-housse-pour-nacelle-gala-cerise\\\/\"]}]},{\"@type\":\"ImageObject\",\"inLanguage\":\"fr-FR\",\"@id\":\"https:\\\/\\\/walkingmum.com\\\/fr\\\/produit\\\/housse-de-nacelle-dual-drap-housse-pour-nacelle-gala-cerise\\\/#primaryimage\",\"url\":\"https:\\\/\\\/walkingmum.com\\\/wp-content\\\/uploads\\\/2025\\\/09\\\/1120800620_a-1.jpg\",\"contentUrl\":\"https:\\\/\\\/walkingmum.com\\\/wp-content\\\/uploads\\\/2025\\\/09\\\/1120800620_a-1.jpg\",\"width\":1800,\"height\":1800},{\"@type\":\"BreadcrumbList\",\"@id\":\"https:\\\/\\\/walkingmum.com\\\/fr\\\/produit\\\/housse-de-nacelle-dual-drap-housse-pour-nacelle-gala-cerise\\\/#breadcrumb\",\"itemListElement\":[{\"@type\":\"ListItem\",\"position\":1,\"name\":\"Portada\",\"item\":\"https:\\\/\\\/walkingmum.com\\\/fr\\\/\"},{\"@type\":\"ListItem\",\"position\":2,\"name\":\"Tienda\",\"item\":\"https:\\\/\\\/walkingmum.com\\\/tienda\\\/\"},{\"@type\":\"ListItem\",\"position\":3,\"name\":\"HOUSSE DE NACELLE DUAL + DRAP-HOUSSE POUR NACELLE GALA CERISE\"}]},{\"@type\":\"WebSite\",\"@id\":\"https:\\\/\\\/walkingmum.com\\\/#website\",\"url\":\"https:\\\/\\\/walkingmum.com\\\/\",\"name\":\"Walking Mum\",\"description\":\"La marca para beb\u00e9s modernos\",\"potentialAction\":[{\"@type\":\"SearchAction\",\"target\":{\"@type\":\"EntryPoint\",\"urlTemplate\":\"https:\\\/\\\/walkingmum.com\\\/?s={search_term_string}\"},\"query-input\":{\"@type\":\"PropertyValueSpecification\",\"valueRequired\":true,\"valueName\":\"search_term_string\"}}],\"inLanguage\":\"fr-FR\"}]}<\/script>\n<!-- \/ Yoast SEO plugin. -->","yoast_head_json":{"title":"HOUSSE DE NACELLE DUAL + DRAP-HOUSSE POUR NACELLE GALA CERISE - Walking Mum","robots":{"index":"index","follow":"follow","max-snippet":"max-snippet:-1","max-image-preview":"max-image-preview:large","max-video-preview":"max-video-preview:-1"},"canonical":"https:\/\/walkingmum.com\/fr\/produit\/housse-de-nacelle-dual-drap-housse-pour-nacelle-gala-cerise\/","og_locale":"fr_FR","og_type":"article","og_title":"HOUSSE DE NACELLE DUAL + DRAP-HOUSSE POUR NACELLE GALA CERISE - Walking Mum","og_description":"La housse pour couffin Gala Cerise avec drap housse double et ajustable \u00e0 imprim\u00e9 floral est le compl\u00e9ment id\u00e9al pour ajouter douceur et \u00e9l\u00e9gance au couffin de votre b\u00e9b\u00e9. Fabriqu\u00e9e en 100 % coton, elle garantit un toucher d\u00e9licat et respirant, id\u00e9al pour la peau sensible des nouveau-n\u00e9s. La housse double s&rsquo;adapte parfaitement \u00e0 l&rsquo;int\u00e9rieur [&hellip;]","og_url":"https:\/\/walkingmum.com\/fr\/produit\/housse-de-nacelle-dual-drap-housse-pour-nacelle-gala-cerise\/","og_site_name":"Walking Mum","article_modified_time":"2025-09-25T10:26:00+00:00","og_image":[{"width":1800,"height":1800,"url":"https:\/\/walkingmum.com\/wp-content\/uploads\/2025\/09\/1120800620_a-1.jpg","type":"image\/jpeg"}],"twitter_card":"summary_large_image","twitter_misc":{"Dur\u00e9e de lecture estim\u00e9e":"1 minute"},"schema":{"@context":"https:\/\/schema.org","@graph":[{"@type":"WebPage","@id":"https:\/\/walkingmum.com\/fr\/produit\/housse-de-nacelle-dual-drap-housse-pour-nacelle-gala-cerise\/","url":"https:\/\/walkingmum.com\/fr\/produit\/housse-de-nacelle-dual-drap-housse-pour-nacelle-gala-cerise\/","name":"HOUSSE DE NACELLE DUAL + DRAP-HOUSSE POUR NACELLE GALA CERISE - Walking Mum","isPartOf":{"@id":"https:\/\/walkingmum.com\/#website"},"primaryImageOfPage":{"@id":"https:\/\/walkingmum.com\/fr\/produit\/housse-de-nacelle-dual-drap-housse-pour-nacelle-gala-cerise\/#primaryimage"},"image":{"@id":"https:\/\/walkingmum.com\/fr\/produit\/housse-de-nacelle-dual-drap-housse-pour-nacelle-gala-cerise\/#primaryimage"},"thumbnailUrl":"https:\/\/walkingmum.com\/wp-content\/uploads\/2025\/09\/1120800620_a-1.jpg","datePublished":"2025-09-25T10:25:59+00:00","dateModified":"2025-09-25T10:26:00+00:00","breadcrumb":{"@id":"https:\/\/walkingmum.com\/fr\/produit\/housse-de-nacelle-dual-drap-housse-pour-nacelle-gala-cerise\/#breadcrumb"},"inLanguage":"fr-FR","potentialAction":[{"@type":"ReadAction","target":["https:\/\/walkingmum.com\/fr\/produit\/housse-de-nacelle-dual-drap-housse-pour-nacelle-gala-cerise\/"]}]},{"@type":"ImageObject","inLanguage":"fr-FR","@id":"https:\/\/walkingmum.com\/fr\/produit\/housse-de-nacelle-dual-drap-housse-pour-nacelle-gala-cerise\/#primaryimage","url":"https:\/\/walkingmum.com\/wp-content\/uploads\/2025\/09\/1120800620_a-1.jpg","contentUrl":"https:\/\/walkingmum.com\/wp-content\/uploads\/2025\/09\/1120800620_a-1.jpg","width":1800,"height":1800},{"@type":"BreadcrumbList","@id":"https:\/\/walkingmum.com\/fr\/produit\/housse-de-nacelle-dual-drap-housse-pour-nacelle-gala-cerise\/#breadcrumb","itemListElement":[{"@type":"ListItem","position":1,"name":"Portada","item":"https:\/\/walkingmum.com\/fr\/"},{"@type":"ListItem","position":2,"name":"Tienda","item":"https:\/\/walkingmum.com\/tienda\/"},{"@type":"ListItem","position":3,"name":"HOUSSE DE NACELLE DUAL + DRAP-HOUSSE POUR NACELLE GALA CERISE"}]},{"@type":"WebSite","@id":"https:\/\/walkingmum.com\/#website","url":"https:\/\/walkingmum.com\/","name":"Walking Mum","description":"La marca para beb\u00e9s modernos","potentialAction":[{"@type":"SearchAction","target":{"@type":"EntryPoint","urlTemplate":"https:\/\/walkingmum.com\/?s={search_term_string}"},"query-input":{"@type":"PropertyValueSpecification","valueRequired":true,"valueName":"search_term_string"}}],"inLanguage":"fr-FR"}]}},"_links":{"self":[{"href":"https:\/\/walkingmum.com\/fr\/wp-json\/wp\/v2\/product\/33004","targetHints":{"allow":["GET"]}}],"collection":[{"href":"https:\/\/walkingmum.com\/fr\/wp-json\/wp\/v2\/product"}],"about":[{"href":"https:\/\/walkingmum.com\/fr\/wp-json\/wp\/v2\/types\/product"}],"replies":[{"embeddable":true,"href":"https:\/\/walkingmum.com\/fr\/wp-json\/wp\/v2\/comments?post=33004"}],"wp:featuredmedia":[{"embeddable":true,"href":"https:\/\/walkingmum.com\/fr\/wp-json\/wp\/v2\/media\/31953"}],"wp:attachment":[{"href":"https:\/\/walkingmum.com\/fr\/wp-json\/wp\/v2\/media?parent=33004"}],"wp:term":[{"taxonomy":"colecciones","embeddable":true,"href":"https:\/\/walkingmum.com\/fr\/wp-json\/wp\/v2\/colecciones?post=33004"},{"taxonomy":"product_brand","embeddable":true,"href":"https:\/\/walkingmum.com\/fr\/wp-json\/wp\/v2\/product_brand?post=33004"},{"taxonomy":"product_cat","embeddable":true,"href":"https:\/\/walkingmum.com\/fr\/wp-json\/wp\/v2\/product_cat?post=33004"},{"taxonomy":"product_tag","embeddable":true,"href":"https:\/\/walkingmum.com\/fr\/wp-json\/wp\/v2\/product_tag?post=33004"}],"curies":[{"name":"wp","href":"https:\/\/api.w.org\/{rel}","templated":true}]}}