{"id":32998,"date":"2025-09-25T10:26:02","date_gmt":"2025-09-25T10:26:02","guid":{"rendered":"https:\/\/walkingmum.com\/?post_type=product&#038;p=32998"},"modified":"2025-09-25T10:26:02","modified_gmt":"2025-09-25T10:26:02","slug":"chanceliere-mi-saison-gala-cerise","status":"publish","type":"product","link":"https:\/\/walkingmum.com\/fr\/produit\/chanceliere-mi-saison-gala-cerise\/","title":{"rendered":"CHANCELIERE MI-SAISON  GALA CERISE"},"content":{"rendered":"<p>La housse pour poussette Gala Cerise \u00e0 imprim\u00e9 floral est fabriqu\u00e9e en tissu 100 % coton. Elle est id\u00e9ale pour recouvrir la base de la poussette et est livr\u00e9e avec une chanceli\u00e8re pour envelopper votre b\u00e9b\u00e9. Avec cette chanceli\u00e8re, votre b\u00e9b\u00e9 sera confortablement install\u00e9 au printemps et en automne. Le dos est en tissu anti-transpiration qui emp\u00eache votre b\u00e9b\u00e9 de transpirer excessivement. Rembourrage amovible. Sa conception comporte plusieurs ouvertures (\u0153illets) et r\u00e9glages qui facilitent son adaptation \u00e0 la plupart des poussettes, rendant les promenades de votre b\u00e9b\u00e9 s\u00fbres et confortables. Il est fabriqu\u00e9 dans un tissu r\u00e9sistant et chaud. Il est dot\u00e9 d&rsquo;une base en polyester au niveau du repose-pieds qui facilite le nettoyage apr\u00e8s utilisation. Son design simple, \u00e9l\u00e9gant et confortable cr\u00e9e un nid douillet pour votre b\u00e9b\u00e9, qui reste bien emmitoufl\u00e9 et prot\u00e9g\u00e9. La chanceli\u00e8re s&rsquo;adapte facilement \u00e0 toutes les voitures et lui permet de profiter d&rsquo;un repos plus agr\u00e9able gr\u00e2ce \u00e0 sa forme douillette. Grande qualit\u00e9 et beaucoup de style. Fabriqu\u00e9e dans des mat\u00e9riaux r\u00e9sistants et facile \u00e0 nettoyer \u00e0 la main ou en machine \u00e0 30 \u00b0C. Walking Mum prot\u00e8ge votre b\u00e9b\u00e9 en utilisant les meilleurs tissus, sans colorants azo\u00efques ni substances nocives pour la sant\u00e9. Notre collection Walking Mum conserve toute la qualit\u00e9 de la marque Pasito a Pasito, mais avec une touche particuli\u00e8re de style urbain et moderne qui ne passe pas inaper\u00e7ue, pour habiller diff\u00e9remment les sorties de votre b\u00e9b\u00e9. Les accessoires de cette ligne sont plus sportifs et pratiques, sp\u00e9cialement con\u00e7us pour les mamans et les papas modernes qui appr\u00e9cient les designs les plus r\u00e9cents et les plus tendance sans n\u00e9gliger la qualit\u00e9 et la fonctionnalit\u00e9 des accessoires qui compl\u00e8tent et rendent plus confortables toutes les sorties avec leurs b\u00e9b\u00e9s. Dimensions : 47 x 90 cm.<\/p>\n","protected":false},"excerpt":{"rendered":"<p>La housse pour poussette Gala Cerise \u00e0 imprim\u00e9 floral est fabriqu\u00e9e en tissu 100 % coton. Elle est id\u00e9ale pour recouvrir la base de la poussette et est livr\u00e9e avec une chanceli\u00e8re pour envelopper votre b\u00e9b\u00e9. Avec cette chanceli\u00e8re, votre b\u00e9b\u00e9 sera confortablement install\u00e9 au printemps et en automne. Le dos est en tissu anti-transpiration [&hellip;]<\/p>\n","protected":false},"featured_media":31859,"comment_status":"closed","ping_status":"closed","template":"","meta":{"_acf_changed":false,"inline_featured_image":false},"colecciones":[399],"product_brand":[],"product_cat":[147],"product_tag":[],"class_list":{"0":"post-32998","1":"product","2":"type-product","3":"status-publish","4":"has-post-thumbnail","6":"colecciones-collection-gala","7":"product_cat-assises-et-chancelieres-pour-poussette","9":"first","10":"instock","11":"purchasable","12":"product-type-simple"},"acf":[],"yoast_head":"<!-- This site is optimized with the Yoast SEO plugin v27.4 - https:\/\/yoast.com\/product\/yoast-seo-wordpress\/ -->\n<title>CHANCELIERE MI-SAISON GALA CERISE - Walking Mum<\/title>\n<meta name=\"robots\" content=\"index, follow, max-snippet:-1, max-image-preview:large, max-video-preview:-1\" \/>\n<link rel=\"canonical\" href=\"https:\/\/walkingmum.com\/fr\/produit\/chanceliere-mi-saison-gala-cerise\/\" \/>\n<meta property=\"og:locale\" content=\"fr_FR\" \/>\n<meta property=\"og:type\" content=\"article\" \/>\n<meta property=\"og:title\" content=\"CHANCELIERE MI-SAISON GALA CERISE - Walking Mum\" \/>\n<meta property=\"og:description\" content=\"La housse pour poussette Gala Cerise \u00e0 imprim\u00e9 floral est fabriqu\u00e9e en tissu 100 % coton. Elle est id\u00e9ale pour recouvrir la base de la poussette et est livr\u00e9e avec une chanceli\u00e8re pour envelopper votre b\u00e9b\u00e9. Avec cette chanceli\u00e8re, votre b\u00e9b\u00e9 sera confortablement install\u00e9 au printemps et en automne. Le dos est en tissu anti-transpiration [&hellip;]\" \/>\n<meta property=\"og:url\" content=\"https:\/\/walkingmum.com\/fr\/produit\/chanceliere-mi-saison-gala-cerise\/\" \/>\n<meta property=\"og:site_name\" content=\"Walking Mum\" \/>\n<meta property=\"og:image\" content=\"https:\/\/walkingmum.com\/wp-content\/uploads\/2025\/09\/1120800614_a-1.jpg\" \/>\n\t<meta property=\"og:image:width\" content=\"1800\" \/>\n\t<meta property=\"og:image:height\" content=\"1800\" \/>\n\t<meta property=\"og:image:type\" content=\"image\/jpeg\" \/>\n<meta name=\"twitter:card\" content=\"summary_large_image\" \/>\n<meta name=\"twitter:label1\" content=\"Dur\u00e9e de lecture estim\u00e9e\" \/>\n\t<meta name=\"twitter:data1\" content=\"2 minutes\" \/>\n<script type=\"application\/ld+json\" class=\"yoast-schema-graph\">{\"@context\":\"https:\\\/\\\/schema.org\",\"@graph\":[{\"@type\":\"WebPage\",\"@id\":\"https:\\\/\\\/walkingmum.com\\\/fr\\\/produit\\\/chanceliere-mi-saison-gala-cerise\\\/\",\"url\":\"https:\\\/\\\/walkingmum.com\\\/fr\\\/produit\\\/chanceliere-mi-saison-gala-cerise\\\/\",\"name\":\"CHANCELIERE MI-SAISON GALA CERISE - Walking Mum\",\"isPartOf\":{\"@id\":\"https:\\\/\\\/walkingmum.com\\\/#website\"},\"primaryImageOfPage\":{\"@id\":\"https:\\\/\\\/walkingmum.com\\\/fr\\\/produit\\\/chanceliere-mi-saison-gala-cerise\\\/#primaryimage\"},\"image\":{\"@id\":\"https:\\\/\\\/walkingmum.com\\\/fr\\\/produit\\\/chanceliere-mi-saison-gala-cerise\\\/#primaryimage\"},\"thumbnailUrl\":\"https:\\\/\\\/walkingmum.com\\\/wp-content\\\/uploads\\\/2025\\\/09\\\/1120800614_a-1.jpg\",\"datePublished\":\"2025-09-25T10:26:02+00:00\",\"breadcrumb\":{\"@id\":\"https:\\\/\\\/walkingmum.com\\\/fr\\\/produit\\\/chanceliere-mi-saison-gala-cerise\\\/#breadcrumb\"},\"inLanguage\":\"fr-FR\",\"potentialAction\":[{\"@type\":\"ReadAction\",\"target\":[\"https:\\\/\\\/walkingmum.com\\\/fr\\\/produit\\\/chanceliere-mi-saison-gala-cerise\\\/\"]}]},{\"@type\":\"ImageObject\",\"inLanguage\":\"fr-FR\",\"@id\":\"https:\\\/\\\/walkingmum.com\\\/fr\\\/produit\\\/chanceliere-mi-saison-gala-cerise\\\/#primaryimage\",\"url\":\"https:\\\/\\\/walkingmum.com\\\/wp-content\\\/uploads\\\/2025\\\/09\\\/1120800614_a-1.jpg\",\"contentUrl\":\"https:\\\/\\\/walkingmum.com\\\/wp-content\\\/uploads\\\/2025\\\/09\\\/1120800614_a-1.jpg\",\"width\":1800,\"height\":1800},{\"@type\":\"BreadcrumbList\",\"@id\":\"https:\\\/\\\/walkingmum.com\\\/fr\\\/produit\\\/chanceliere-mi-saison-gala-cerise\\\/#breadcrumb\",\"itemListElement\":[{\"@type\":\"ListItem\",\"position\":1,\"name\":\"Portada\",\"item\":\"https:\\\/\\\/walkingmum.com\\\/fr\\\/\"},{\"@type\":\"ListItem\",\"position\":2,\"name\":\"Tienda\",\"item\":\"https:\\\/\\\/walkingmum.com\\\/tienda\\\/\"},{\"@type\":\"ListItem\",\"position\":3,\"name\":\"CHANCELIERE MI-SAISON GALA CERISE\"}]},{\"@type\":\"WebSite\",\"@id\":\"https:\\\/\\\/walkingmum.com\\\/#website\",\"url\":\"https:\\\/\\\/walkingmum.com\\\/\",\"name\":\"Walking Mum\",\"description\":\"La marca para beb\u00e9s modernos\",\"potentialAction\":[{\"@type\":\"SearchAction\",\"target\":{\"@type\":\"EntryPoint\",\"urlTemplate\":\"https:\\\/\\\/walkingmum.com\\\/?s={search_term_string}\"},\"query-input\":{\"@type\":\"PropertyValueSpecification\",\"valueRequired\":true,\"valueName\":\"search_term_string\"}}],\"inLanguage\":\"fr-FR\"}]}<\/script>\n<!-- \/ Yoast SEO plugin. -->","yoast_head_json":{"title":"CHANCELIERE MI-SAISON GALA CERISE - Walking Mum","robots":{"index":"index","follow":"follow","max-snippet":"max-snippet:-1","max-image-preview":"max-image-preview:large","max-video-preview":"max-video-preview:-1"},"canonical":"https:\/\/walkingmum.com\/fr\/produit\/chanceliere-mi-saison-gala-cerise\/","og_locale":"fr_FR","og_type":"article","og_title":"CHANCELIERE MI-SAISON GALA CERISE - Walking Mum","og_description":"La housse pour poussette Gala Cerise \u00e0 imprim\u00e9 floral est fabriqu\u00e9e en tissu 100 % coton. Elle est id\u00e9ale pour recouvrir la base de la poussette et est livr\u00e9e avec une chanceli\u00e8re pour envelopper votre b\u00e9b\u00e9. Avec cette chanceli\u00e8re, votre b\u00e9b\u00e9 sera confortablement install\u00e9 au printemps et en automne. Le dos est en tissu anti-transpiration [&hellip;]","og_url":"https:\/\/walkingmum.com\/fr\/produit\/chanceliere-mi-saison-gala-cerise\/","og_site_name":"Walking Mum","og_image":[{"width":1800,"height":1800,"url":"https:\/\/walkingmum.com\/wp-content\/uploads\/2025\/09\/1120800614_a-1.jpg","type":"image\/jpeg"}],"twitter_card":"summary_large_image","twitter_misc":{"Dur\u00e9e de lecture estim\u00e9e":"2 minutes"},"schema":{"@context":"https:\/\/schema.org","@graph":[{"@type":"WebPage","@id":"https:\/\/walkingmum.com\/fr\/produit\/chanceliere-mi-saison-gala-cerise\/","url":"https:\/\/walkingmum.com\/fr\/produit\/chanceliere-mi-saison-gala-cerise\/","name":"CHANCELIERE MI-SAISON GALA CERISE - Walking Mum","isPartOf":{"@id":"https:\/\/walkingmum.com\/#website"},"primaryImageOfPage":{"@id":"https:\/\/walkingmum.com\/fr\/produit\/chanceliere-mi-saison-gala-cerise\/#primaryimage"},"image":{"@id":"https:\/\/walkingmum.com\/fr\/produit\/chanceliere-mi-saison-gala-cerise\/#primaryimage"},"thumbnailUrl":"https:\/\/walkingmum.com\/wp-content\/uploads\/2025\/09\/1120800614_a-1.jpg","datePublished":"2025-09-25T10:26:02+00:00","breadcrumb":{"@id":"https:\/\/walkingmum.com\/fr\/produit\/chanceliere-mi-saison-gala-cerise\/#breadcrumb"},"inLanguage":"fr-FR","potentialAction":[{"@type":"ReadAction","target":["https:\/\/walkingmum.com\/fr\/produit\/chanceliere-mi-saison-gala-cerise\/"]}]},{"@type":"ImageObject","inLanguage":"fr-FR","@id":"https:\/\/walkingmum.com\/fr\/produit\/chanceliere-mi-saison-gala-cerise\/#primaryimage","url":"https:\/\/walkingmum.com\/wp-content\/uploads\/2025\/09\/1120800614_a-1.jpg","contentUrl":"https:\/\/walkingmum.com\/wp-content\/uploads\/2025\/09\/1120800614_a-1.jpg","width":1800,"height":1800},{"@type":"BreadcrumbList","@id":"https:\/\/walkingmum.com\/fr\/produit\/chanceliere-mi-saison-gala-cerise\/#breadcrumb","itemListElement":[{"@type":"ListItem","position":1,"name":"Portada","item":"https:\/\/walkingmum.com\/fr\/"},{"@type":"ListItem","position":2,"name":"Tienda","item":"https:\/\/walkingmum.com\/tienda\/"},{"@type":"ListItem","position":3,"name":"CHANCELIERE MI-SAISON GALA CERISE"}]},{"@type":"WebSite","@id":"https:\/\/walkingmum.com\/#website","url":"https:\/\/walkingmum.com\/","name":"Walking Mum","description":"La marca para beb\u00e9s modernos","potentialAction":[{"@type":"SearchAction","target":{"@type":"EntryPoint","urlTemplate":"https:\/\/walkingmum.com\/?s={search_term_string}"},"query-input":{"@type":"PropertyValueSpecification","valueRequired":true,"valueName":"search_term_string"}}],"inLanguage":"fr-FR"}]}},"_links":{"self":[{"href":"https:\/\/walkingmum.com\/fr\/wp-json\/wp\/v2\/product\/32998","targetHints":{"allow":["GET"]}}],"collection":[{"href":"https:\/\/walkingmum.com\/fr\/wp-json\/wp\/v2\/product"}],"about":[{"href":"https:\/\/walkingmum.com\/fr\/wp-json\/wp\/v2\/types\/product"}],"replies":[{"embeddable":true,"href":"https:\/\/walkingmum.com\/fr\/wp-json\/wp\/v2\/comments?post=32998"}],"wp:featuredmedia":[{"embeddable":true,"href":"https:\/\/walkingmum.com\/fr\/wp-json\/wp\/v2\/media\/31859"}],"wp:attachment":[{"href":"https:\/\/walkingmum.com\/fr\/wp-json\/wp\/v2\/media?parent=32998"}],"wp:term":[{"taxonomy":"colecciones","embeddable":true,"href":"https:\/\/walkingmum.com\/fr\/wp-json\/wp\/v2\/colecciones?post=32998"},{"taxonomy":"product_brand","embeddable":true,"href":"https:\/\/walkingmum.com\/fr\/wp-json\/wp\/v2\/product_brand?post=32998"},{"taxonomy":"product_cat","embeddable":true,"href":"https:\/\/walkingmum.com\/fr\/wp-json\/wp\/v2\/product_cat?post=32998"},{"taxonomy":"product_tag","embeddable":true,"href":"https:\/\/walkingmum.com\/fr\/wp-json\/wp\/v2\/product_tag?post=32998"}],"curies":[{"name":"wp","href":"https:\/\/api.w.org\/{rel}","templated":true}]}}