{"id":32995,"date":"2025-09-25T10:26:01","date_gmt":"2025-09-25T10:26:01","guid":{"rendered":"https:\/\/walkingmum.com\/?post_type=product&#038;p=32995"},"modified":"2025-09-25T10:26:01","modified_gmt":"2025-09-25T10:26:01","slug":"protege-carnet-de-sante-gala-mint","status":"publish","type":"product","link":"https:\/\/walkingmum.com\/fr\/produit\/protege-carnet-de-sante-gala-mint\/","title":{"rendered":"PROT\u00c8GE CARNET DE SANT\u00c9 GALA MINT"},"content":{"rendered":"<p>Le livre de naissance Gala Mint \u00e0 imprim\u00e9 floral est un porte-documents fonctionnel con\u00e7u pour s&rsquo;assortir au sac de maternit\u00e9. Un accessoire indispensable \u00e0 emporter partout avec vous qui vous aidera \u00e0 garder tous les documents et papiers m\u00e9dicaux de votre b\u00e9b\u00e9 (vaccinations, ordonnances, certificat de naissance) bien organis\u00e9s. Cette housse porte-documents est fabriqu\u00e9e en tissu imprim\u00e9 et dispose de multiples poches r\u00e9parties sur les deux c\u00f4t\u00e9s pour mieux tout organiser. Elle est \u00e9galement dot\u00e9e d&rsquo;une fermeture \u00e0 glissi\u00e8re pratique pour ranger en toute s\u00e9curit\u00e9 le livre de naissance et tous les documents de votre b\u00e9b\u00e9. Grande qualit\u00e9 et beaucoup de style. Fabriqu\u00e9 en 100 % coton avec un traitement imperm\u00e9able, facile \u00e0 nettoyer \u00e0 la main ou en machine \u00e0 30 \u00b0C. Walking Mum prot\u00e8ge votre b\u00e9b\u00e9 en utilisant les meilleurs tissus, sans colorants azo\u00efques ni substances nocives pour la sant\u00e9. Notre collection Walking Mum est con\u00e7ue avec une touche particuli\u00e8re de style urbain et moderne qui ne passe pas inaper\u00e7ue, pour habiller diff\u00e9remment les sorties de votre b\u00e9b\u00e9. Les accessoires de cette ligne sont plus sportifs et pratiques, sp\u00e9cialement con\u00e7us pour les mamans et les papas modernes qui appr\u00e9cient les designs les plus r\u00e9cents et les plus tendance sans n\u00e9gliger la qualit\u00e9 et la fonctionnalit\u00e9 des accessoires qui compl\u00e8tent et rendent plus confortables toutes les sorties avec leurs b\u00e9b\u00e9s. Caract\u00e9ristiques : Mat\u00e9riaux: 100%  coton. Dimensions : 17x25x1 cm.<\/p>\n","protected":false},"excerpt":{"rendered":"<p>Le livre de naissance Gala Mint \u00e0 imprim\u00e9 floral est un porte-documents fonctionnel con\u00e7u pour s&rsquo;assortir au sac de maternit\u00e9. Un accessoire indispensable \u00e0 emporter partout avec vous qui vous aidera \u00e0 garder tous les documents et papiers m\u00e9dicaux de votre b\u00e9b\u00e9 (vaccinations, ordonnances, certificat de naissance) bien organis\u00e9s. Cette housse porte-documents est fabriqu\u00e9e en [&hellip;]<\/p>\n","protected":false},"featured_media":31812,"comment_status":"closed","ping_status":"closed","template":"","meta":{"_acf_changed":false,"inline_featured_image":false},"colecciones":[399],"product_brand":[],"product_cat":[138],"product_tag":[],"class_list":{"0":"post-32995","1":"product","2":"type-product","3":"status-publish","4":"has-post-thumbnail","6":"colecciones-collection-gala","7":"product_cat-accessoires","9":"first","10":"instock","11":"purchasable","12":"product-type-simple"},"acf":[],"yoast_head":"<!-- This site is optimized with the Yoast SEO plugin v27.3 - https:\/\/yoast.com\/product\/yoast-seo-wordpress\/ -->\n<title>PROT\u00c8GE CARNET DE SANT\u00c9 GALA MINT - Walking Mum<\/title>\n<meta name=\"robots\" content=\"index, follow, max-snippet:-1, max-image-preview:large, max-video-preview:-1\" \/>\n<link rel=\"canonical\" href=\"https:\/\/walkingmum.com\/fr\/produit\/protege-carnet-de-sante-gala-mint\/\" \/>\n<meta property=\"og:locale\" content=\"fr_FR\" \/>\n<meta property=\"og:type\" content=\"article\" \/>\n<meta property=\"og:title\" content=\"PROT\u00c8GE CARNET DE SANT\u00c9 GALA MINT - Walking Mum\" \/>\n<meta property=\"og:description\" content=\"Le livre de naissance Gala Mint \u00e0 imprim\u00e9 floral est un porte-documents fonctionnel con\u00e7u pour s&rsquo;assortir au sac de maternit\u00e9. Un accessoire indispensable \u00e0 emporter partout avec vous qui vous aidera \u00e0 garder tous les documents et papiers m\u00e9dicaux de votre b\u00e9b\u00e9 (vaccinations, ordonnances, certificat de naissance) bien organis\u00e9s. Cette housse porte-documents est fabriqu\u00e9e en [&hellip;]\" \/>\n<meta property=\"og:url\" content=\"https:\/\/walkingmum.com\/fr\/produit\/protege-carnet-de-sante-gala-mint\/\" \/>\n<meta property=\"og:site_name\" content=\"Walking Mum\" \/>\n<meta property=\"og:image\" content=\"https:\/\/walkingmum.com\/wp-content\/uploads\/2025\/09\/1120800611_a-1.jpg\" \/>\n\t<meta property=\"og:image:width\" content=\"1800\" \/>\n\t<meta property=\"og:image:height\" content=\"1801\" \/>\n\t<meta property=\"og:image:type\" content=\"image\/jpeg\" \/>\n<meta name=\"twitter:card\" content=\"summary_large_image\" \/>\n<meta name=\"twitter:label1\" content=\"Dur\u00e9e de lecture estim\u00e9e\" \/>\n\t<meta name=\"twitter:data1\" content=\"1 minute\" \/>\n<script type=\"application\/ld+json\" class=\"yoast-schema-graph\">{\"@context\":\"https:\\\/\\\/schema.org\",\"@graph\":[{\"@type\":\"WebPage\",\"@id\":\"https:\\\/\\\/walkingmum.com\\\/fr\\\/produit\\\/protege-carnet-de-sante-gala-mint\\\/\",\"url\":\"https:\\\/\\\/walkingmum.com\\\/fr\\\/produit\\\/protege-carnet-de-sante-gala-mint\\\/\",\"name\":\"PROT\u00c8GE CARNET DE SANT\u00c9 GALA MINT - Walking Mum\",\"isPartOf\":{\"@id\":\"https:\\\/\\\/walkingmum.com\\\/#website\"},\"primaryImageOfPage\":{\"@id\":\"https:\\\/\\\/walkingmum.com\\\/fr\\\/produit\\\/protege-carnet-de-sante-gala-mint\\\/#primaryimage\"},\"image\":{\"@id\":\"https:\\\/\\\/walkingmum.com\\\/fr\\\/produit\\\/protege-carnet-de-sante-gala-mint\\\/#primaryimage\"},\"thumbnailUrl\":\"https:\\\/\\\/walkingmum.com\\\/wp-content\\\/uploads\\\/2025\\\/09\\\/1120800611_a-1.jpg\",\"datePublished\":\"2025-09-25T10:26:01+00:00\",\"breadcrumb\":{\"@id\":\"https:\\\/\\\/walkingmum.com\\\/fr\\\/produit\\\/protege-carnet-de-sante-gala-mint\\\/#breadcrumb\"},\"inLanguage\":\"fr-FR\",\"potentialAction\":[{\"@type\":\"ReadAction\",\"target\":[\"https:\\\/\\\/walkingmum.com\\\/fr\\\/produit\\\/protege-carnet-de-sante-gala-mint\\\/\"]}]},{\"@type\":\"ImageObject\",\"inLanguage\":\"fr-FR\",\"@id\":\"https:\\\/\\\/walkingmum.com\\\/fr\\\/produit\\\/protege-carnet-de-sante-gala-mint\\\/#primaryimage\",\"url\":\"https:\\\/\\\/walkingmum.com\\\/wp-content\\\/uploads\\\/2025\\\/09\\\/1120800611_a-1.jpg\",\"contentUrl\":\"https:\\\/\\\/walkingmum.com\\\/wp-content\\\/uploads\\\/2025\\\/09\\\/1120800611_a-1.jpg\",\"width\":1800,\"height\":1801},{\"@type\":\"BreadcrumbList\",\"@id\":\"https:\\\/\\\/walkingmum.com\\\/fr\\\/produit\\\/protege-carnet-de-sante-gala-mint\\\/#breadcrumb\",\"itemListElement\":[{\"@type\":\"ListItem\",\"position\":1,\"name\":\"Portada\",\"item\":\"https:\\\/\\\/walkingmum.com\\\/fr\\\/\"},{\"@type\":\"ListItem\",\"position\":2,\"name\":\"Tienda\",\"item\":\"https:\\\/\\\/walkingmum.com\\\/tienda\\\/\"},{\"@type\":\"ListItem\",\"position\":3,\"name\":\"PROT\u00c8GE CARNET DE SANT\u00c9 GALA MINT\"}]},{\"@type\":\"WebSite\",\"@id\":\"https:\\\/\\\/walkingmum.com\\\/#website\",\"url\":\"https:\\\/\\\/walkingmum.com\\\/\",\"name\":\"Walking Mum\",\"description\":\"La marca para beb\u00e9s modernos\",\"potentialAction\":[{\"@type\":\"SearchAction\",\"target\":{\"@type\":\"EntryPoint\",\"urlTemplate\":\"https:\\\/\\\/walkingmum.com\\\/?s={search_term_string}\"},\"query-input\":{\"@type\":\"PropertyValueSpecification\",\"valueRequired\":true,\"valueName\":\"search_term_string\"}}],\"inLanguage\":\"fr-FR\"}]}<\/script>\n<!-- \/ Yoast SEO plugin. -->","yoast_head_json":{"title":"PROT\u00c8GE CARNET DE SANT\u00c9 GALA MINT - Walking Mum","robots":{"index":"index","follow":"follow","max-snippet":"max-snippet:-1","max-image-preview":"max-image-preview:large","max-video-preview":"max-video-preview:-1"},"canonical":"https:\/\/walkingmum.com\/fr\/produit\/protege-carnet-de-sante-gala-mint\/","og_locale":"fr_FR","og_type":"article","og_title":"PROT\u00c8GE CARNET DE SANT\u00c9 GALA MINT - Walking Mum","og_description":"Le livre de naissance Gala Mint \u00e0 imprim\u00e9 floral est un porte-documents fonctionnel con\u00e7u pour s&rsquo;assortir au sac de maternit\u00e9. Un accessoire indispensable \u00e0 emporter partout avec vous qui vous aidera \u00e0 garder tous les documents et papiers m\u00e9dicaux de votre b\u00e9b\u00e9 (vaccinations, ordonnances, certificat de naissance) bien organis\u00e9s. Cette housse porte-documents est fabriqu\u00e9e en [&hellip;]","og_url":"https:\/\/walkingmum.com\/fr\/produit\/protege-carnet-de-sante-gala-mint\/","og_site_name":"Walking Mum","og_image":[{"width":1800,"height":1801,"url":"https:\/\/walkingmum.com\/wp-content\/uploads\/2025\/09\/1120800611_a-1.jpg","type":"image\/jpeg"}],"twitter_card":"summary_large_image","twitter_misc":{"Dur\u00e9e de lecture estim\u00e9e":"1 minute"},"schema":{"@context":"https:\/\/schema.org","@graph":[{"@type":"WebPage","@id":"https:\/\/walkingmum.com\/fr\/produit\/protege-carnet-de-sante-gala-mint\/","url":"https:\/\/walkingmum.com\/fr\/produit\/protege-carnet-de-sante-gala-mint\/","name":"PROT\u00c8GE CARNET DE SANT\u00c9 GALA MINT - Walking Mum","isPartOf":{"@id":"https:\/\/walkingmum.com\/#website"},"primaryImageOfPage":{"@id":"https:\/\/walkingmum.com\/fr\/produit\/protege-carnet-de-sante-gala-mint\/#primaryimage"},"image":{"@id":"https:\/\/walkingmum.com\/fr\/produit\/protege-carnet-de-sante-gala-mint\/#primaryimage"},"thumbnailUrl":"https:\/\/walkingmum.com\/wp-content\/uploads\/2025\/09\/1120800611_a-1.jpg","datePublished":"2025-09-25T10:26:01+00:00","breadcrumb":{"@id":"https:\/\/walkingmum.com\/fr\/produit\/protege-carnet-de-sante-gala-mint\/#breadcrumb"},"inLanguage":"fr-FR","potentialAction":[{"@type":"ReadAction","target":["https:\/\/walkingmum.com\/fr\/produit\/protege-carnet-de-sante-gala-mint\/"]}]},{"@type":"ImageObject","inLanguage":"fr-FR","@id":"https:\/\/walkingmum.com\/fr\/produit\/protege-carnet-de-sante-gala-mint\/#primaryimage","url":"https:\/\/walkingmum.com\/wp-content\/uploads\/2025\/09\/1120800611_a-1.jpg","contentUrl":"https:\/\/walkingmum.com\/wp-content\/uploads\/2025\/09\/1120800611_a-1.jpg","width":1800,"height":1801},{"@type":"BreadcrumbList","@id":"https:\/\/walkingmum.com\/fr\/produit\/protege-carnet-de-sante-gala-mint\/#breadcrumb","itemListElement":[{"@type":"ListItem","position":1,"name":"Portada","item":"https:\/\/walkingmum.com\/fr\/"},{"@type":"ListItem","position":2,"name":"Tienda","item":"https:\/\/walkingmum.com\/tienda\/"},{"@type":"ListItem","position":3,"name":"PROT\u00c8GE CARNET DE SANT\u00c9 GALA MINT"}]},{"@type":"WebSite","@id":"https:\/\/walkingmum.com\/#website","url":"https:\/\/walkingmum.com\/","name":"Walking Mum","description":"La marca para beb\u00e9s modernos","potentialAction":[{"@type":"SearchAction","target":{"@type":"EntryPoint","urlTemplate":"https:\/\/walkingmum.com\/?s={search_term_string}"},"query-input":{"@type":"PropertyValueSpecification","valueRequired":true,"valueName":"search_term_string"}}],"inLanguage":"fr-FR"}]}},"_links":{"self":[{"href":"https:\/\/walkingmum.com\/fr\/wp-json\/wp\/v2\/product\/32995","targetHints":{"allow":["GET"]}}],"collection":[{"href":"https:\/\/walkingmum.com\/fr\/wp-json\/wp\/v2\/product"}],"about":[{"href":"https:\/\/walkingmum.com\/fr\/wp-json\/wp\/v2\/types\/product"}],"replies":[{"embeddable":true,"href":"https:\/\/walkingmum.com\/fr\/wp-json\/wp\/v2\/comments?post=32995"}],"wp:featuredmedia":[{"embeddable":true,"href":"https:\/\/walkingmum.com\/fr\/wp-json\/wp\/v2\/media\/31812"}],"wp:attachment":[{"href":"https:\/\/walkingmum.com\/fr\/wp-json\/wp\/v2\/media?parent=32995"}],"wp:term":[{"taxonomy":"colecciones","embeddable":true,"href":"https:\/\/walkingmum.com\/fr\/wp-json\/wp\/v2\/colecciones?post=32995"},{"taxonomy":"product_brand","embeddable":true,"href":"https:\/\/walkingmum.com\/fr\/wp-json\/wp\/v2\/product_brand?post=32995"},{"taxonomy":"product_cat","embeddable":true,"href":"https:\/\/walkingmum.com\/fr\/wp-json\/wp\/v2\/product_cat?post=32995"},{"taxonomy":"product_tag","embeddable":true,"href":"https:\/\/walkingmum.com\/fr\/wp-json\/wp\/v2\/product_tag?post=32995"}],"curies":[{"name":"wp","href":"https:\/\/api.w.org\/{rel}","templated":true}]}}