{"id":32988,"date":"2025-09-25T10:26:04","date_gmt":"2025-09-25T10:26:04","guid":{"rendered":"https:\/\/walkingmum.com\/?post_type=product&#038;p=32988"},"modified":"2025-09-25T10:26:04","modified_gmt":"2025-09-25T10:26:04","slug":"valise-gala-cerise","status":"publish","type":"product","link":"https:\/\/walkingmum.com\/fr\/produit\/valise-gala-cerise\/","title":{"rendered":"VALISE GALA CERISE"},"content":{"rendered":"<p>La valise pour b\u00e9b\u00e9 Gala Cerise \u00e0 imprim\u00e9 floral est un sac sp\u00e9cialement con\u00e7u pour le moment le plus important de la grossesse, \u00e0 savoir l&rsquo;arriv\u00e9e de votre b\u00e9b\u00e9, une p\u00e9riode o\u00f9 il y a beaucoup de choses \u00e0 pr\u00e9parer. C&rsquo;est pourquoi vous avez besoin d&rsquo;un espace confortable pour transporter tout le n\u00e9cessaire pour vous, le p\u00e8re et l&rsquo;enfant. Cette valise pour b\u00e9b\u00e9 est le mod\u00e8le id\u00e9al pour ranger tout ce qui ne doit pas manquer lors de cette journ\u00e9e sp\u00e9ciale. Confortable, l\u00e9g\u00e8re et maniable, elle pr\u00e9sente des dimensions rectangulaires et une ouverture pratique pour r\u00e9pondre \u00e0 tous vos besoins. Elle est dot\u00e9e d&rsquo;une fermeture \u00e0 glissi\u00e8re s\u00e9curis\u00e9e dans les deux sens qui facilite son ouverture, d&rsquo;une longue bandouli\u00e8re pour la porter \u00e0 l&rsquo;\u00e9paule et de poign\u00e9es courtes. De plus, le compartiment int\u00e9rieur est doubl\u00e9 d&rsquo;une doublure assortie avec des bandes \u00e9lastiques pour maintenir les v\u00eatements en place. Grande qualit\u00e9 et beaucoup de style. Fabriqu\u00e9e en 100 % coton avec un traitement imperm\u00e9able, elle est facile \u00e0 nettoyer \u00e0 la main ou en machine \u00e0 30 \u00b0C. Walking Mum prot\u00e8ge votre b\u00e9b\u00e9 en utilisant les meilleurs tissus, sans colorants azo\u00efques ni substances nocives pour la sant\u00e9. Notre collection Walking Mum conserve toute la qualit\u00e9 de la marque Pasito a Pasito, mais avec une touche particuli\u00e8re de style urbain et moderne qui ne passe pas inaper\u00e7ue, pour habiller diff\u00e9remment les sorties de votre b\u00e9b\u00e9. Les sacs de maternit\u00e9 de cette ligne sont plus sportifs et pratiques, sp\u00e9cialement con\u00e7us pour les mamans et les papas modernes qui appr\u00e9cient les designs les plus r\u00e9cents et les plus tendance sans n\u00e9gliger la qualit\u00e9 et la fonctionnalit\u00e9 des accessoires qui compl\u00e8tent et rendent plus confortables toutes les sorties avec leurs b\u00e9b\u00e9s. Caract\u00e9ristiques : Mat\u00e9riaux: 100%  coton. Dimensions : 49X37X17 cm.<\/p>\n","protected":false},"excerpt":{"rendered":"<p>La valise pour b\u00e9b\u00e9 Gala Cerise \u00e0 imprim\u00e9 floral est un sac sp\u00e9cialement con\u00e7u pour le moment le plus important de la grossesse, \u00e0 savoir l&rsquo;arriv\u00e9e de votre b\u00e9b\u00e9, une p\u00e9riode o\u00f9 il y a beaucoup de choses \u00e0 pr\u00e9parer. C&rsquo;est pourquoi vous avez besoin d&rsquo;un espace confortable pour transporter tout le n\u00e9cessaire pour vous, [&hellip;]<\/p>\n","protected":false},"featured_media":31689,"comment_status":"closed","ping_status":"closed","template":"","meta":{"_acf_changed":false,"inline_featured_image":false},"colecciones":[399],"product_brand":[],"product_cat":[135],"product_tag":[],"class_list":{"0":"post-32988","1":"product","2":"type-product","3":"status-publish","4":"has-post-thumbnail","6":"colecciones-collection-gala","7":"product_cat-valises","9":"first","10":"instock","11":"purchasable","12":"product-type-simple"},"acf":[],"yoast_head":"<!-- This site is optimized with the Yoast SEO plugin v27.3 - https:\/\/yoast.com\/product\/yoast-seo-wordpress\/ -->\n<title>VALISE GALA CERISE - Walking Mum<\/title>\n<meta name=\"robots\" content=\"index, follow, max-snippet:-1, max-image-preview:large, max-video-preview:-1\" \/>\n<link rel=\"canonical\" href=\"https:\/\/walkingmum.com\/fr\/produit\/valise-gala-cerise\/\" \/>\n<meta property=\"og:locale\" content=\"fr_FR\" \/>\n<meta property=\"og:type\" content=\"article\" \/>\n<meta property=\"og:title\" content=\"VALISE GALA CERISE - Walking Mum\" \/>\n<meta property=\"og:description\" content=\"La valise pour b\u00e9b\u00e9 Gala Cerise \u00e0 imprim\u00e9 floral est un sac sp\u00e9cialement con\u00e7u pour le moment le plus important de la grossesse, \u00e0 savoir l&rsquo;arriv\u00e9e de votre b\u00e9b\u00e9, une p\u00e9riode o\u00f9 il y a beaucoup de choses \u00e0 pr\u00e9parer. C&rsquo;est pourquoi vous avez besoin d&rsquo;un espace confortable pour transporter tout le n\u00e9cessaire pour vous, [&hellip;]\" \/>\n<meta property=\"og:url\" content=\"https:\/\/walkingmum.com\/fr\/produit\/valise-gala-cerise\/\" \/>\n<meta property=\"og:site_name\" content=\"Walking Mum\" \/>\n<meta property=\"og:image\" content=\"https:\/\/walkingmum.com\/wp-content\/uploads\/2025\/09\/1120800604_a-1.jpg\" \/>\n\t<meta property=\"og:image:width\" content=\"1800\" \/>\n\t<meta property=\"og:image:height\" content=\"1800\" \/>\n\t<meta property=\"og:image:type\" content=\"image\/jpeg\" \/>\n<meta name=\"twitter:card\" content=\"summary_large_image\" \/>\n<meta name=\"twitter:label1\" content=\"Dur\u00e9e de lecture estim\u00e9e\" \/>\n\t<meta name=\"twitter:data1\" content=\"2 minutes\" \/>\n<script type=\"application\/ld+json\" class=\"yoast-schema-graph\">{\"@context\":\"https:\\\/\\\/schema.org\",\"@graph\":[{\"@type\":\"WebPage\",\"@id\":\"https:\\\/\\\/walkingmum.com\\\/fr\\\/produit\\\/valise-gala-cerise\\\/\",\"url\":\"https:\\\/\\\/walkingmum.com\\\/fr\\\/produit\\\/valise-gala-cerise\\\/\",\"name\":\"VALISE GALA CERISE - Walking Mum\",\"isPartOf\":{\"@id\":\"https:\\\/\\\/walkingmum.com\\\/#website\"},\"primaryImageOfPage\":{\"@id\":\"https:\\\/\\\/walkingmum.com\\\/fr\\\/produit\\\/valise-gala-cerise\\\/#primaryimage\"},\"image\":{\"@id\":\"https:\\\/\\\/walkingmum.com\\\/fr\\\/produit\\\/valise-gala-cerise\\\/#primaryimage\"},\"thumbnailUrl\":\"https:\\\/\\\/walkingmum.com\\\/wp-content\\\/uploads\\\/2025\\\/09\\\/1120800604_a-1.jpg\",\"datePublished\":\"2025-09-25T10:26:04+00:00\",\"breadcrumb\":{\"@id\":\"https:\\\/\\\/walkingmum.com\\\/fr\\\/produit\\\/valise-gala-cerise\\\/#breadcrumb\"},\"inLanguage\":\"fr-FR\",\"potentialAction\":[{\"@type\":\"ReadAction\",\"target\":[\"https:\\\/\\\/walkingmum.com\\\/fr\\\/produit\\\/valise-gala-cerise\\\/\"]}]},{\"@type\":\"ImageObject\",\"inLanguage\":\"fr-FR\",\"@id\":\"https:\\\/\\\/walkingmum.com\\\/fr\\\/produit\\\/valise-gala-cerise\\\/#primaryimage\",\"url\":\"https:\\\/\\\/walkingmum.com\\\/wp-content\\\/uploads\\\/2025\\\/09\\\/1120800604_a-1.jpg\",\"contentUrl\":\"https:\\\/\\\/walkingmum.com\\\/wp-content\\\/uploads\\\/2025\\\/09\\\/1120800604_a-1.jpg\",\"width\":1800,\"height\":1800},{\"@type\":\"BreadcrumbList\",\"@id\":\"https:\\\/\\\/walkingmum.com\\\/fr\\\/produit\\\/valise-gala-cerise\\\/#breadcrumb\",\"itemListElement\":[{\"@type\":\"ListItem\",\"position\":1,\"name\":\"Portada\",\"item\":\"https:\\\/\\\/walkingmum.com\\\/fr\\\/\"},{\"@type\":\"ListItem\",\"position\":2,\"name\":\"Tienda\",\"item\":\"https:\\\/\\\/walkingmum.com\\\/tienda\\\/\"},{\"@type\":\"ListItem\",\"position\":3,\"name\":\"VALISE GALA CERISE\"}]},{\"@type\":\"WebSite\",\"@id\":\"https:\\\/\\\/walkingmum.com\\\/#website\",\"url\":\"https:\\\/\\\/walkingmum.com\\\/\",\"name\":\"Walking Mum\",\"description\":\"La marca para beb\u00e9s modernos\",\"potentialAction\":[{\"@type\":\"SearchAction\",\"target\":{\"@type\":\"EntryPoint\",\"urlTemplate\":\"https:\\\/\\\/walkingmum.com\\\/?s={search_term_string}\"},\"query-input\":{\"@type\":\"PropertyValueSpecification\",\"valueRequired\":true,\"valueName\":\"search_term_string\"}}],\"inLanguage\":\"fr-FR\"}]}<\/script>\n<!-- \/ Yoast SEO plugin. -->","yoast_head_json":{"title":"VALISE GALA CERISE - Walking Mum","robots":{"index":"index","follow":"follow","max-snippet":"max-snippet:-1","max-image-preview":"max-image-preview:large","max-video-preview":"max-video-preview:-1"},"canonical":"https:\/\/walkingmum.com\/fr\/produit\/valise-gala-cerise\/","og_locale":"fr_FR","og_type":"article","og_title":"VALISE GALA CERISE - Walking Mum","og_description":"La valise pour b\u00e9b\u00e9 Gala Cerise \u00e0 imprim\u00e9 floral est un sac sp\u00e9cialement con\u00e7u pour le moment le plus important de la grossesse, \u00e0 savoir l&rsquo;arriv\u00e9e de votre b\u00e9b\u00e9, une p\u00e9riode o\u00f9 il y a beaucoup de choses \u00e0 pr\u00e9parer. C&rsquo;est pourquoi vous avez besoin d&rsquo;un espace confortable pour transporter tout le n\u00e9cessaire pour vous, [&hellip;]","og_url":"https:\/\/walkingmum.com\/fr\/produit\/valise-gala-cerise\/","og_site_name":"Walking Mum","og_image":[{"width":1800,"height":1800,"url":"https:\/\/walkingmum.com\/wp-content\/uploads\/2025\/09\/1120800604_a-1.jpg","type":"image\/jpeg"}],"twitter_card":"summary_large_image","twitter_misc":{"Dur\u00e9e de lecture estim\u00e9e":"2 minutes"},"schema":{"@context":"https:\/\/schema.org","@graph":[{"@type":"WebPage","@id":"https:\/\/walkingmum.com\/fr\/produit\/valise-gala-cerise\/","url":"https:\/\/walkingmum.com\/fr\/produit\/valise-gala-cerise\/","name":"VALISE GALA CERISE - Walking Mum","isPartOf":{"@id":"https:\/\/walkingmum.com\/#website"},"primaryImageOfPage":{"@id":"https:\/\/walkingmum.com\/fr\/produit\/valise-gala-cerise\/#primaryimage"},"image":{"@id":"https:\/\/walkingmum.com\/fr\/produit\/valise-gala-cerise\/#primaryimage"},"thumbnailUrl":"https:\/\/walkingmum.com\/wp-content\/uploads\/2025\/09\/1120800604_a-1.jpg","datePublished":"2025-09-25T10:26:04+00:00","breadcrumb":{"@id":"https:\/\/walkingmum.com\/fr\/produit\/valise-gala-cerise\/#breadcrumb"},"inLanguage":"fr-FR","potentialAction":[{"@type":"ReadAction","target":["https:\/\/walkingmum.com\/fr\/produit\/valise-gala-cerise\/"]}]},{"@type":"ImageObject","inLanguage":"fr-FR","@id":"https:\/\/walkingmum.com\/fr\/produit\/valise-gala-cerise\/#primaryimage","url":"https:\/\/walkingmum.com\/wp-content\/uploads\/2025\/09\/1120800604_a-1.jpg","contentUrl":"https:\/\/walkingmum.com\/wp-content\/uploads\/2025\/09\/1120800604_a-1.jpg","width":1800,"height":1800},{"@type":"BreadcrumbList","@id":"https:\/\/walkingmum.com\/fr\/produit\/valise-gala-cerise\/#breadcrumb","itemListElement":[{"@type":"ListItem","position":1,"name":"Portada","item":"https:\/\/walkingmum.com\/fr\/"},{"@type":"ListItem","position":2,"name":"Tienda","item":"https:\/\/walkingmum.com\/tienda\/"},{"@type":"ListItem","position":3,"name":"VALISE GALA CERISE"}]},{"@type":"WebSite","@id":"https:\/\/walkingmum.com\/#website","url":"https:\/\/walkingmum.com\/","name":"Walking Mum","description":"La marca para beb\u00e9s modernos","potentialAction":[{"@type":"SearchAction","target":{"@type":"EntryPoint","urlTemplate":"https:\/\/walkingmum.com\/?s={search_term_string}"},"query-input":{"@type":"PropertyValueSpecification","valueRequired":true,"valueName":"search_term_string"}}],"inLanguage":"fr-FR"}]}},"_links":{"self":[{"href":"https:\/\/walkingmum.com\/fr\/wp-json\/wp\/v2\/product\/32988","targetHints":{"allow":["GET"]}}],"collection":[{"href":"https:\/\/walkingmum.com\/fr\/wp-json\/wp\/v2\/product"}],"about":[{"href":"https:\/\/walkingmum.com\/fr\/wp-json\/wp\/v2\/types\/product"}],"replies":[{"embeddable":true,"href":"https:\/\/walkingmum.com\/fr\/wp-json\/wp\/v2\/comments?post=32988"}],"wp:featuredmedia":[{"embeddable":true,"href":"https:\/\/walkingmum.com\/fr\/wp-json\/wp\/v2\/media\/31689"}],"wp:attachment":[{"href":"https:\/\/walkingmum.com\/fr\/wp-json\/wp\/v2\/media?parent=32988"}],"wp:term":[{"taxonomy":"colecciones","embeddable":true,"href":"https:\/\/walkingmum.com\/fr\/wp-json\/wp\/v2\/colecciones?post=32988"},{"taxonomy":"product_brand","embeddable":true,"href":"https:\/\/walkingmum.com\/fr\/wp-json\/wp\/v2\/product_brand?post=32988"},{"taxonomy":"product_cat","embeddable":true,"href":"https:\/\/walkingmum.com\/fr\/wp-json\/wp\/v2\/product_cat?post=32988"},{"taxonomy":"product_tag","embeddable":true,"href":"https:\/\/walkingmum.com\/fr\/wp-json\/wp\/v2\/product_tag?post=32988"}],"curies":[{"name":"wp","href":"https:\/\/api.w.org\/{rel}","templated":true}]}}