{"id":32986,"date":"2025-09-25T10:26:03","date_gmt":"2025-09-25T10:26:03","guid":{"rendered":"https:\/\/walkingmum.com\/?post_type=product&#038;p=32986"},"modified":"2025-09-25T10:26:03","modified_gmt":"2025-09-25T10:26:03","slug":"sac-bandouliere-gondola-gala-cerise","status":"publish","type":"product","link":"https:\/\/walkingmum.com\/fr\/produit\/sac-bandouliere-gondola-gala-cerise\/","title":{"rendered":"SAC BANDOULI\u00c8RE GONDOLA GALA CERISE"},"content":{"rendered":"<p>Fonctionnel, l\u00e9ger et tr\u00e8s \u00e9l\u00e9gant : le sac id\u00e9al pour les sorties avec votre b\u00e9b\u00e9. Le sac de type gondole avec bandouli\u00e8re de la collection Walking Mum Gala Cerise est l&rsquo;option parfaite pour celles qui recherchent un sac de maternit\u00e9 l\u00e9ger, compact et tr\u00e8s organis\u00e9. Son design incurv\u00e9 de type gondole est parfait pour \u00eatre port\u00e9 en bandouli\u00e8re. Avec son magnifique imprim\u00e9 floral dans les tons cerise, il apporte une touche moderne id\u00e9ale pour \u00eatre port\u00e9 \u00e0 l&rsquo;\u00e9paule ou accroch\u00e9 \u00e0 la poussette. Fabriqu\u00e9 en coton avec traitement imperm\u00e9able, ce sac est r\u00e9sistant, pratique et facile \u00e0 nettoyer. Comprend des crochets universels pour les poussettes. L&rsquo;int\u00e9rieur comporte 3 poches : 1 poche lat\u00e9rale isotherme, id\u00e9ale pour les biberons, et 2 poches suppl\u00e9mentaires pour ranger les couches, les lingettes, les cl\u00e9s ou le t\u00e9l\u00e9phone portable. Fermeture \u00e0 glissi\u00e8re sur le dessus pour plus de s\u00e9curit\u00e9. Longue bandouli\u00e8re r\u00e9glable pour l&rsquo;utiliser en sac \u00e0 bandouli\u00e8re ou \u00e0 l&rsquo;\u00e9paule. Une option polyvalente et tr\u00e8s \u00e9l\u00e9gante pour un usage quotidien. Le sac \u00e0 bandouli\u00e8re Gala Cerise de Walking Mum allie design, praticit\u00e9 et confort dans une pi\u00e8ce unique. Facile \u00e0 nettoyer \u00e0 la main ou en machine \u00e0 30 \u00b0C. Walking Mum prot\u00e8ge votre b\u00e9b\u00e9 en utilisant les meilleurs tissus, sans colorants azo\u00efques ni substances nocives pour la sant\u00e9. Notre collection Walking Mum est con\u00e7ue avec une touche particuli\u00e8re de style urbain et moderne qui ne passe pas inaper\u00e7ue, pour habiller diff\u00e9remment les sorties de votre b\u00e9b\u00e9. Les sacs de maternit\u00e9 de cette ligne sont plus sportifs et pratiques, sp\u00e9cialement con\u00e7us pour les mamans et les papas modernes qui appr\u00e9cient l&rsquo; s designs les plus r\u00e9cents et les plus tendance sans n\u00e9gliger la qualit\u00e9 et la fonctionnalit\u00e9 des accessoires qui compl\u00e8tent et rendent plus confortables toutes les sorties avec leurs b\u00e9b\u00e9s. Caract\u00e9ristiques : Mat\u00e9riaux : coton: 100%  e avec traitement imperm\u00e9able. Dimensions : 32 x 22 x 12 cm.<\/p>\n","protected":false},"excerpt":{"rendered":"<p>Fonctionnel, l\u00e9ger et tr\u00e8s \u00e9l\u00e9gant : le sac id\u00e9al pour les sorties avec votre b\u00e9b\u00e9. Le sac de type gondole avec bandouli\u00e8re de la collection Walking Mum Gala Cerise est l&rsquo;option parfaite pour celles qui recherchent un sac de maternit\u00e9 l\u00e9ger, compact et tr\u00e8s organis\u00e9. Son design incurv\u00e9 de type gondole est parfait pour \u00eatre [&hellip;]<\/p>\n","protected":false},"featured_media":31615,"comment_status":"closed","ping_status":"closed","template":"","meta":{"_acf_changed":false,"inline_featured_image":false},"colecciones":[399],"product_brand":[],"product_cat":[129],"product_tag":[],"class_list":{"0":"post-32986","1":"product","2":"type-product","3":"status-publish","4":"has-post-thumbnail","6":"colecciones-collection-gala","7":"product_cat-sacs-a-langer","9":"first","10":"instock","11":"purchasable","12":"product-type-simple"},"acf":[],"yoast_head":"<!-- This site is optimized with the Yoast SEO plugin v27.4 - https:\/\/yoast.com\/product\/yoast-seo-wordpress\/ -->\n<title>SAC BANDOULI\u00c8RE GONDOLA GALA CERISE - Walking Mum<\/title>\n<meta name=\"robots\" content=\"index, follow, max-snippet:-1, max-image-preview:large, max-video-preview:-1\" \/>\n<link rel=\"canonical\" href=\"https:\/\/walkingmum.com\/fr\/produit\/sac-bandouliere-gondola-gala-cerise\/\" \/>\n<meta property=\"og:locale\" content=\"fr_FR\" \/>\n<meta property=\"og:type\" content=\"article\" \/>\n<meta property=\"og:title\" content=\"SAC BANDOULI\u00c8RE GONDOLA GALA CERISE - Walking Mum\" \/>\n<meta property=\"og:description\" content=\"Fonctionnel, l\u00e9ger et tr\u00e8s \u00e9l\u00e9gant : le sac id\u00e9al pour les sorties avec votre b\u00e9b\u00e9. Le sac de type gondole avec bandouli\u00e8re de la collection Walking Mum Gala Cerise est l&rsquo;option parfaite pour celles qui recherchent un sac de maternit\u00e9 l\u00e9ger, compact et tr\u00e8s organis\u00e9. Son design incurv\u00e9 de type gondole est parfait pour \u00eatre [&hellip;]\" \/>\n<meta property=\"og:url\" content=\"https:\/\/walkingmum.com\/fr\/produit\/sac-bandouliere-gondola-gala-cerise\/\" \/>\n<meta property=\"og:site_name\" content=\"Walking Mum\" \/>\n<meta property=\"og:image\" content=\"https:\/\/walkingmum.com\/wp-content\/uploads\/2025\/09\/1120800602_a-1.jpg\" \/>\n\t<meta property=\"og:image:width\" content=\"1800\" \/>\n\t<meta property=\"og:image:height\" content=\"1800\" \/>\n\t<meta property=\"og:image:type\" content=\"image\/jpeg\" \/>\n<meta name=\"twitter:card\" content=\"summary_large_image\" \/>\n<meta name=\"twitter:label1\" content=\"Dur\u00e9e de lecture estim\u00e9e\" \/>\n\t<meta name=\"twitter:data1\" content=\"2 minutes\" \/>\n<script type=\"application\/ld+json\" class=\"yoast-schema-graph\">{\"@context\":\"https:\\\/\\\/schema.org\",\"@graph\":[{\"@type\":\"WebPage\",\"@id\":\"https:\\\/\\\/walkingmum.com\\\/fr\\\/produit\\\/sac-bandouliere-gondola-gala-cerise\\\/\",\"url\":\"https:\\\/\\\/walkingmum.com\\\/fr\\\/produit\\\/sac-bandouliere-gondola-gala-cerise\\\/\",\"name\":\"SAC BANDOULI\u00c8RE GONDOLA GALA CERISE - Walking Mum\",\"isPartOf\":{\"@id\":\"https:\\\/\\\/walkingmum.com\\\/#website\"},\"primaryImageOfPage\":{\"@id\":\"https:\\\/\\\/walkingmum.com\\\/fr\\\/produit\\\/sac-bandouliere-gondola-gala-cerise\\\/#primaryimage\"},\"image\":{\"@id\":\"https:\\\/\\\/walkingmum.com\\\/fr\\\/produit\\\/sac-bandouliere-gondola-gala-cerise\\\/#primaryimage\"},\"thumbnailUrl\":\"https:\\\/\\\/walkingmum.com\\\/wp-content\\\/uploads\\\/2025\\\/09\\\/1120800602_a-1.jpg\",\"datePublished\":\"2025-09-25T10:26:03+00:00\",\"breadcrumb\":{\"@id\":\"https:\\\/\\\/walkingmum.com\\\/fr\\\/produit\\\/sac-bandouliere-gondola-gala-cerise\\\/#breadcrumb\"},\"inLanguage\":\"fr-FR\",\"potentialAction\":[{\"@type\":\"ReadAction\",\"target\":[\"https:\\\/\\\/walkingmum.com\\\/fr\\\/produit\\\/sac-bandouliere-gondola-gala-cerise\\\/\"]}]},{\"@type\":\"ImageObject\",\"inLanguage\":\"fr-FR\",\"@id\":\"https:\\\/\\\/walkingmum.com\\\/fr\\\/produit\\\/sac-bandouliere-gondola-gala-cerise\\\/#primaryimage\",\"url\":\"https:\\\/\\\/walkingmum.com\\\/wp-content\\\/uploads\\\/2025\\\/09\\\/1120800602_a-1.jpg\",\"contentUrl\":\"https:\\\/\\\/walkingmum.com\\\/wp-content\\\/uploads\\\/2025\\\/09\\\/1120800602_a-1.jpg\",\"width\":1800,\"height\":1800},{\"@type\":\"BreadcrumbList\",\"@id\":\"https:\\\/\\\/walkingmum.com\\\/fr\\\/produit\\\/sac-bandouliere-gondola-gala-cerise\\\/#breadcrumb\",\"itemListElement\":[{\"@type\":\"ListItem\",\"position\":1,\"name\":\"Portada\",\"item\":\"https:\\\/\\\/walkingmum.com\\\/fr\\\/\"},{\"@type\":\"ListItem\",\"position\":2,\"name\":\"Tienda\",\"item\":\"https:\\\/\\\/walkingmum.com\\\/tienda\\\/\"},{\"@type\":\"ListItem\",\"position\":3,\"name\":\"SAC BANDOULI\u00c8RE GONDOLA GALA CERISE\"}]},{\"@type\":\"WebSite\",\"@id\":\"https:\\\/\\\/walkingmum.com\\\/#website\",\"url\":\"https:\\\/\\\/walkingmum.com\\\/\",\"name\":\"Walking Mum\",\"description\":\"La marca para beb\u00e9s modernos\",\"potentialAction\":[{\"@type\":\"SearchAction\",\"target\":{\"@type\":\"EntryPoint\",\"urlTemplate\":\"https:\\\/\\\/walkingmum.com\\\/?s={search_term_string}\"},\"query-input\":{\"@type\":\"PropertyValueSpecification\",\"valueRequired\":true,\"valueName\":\"search_term_string\"}}],\"inLanguage\":\"fr-FR\"}]}<\/script>\n<!-- \/ Yoast SEO plugin. -->","yoast_head_json":{"title":"SAC BANDOULI\u00c8RE GONDOLA GALA CERISE - Walking Mum","robots":{"index":"index","follow":"follow","max-snippet":"max-snippet:-1","max-image-preview":"max-image-preview:large","max-video-preview":"max-video-preview:-1"},"canonical":"https:\/\/walkingmum.com\/fr\/produit\/sac-bandouliere-gondola-gala-cerise\/","og_locale":"fr_FR","og_type":"article","og_title":"SAC BANDOULI\u00c8RE GONDOLA GALA CERISE - Walking Mum","og_description":"Fonctionnel, l\u00e9ger et tr\u00e8s \u00e9l\u00e9gant : le sac id\u00e9al pour les sorties avec votre b\u00e9b\u00e9. Le sac de type gondole avec bandouli\u00e8re de la collection Walking Mum Gala Cerise est l&rsquo;option parfaite pour celles qui recherchent un sac de maternit\u00e9 l\u00e9ger, compact et tr\u00e8s organis\u00e9. Son design incurv\u00e9 de type gondole est parfait pour \u00eatre [&hellip;]","og_url":"https:\/\/walkingmum.com\/fr\/produit\/sac-bandouliere-gondola-gala-cerise\/","og_site_name":"Walking Mum","og_image":[{"width":1800,"height":1800,"url":"https:\/\/walkingmum.com\/wp-content\/uploads\/2025\/09\/1120800602_a-1.jpg","type":"image\/jpeg"}],"twitter_card":"summary_large_image","twitter_misc":{"Dur\u00e9e de lecture estim\u00e9e":"2 minutes"},"schema":{"@context":"https:\/\/schema.org","@graph":[{"@type":"WebPage","@id":"https:\/\/walkingmum.com\/fr\/produit\/sac-bandouliere-gondola-gala-cerise\/","url":"https:\/\/walkingmum.com\/fr\/produit\/sac-bandouliere-gondola-gala-cerise\/","name":"SAC BANDOULI\u00c8RE GONDOLA GALA CERISE - Walking Mum","isPartOf":{"@id":"https:\/\/walkingmum.com\/#website"},"primaryImageOfPage":{"@id":"https:\/\/walkingmum.com\/fr\/produit\/sac-bandouliere-gondola-gala-cerise\/#primaryimage"},"image":{"@id":"https:\/\/walkingmum.com\/fr\/produit\/sac-bandouliere-gondola-gala-cerise\/#primaryimage"},"thumbnailUrl":"https:\/\/walkingmum.com\/wp-content\/uploads\/2025\/09\/1120800602_a-1.jpg","datePublished":"2025-09-25T10:26:03+00:00","breadcrumb":{"@id":"https:\/\/walkingmum.com\/fr\/produit\/sac-bandouliere-gondola-gala-cerise\/#breadcrumb"},"inLanguage":"fr-FR","potentialAction":[{"@type":"ReadAction","target":["https:\/\/walkingmum.com\/fr\/produit\/sac-bandouliere-gondola-gala-cerise\/"]}]},{"@type":"ImageObject","inLanguage":"fr-FR","@id":"https:\/\/walkingmum.com\/fr\/produit\/sac-bandouliere-gondola-gala-cerise\/#primaryimage","url":"https:\/\/walkingmum.com\/wp-content\/uploads\/2025\/09\/1120800602_a-1.jpg","contentUrl":"https:\/\/walkingmum.com\/wp-content\/uploads\/2025\/09\/1120800602_a-1.jpg","width":1800,"height":1800},{"@type":"BreadcrumbList","@id":"https:\/\/walkingmum.com\/fr\/produit\/sac-bandouliere-gondola-gala-cerise\/#breadcrumb","itemListElement":[{"@type":"ListItem","position":1,"name":"Portada","item":"https:\/\/walkingmum.com\/fr\/"},{"@type":"ListItem","position":2,"name":"Tienda","item":"https:\/\/walkingmum.com\/tienda\/"},{"@type":"ListItem","position":3,"name":"SAC BANDOULI\u00c8RE GONDOLA GALA CERISE"}]},{"@type":"WebSite","@id":"https:\/\/walkingmum.com\/#website","url":"https:\/\/walkingmum.com\/","name":"Walking Mum","description":"La marca para beb\u00e9s modernos","potentialAction":[{"@type":"SearchAction","target":{"@type":"EntryPoint","urlTemplate":"https:\/\/walkingmum.com\/?s={search_term_string}"},"query-input":{"@type":"PropertyValueSpecification","valueRequired":true,"valueName":"search_term_string"}}],"inLanguage":"fr-FR"}]}},"_links":{"self":[{"href":"https:\/\/walkingmum.com\/fr\/wp-json\/wp\/v2\/product\/32986","targetHints":{"allow":["GET"]}}],"collection":[{"href":"https:\/\/walkingmum.com\/fr\/wp-json\/wp\/v2\/product"}],"about":[{"href":"https:\/\/walkingmum.com\/fr\/wp-json\/wp\/v2\/types\/product"}],"replies":[{"embeddable":true,"href":"https:\/\/walkingmum.com\/fr\/wp-json\/wp\/v2\/comments?post=32986"}],"wp:featuredmedia":[{"embeddable":true,"href":"https:\/\/walkingmum.com\/fr\/wp-json\/wp\/v2\/media\/31615"}],"wp:attachment":[{"href":"https:\/\/walkingmum.com\/fr\/wp-json\/wp\/v2\/media?parent=32986"}],"wp:term":[{"taxonomy":"colecciones","embeddable":true,"href":"https:\/\/walkingmum.com\/fr\/wp-json\/wp\/v2\/colecciones?post=32986"},{"taxonomy":"product_brand","embeddable":true,"href":"https:\/\/walkingmum.com\/fr\/wp-json\/wp\/v2\/product_brand?post=32986"},{"taxonomy":"product_cat","embeddable":true,"href":"https:\/\/walkingmum.com\/fr\/wp-json\/wp\/v2\/product_cat?post=32986"},{"taxonomy":"product_tag","embeddable":true,"href":"https:\/\/walkingmum.com\/fr\/wp-json\/wp\/v2\/product_tag?post=32986"}],"curies":[{"name":"wp","href":"https:\/\/api.w.org\/{rel}","templated":true}]}}