{"id":31390,"date":"2025-06-12T14:30:20","date_gmt":"2025-06-12T14:30:20","guid":{"rendered":"https:\/\/walkingmum.com\/?post_type=product&#038;p=31390"},"modified":"2025-06-12T14:55:13","modified_gmt":"2025-06-12T14:55:13","slug":"jouets-summer-sintra-beige","status":"publish","type":"product","link":"https:\/\/walkingmum.com\/fr\/produit\/jouets-summer-sintra-beige\/","title":{"rendered":"JOUETS SUMMER SINTRA BEIGE"},"content":{"rendered":"<p>Ensemble de jouets de plage de la collection Sintra de Walking Mum. Notre ensemble de plage Poppy est id\u00e9al pour que votre enfant explore, imagine et joue dans le sable. Il est le compagnon id\u00e9al pour que votre enfant profite pleinement de l&rsquo;\u00e9t\u00e9. Fabriqu\u00e9 avec des mat\u00e9riaux durables et s\u00fbrs, il comprend tout le n\u00e9cessaire pour des heures de jeu en plein air. Il comprend 8 pi\u00e8ces\u00a0: un seau, un arrosoir, une pelle, un r\u00e2teau et 4 moules aux formes adorables. Fabriqu\u00e9 en PP + fibre de paille de bl\u00e9, plus \u00e9cologique et durable. Pr\u00e9sent\u00e9 dans un sac en filet pour un transport et un rangement faciles. \u00c2ge recommand\u00e9\u00a0: +18 mois. Conforme \u00e0 la norme de s\u00e9curit\u00e9 EN-71 pour les jouets pour enfants. Design exclusif Walking Mum avec des illustrations mignonnes et modernes. Emportez-le avec vous \u00e0 la plage, au parc ou au jardin. Avec Walking Mum, le plaisir est garanti\u00a0!<\/p>\n","protected":false},"excerpt":{"rendered":"<p>Ensemble de jouets de plage de la collection Sintra de Walking Mum. Notre ensemble de plage Poppy est id\u00e9al pour que votre enfant explore, imagine et joue dans le sable. Il est le compagnon id\u00e9al pour que votre enfant profite pleinement de l&rsquo;\u00e9t\u00e9. Fabriqu\u00e9 avec des mat\u00e9riaux durables et s\u00fbrs, il comprend tout le n\u00e9cessaire [&hellip;]<\/p>\n","protected":false},"featured_media":31300,"comment_status":"closed","ping_status":"closed","template":"","meta":{"_acf_changed":false,"inline_featured_image":false},"colecciones":[],"product_brand":[],"product_cat":[268],"product_tag":[],"class_list":{"0":"post-31390","1":"product","2":"type-product","3":"status-publish","4":"has-post-thumbnail","6":"product_cat-special-prices-fr","8":"first","9":"instock","10":"purchasable","11":"product-type-simple"},"acf":[],"yoast_head":"<!-- This site is optimized with the Yoast SEO plugin v27.5 - https:\/\/yoast.com\/product\/yoast-seo-wordpress\/ -->\n<title>JOUETS SUMMER SINTRA BEIGE - Walking Mum<\/title>\n<meta name=\"robots\" content=\"index, follow, max-snippet:-1, max-image-preview:large, max-video-preview:-1\" \/>\n<link rel=\"canonical\" href=\"https:\/\/walkingmum.com\/fr\/produit\/jouets-summer-sintra-beige\/\" \/>\n<meta property=\"og:locale\" content=\"fr_FR\" \/>\n<meta property=\"og:type\" content=\"article\" \/>\n<meta property=\"og:title\" content=\"JOUETS SUMMER SINTRA BEIGE - Walking Mum\" \/>\n<meta property=\"og:description\" content=\"Ensemble de jouets de plage de la collection Sintra de Walking Mum. Notre ensemble de plage Poppy est id\u00e9al pour que votre enfant explore, imagine et joue dans le sable. Il est le compagnon id\u00e9al pour que votre enfant profite pleinement de l&rsquo;\u00e9t\u00e9. Fabriqu\u00e9 avec des mat\u00e9riaux durables et s\u00fbrs, il comprend tout le n\u00e9cessaire [&hellip;]\" \/>\n<meta property=\"og:url\" content=\"https:\/\/walkingmum.com\/fr\/produit\/jouets-summer-sintra-beige\/\" \/>\n<meta property=\"og:site_name\" content=\"Walking Mum\" \/>\n<meta property=\"article:modified_time\" content=\"2025-06-12T14:55:13+00:00\" \/>\n<meta property=\"og:image\" content=\"https:\/\/walkingmum.com\/wp-content\/uploads\/2025\/06\/1120800573_a-1.jpg\" \/>\n\t<meta property=\"og:image:width\" content=\"900\" \/>\n\t<meta property=\"og:image:height\" content=\"900\" \/>\n\t<meta property=\"og:image:type\" content=\"image\/jpeg\" \/>\n<meta name=\"twitter:card\" content=\"summary_large_image\" \/>\n<meta name=\"twitter:label1\" content=\"Dur\u00e9e de lecture estim\u00e9e\" \/>\n\t<meta name=\"twitter:data1\" content=\"1 minute\" \/>\n<script type=\"application\/ld+json\" class=\"yoast-schema-graph\">{\"@context\":\"https:\\\/\\\/schema.org\",\"@graph\":[{\"@type\":\"WebPage\",\"@id\":\"https:\\\/\\\/walkingmum.com\\\/fr\\\/produit\\\/jouets-summer-sintra-beige\\\/\",\"url\":\"https:\\\/\\\/walkingmum.com\\\/fr\\\/produit\\\/jouets-summer-sintra-beige\\\/\",\"name\":\"JOUETS SUMMER SINTRA BEIGE - Walking Mum\",\"isPartOf\":{\"@id\":\"https:\\\/\\\/walkingmum.com\\\/#website\"},\"primaryImageOfPage\":{\"@id\":\"https:\\\/\\\/walkingmum.com\\\/fr\\\/produit\\\/jouets-summer-sintra-beige\\\/#primaryimage\"},\"image\":{\"@id\":\"https:\\\/\\\/walkingmum.com\\\/fr\\\/produit\\\/jouets-summer-sintra-beige\\\/#primaryimage\"},\"thumbnailUrl\":\"https:\\\/\\\/walkingmum.com\\\/wp-content\\\/uploads\\\/2025\\\/06\\\/1120800573_a-1.jpg\",\"datePublished\":\"2025-06-12T14:30:20+00:00\",\"dateModified\":\"2025-06-12T14:55:13+00:00\",\"breadcrumb\":{\"@id\":\"https:\\\/\\\/walkingmum.com\\\/fr\\\/produit\\\/jouets-summer-sintra-beige\\\/#breadcrumb\"},\"inLanguage\":\"fr-FR\",\"potentialAction\":[{\"@type\":\"ReadAction\",\"target\":[\"https:\\\/\\\/walkingmum.com\\\/fr\\\/produit\\\/jouets-summer-sintra-beige\\\/\"]}]},{\"@type\":\"ImageObject\",\"inLanguage\":\"fr-FR\",\"@id\":\"https:\\\/\\\/walkingmum.com\\\/fr\\\/produit\\\/jouets-summer-sintra-beige\\\/#primaryimage\",\"url\":\"https:\\\/\\\/walkingmum.com\\\/wp-content\\\/uploads\\\/2025\\\/06\\\/1120800573_a-1.jpg\",\"contentUrl\":\"https:\\\/\\\/walkingmum.com\\\/wp-content\\\/uploads\\\/2025\\\/06\\\/1120800573_a-1.jpg\",\"width\":900,\"height\":900},{\"@type\":\"BreadcrumbList\",\"@id\":\"https:\\\/\\\/walkingmum.com\\\/fr\\\/produit\\\/jouets-summer-sintra-beige\\\/#breadcrumb\",\"itemListElement\":[{\"@type\":\"ListItem\",\"position\":1,\"name\":\"Portada\",\"item\":\"https:\\\/\\\/walkingmum.com\\\/fr\\\/\"},{\"@type\":\"ListItem\",\"position\":2,\"name\":\"Tienda\",\"item\":\"https:\\\/\\\/walkingmum.com\\\/tienda\\\/\"},{\"@type\":\"ListItem\",\"position\":3,\"name\":\"JOUETS SUMMER SINTRA BEIGE\"}]},{\"@type\":\"WebSite\",\"@id\":\"https:\\\/\\\/walkingmum.com\\\/#website\",\"url\":\"https:\\\/\\\/walkingmum.com\\\/\",\"name\":\"Walking Mum\",\"description\":\"La marca para beb\u00e9s modernos\",\"potentialAction\":[{\"@type\":\"SearchAction\",\"target\":{\"@type\":\"EntryPoint\",\"urlTemplate\":\"https:\\\/\\\/walkingmum.com\\\/?s={search_term_string}\"},\"query-input\":{\"@type\":\"PropertyValueSpecification\",\"valueRequired\":true,\"valueName\":\"search_term_string\"}}],\"inLanguage\":\"fr-FR\"}]}<\/script>\n<!-- \/ Yoast SEO plugin. -->","yoast_head_json":{"title":"JOUETS SUMMER SINTRA BEIGE - Walking Mum","robots":{"index":"index","follow":"follow","max-snippet":"max-snippet:-1","max-image-preview":"max-image-preview:large","max-video-preview":"max-video-preview:-1"},"canonical":"https:\/\/walkingmum.com\/fr\/produit\/jouets-summer-sintra-beige\/","og_locale":"fr_FR","og_type":"article","og_title":"JOUETS SUMMER SINTRA BEIGE - Walking Mum","og_description":"Ensemble de jouets de plage de la collection Sintra de Walking Mum. Notre ensemble de plage Poppy est id\u00e9al pour que votre enfant explore, imagine et joue dans le sable. Il est le compagnon id\u00e9al pour que votre enfant profite pleinement de l&rsquo;\u00e9t\u00e9. Fabriqu\u00e9 avec des mat\u00e9riaux durables et s\u00fbrs, il comprend tout le n\u00e9cessaire [&hellip;]","og_url":"https:\/\/walkingmum.com\/fr\/produit\/jouets-summer-sintra-beige\/","og_site_name":"Walking Mum","article_modified_time":"2025-06-12T14:55:13+00:00","og_image":[{"width":900,"height":900,"url":"https:\/\/walkingmum.com\/wp-content\/uploads\/2025\/06\/1120800573_a-1.jpg","type":"image\/jpeg"}],"twitter_card":"summary_large_image","twitter_misc":{"Dur\u00e9e de lecture estim\u00e9e":"1 minute"},"schema":{"@context":"https:\/\/schema.org","@graph":[{"@type":"WebPage","@id":"https:\/\/walkingmum.com\/fr\/produit\/jouets-summer-sintra-beige\/","url":"https:\/\/walkingmum.com\/fr\/produit\/jouets-summer-sintra-beige\/","name":"JOUETS SUMMER SINTRA BEIGE - Walking Mum","isPartOf":{"@id":"https:\/\/walkingmum.com\/#website"},"primaryImageOfPage":{"@id":"https:\/\/walkingmum.com\/fr\/produit\/jouets-summer-sintra-beige\/#primaryimage"},"image":{"@id":"https:\/\/walkingmum.com\/fr\/produit\/jouets-summer-sintra-beige\/#primaryimage"},"thumbnailUrl":"https:\/\/walkingmum.com\/wp-content\/uploads\/2025\/06\/1120800573_a-1.jpg","datePublished":"2025-06-12T14:30:20+00:00","dateModified":"2025-06-12T14:55:13+00:00","breadcrumb":{"@id":"https:\/\/walkingmum.com\/fr\/produit\/jouets-summer-sintra-beige\/#breadcrumb"},"inLanguage":"fr-FR","potentialAction":[{"@type":"ReadAction","target":["https:\/\/walkingmum.com\/fr\/produit\/jouets-summer-sintra-beige\/"]}]},{"@type":"ImageObject","inLanguage":"fr-FR","@id":"https:\/\/walkingmum.com\/fr\/produit\/jouets-summer-sintra-beige\/#primaryimage","url":"https:\/\/walkingmum.com\/wp-content\/uploads\/2025\/06\/1120800573_a-1.jpg","contentUrl":"https:\/\/walkingmum.com\/wp-content\/uploads\/2025\/06\/1120800573_a-1.jpg","width":900,"height":900},{"@type":"BreadcrumbList","@id":"https:\/\/walkingmum.com\/fr\/produit\/jouets-summer-sintra-beige\/#breadcrumb","itemListElement":[{"@type":"ListItem","position":1,"name":"Portada","item":"https:\/\/walkingmum.com\/fr\/"},{"@type":"ListItem","position":2,"name":"Tienda","item":"https:\/\/walkingmum.com\/tienda\/"},{"@type":"ListItem","position":3,"name":"JOUETS SUMMER SINTRA BEIGE"}]},{"@type":"WebSite","@id":"https:\/\/walkingmum.com\/#website","url":"https:\/\/walkingmum.com\/","name":"Walking Mum","description":"La marca para beb\u00e9s modernos","potentialAction":[{"@type":"SearchAction","target":{"@type":"EntryPoint","urlTemplate":"https:\/\/walkingmum.com\/?s={search_term_string}"},"query-input":{"@type":"PropertyValueSpecification","valueRequired":true,"valueName":"search_term_string"}}],"inLanguage":"fr-FR"}]}},"_links":{"self":[{"href":"https:\/\/walkingmum.com\/fr\/wp-json\/wp\/v2\/product\/31390","targetHints":{"allow":["GET"]}}],"collection":[{"href":"https:\/\/walkingmum.com\/fr\/wp-json\/wp\/v2\/product"}],"about":[{"href":"https:\/\/walkingmum.com\/fr\/wp-json\/wp\/v2\/types\/product"}],"replies":[{"embeddable":true,"href":"https:\/\/walkingmum.com\/fr\/wp-json\/wp\/v2\/comments?post=31390"}],"wp:featuredmedia":[{"embeddable":true,"href":"https:\/\/walkingmum.com\/fr\/wp-json\/wp\/v2\/media\/31300"}],"wp:attachment":[{"href":"https:\/\/walkingmum.com\/fr\/wp-json\/wp\/v2\/media?parent=31390"}],"wp:term":[{"taxonomy":"colecciones","embeddable":true,"href":"https:\/\/walkingmum.com\/fr\/wp-json\/wp\/v2\/colecciones?post=31390"},{"taxonomy":"product_brand","embeddable":true,"href":"https:\/\/walkingmum.com\/fr\/wp-json\/wp\/v2\/product_brand?post=31390"},{"taxonomy":"product_cat","embeddable":true,"href":"https:\/\/walkingmum.com\/fr\/wp-json\/wp\/v2\/product_cat?post=31390"},{"taxonomy":"product_tag","embeddable":true,"href":"https:\/\/walkingmum.com\/fr\/wp-json\/wp\/v2\/product_tag?post=31390"}],"curies":[{"name":"wp","href":"https:\/\/api.w.org\/{rel}","templated":true}]}}