{"id":31387,"date":"2025-06-12T14:30:20","date_gmt":"2025-06-12T14:30:20","guid":{"rendered":"https:\/\/walkingmum.com\/?post_type=product&#038;p=31387"},"modified":"2025-06-12T14:55:11","modified_gmt":"2025-06-12T14:55:11","slug":"tente-anti-uv-summer-poppy-moss","status":"publish","type":"product","link":"https:\/\/walkingmum.com\/fr\/produit\/tente-anti-uv-summer-poppy-moss\/","title":{"rendered":"TENTE ANTI-UV SUMMER POPPY MOSS"},"content":{"rendered":"<p>Tente anti-UV SPF 50+ de la collection Poppy de Walking mum. Protection solaire et confort pour b\u00e9b\u00e9, o\u00f9 qu&rsquo;il soit ! La tente anti-UV Poppy Summer Camp est con\u00e7ue pour prot\u00e9ger b\u00e9b\u00e9 du soleil, du vent et du sable d\u00e8s le premier jour. Gr\u00e2ce \u00e0 sa toile de protection solaire SPF 50+, profitez de vos journ\u00e9es en plein air en toute s\u00e9r\u00e9nit\u00e9. Protection solaire, toile avec filtre UV SPF 50+. Tissu 100 % polyester, l\u00e9ger et r\u00e9sistant. Syst\u00e8me pop-up, se d\u00e9plie et se replie en quelques secondes. Fen\u00eatre arri\u00e8re avec rabat pour une ventilation optimale. 4 piquets inclus pour la fixation au sol. Sac de transport pratique et compact avec poign\u00e9e. Conforme aux normes de s\u00e9curit\u00e9 EN-71 et UPF EN 13758. Dimensions : 120 x 84 x 70 cm. \u00c0 partir de 0 mois. Id\u00e9ale pour la plage, le parc ou le jardin. Emportez-la avec vous et cr\u00e9ez un espace frais et s\u00fbr pour votre tout-petit \u00e0 tout moment !<\/p>\n","protected":false},"excerpt":{"rendered":"<p>Tente anti-UV SPF 50+ de la collection Poppy de Walking mum. Protection solaire et confort pour b\u00e9b\u00e9, o\u00f9 qu&rsquo;il soit ! La tente anti-UV Poppy Summer Camp est con\u00e7ue pour prot\u00e9ger b\u00e9b\u00e9 du soleil, du vent et du sable d\u00e8s le premier jour. Gr\u00e2ce \u00e0 sa toile de protection solaire SPF 50+, profitez de vos [&hellip;]<\/p>\n","protected":false},"featured_media":31221,"comment_status":"closed","ping_status":"closed","template":"","meta":{"_acf_changed":false,"inline_featured_image":false},"colecciones":[],"product_brand":[],"product_cat":[268],"product_tag":[],"class_list":{"0":"post-31387","1":"product","2":"type-product","3":"status-publish","4":"has-post-thumbnail","6":"product_cat-special-prices-fr","8":"first","9":"instock","10":"purchasable","11":"product-type-simple"},"acf":[],"yoast_head":"<!-- This site is optimized with the Yoast SEO plugin v27.5 - https:\/\/yoast.com\/product\/yoast-seo-wordpress\/ -->\n<title>TENTE ANTI-UV SUMMER POPPY MOSS - Walking Mum<\/title>\n<meta name=\"robots\" content=\"index, follow, max-snippet:-1, max-image-preview:large, max-video-preview:-1\" \/>\n<link rel=\"canonical\" href=\"https:\/\/walkingmum.com\/fr\/produit\/tente-anti-uv-summer-poppy-moss\/\" \/>\n<meta property=\"og:locale\" content=\"fr_FR\" \/>\n<meta property=\"og:type\" content=\"article\" \/>\n<meta property=\"og:title\" content=\"TENTE ANTI-UV SUMMER POPPY MOSS - Walking Mum\" \/>\n<meta property=\"og:description\" content=\"Tente anti-UV SPF 50+ de la collection Poppy de Walking mum. Protection solaire et confort pour b\u00e9b\u00e9, o\u00f9 qu&rsquo;il soit ! La tente anti-UV Poppy Summer Camp est con\u00e7ue pour prot\u00e9ger b\u00e9b\u00e9 du soleil, du vent et du sable d\u00e8s le premier jour. Gr\u00e2ce \u00e0 sa toile de protection solaire SPF 50+, profitez de vos [&hellip;]\" \/>\n<meta property=\"og:url\" content=\"https:\/\/walkingmum.com\/fr\/produit\/tente-anti-uv-summer-poppy-moss\/\" \/>\n<meta property=\"og:site_name\" content=\"Walking Mum\" \/>\n<meta property=\"article:modified_time\" content=\"2025-06-12T14:55:11+00:00\" \/>\n<meta property=\"og:image\" content=\"https:\/\/walkingmum.com\/wp-content\/uploads\/2025\/06\/1120800568_a-1.jpg\" \/>\n\t<meta property=\"og:image:width\" content=\"900\" \/>\n\t<meta property=\"og:image:height\" content=\"900\" \/>\n\t<meta property=\"og:image:type\" content=\"image\/jpeg\" \/>\n<meta name=\"twitter:card\" content=\"summary_large_image\" \/>\n<meta name=\"twitter:label1\" content=\"Dur\u00e9e de lecture estim\u00e9e\" \/>\n\t<meta name=\"twitter:data1\" content=\"1 minute\" \/>\n<script type=\"application\/ld+json\" class=\"yoast-schema-graph\">{\"@context\":\"https:\\\/\\\/schema.org\",\"@graph\":[{\"@type\":\"WebPage\",\"@id\":\"https:\\\/\\\/walkingmum.com\\\/fr\\\/produit\\\/tente-anti-uv-summer-poppy-moss\\\/\",\"url\":\"https:\\\/\\\/walkingmum.com\\\/fr\\\/produit\\\/tente-anti-uv-summer-poppy-moss\\\/\",\"name\":\"TENTE ANTI-UV SUMMER POPPY MOSS - Walking Mum\",\"isPartOf\":{\"@id\":\"https:\\\/\\\/walkingmum.com\\\/#website\"},\"primaryImageOfPage\":{\"@id\":\"https:\\\/\\\/walkingmum.com\\\/fr\\\/produit\\\/tente-anti-uv-summer-poppy-moss\\\/#primaryimage\"},\"image\":{\"@id\":\"https:\\\/\\\/walkingmum.com\\\/fr\\\/produit\\\/tente-anti-uv-summer-poppy-moss\\\/#primaryimage\"},\"thumbnailUrl\":\"https:\\\/\\\/walkingmum.com\\\/wp-content\\\/uploads\\\/2025\\\/06\\\/1120800568_a-1.jpg\",\"datePublished\":\"2025-06-12T14:30:20+00:00\",\"dateModified\":\"2025-06-12T14:55:11+00:00\",\"breadcrumb\":{\"@id\":\"https:\\\/\\\/walkingmum.com\\\/fr\\\/produit\\\/tente-anti-uv-summer-poppy-moss\\\/#breadcrumb\"},\"inLanguage\":\"fr-FR\",\"potentialAction\":[{\"@type\":\"ReadAction\",\"target\":[\"https:\\\/\\\/walkingmum.com\\\/fr\\\/produit\\\/tente-anti-uv-summer-poppy-moss\\\/\"]}]},{\"@type\":\"ImageObject\",\"inLanguage\":\"fr-FR\",\"@id\":\"https:\\\/\\\/walkingmum.com\\\/fr\\\/produit\\\/tente-anti-uv-summer-poppy-moss\\\/#primaryimage\",\"url\":\"https:\\\/\\\/walkingmum.com\\\/wp-content\\\/uploads\\\/2025\\\/06\\\/1120800568_a-1.jpg\",\"contentUrl\":\"https:\\\/\\\/walkingmum.com\\\/wp-content\\\/uploads\\\/2025\\\/06\\\/1120800568_a-1.jpg\",\"width\":900,\"height\":900},{\"@type\":\"BreadcrumbList\",\"@id\":\"https:\\\/\\\/walkingmum.com\\\/fr\\\/produit\\\/tente-anti-uv-summer-poppy-moss\\\/#breadcrumb\",\"itemListElement\":[{\"@type\":\"ListItem\",\"position\":1,\"name\":\"Portada\",\"item\":\"https:\\\/\\\/walkingmum.com\\\/fr\\\/\"},{\"@type\":\"ListItem\",\"position\":2,\"name\":\"Tienda\",\"item\":\"https:\\\/\\\/walkingmum.com\\\/tienda\\\/\"},{\"@type\":\"ListItem\",\"position\":3,\"name\":\"TENTE ANTI-UV SUMMER POPPY MOSS\"}]},{\"@type\":\"WebSite\",\"@id\":\"https:\\\/\\\/walkingmum.com\\\/#website\",\"url\":\"https:\\\/\\\/walkingmum.com\\\/\",\"name\":\"Walking Mum\",\"description\":\"La marca para beb\u00e9s modernos\",\"potentialAction\":[{\"@type\":\"SearchAction\",\"target\":{\"@type\":\"EntryPoint\",\"urlTemplate\":\"https:\\\/\\\/walkingmum.com\\\/?s={search_term_string}\"},\"query-input\":{\"@type\":\"PropertyValueSpecification\",\"valueRequired\":true,\"valueName\":\"search_term_string\"}}],\"inLanguage\":\"fr-FR\"}]}<\/script>\n<!-- \/ Yoast SEO plugin. -->","yoast_head_json":{"title":"TENTE ANTI-UV SUMMER POPPY MOSS - Walking Mum","robots":{"index":"index","follow":"follow","max-snippet":"max-snippet:-1","max-image-preview":"max-image-preview:large","max-video-preview":"max-video-preview:-1"},"canonical":"https:\/\/walkingmum.com\/fr\/produit\/tente-anti-uv-summer-poppy-moss\/","og_locale":"fr_FR","og_type":"article","og_title":"TENTE ANTI-UV SUMMER POPPY MOSS - Walking Mum","og_description":"Tente anti-UV SPF 50+ de la collection Poppy de Walking mum. Protection solaire et confort pour b\u00e9b\u00e9, o\u00f9 qu&rsquo;il soit ! La tente anti-UV Poppy Summer Camp est con\u00e7ue pour prot\u00e9ger b\u00e9b\u00e9 du soleil, du vent et du sable d\u00e8s le premier jour. Gr\u00e2ce \u00e0 sa toile de protection solaire SPF 50+, profitez de vos [&hellip;]","og_url":"https:\/\/walkingmum.com\/fr\/produit\/tente-anti-uv-summer-poppy-moss\/","og_site_name":"Walking Mum","article_modified_time":"2025-06-12T14:55:11+00:00","og_image":[{"width":900,"height":900,"url":"https:\/\/walkingmum.com\/wp-content\/uploads\/2025\/06\/1120800568_a-1.jpg","type":"image\/jpeg"}],"twitter_card":"summary_large_image","twitter_misc":{"Dur\u00e9e de lecture estim\u00e9e":"1 minute"},"schema":{"@context":"https:\/\/schema.org","@graph":[{"@type":"WebPage","@id":"https:\/\/walkingmum.com\/fr\/produit\/tente-anti-uv-summer-poppy-moss\/","url":"https:\/\/walkingmum.com\/fr\/produit\/tente-anti-uv-summer-poppy-moss\/","name":"TENTE ANTI-UV SUMMER POPPY MOSS - Walking Mum","isPartOf":{"@id":"https:\/\/walkingmum.com\/#website"},"primaryImageOfPage":{"@id":"https:\/\/walkingmum.com\/fr\/produit\/tente-anti-uv-summer-poppy-moss\/#primaryimage"},"image":{"@id":"https:\/\/walkingmum.com\/fr\/produit\/tente-anti-uv-summer-poppy-moss\/#primaryimage"},"thumbnailUrl":"https:\/\/walkingmum.com\/wp-content\/uploads\/2025\/06\/1120800568_a-1.jpg","datePublished":"2025-06-12T14:30:20+00:00","dateModified":"2025-06-12T14:55:11+00:00","breadcrumb":{"@id":"https:\/\/walkingmum.com\/fr\/produit\/tente-anti-uv-summer-poppy-moss\/#breadcrumb"},"inLanguage":"fr-FR","potentialAction":[{"@type":"ReadAction","target":["https:\/\/walkingmum.com\/fr\/produit\/tente-anti-uv-summer-poppy-moss\/"]}]},{"@type":"ImageObject","inLanguage":"fr-FR","@id":"https:\/\/walkingmum.com\/fr\/produit\/tente-anti-uv-summer-poppy-moss\/#primaryimage","url":"https:\/\/walkingmum.com\/wp-content\/uploads\/2025\/06\/1120800568_a-1.jpg","contentUrl":"https:\/\/walkingmum.com\/wp-content\/uploads\/2025\/06\/1120800568_a-1.jpg","width":900,"height":900},{"@type":"BreadcrumbList","@id":"https:\/\/walkingmum.com\/fr\/produit\/tente-anti-uv-summer-poppy-moss\/#breadcrumb","itemListElement":[{"@type":"ListItem","position":1,"name":"Portada","item":"https:\/\/walkingmum.com\/fr\/"},{"@type":"ListItem","position":2,"name":"Tienda","item":"https:\/\/walkingmum.com\/tienda\/"},{"@type":"ListItem","position":3,"name":"TENTE ANTI-UV SUMMER POPPY MOSS"}]},{"@type":"WebSite","@id":"https:\/\/walkingmum.com\/#website","url":"https:\/\/walkingmum.com\/","name":"Walking Mum","description":"La marca para beb\u00e9s modernos","potentialAction":[{"@type":"SearchAction","target":{"@type":"EntryPoint","urlTemplate":"https:\/\/walkingmum.com\/?s={search_term_string}"},"query-input":{"@type":"PropertyValueSpecification","valueRequired":true,"valueName":"search_term_string"}}],"inLanguage":"fr-FR"}]}},"_links":{"self":[{"href":"https:\/\/walkingmum.com\/fr\/wp-json\/wp\/v2\/product\/31387","targetHints":{"allow":["GET"]}}],"collection":[{"href":"https:\/\/walkingmum.com\/fr\/wp-json\/wp\/v2\/product"}],"about":[{"href":"https:\/\/walkingmum.com\/fr\/wp-json\/wp\/v2\/types\/product"}],"replies":[{"embeddable":true,"href":"https:\/\/walkingmum.com\/fr\/wp-json\/wp\/v2\/comments?post=31387"}],"wp:featuredmedia":[{"embeddable":true,"href":"https:\/\/walkingmum.com\/fr\/wp-json\/wp\/v2\/media\/31221"}],"wp:attachment":[{"href":"https:\/\/walkingmum.com\/fr\/wp-json\/wp\/v2\/media?parent=31387"}],"wp:term":[{"taxonomy":"colecciones","embeddable":true,"href":"https:\/\/walkingmum.com\/fr\/wp-json\/wp\/v2\/colecciones?post=31387"},{"taxonomy":"product_brand","embeddable":true,"href":"https:\/\/walkingmum.com\/fr\/wp-json\/wp\/v2\/product_brand?post=31387"},{"taxonomy":"product_cat","embeddable":true,"href":"https:\/\/walkingmum.com\/fr\/wp-json\/wp\/v2\/product_cat?post=31387"},{"taxonomy":"product_tag","embeddable":true,"href":"https:\/\/walkingmum.com\/fr\/wp-json\/wp\/v2\/product_tag?post=31387"}],"curies":[{"name":"wp","href":"https:\/\/api.w.org\/{rel}","templated":true}]}}