{"id":31377,"date":"2025-06-12T14:30:21","date_gmt":"2025-06-12T14:55:13","guid":{"rendered":"https:\/\/walkingmum.com\/?post_type=product&#038;p=31377"},"modified":"2025-06-12T14:55:13","modified_gmt":"2025-06-12T14:55:13","slug":"bouteille-isotherme-500-ml-botton-fleurs","status":"publish","type":"product","link":"https:\/\/walkingmum.com\/fr\/produit\/bouteille-isotherme-500-ml-botton-fleurs\/","title":{"rendered":"BOUTEILLE ISOTHERME 500 ML BOTTON FLEURS"},"content":{"rendered":"<p>Gardez les boissons de votre enfant \u00e0 la temp\u00e9rature id\u00e9ale gr\u00e2ce \u00e0 la gourde thermos en acier inoxydable avec paille de la collection Botton Fleurs de Walking Mum. Avec son design charmant et pratique, cette gourde est parfaite pour transporter de l&rsquo;eau lors des promenades, des excursions ou \u00e0 l&rsquo;\u00e9cole. Fabriqu\u00e9e en acier inoxydable de haute qualit\u00e9, elle garantit durabilit\u00e9 et solidit\u00e9, tout en gardant les boissons froides jusqu&rsquo;\u00e0 8 heures et chaudes jusqu&rsquo;\u00e0 8 heures. L&rsquo;isolation \u00e0 double paroi permet de maintenir les boissons \u00e0 la bonne temp\u00e9rature plus longtemps. Acier inoxydable, mat\u00e9riau durable, hygi\u00e9nique et sans BPA. Paille souple, adapt\u00e9e aux enfants, pour une consommation facile. Couvercle \u00e9tanche, \u00e9vitant les d\u00e9versements accidentels. Capacit\u00e9 de 500 ml, id\u00e9ale pour emporter les liquides n\u00e9cessaires. Imprim\u00e9 amusant et tendance avec des motifs de la collection Botton de Walking Mum &#8211; la gourde id\u00e9ale pour hydrater votre enfant avec style ! Laver avant la premi\u00e8re utilisation. Il est recommand\u00e9 de le laver \u00e0 la main pour prolonger la dur\u00e9e de vie du motif. Ne passe pas au micro-ondes ou au lave-vaisselle.<\/p>\n","protected":false},"excerpt":{"rendered":"<p>Gardez les boissons de votre enfant \u00e0 la temp\u00e9rature id\u00e9ale gr\u00e2ce \u00e0 la gourde thermos en acier inoxydable avec paille de la collection Botton Fleurs de Walking Mum. Avec son design charmant et pratique, cette gourde est parfaite pour transporter de l&rsquo;eau lors des promenades, des excursions ou \u00e0 l&rsquo;\u00e9cole. Fabriqu\u00e9e en acier inoxydable de [&hellip;]<\/p>\n","protected":false},"featured_media":31027,"comment_status":"closed","ping_status":"closed","template":"","meta":{"_acf_changed":false,"inline_featured_image":false},"colecciones":[389],"product_brand":[],"product_cat":[384],"product_tag":[],"class_list":{"0":"post-31377","1":"product","2":"type-product","3":"status-publish","4":"has-post-thumbnail","6":"colecciones-collection-botton","7":"product_cat-walking-mum-kids-fr","9":"first","10":"instock","11":"purchasable","12":"product-type-simple"},"acf":[],"yoast_head":"<!-- This site is optimized with the Yoast SEO plugin v27.3 - https:\/\/yoast.com\/product\/yoast-seo-wordpress\/ -->\n<title>BOUTEILLE ISOTHERME 500 ML BOTTON FLEURS - Walking Mum<\/title>\n<meta name=\"robots\" content=\"index, follow, max-snippet:-1, max-image-preview:large, max-video-preview:-1\" \/>\n<link rel=\"canonical\" href=\"https:\/\/walkingmum.com\/fr\/produit\/bouteille-isotherme-500-ml-botton-fleurs\/\" \/>\n<meta property=\"og:locale\" content=\"fr_FR\" \/>\n<meta property=\"og:type\" content=\"article\" \/>\n<meta property=\"og:title\" content=\"BOUTEILLE ISOTHERME 500 ML BOTTON FLEURS - Walking Mum\" \/>\n<meta property=\"og:description\" content=\"Gardez les boissons de votre enfant \u00e0 la temp\u00e9rature id\u00e9ale gr\u00e2ce \u00e0 la gourde thermos en acier inoxydable avec paille de la collection Botton Fleurs de Walking Mum. Avec son design charmant et pratique, cette gourde est parfaite pour transporter de l&rsquo;eau lors des promenades, des excursions ou \u00e0 l&rsquo;\u00e9cole. Fabriqu\u00e9e en acier inoxydable de [&hellip;]\" \/>\n<meta property=\"og:url\" content=\"https:\/\/walkingmum.com\/fr\/produit\/bouteille-isotherme-500-ml-botton-fleurs\/\" \/>\n<meta property=\"og:site_name\" content=\"Walking Mum\" \/>\n<meta property=\"og:image\" content=\"https:\/\/walkingmum.com\/wp-content\/uploads\/2025\/06\/1120800580_a-1.jpg\" \/>\n\t<meta property=\"og:image:width\" content=\"900\" \/>\n\t<meta property=\"og:image:height\" content=\"900\" \/>\n\t<meta property=\"og:image:type\" content=\"image\/jpeg\" \/>\n<meta name=\"twitter:card\" content=\"summary_large_image\" \/>\n<meta name=\"twitter:label1\" content=\"Dur\u00e9e de lecture estim\u00e9e\" \/>\n\t<meta name=\"twitter:data1\" content=\"1 minute\" \/>\n<script type=\"application\/ld+json\" class=\"yoast-schema-graph\">{\"@context\":\"https:\\\/\\\/schema.org\",\"@graph\":[{\"@type\":\"WebPage\",\"@id\":\"https:\\\/\\\/walkingmum.com\\\/fr\\\/produit\\\/bouteille-isotherme-500-ml-botton-fleurs\\\/\",\"url\":\"https:\\\/\\\/walkingmum.com\\\/fr\\\/produit\\\/bouteille-isotherme-500-ml-botton-fleurs\\\/\",\"name\":\"BOUTEILLE ISOTHERME 500 ML BOTTON FLEURS - Walking Mum\",\"isPartOf\":{\"@id\":\"https:\\\/\\\/walkingmum.com\\\/#website\"},\"primaryImageOfPage\":{\"@id\":\"https:\\\/\\\/walkingmum.com\\\/fr\\\/produit\\\/bouteille-isotherme-500-ml-botton-fleurs\\\/#primaryimage\"},\"image\":{\"@id\":\"https:\\\/\\\/walkingmum.com\\\/fr\\\/produit\\\/bouteille-isotherme-500-ml-botton-fleurs\\\/#primaryimage\"},\"thumbnailUrl\":\"https:\\\/\\\/walkingmum.com\\\/wp-content\\\/uploads\\\/2025\\\/06\\\/1120800580_a-1.jpg\",\"datePublished\":\"2025-06-12T14:55:13+00:00\",\"breadcrumb\":{\"@id\":\"https:\\\/\\\/walkingmum.com\\\/fr\\\/produit\\\/bouteille-isotherme-500-ml-botton-fleurs\\\/#breadcrumb\"},\"inLanguage\":\"fr-FR\",\"potentialAction\":[{\"@type\":\"ReadAction\",\"target\":[\"https:\\\/\\\/walkingmum.com\\\/fr\\\/produit\\\/bouteille-isotherme-500-ml-botton-fleurs\\\/\"]}]},{\"@type\":\"ImageObject\",\"inLanguage\":\"fr-FR\",\"@id\":\"https:\\\/\\\/walkingmum.com\\\/fr\\\/produit\\\/bouteille-isotherme-500-ml-botton-fleurs\\\/#primaryimage\",\"url\":\"https:\\\/\\\/walkingmum.com\\\/wp-content\\\/uploads\\\/2025\\\/06\\\/1120800580_a-1.jpg\",\"contentUrl\":\"https:\\\/\\\/walkingmum.com\\\/wp-content\\\/uploads\\\/2025\\\/06\\\/1120800580_a-1.jpg\",\"width\":900,\"height\":900},{\"@type\":\"BreadcrumbList\",\"@id\":\"https:\\\/\\\/walkingmum.com\\\/fr\\\/produit\\\/bouteille-isotherme-500-ml-botton-fleurs\\\/#breadcrumb\",\"itemListElement\":[{\"@type\":\"ListItem\",\"position\":1,\"name\":\"Portada\",\"item\":\"https:\\\/\\\/walkingmum.com\\\/fr\\\/\"},{\"@type\":\"ListItem\",\"position\":2,\"name\":\"Tienda\",\"item\":\"https:\\\/\\\/walkingmum.com\\\/tienda\\\/\"},{\"@type\":\"ListItem\",\"position\":3,\"name\":\"BOUTEILLE ISOTHERME 500 ML BOTTON FLEURS\"}]},{\"@type\":\"WebSite\",\"@id\":\"https:\\\/\\\/walkingmum.com\\\/#website\",\"url\":\"https:\\\/\\\/walkingmum.com\\\/\",\"name\":\"Walking Mum\",\"description\":\"La marca para beb\u00e9s modernos\",\"potentialAction\":[{\"@type\":\"SearchAction\",\"target\":{\"@type\":\"EntryPoint\",\"urlTemplate\":\"https:\\\/\\\/walkingmum.com\\\/?s={search_term_string}\"},\"query-input\":{\"@type\":\"PropertyValueSpecification\",\"valueRequired\":true,\"valueName\":\"search_term_string\"}}],\"inLanguage\":\"fr-FR\"}]}<\/script>\n<!-- \/ Yoast SEO plugin. -->","yoast_head_json":{"title":"BOUTEILLE ISOTHERME 500 ML BOTTON FLEURS - Walking Mum","robots":{"index":"index","follow":"follow","max-snippet":"max-snippet:-1","max-image-preview":"max-image-preview:large","max-video-preview":"max-video-preview:-1"},"canonical":"https:\/\/walkingmum.com\/fr\/produit\/bouteille-isotherme-500-ml-botton-fleurs\/","og_locale":"fr_FR","og_type":"article","og_title":"BOUTEILLE ISOTHERME 500 ML BOTTON FLEURS - Walking Mum","og_description":"Gardez les boissons de votre enfant \u00e0 la temp\u00e9rature id\u00e9ale gr\u00e2ce \u00e0 la gourde thermos en acier inoxydable avec paille de la collection Botton Fleurs de Walking Mum. Avec son design charmant et pratique, cette gourde est parfaite pour transporter de l&rsquo;eau lors des promenades, des excursions ou \u00e0 l&rsquo;\u00e9cole. Fabriqu\u00e9e en acier inoxydable de [&hellip;]","og_url":"https:\/\/walkingmum.com\/fr\/produit\/bouteille-isotherme-500-ml-botton-fleurs\/","og_site_name":"Walking Mum","og_image":[{"width":900,"height":900,"url":"https:\/\/walkingmum.com\/wp-content\/uploads\/2025\/06\/1120800580_a-1.jpg","type":"image\/jpeg"}],"twitter_card":"summary_large_image","twitter_misc":{"Dur\u00e9e de lecture estim\u00e9e":"1 minute"},"schema":{"@context":"https:\/\/schema.org","@graph":[{"@type":"WebPage","@id":"https:\/\/walkingmum.com\/fr\/produit\/bouteille-isotherme-500-ml-botton-fleurs\/","url":"https:\/\/walkingmum.com\/fr\/produit\/bouteille-isotherme-500-ml-botton-fleurs\/","name":"BOUTEILLE ISOTHERME 500 ML BOTTON FLEURS - Walking Mum","isPartOf":{"@id":"https:\/\/walkingmum.com\/#website"},"primaryImageOfPage":{"@id":"https:\/\/walkingmum.com\/fr\/produit\/bouteille-isotherme-500-ml-botton-fleurs\/#primaryimage"},"image":{"@id":"https:\/\/walkingmum.com\/fr\/produit\/bouteille-isotherme-500-ml-botton-fleurs\/#primaryimage"},"thumbnailUrl":"https:\/\/walkingmum.com\/wp-content\/uploads\/2025\/06\/1120800580_a-1.jpg","datePublished":"2025-06-12T14:55:13+00:00","breadcrumb":{"@id":"https:\/\/walkingmum.com\/fr\/produit\/bouteille-isotherme-500-ml-botton-fleurs\/#breadcrumb"},"inLanguage":"fr-FR","potentialAction":[{"@type":"ReadAction","target":["https:\/\/walkingmum.com\/fr\/produit\/bouteille-isotherme-500-ml-botton-fleurs\/"]}]},{"@type":"ImageObject","inLanguage":"fr-FR","@id":"https:\/\/walkingmum.com\/fr\/produit\/bouteille-isotherme-500-ml-botton-fleurs\/#primaryimage","url":"https:\/\/walkingmum.com\/wp-content\/uploads\/2025\/06\/1120800580_a-1.jpg","contentUrl":"https:\/\/walkingmum.com\/wp-content\/uploads\/2025\/06\/1120800580_a-1.jpg","width":900,"height":900},{"@type":"BreadcrumbList","@id":"https:\/\/walkingmum.com\/fr\/produit\/bouteille-isotherme-500-ml-botton-fleurs\/#breadcrumb","itemListElement":[{"@type":"ListItem","position":1,"name":"Portada","item":"https:\/\/walkingmum.com\/fr\/"},{"@type":"ListItem","position":2,"name":"Tienda","item":"https:\/\/walkingmum.com\/tienda\/"},{"@type":"ListItem","position":3,"name":"BOUTEILLE ISOTHERME 500 ML BOTTON FLEURS"}]},{"@type":"WebSite","@id":"https:\/\/walkingmum.com\/#website","url":"https:\/\/walkingmum.com\/","name":"Walking Mum","description":"La marca para beb\u00e9s modernos","potentialAction":[{"@type":"SearchAction","target":{"@type":"EntryPoint","urlTemplate":"https:\/\/walkingmum.com\/?s={search_term_string}"},"query-input":{"@type":"PropertyValueSpecification","valueRequired":true,"valueName":"search_term_string"}}],"inLanguage":"fr-FR"}]}},"_links":{"self":[{"href":"https:\/\/walkingmum.com\/fr\/wp-json\/wp\/v2\/product\/31377","targetHints":{"allow":["GET"]}}],"collection":[{"href":"https:\/\/walkingmum.com\/fr\/wp-json\/wp\/v2\/product"}],"about":[{"href":"https:\/\/walkingmum.com\/fr\/wp-json\/wp\/v2\/types\/product"}],"replies":[{"embeddable":true,"href":"https:\/\/walkingmum.com\/fr\/wp-json\/wp\/v2\/comments?post=31377"}],"wp:featuredmedia":[{"embeddable":true,"href":"https:\/\/walkingmum.com\/fr\/wp-json\/wp\/v2\/media\/31027"}],"wp:attachment":[{"href":"https:\/\/walkingmum.com\/fr\/wp-json\/wp\/v2\/media?parent=31377"}],"wp:term":[{"taxonomy":"colecciones","embeddable":true,"href":"https:\/\/walkingmum.com\/fr\/wp-json\/wp\/v2\/colecciones?post=31377"},{"taxonomy":"product_brand","embeddable":true,"href":"https:\/\/walkingmum.com\/fr\/wp-json\/wp\/v2\/product_brand?post=31377"},{"taxonomy":"product_cat","embeddable":true,"href":"https:\/\/walkingmum.com\/fr\/wp-json\/wp\/v2\/product_cat?post=31377"},{"taxonomy":"product_tag","embeddable":true,"href":"https:\/\/walkingmum.com\/fr\/wp-json\/wp\/v2\/product_tag?post=31377"}],"curies":[{"name":"wp","href":"https:\/\/api.w.org\/{rel}","templated":true}]}}