{"id":30665,"date":"2025-04-07T08:17:55","date_gmt":"2025-04-07T08:19:29","guid":{"rendered":"https:\/\/walkingmum.com\/?post_type=product&#038;p=30665"},"modified":"2025-04-07T08:19:29","modified_gmt":"2025-04-07T08:19:29","slug":"chaise-haute-transportable-sintra-beige","status":"publish","type":"product","link":"https:\/\/walkingmum.com\/fr\/produit\/chaise-haute-transportable-sintra-beige\/","title":{"rendered":"CHAISE HAUTE TRANSPORTABLE SINTRA BEIGE"},"content":{"rendered":"<p>Ce r\u00e9hausseur portable Sintra beige est la solution id\u00e9ale pour les parents en d\u00e9placement qui souhaitent offrir \u00e0 leurs petits un si\u00e8ge s\u00fbr et confortable. Avec son design moderne dans des tons neutres, Ce r\u00e9hausseur \u00e9l\u00e9gant et fonctionnel est la solution id\u00e9ale pour nourrir votre b\u00e9b\u00e9 en d\u00e9placement. Sa conception pliable permet de l&#8217;emporter partout, que ce soit au restaurant, en voyage ou chez les grands-parents. Il est dot\u00e9 d&rsquo;une bandouli\u00e8re pour un transport confortable. Il comprend un compartiment de rangement \u00e0 la base, id\u00e9al pour ranger les couches, les lingettes ou d&rsquo;autres articles essentiels pour b\u00e9b\u00e9. S&rsquo;adapte \u00e0 la plupart des chaises standard pour adultes, offrant polyvalence et confort dans divers environnements. Comprend des sangles r\u00e9glables pour une fixation rapide et s\u00fbre au dossier et au si\u00e8ge. Les dimensions minimales des chaises pour adultes pour pouvoir fixer la chaise haute sont les suivantes : hauteur minimale du dossier 48,5 cm, largeur minimale de l&rsquo;assise 36 cm et profondeur minimale de l&rsquo;assise 34 cm. Il est \u00e9quip\u00e9e de harnais r\u00e9glables qui maintiennent l&rsquo;enfant bien en place, pour une s\u00e9curit\u00e9 maximale pendant les repas. Fabriqu\u00e9 en mat\u00e9riaux de haute qualit\u00e9, durables et r\u00e9sistants, il est id\u00e9al pour un usage quotidien. Il est tr\u00e8s facile \u00e0 nettoyer car les housses sont enti\u00e8rement d\u00e9houssables. Ce r\u00e9hausseur est con\u00e7ue pour les b\u00e9b\u00e9s qui peuvent s&rsquo;asseoir seuls. De 6 mois \u00e0 3 ans maximum ou un poids maximum de 15 kg. Conforme \u00e0 la norme EN 16120:2012+A2:2016. Si\u00e8ge rehausseur. Walking Mum prot\u00e8ge votre b\u00e9b\u00e9 en utilisant les meilleurs tissus, sans colorants azo\u00efques ni substances nocives pour la sant\u00e9. Sp\u00e9cifications : Mat\u00e9riaux : 100% Polyester. Dimensions en position ferm\u00e9e : 29x36x31 cm.<\/p>\n","protected":false},"excerpt":{"rendered":"<p>Ce r\u00e9hausseur portable Sintra beige est la solution id\u00e9ale pour les parents en d\u00e9placement qui souhaitent offrir \u00e0 leurs petits un si\u00e8ge s\u00fbr et confortable. Avec son design moderne dans des tons neutres, Ce r\u00e9hausseur \u00e9l\u00e9gant et fonctionnel est la solution id\u00e9ale pour nourrir votre b\u00e9b\u00e9 en d\u00e9placement. Sa conception pliable permet de l&#8217;emporter partout, [&hellip;]<\/p>\n","protected":false},"featured_media":30398,"comment_status":"closed","ping_status":"closed","template":"","meta":{"_acf_changed":false,"inline_featured_image":false},"colecciones":[390],"product_brand":[],"product_cat":[381],"product_tag":[],"class_list":{"0":"post-30665","1":"product","2":"type-product","3":"status-publish","4":"has-post-thumbnail","6":"colecciones-collection-sintra","7":"product_cat-chaise-haute","9":"first","10":"instock","11":"purchasable","12":"product-type-simple"},"acf":[],"yoast_head":"<!-- This site is optimized with the Yoast SEO plugin v27.4 - https:\/\/yoast.com\/product\/yoast-seo-wordpress\/ -->\n<title>CHAISE HAUTE TRANSPORTABLE SINTRA BEIGE - Walking Mum<\/title>\n<meta name=\"robots\" content=\"index, follow, max-snippet:-1, max-image-preview:large, max-video-preview:-1\" \/>\n<link rel=\"canonical\" href=\"https:\/\/walkingmum.com\/fr\/produit\/chaise-haute-transportable-sintra-beige\/\" \/>\n<meta property=\"og:locale\" content=\"fr_FR\" \/>\n<meta property=\"og:type\" content=\"article\" \/>\n<meta property=\"og:title\" content=\"CHAISE HAUTE TRANSPORTABLE SINTRA BEIGE - Walking Mum\" \/>\n<meta property=\"og:description\" content=\"Ce r\u00e9hausseur portable Sintra beige est la solution id\u00e9ale pour les parents en d\u00e9placement qui souhaitent offrir \u00e0 leurs petits un si\u00e8ge s\u00fbr et confortable. Avec son design moderne dans des tons neutres, Ce r\u00e9hausseur \u00e9l\u00e9gant et fonctionnel est la solution id\u00e9ale pour nourrir votre b\u00e9b\u00e9 en d\u00e9placement. Sa conception pliable permet de l&#8217;emporter partout, [&hellip;]\" \/>\n<meta property=\"og:url\" content=\"https:\/\/walkingmum.com\/fr\/produit\/chaise-haute-transportable-sintra-beige\/\" \/>\n<meta property=\"og:site_name\" content=\"Walking Mum\" \/>\n<meta property=\"og:image\" content=\"https:\/\/walkingmum.com\/wp-content\/uploads\/2025\/04\/1120800562_a-1.jpg\" \/>\n\t<meta property=\"og:image:width\" content=\"900\" \/>\n\t<meta property=\"og:image:height\" content=\"900\" \/>\n\t<meta property=\"og:image:type\" content=\"image\/jpeg\" \/>\n<meta name=\"twitter:card\" content=\"summary_large_image\" \/>\n<meta name=\"twitter:label1\" content=\"Dur\u00e9e de lecture estim\u00e9e\" \/>\n\t<meta name=\"twitter:data1\" content=\"1 minute\" \/>\n<script type=\"application\/ld+json\" class=\"yoast-schema-graph\">{\"@context\":\"https:\\\/\\\/schema.org\",\"@graph\":[{\"@type\":\"WebPage\",\"@id\":\"https:\\\/\\\/walkingmum.com\\\/fr\\\/produit\\\/chaise-haute-transportable-sintra-beige\\\/\",\"url\":\"https:\\\/\\\/walkingmum.com\\\/fr\\\/produit\\\/chaise-haute-transportable-sintra-beige\\\/\",\"name\":\"CHAISE HAUTE TRANSPORTABLE SINTRA BEIGE - Walking Mum\",\"isPartOf\":{\"@id\":\"https:\\\/\\\/walkingmum.com\\\/#website\"},\"primaryImageOfPage\":{\"@id\":\"https:\\\/\\\/walkingmum.com\\\/fr\\\/produit\\\/chaise-haute-transportable-sintra-beige\\\/#primaryimage\"},\"image\":{\"@id\":\"https:\\\/\\\/walkingmum.com\\\/fr\\\/produit\\\/chaise-haute-transportable-sintra-beige\\\/#primaryimage\"},\"thumbnailUrl\":\"https:\\\/\\\/walkingmum.com\\\/wp-content\\\/uploads\\\/2025\\\/04\\\/1120800562_a-1.jpg\",\"datePublished\":\"2025-04-07T08:19:29+00:00\",\"breadcrumb\":{\"@id\":\"https:\\\/\\\/walkingmum.com\\\/fr\\\/produit\\\/chaise-haute-transportable-sintra-beige\\\/#breadcrumb\"},\"inLanguage\":\"fr-FR\",\"potentialAction\":[{\"@type\":\"ReadAction\",\"target\":[\"https:\\\/\\\/walkingmum.com\\\/fr\\\/produit\\\/chaise-haute-transportable-sintra-beige\\\/\"]}]},{\"@type\":\"ImageObject\",\"inLanguage\":\"fr-FR\",\"@id\":\"https:\\\/\\\/walkingmum.com\\\/fr\\\/produit\\\/chaise-haute-transportable-sintra-beige\\\/#primaryimage\",\"url\":\"https:\\\/\\\/walkingmum.com\\\/wp-content\\\/uploads\\\/2025\\\/04\\\/1120800562_a-1.jpg\",\"contentUrl\":\"https:\\\/\\\/walkingmum.com\\\/wp-content\\\/uploads\\\/2025\\\/04\\\/1120800562_a-1.jpg\",\"width\":900,\"height\":900},{\"@type\":\"BreadcrumbList\",\"@id\":\"https:\\\/\\\/walkingmum.com\\\/fr\\\/produit\\\/chaise-haute-transportable-sintra-beige\\\/#breadcrumb\",\"itemListElement\":[{\"@type\":\"ListItem\",\"position\":1,\"name\":\"Portada\",\"item\":\"https:\\\/\\\/walkingmum.com\\\/fr\\\/\"},{\"@type\":\"ListItem\",\"position\":2,\"name\":\"Tienda\",\"item\":\"https:\\\/\\\/walkingmum.com\\\/tienda\\\/\"},{\"@type\":\"ListItem\",\"position\":3,\"name\":\"CHAISE HAUTE TRANSPORTABLE SINTRA BEIGE\"}]},{\"@type\":\"WebSite\",\"@id\":\"https:\\\/\\\/walkingmum.com\\\/#website\",\"url\":\"https:\\\/\\\/walkingmum.com\\\/\",\"name\":\"Walking Mum\",\"description\":\"La marca para beb\u00e9s modernos\",\"potentialAction\":[{\"@type\":\"SearchAction\",\"target\":{\"@type\":\"EntryPoint\",\"urlTemplate\":\"https:\\\/\\\/walkingmum.com\\\/?s={search_term_string}\"},\"query-input\":{\"@type\":\"PropertyValueSpecification\",\"valueRequired\":true,\"valueName\":\"search_term_string\"}}],\"inLanguage\":\"fr-FR\"}]}<\/script>\n<!-- \/ Yoast SEO plugin. -->","yoast_head_json":{"title":"CHAISE HAUTE TRANSPORTABLE SINTRA BEIGE - Walking Mum","robots":{"index":"index","follow":"follow","max-snippet":"max-snippet:-1","max-image-preview":"max-image-preview:large","max-video-preview":"max-video-preview:-1"},"canonical":"https:\/\/walkingmum.com\/fr\/produit\/chaise-haute-transportable-sintra-beige\/","og_locale":"fr_FR","og_type":"article","og_title":"CHAISE HAUTE TRANSPORTABLE SINTRA BEIGE - Walking Mum","og_description":"Ce r\u00e9hausseur portable Sintra beige est la solution id\u00e9ale pour les parents en d\u00e9placement qui souhaitent offrir \u00e0 leurs petits un si\u00e8ge s\u00fbr et confortable. Avec son design moderne dans des tons neutres, Ce r\u00e9hausseur \u00e9l\u00e9gant et fonctionnel est la solution id\u00e9ale pour nourrir votre b\u00e9b\u00e9 en d\u00e9placement. Sa conception pliable permet de l&#8217;emporter partout, [&hellip;]","og_url":"https:\/\/walkingmum.com\/fr\/produit\/chaise-haute-transportable-sintra-beige\/","og_site_name":"Walking Mum","og_image":[{"width":900,"height":900,"url":"https:\/\/walkingmum.com\/wp-content\/uploads\/2025\/04\/1120800562_a-1.jpg","type":"image\/jpeg"}],"twitter_card":"summary_large_image","twitter_misc":{"Dur\u00e9e de lecture estim\u00e9e":"1 minute"},"schema":{"@context":"https:\/\/schema.org","@graph":[{"@type":"WebPage","@id":"https:\/\/walkingmum.com\/fr\/produit\/chaise-haute-transportable-sintra-beige\/","url":"https:\/\/walkingmum.com\/fr\/produit\/chaise-haute-transportable-sintra-beige\/","name":"CHAISE HAUTE TRANSPORTABLE SINTRA BEIGE - Walking Mum","isPartOf":{"@id":"https:\/\/walkingmum.com\/#website"},"primaryImageOfPage":{"@id":"https:\/\/walkingmum.com\/fr\/produit\/chaise-haute-transportable-sintra-beige\/#primaryimage"},"image":{"@id":"https:\/\/walkingmum.com\/fr\/produit\/chaise-haute-transportable-sintra-beige\/#primaryimage"},"thumbnailUrl":"https:\/\/walkingmum.com\/wp-content\/uploads\/2025\/04\/1120800562_a-1.jpg","datePublished":"2025-04-07T08:19:29+00:00","breadcrumb":{"@id":"https:\/\/walkingmum.com\/fr\/produit\/chaise-haute-transportable-sintra-beige\/#breadcrumb"},"inLanguage":"fr-FR","potentialAction":[{"@type":"ReadAction","target":["https:\/\/walkingmum.com\/fr\/produit\/chaise-haute-transportable-sintra-beige\/"]}]},{"@type":"ImageObject","inLanguage":"fr-FR","@id":"https:\/\/walkingmum.com\/fr\/produit\/chaise-haute-transportable-sintra-beige\/#primaryimage","url":"https:\/\/walkingmum.com\/wp-content\/uploads\/2025\/04\/1120800562_a-1.jpg","contentUrl":"https:\/\/walkingmum.com\/wp-content\/uploads\/2025\/04\/1120800562_a-1.jpg","width":900,"height":900},{"@type":"BreadcrumbList","@id":"https:\/\/walkingmum.com\/fr\/produit\/chaise-haute-transportable-sintra-beige\/#breadcrumb","itemListElement":[{"@type":"ListItem","position":1,"name":"Portada","item":"https:\/\/walkingmum.com\/fr\/"},{"@type":"ListItem","position":2,"name":"Tienda","item":"https:\/\/walkingmum.com\/tienda\/"},{"@type":"ListItem","position":3,"name":"CHAISE HAUTE TRANSPORTABLE SINTRA BEIGE"}]},{"@type":"WebSite","@id":"https:\/\/walkingmum.com\/#website","url":"https:\/\/walkingmum.com\/","name":"Walking Mum","description":"La marca para beb\u00e9s modernos","potentialAction":[{"@type":"SearchAction","target":{"@type":"EntryPoint","urlTemplate":"https:\/\/walkingmum.com\/?s={search_term_string}"},"query-input":{"@type":"PropertyValueSpecification","valueRequired":true,"valueName":"search_term_string"}}],"inLanguage":"fr-FR"}]}},"_links":{"self":[{"href":"https:\/\/walkingmum.com\/fr\/wp-json\/wp\/v2\/product\/30665","targetHints":{"allow":["GET"]}}],"collection":[{"href":"https:\/\/walkingmum.com\/fr\/wp-json\/wp\/v2\/product"}],"about":[{"href":"https:\/\/walkingmum.com\/fr\/wp-json\/wp\/v2\/types\/product"}],"replies":[{"embeddable":true,"href":"https:\/\/walkingmum.com\/fr\/wp-json\/wp\/v2\/comments?post=30665"}],"wp:featuredmedia":[{"embeddable":true,"href":"https:\/\/walkingmum.com\/fr\/wp-json\/wp\/v2\/media\/30398"}],"wp:attachment":[{"href":"https:\/\/walkingmum.com\/fr\/wp-json\/wp\/v2\/media?parent=30665"}],"wp:term":[{"taxonomy":"colecciones","embeddable":true,"href":"https:\/\/walkingmum.com\/fr\/wp-json\/wp\/v2\/colecciones?post=30665"},{"taxonomy":"product_brand","embeddable":true,"href":"https:\/\/walkingmum.com\/fr\/wp-json\/wp\/v2\/product_brand?post=30665"},{"taxonomy":"product_cat","embeddable":true,"href":"https:\/\/walkingmum.com\/fr\/wp-json\/wp\/v2\/product_cat?post=30665"},{"taxonomy":"product_tag","embeddable":true,"href":"https:\/\/walkingmum.com\/fr\/wp-json\/wp\/v2\/product_tag?post=30665"}],"curies":[{"name":"wp","href":"https:\/\/api.w.org\/{rel}","templated":true}]}}