{"id":30664,"date":"2025-04-07T08:25:43","date_gmt":"2025-04-07T08:27:26","guid":{"rendered":"https:\/\/walkingmum.com\/?post_type=product&#038;p=30664"},"modified":"2025-04-07T08:27:26","modified_gmt":"2025-04-07T08:27:26","slug":"balle-souple-botton","status":"publish","type":"product","link":"https:\/\/walkingmum.com\/fr\/produit\/balle-souple-botton\/","title":{"rendered":"BALLE SOUPLE BOTTON"},"content":{"rendered":"<p>La balle sensorielle Walking Mum Botton est un jouet id\u00e9al pour stimuler le d\u00e9veloppement sensoriel et moteur de votre b\u00e9b\u00e9. Con\u00e7ue avec des tissus en velours doux, cette balle pr\u00e9sente diff\u00e9rents motifs qui encouragent le toucher, la coordination et l&rsquo;exploration pr\u00e9coce. Mat\u00e9riau extra-doux et s\u00fbr, id\u00e9al pour les mains d\u00e9licates de b\u00e9b\u00e9. Facile \u00e0 saisir et \u00e0 manipuler. Encourage la coordination main-\u0153il et l&rsquo;apprentissage pr\u00e9coce. Cette balle en tissu encourage la curiosit\u00e9, le mouvement et l&rsquo;exploration par le jeu. Parfaite pour les b\u00e9b\u00e9s de 0 mois, elle aide \u00e0 am\u00e9liorer la dext\u00e9rit\u00e9 et la pr\u00e9hension d\u00e8s les premiers mois de la vie. Walking Mum prot\u00e8ge votre b\u00e9b\u00e9 en utilisant les meilleurs tissus, exempts de colorants azo\u00efques et de substances nocives pour la sant\u00e9. Conforme \u00e0 la norme europ\u00e9enne EN-71 S\u00e9curit\u00e9 des jouets +0 an.<\/p>\n","protected":false},"excerpt":{"rendered":"<p>La balle sensorielle Walking Mum Botton est un jouet id\u00e9al pour stimuler le d\u00e9veloppement sensoriel et moteur de votre b\u00e9b\u00e9. Con\u00e7ue avec des tissus en velours doux, cette balle pr\u00e9sente diff\u00e9rents motifs qui encouragent le toucher, la coordination et l&rsquo;exploration pr\u00e9coce. Mat\u00e9riau extra-doux et s\u00fbr, id\u00e9al pour les mains d\u00e9licates de b\u00e9b\u00e9. Facile \u00e0 saisir [&hellip;]<\/p>\n","protected":false},"featured_media":30386,"comment_status":"closed","ping_status":"closed","template":"","meta":{"_acf_changed":false,"inline_featured_image":false},"colecciones":[389],"product_brand":[],"product_cat":[255],"product_tag":[],"class_list":{"0":"post-30664","1":"product","2":"type-product","3":"status-publish","4":"has-post-thumbnail","6":"colecciones-collection-botton","7":"product_cat-peluches-et-accessories","9":"first","10":"instock","11":"purchasable","12":"product-type-simple"},"acf":[],"yoast_head":"<!-- This site is optimized with the Yoast SEO plugin v27.4 - https:\/\/yoast.com\/product\/yoast-seo-wordpress\/ -->\n<title>BALLE SOUPLE BOTTON - Walking Mum<\/title>\n<meta name=\"robots\" content=\"index, follow, max-snippet:-1, max-image-preview:large, max-video-preview:-1\" \/>\n<link rel=\"canonical\" href=\"https:\/\/walkingmum.com\/fr\/produit\/balle-souple-botton\/\" \/>\n<meta property=\"og:locale\" content=\"fr_FR\" \/>\n<meta property=\"og:type\" content=\"article\" \/>\n<meta property=\"og:title\" content=\"BALLE SOUPLE BOTTON - Walking Mum\" \/>\n<meta property=\"og:description\" content=\"La balle sensorielle Walking Mum Botton est un jouet id\u00e9al pour stimuler le d\u00e9veloppement sensoriel et moteur de votre b\u00e9b\u00e9. Con\u00e7ue avec des tissus en velours doux, cette balle pr\u00e9sente diff\u00e9rents motifs qui encouragent le toucher, la coordination et l&rsquo;exploration pr\u00e9coce. Mat\u00e9riau extra-doux et s\u00fbr, id\u00e9al pour les mains d\u00e9licates de b\u00e9b\u00e9. Facile \u00e0 saisir [&hellip;]\" \/>\n<meta property=\"og:url\" content=\"https:\/\/walkingmum.com\/fr\/produit\/balle-souple-botton\/\" \/>\n<meta property=\"og:site_name\" content=\"Walking Mum\" \/>\n<meta property=\"og:image\" content=\"https:\/\/walkingmum.com\/wp-content\/uploads\/2025\/04\/1120800559_a-1.jpg\" \/>\n\t<meta property=\"og:image:width\" content=\"900\" \/>\n\t<meta property=\"og:image:height\" content=\"900\" \/>\n\t<meta property=\"og:image:type\" content=\"image\/jpeg\" \/>\n<meta name=\"twitter:card\" content=\"summary_large_image\" \/>\n<meta name=\"twitter:label1\" content=\"Dur\u00e9e de lecture estim\u00e9e\" \/>\n\t<meta name=\"twitter:data1\" content=\"1 minute\" \/>\n<script type=\"application\/ld+json\" class=\"yoast-schema-graph\">{\"@context\":\"https:\\\/\\\/schema.org\",\"@graph\":[{\"@type\":\"WebPage\",\"@id\":\"https:\\\/\\\/walkingmum.com\\\/fr\\\/produit\\\/balle-souple-botton\\\/\",\"url\":\"https:\\\/\\\/walkingmum.com\\\/fr\\\/produit\\\/balle-souple-botton\\\/\",\"name\":\"BALLE SOUPLE BOTTON - Walking Mum\",\"isPartOf\":{\"@id\":\"https:\\\/\\\/walkingmum.com\\\/#website\"},\"primaryImageOfPage\":{\"@id\":\"https:\\\/\\\/walkingmum.com\\\/fr\\\/produit\\\/balle-souple-botton\\\/#primaryimage\"},\"image\":{\"@id\":\"https:\\\/\\\/walkingmum.com\\\/fr\\\/produit\\\/balle-souple-botton\\\/#primaryimage\"},\"thumbnailUrl\":\"https:\\\/\\\/walkingmum.com\\\/wp-content\\\/uploads\\\/2025\\\/04\\\/1120800559_a-1.jpg\",\"datePublished\":\"2025-04-07T08:27:26+00:00\",\"breadcrumb\":{\"@id\":\"https:\\\/\\\/walkingmum.com\\\/fr\\\/produit\\\/balle-souple-botton\\\/#breadcrumb\"},\"inLanguage\":\"fr-FR\",\"potentialAction\":[{\"@type\":\"ReadAction\",\"target\":[\"https:\\\/\\\/walkingmum.com\\\/fr\\\/produit\\\/balle-souple-botton\\\/\"]}]},{\"@type\":\"ImageObject\",\"inLanguage\":\"fr-FR\",\"@id\":\"https:\\\/\\\/walkingmum.com\\\/fr\\\/produit\\\/balle-souple-botton\\\/#primaryimage\",\"url\":\"https:\\\/\\\/walkingmum.com\\\/wp-content\\\/uploads\\\/2025\\\/04\\\/1120800559_a-1.jpg\",\"contentUrl\":\"https:\\\/\\\/walkingmum.com\\\/wp-content\\\/uploads\\\/2025\\\/04\\\/1120800559_a-1.jpg\",\"width\":900,\"height\":900},{\"@type\":\"BreadcrumbList\",\"@id\":\"https:\\\/\\\/walkingmum.com\\\/fr\\\/produit\\\/balle-souple-botton\\\/#breadcrumb\",\"itemListElement\":[{\"@type\":\"ListItem\",\"position\":1,\"name\":\"Portada\",\"item\":\"https:\\\/\\\/walkingmum.com\\\/fr\\\/\"},{\"@type\":\"ListItem\",\"position\":2,\"name\":\"Tienda\",\"item\":\"https:\\\/\\\/walkingmum.com\\\/tienda\\\/\"},{\"@type\":\"ListItem\",\"position\":3,\"name\":\"BALLE SOUPLE BOTTON\"}]},{\"@type\":\"WebSite\",\"@id\":\"https:\\\/\\\/walkingmum.com\\\/#website\",\"url\":\"https:\\\/\\\/walkingmum.com\\\/\",\"name\":\"Walking Mum\",\"description\":\"La marca para beb\u00e9s modernos\",\"potentialAction\":[{\"@type\":\"SearchAction\",\"target\":{\"@type\":\"EntryPoint\",\"urlTemplate\":\"https:\\\/\\\/walkingmum.com\\\/?s={search_term_string}\"},\"query-input\":{\"@type\":\"PropertyValueSpecification\",\"valueRequired\":true,\"valueName\":\"search_term_string\"}}],\"inLanguage\":\"fr-FR\"}]}<\/script>\n<!-- \/ Yoast SEO plugin. -->","yoast_head_json":{"title":"BALLE SOUPLE BOTTON - Walking Mum","robots":{"index":"index","follow":"follow","max-snippet":"max-snippet:-1","max-image-preview":"max-image-preview:large","max-video-preview":"max-video-preview:-1"},"canonical":"https:\/\/walkingmum.com\/fr\/produit\/balle-souple-botton\/","og_locale":"fr_FR","og_type":"article","og_title":"BALLE SOUPLE BOTTON - Walking Mum","og_description":"La balle sensorielle Walking Mum Botton est un jouet id\u00e9al pour stimuler le d\u00e9veloppement sensoriel et moteur de votre b\u00e9b\u00e9. Con\u00e7ue avec des tissus en velours doux, cette balle pr\u00e9sente diff\u00e9rents motifs qui encouragent le toucher, la coordination et l&rsquo;exploration pr\u00e9coce. Mat\u00e9riau extra-doux et s\u00fbr, id\u00e9al pour les mains d\u00e9licates de b\u00e9b\u00e9. Facile \u00e0 saisir [&hellip;]","og_url":"https:\/\/walkingmum.com\/fr\/produit\/balle-souple-botton\/","og_site_name":"Walking Mum","og_image":[{"width":900,"height":900,"url":"https:\/\/walkingmum.com\/wp-content\/uploads\/2025\/04\/1120800559_a-1.jpg","type":"image\/jpeg"}],"twitter_card":"summary_large_image","twitter_misc":{"Dur\u00e9e de lecture estim\u00e9e":"1 minute"},"schema":{"@context":"https:\/\/schema.org","@graph":[{"@type":"WebPage","@id":"https:\/\/walkingmum.com\/fr\/produit\/balle-souple-botton\/","url":"https:\/\/walkingmum.com\/fr\/produit\/balle-souple-botton\/","name":"BALLE SOUPLE BOTTON - Walking Mum","isPartOf":{"@id":"https:\/\/walkingmum.com\/#website"},"primaryImageOfPage":{"@id":"https:\/\/walkingmum.com\/fr\/produit\/balle-souple-botton\/#primaryimage"},"image":{"@id":"https:\/\/walkingmum.com\/fr\/produit\/balle-souple-botton\/#primaryimage"},"thumbnailUrl":"https:\/\/walkingmum.com\/wp-content\/uploads\/2025\/04\/1120800559_a-1.jpg","datePublished":"2025-04-07T08:27:26+00:00","breadcrumb":{"@id":"https:\/\/walkingmum.com\/fr\/produit\/balle-souple-botton\/#breadcrumb"},"inLanguage":"fr-FR","potentialAction":[{"@type":"ReadAction","target":["https:\/\/walkingmum.com\/fr\/produit\/balle-souple-botton\/"]}]},{"@type":"ImageObject","inLanguage":"fr-FR","@id":"https:\/\/walkingmum.com\/fr\/produit\/balle-souple-botton\/#primaryimage","url":"https:\/\/walkingmum.com\/wp-content\/uploads\/2025\/04\/1120800559_a-1.jpg","contentUrl":"https:\/\/walkingmum.com\/wp-content\/uploads\/2025\/04\/1120800559_a-1.jpg","width":900,"height":900},{"@type":"BreadcrumbList","@id":"https:\/\/walkingmum.com\/fr\/produit\/balle-souple-botton\/#breadcrumb","itemListElement":[{"@type":"ListItem","position":1,"name":"Portada","item":"https:\/\/walkingmum.com\/fr\/"},{"@type":"ListItem","position":2,"name":"Tienda","item":"https:\/\/walkingmum.com\/tienda\/"},{"@type":"ListItem","position":3,"name":"BALLE SOUPLE BOTTON"}]},{"@type":"WebSite","@id":"https:\/\/walkingmum.com\/#website","url":"https:\/\/walkingmum.com\/","name":"Walking Mum","description":"La marca para beb\u00e9s modernos","potentialAction":[{"@type":"SearchAction","target":{"@type":"EntryPoint","urlTemplate":"https:\/\/walkingmum.com\/?s={search_term_string}"},"query-input":{"@type":"PropertyValueSpecification","valueRequired":true,"valueName":"search_term_string"}}],"inLanguage":"fr-FR"}]}},"_links":{"self":[{"href":"https:\/\/walkingmum.com\/fr\/wp-json\/wp\/v2\/product\/30664","targetHints":{"allow":["GET"]}}],"collection":[{"href":"https:\/\/walkingmum.com\/fr\/wp-json\/wp\/v2\/product"}],"about":[{"href":"https:\/\/walkingmum.com\/fr\/wp-json\/wp\/v2\/types\/product"}],"replies":[{"embeddable":true,"href":"https:\/\/walkingmum.com\/fr\/wp-json\/wp\/v2\/comments?post=30664"}],"wp:featuredmedia":[{"embeddable":true,"href":"https:\/\/walkingmum.com\/fr\/wp-json\/wp\/v2\/media\/30386"}],"wp:attachment":[{"href":"https:\/\/walkingmum.com\/fr\/wp-json\/wp\/v2\/media?parent=30664"}],"wp:term":[{"taxonomy":"colecciones","embeddable":true,"href":"https:\/\/walkingmum.com\/fr\/wp-json\/wp\/v2\/colecciones?post=30664"},{"taxonomy":"product_brand","embeddable":true,"href":"https:\/\/walkingmum.com\/fr\/wp-json\/wp\/v2\/product_brand?post=30664"},{"taxonomy":"product_cat","embeddable":true,"href":"https:\/\/walkingmum.com\/fr\/wp-json\/wp\/v2\/product_cat?post=30664"},{"taxonomy":"product_tag","embeddable":true,"href":"https:\/\/walkingmum.com\/fr\/wp-json\/wp\/v2\/product_tag?post=30664"}],"curies":[{"name":"wp","href":"https:\/\/api.w.org\/{rel}","templated":true}]}}