{"id":30660,"date":"2025-04-07T08:17:56","date_gmt":"2025-04-07T08:19:28","guid":{"rendered":"https:\/\/walkingmum.com\/?post_type=product&#038;p=30660"},"modified":"2025-04-07T08:19:28","modified_gmt":"2025-04-07T08:19:28","slug":"sac-week-end-chien-sintra-beige","status":"publish","type":"product","link":"https:\/\/walkingmum.com\/fr\/produit\/sac-week-end-chien-sintra-beige\/","title":{"rendered":"SAC WEEK-END CHIEN SINTRA BEIGE"},"content":{"rendered":"<p>D\u00e9couvrez le sac de week-end beige Sintra de Walking Mum, le compagnon id\u00e9al pour les aventures quotidiennes de vos petits. Fabriqu\u00e9 dans un mat\u00e9riau lamin\u00e9 durable et pratique, ce sac multifonctionnel allie design moderne et praticit\u00e9, id\u00e9al pour le sport, la piscine ou les escapades du week-end. Con\u00e7u pour accompagner les enfants dans leurs activit\u00e9s quotidiennes sans perdre sa forme ni sa couleur. Son design permet de ranger tous les \u00e9l\u00e9ments essentiels, que ce soit pour la cr\u00e8che, le sport ou un week-end d&rsquo;amusement. Fermeture \u00e9clair s\u00e9curis\u00e9e. La longue bandouli\u00e8re r\u00e9glable et les poign\u00e9es sup\u00e9rieures permettent de le porter facilement \u00e0 la main. Design adorable avec oreilles en relief et d\u00e9tails brod\u00e9s. Fermeture \u00e9clair. Avec une touche moderne et attrayante, le sac de week-end beige Sintra de Walking Mum est adapt\u00e9 aux go\u00fbts des petits et aux exigences des mamans actives, qui recherchent la qualit\u00e9 et la fonctionnalit\u00e9 dans les moindres d\u00e9tails. Facile \u00e0 nettoyer \u00e0 la main ou en machine \u00e0 30\u00b0C. Walking Mum prot\u00e8ge votre b\u00e9b\u00e9 en utilisant les meilleurs tissus, exempts de colorants azo\u00efques et de substances nocives pour la sant\u00e9.<\/p>\n","protected":false},"excerpt":{"rendered":"<p>D\u00e9couvrez le sac de week-end beige Sintra de Walking Mum, le compagnon id\u00e9al pour les aventures quotidiennes de vos petits. Fabriqu\u00e9 dans un mat\u00e9riau lamin\u00e9 durable et pratique, ce sac multifonctionnel allie design moderne et praticit\u00e9, id\u00e9al pour le sport, la piscine ou les escapades du week-end. Con\u00e7u pour accompagner les enfants dans leurs activit\u00e9s [&hellip;]<\/p>\n","protected":false},"featured_media":30322,"comment_status":"closed","ping_status":"closed","template":"","meta":{"_acf_changed":false,"inline_featured_image":false},"colecciones":[390],"product_brand":[],"product_cat":[384],"product_tag":[],"class_list":{"0":"post-30660","1":"product","2":"type-product","3":"status-publish","4":"has-post-thumbnail","6":"colecciones-collection-sintra","7":"product_cat-walking-mum-kids-fr","9":"first","10":"instock","11":"purchasable","12":"product-type-simple"},"acf":[],"yoast_head":"<!-- This site is optimized with the Yoast SEO plugin v27.6 - https:\/\/yoast.com\/product\/yoast-seo-wordpress\/ -->\n<title>SAC WEEK-END CHIEN SINTRA BEIGE - Walking Mum<\/title>\n<meta name=\"robots\" content=\"index, follow, max-snippet:-1, max-image-preview:large, max-video-preview:-1\" \/>\n<link rel=\"canonical\" href=\"https:\/\/walkingmum.com\/fr\/produit\/sac-week-end-chien-sintra-beige\/\" \/>\n<meta property=\"og:locale\" content=\"fr_FR\" \/>\n<meta property=\"og:type\" content=\"article\" \/>\n<meta property=\"og:title\" content=\"SAC WEEK-END CHIEN SINTRA BEIGE - Walking Mum\" \/>\n<meta property=\"og:description\" content=\"D\u00e9couvrez le sac de week-end beige Sintra de Walking Mum, le compagnon id\u00e9al pour les aventures quotidiennes de vos petits. Fabriqu\u00e9 dans un mat\u00e9riau lamin\u00e9 durable et pratique, ce sac multifonctionnel allie design moderne et praticit\u00e9, id\u00e9al pour le sport, la piscine ou les escapades du week-end. Con\u00e7u pour accompagner les enfants dans leurs activit\u00e9s [&hellip;]\" \/>\n<meta property=\"og:url\" content=\"https:\/\/walkingmum.com\/fr\/produit\/sac-week-end-chien-sintra-beige\/\" \/>\n<meta property=\"og:site_name\" content=\"Walking Mum\" \/>\n<meta property=\"og:image\" content=\"https:\/\/walkingmum.com\/wp-content\/uploads\/2025\/04\/1120800555_a-1.jpg\" \/>\n\t<meta property=\"og:image:width\" content=\"900\" \/>\n\t<meta property=\"og:image:height\" content=\"900\" \/>\n\t<meta property=\"og:image:type\" content=\"image\/jpeg\" \/>\n<meta name=\"twitter:card\" content=\"summary_large_image\" \/>\n<meta name=\"twitter:label1\" content=\"Dur\u00e9e de lecture estim\u00e9e\" \/>\n\t<meta name=\"twitter:data1\" content=\"1 minute\" \/>\n<script type=\"application\/ld+json\" class=\"yoast-schema-graph\">{\"@context\":\"https:\\\/\\\/schema.org\",\"@graph\":[{\"@type\":\"WebPage\",\"@id\":\"https:\\\/\\\/walkingmum.com\\\/fr\\\/produit\\\/sac-week-end-chien-sintra-beige\\\/\",\"url\":\"https:\\\/\\\/walkingmum.com\\\/fr\\\/produit\\\/sac-week-end-chien-sintra-beige\\\/\",\"name\":\"SAC WEEK-END CHIEN SINTRA BEIGE - Walking Mum\",\"isPartOf\":{\"@id\":\"https:\\\/\\\/walkingmum.com\\\/#website\"},\"primaryImageOfPage\":{\"@id\":\"https:\\\/\\\/walkingmum.com\\\/fr\\\/produit\\\/sac-week-end-chien-sintra-beige\\\/#primaryimage\"},\"image\":{\"@id\":\"https:\\\/\\\/walkingmum.com\\\/fr\\\/produit\\\/sac-week-end-chien-sintra-beige\\\/#primaryimage\"},\"thumbnailUrl\":\"https:\\\/\\\/walkingmum.com\\\/wp-content\\\/uploads\\\/2025\\\/04\\\/1120800555_a-1.jpg\",\"datePublished\":\"2025-04-07T08:19:28+00:00\",\"breadcrumb\":{\"@id\":\"https:\\\/\\\/walkingmum.com\\\/fr\\\/produit\\\/sac-week-end-chien-sintra-beige\\\/#breadcrumb\"},\"inLanguage\":\"fr-FR\",\"potentialAction\":[{\"@type\":\"ReadAction\",\"target\":[\"https:\\\/\\\/walkingmum.com\\\/fr\\\/produit\\\/sac-week-end-chien-sintra-beige\\\/\"]}]},{\"@type\":\"ImageObject\",\"inLanguage\":\"fr-FR\",\"@id\":\"https:\\\/\\\/walkingmum.com\\\/fr\\\/produit\\\/sac-week-end-chien-sintra-beige\\\/#primaryimage\",\"url\":\"https:\\\/\\\/walkingmum.com\\\/wp-content\\\/uploads\\\/2025\\\/04\\\/1120800555_a-1.jpg\",\"contentUrl\":\"https:\\\/\\\/walkingmum.com\\\/wp-content\\\/uploads\\\/2025\\\/04\\\/1120800555_a-1.jpg\",\"width\":900,\"height\":900},{\"@type\":\"BreadcrumbList\",\"@id\":\"https:\\\/\\\/walkingmum.com\\\/fr\\\/produit\\\/sac-week-end-chien-sintra-beige\\\/#breadcrumb\",\"itemListElement\":[{\"@type\":\"ListItem\",\"position\":1,\"name\":\"Portada\",\"item\":\"https:\\\/\\\/walkingmum.com\\\/fr\\\/\"},{\"@type\":\"ListItem\",\"position\":2,\"name\":\"Tienda\",\"item\":\"https:\\\/\\\/walkingmum.com\\\/tienda\\\/\"},{\"@type\":\"ListItem\",\"position\":3,\"name\":\"SAC WEEK-END CHIEN SINTRA BEIGE\"}]},{\"@type\":\"WebSite\",\"@id\":\"https:\\\/\\\/walkingmum.com\\\/#website\",\"url\":\"https:\\\/\\\/walkingmum.com\\\/\",\"name\":\"Walking Mum\",\"description\":\"La marca para beb\u00e9s modernos\",\"potentialAction\":[{\"@type\":\"SearchAction\",\"target\":{\"@type\":\"EntryPoint\",\"urlTemplate\":\"https:\\\/\\\/walkingmum.com\\\/?s={search_term_string}\"},\"query-input\":{\"@type\":\"PropertyValueSpecification\",\"valueRequired\":true,\"valueName\":\"search_term_string\"}}],\"inLanguage\":\"fr-FR\"}]}<\/script>\n<!-- \/ Yoast SEO plugin. -->","yoast_head_json":{"title":"SAC WEEK-END CHIEN SINTRA BEIGE - Walking Mum","robots":{"index":"index","follow":"follow","max-snippet":"max-snippet:-1","max-image-preview":"max-image-preview:large","max-video-preview":"max-video-preview:-1"},"canonical":"https:\/\/walkingmum.com\/fr\/produit\/sac-week-end-chien-sintra-beige\/","og_locale":"fr_FR","og_type":"article","og_title":"SAC WEEK-END CHIEN SINTRA BEIGE - Walking Mum","og_description":"D\u00e9couvrez le sac de week-end beige Sintra de Walking Mum, le compagnon id\u00e9al pour les aventures quotidiennes de vos petits. Fabriqu\u00e9 dans un mat\u00e9riau lamin\u00e9 durable et pratique, ce sac multifonctionnel allie design moderne et praticit\u00e9, id\u00e9al pour le sport, la piscine ou les escapades du week-end. Con\u00e7u pour accompagner les enfants dans leurs activit\u00e9s [&hellip;]","og_url":"https:\/\/walkingmum.com\/fr\/produit\/sac-week-end-chien-sintra-beige\/","og_site_name":"Walking Mum","og_image":[{"width":900,"height":900,"url":"https:\/\/walkingmum.com\/wp-content\/uploads\/2025\/04\/1120800555_a-1.jpg","type":"image\/jpeg"}],"twitter_card":"summary_large_image","twitter_misc":{"Dur\u00e9e de lecture estim\u00e9e":"1 minute"},"schema":{"@context":"https:\/\/schema.org","@graph":[{"@type":"WebPage","@id":"https:\/\/walkingmum.com\/fr\/produit\/sac-week-end-chien-sintra-beige\/","url":"https:\/\/walkingmum.com\/fr\/produit\/sac-week-end-chien-sintra-beige\/","name":"SAC WEEK-END CHIEN SINTRA BEIGE - Walking Mum","isPartOf":{"@id":"https:\/\/walkingmum.com\/#website"},"primaryImageOfPage":{"@id":"https:\/\/walkingmum.com\/fr\/produit\/sac-week-end-chien-sintra-beige\/#primaryimage"},"image":{"@id":"https:\/\/walkingmum.com\/fr\/produit\/sac-week-end-chien-sintra-beige\/#primaryimage"},"thumbnailUrl":"https:\/\/walkingmum.com\/wp-content\/uploads\/2025\/04\/1120800555_a-1.jpg","datePublished":"2025-04-07T08:19:28+00:00","breadcrumb":{"@id":"https:\/\/walkingmum.com\/fr\/produit\/sac-week-end-chien-sintra-beige\/#breadcrumb"},"inLanguage":"fr-FR","potentialAction":[{"@type":"ReadAction","target":["https:\/\/walkingmum.com\/fr\/produit\/sac-week-end-chien-sintra-beige\/"]}]},{"@type":"ImageObject","inLanguage":"fr-FR","@id":"https:\/\/walkingmum.com\/fr\/produit\/sac-week-end-chien-sintra-beige\/#primaryimage","url":"https:\/\/walkingmum.com\/wp-content\/uploads\/2025\/04\/1120800555_a-1.jpg","contentUrl":"https:\/\/walkingmum.com\/wp-content\/uploads\/2025\/04\/1120800555_a-1.jpg","width":900,"height":900},{"@type":"BreadcrumbList","@id":"https:\/\/walkingmum.com\/fr\/produit\/sac-week-end-chien-sintra-beige\/#breadcrumb","itemListElement":[{"@type":"ListItem","position":1,"name":"Portada","item":"https:\/\/walkingmum.com\/fr\/"},{"@type":"ListItem","position":2,"name":"Tienda","item":"https:\/\/walkingmum.com\/tienda\/"},{"@type":"ListItem","position":3,"name":"SAC WEEK-END CHIEN SINTRA BEIGE"}]},{"@type":"WebSite","@id":"https:\/\/walkingmum.com\/#website","url":"https:\/\/walkingmum.com\/","name":"Walking Mum","description":"La marca para beb\u00e9s modernos","potentialAction":[{"@type":"SearchAction","target":{"@type":"EntryPoint","urlTemplate":"https:\/\/walkingmum.com\/?s={search_term_string}"},"query-input":{"@type":"PropertyValueSpecification","valueRequired":true,"valueName":"search_term_string"}}],"inLanguage":"fr-FR"}]}},"_links":{"self":[{"href":"https:\/\/walkingmum.com\/fr\/wp-json\/wp\/v2\/product\/30660","targetHints":{"allow":["GET"]}}],"collection":[{"href":"https:\/\/walkingmum.com\/fr\/wp-json\/wp\/v2\/product"}],"about":[{"href":"https:\/\/walkingmum.com\/fr\/wp-json\/wp\/v2\/types\/product"}],"replies":[{"embeddable":true,"href":"https:\/\/walkingmum.com\/fr\/wp-json\/wp\/v2\/comments?post=30660"}],"wp:featuredmedia":[{"embeddable":true,"href":"https:\/\/walkingmum.com\/fr\/wp-json\/wp\/v2\/media\/30322"}],"wp:attachment":[{"href":"https:\/\/walkingmum.com\/fr\/wp-json\/wp\/v2\/media?parent=30660"}],"wp:term":[{"taxonomy":"colecciones","embeddable":true,"href":"https:\/\/walkingmum.com\/fr\/wp-json\/wp\/v2\/colecciones?post=30660"},{"taxonomy":"product_brand","embeddable":true,"href":"https:\/\/walkingmum.com\/fr\/wp-json\/wp\/v2\/product_brand?post=30660"},{"taxonomy":"product_cat","embeddable":true,"href":"https:\/\/walkingmum.com\/fr\/wp-json\/wp\/v2\/product_cat?post=30660"},{"taxonomy":"product_tag","embeddable":true,"href":"https:\/\/walkingmum.com\/fr\/wp-json\/wp\/v2\/product_tag?post=30660"}],"curies":[{"name":"wp","href":"https:\/\/api.w.org\/{rel}","templated":true}]}}