{"id":30658,"date":"2025-04-07T07:44:28","date_gmt":"2025-04-07T08:16:40","guid":{"rendered":"https:\/\/walkingmum.com\/?post_type=product&#038;p=30658"},"modified":"2025-04-07T08:16:40","modified_gmt":"2025-04-07T08:16:40","slug":"bavoir-poppy-moss","status":"publish","type":"product","link":"https:\/\/walkingmum.com\/fr\/produit\/bavoir-poppy-moss\/","title":{"rendered":"BAVOIR POPPY MOSS"},"content":{"rendered":"<p>Le bavoir imperm\u00e9able Walking Mum Poppy est l&rsquo;accessoire id\u00e9al pour garder les v\u00eatements de votre b\u00e9b\u00e9 propres et secs pendant les repas. Con\u00e7u pour les enfants de 6 mois \u00e0 3 ans, ce bavoir est fabriqu\u00e9 en PU imperm\u00e9able, ce qui le rend facile \u00e0 nettoyer et r\u00e9sistant aux taches et aux liquides. Ce bavoir \u00e0 manches courtes est id\u00e9al pour une utilisation quotidienne, offrant une libert\u00e9 de mouvement tout en gardant votre enfant propre et sec. Son design charmant, avec ses oreilles en relief et son imprim\u00e9 \u00e0 pois, ajoute une touche mignonne et amusante. De plus, il est dot\u00e9 d&rsquo;une poche \u00e0 miettes pour r\u00e9cup\u00e9rer les restes de nourriture, \u00e9vitant ainsi les salissures sur les v\u00eatements et la table. Mati\u00e8re imperm\u00e9able et facile \u00e0 nettoyer. Fermeture velcro r\u00e9glable pour plus de confort. Design unisexe. Parfait pour le BLW, la peinture et les activit\u00e9s cr\u00e9atives Rendez les repas plus propres et plus amusants gr\u00e2ce \u00e0 ce bavoir Walking Mum avec manches ! Facile \u00e0 nettoyer \u00e0 la main ou en machine \u00e0 30\u00b0C. Walking Mum prot\u00e8ge votre b\u00e9b\u00e9 en utilisant les meilleurs tissus, exempts de colorants azo\u00efques et de substances nocives pour la sant\u00e9.<\/p>\n","protected":false},"excerpt":{"rendered":"<p>Le bavoir imperm\u00e9able Walking Mum Poppy est l&rsquo;accessoire id\u00e9al pour garder les v\u00eatements de votre b\u00e9b\u00e9 propres et secs pendant les repas. Con\u00e7u pour les enfants de 6 mois \u00e0 3 ans, ce bavoir est fabriqu\u00e9 en PU imperm\u00e9able, ce qui le rend facile \u00e0 nettoyer et r\u00e9sistant aux taches et aux liquides. Ce bavoir [&hellip;]<\/p>\n","protected":false},"featured_media":30274,"comment_status":"closed","ping_status":"closed","template":"","meta":{"_acf_changed":false,"inline_featured_image":false},"colecciones":[350],"product_brand":[],"product_cat":[384],"product_tag":[],"class_list":{"0":"post-30658","1":"product","2":"type-product","3":"status-publish","4":"has-post-thumbnail","6":"colecciones-collection-poppy","7":"product_cat-walking-mum-kids-fr","9":"first","10":"instock","11":"purchasable","12":"product-type-simple"},"acf":[],"yoast_head":"<!-- This site is optimized with the Yoast SEO plugin v27.4 - https:\/\/yoast.com\/product\/yoast-seo-wordpress\/ -->\n<title>BAVOIR POPPY MOSS - Walking Mum<\/title>\n<meta name=\"robots\" content=\"index, follow, max-snippet:-1, max-image-preview:large, max-video-preview:-1\" \/>\n<link rel=\"canonical\" href=\"https:\/\/walkingmum.com\/fr\/produit\/bavoir-poppy-moss\/\" \/>\n<meta property=\"og:locale\" content=\"fr_FR\" \/>\n<meta property=\"og:type\" content=\"article\" \/>\n<meta property=\"og:title\" content=\"BAVOIR POPPY MOSS - Walking Mum\" \/>\n<meta property=\"og:description\" content=\"Le bavoir imperm\u00e9able Walking Mum Poppy est l&rsquo;accessoire id\u00e9al pour garder les v\u00eatements de votre b\u00e9b\u00e9 propres et secs pendant les repas. Con\u00e7u pour les enfants de 6 mois \u00e0 3 ans, ce bavoir est fabriqu\u00e9 en PU imperm\u00e9able, ce qui le rend facile \u00e0 nettoyer et r\u00e9sistant aux taches et aux liquides. Ce bavoir [&hellip;]\" \/>\n<meta property=\"og:url\" content=\"https:\/\/walkingmum.com\/fr\/produit\/bavoir-poppy-moss\/\" \/>\n<meta property=\"og:site_name\" content=\"Walking Mum\" \/>\n<meta property=\"og:image\" content=\"https:\/\/walkingmum.com\/wp-content\/uploads\/2025\/04\/1120800553_a-1.jpg\" \/>\n\t<meta property=\"og:image:width\" content=\"900\" \/>\n\t<meta property=\"og:image:height\" content=\"900\" \/>\n\t<meta property=\"og:image:type\" content=\"image\/jpeg\" \/>\n<meta name=\"twitter:card\" content=\"summary_large_image\" \/>\n<meta name=\"twitter:label1\" content=\"Dur\u00e9e de lecture estim\u00e9e\" \/>\n\t<meta name=\"twitter:data1\" content=\"1 minute\" \/>\n<script type=\"application\/ld+json\" class=\"yoast-schema-graph\">{\"@context\":\"https:\\\/\\\/schema.org\",\"@graph\":[{\"@type\":\"WebPage\",\"@id\":\"https:\\\/\\\/walkingmum.com\\\/fr\\\/produit\\\/bavoir-poppy-moss\\\/\",\"url\":\"https:\\\/\\\/walkingmum.com\\\/fr\\\/produit\\\/bavoir-poppy-moss\\\/\",\"name\":\"BAVOIR POPPY MOSS - Walking Mum\",\"isPartOf\":{\"@id\":\"https:\\\/\\\/walkingmum.com\\\/#website\"},\"primaryImageOfPage\":{\"@id\":\"https:\\\/\\\/walkingmum.com\\\/fr\\\/produit\\\/bavoir-poppy-moss\\\/#primaryimage\"},\"image\":{\"@id\":\"https:\\\/\\\/walkingmum.com\\\/fr\\\/produit\\\/bavoir-poppy-moss\\\/#primaryimage\"},\"thumbnailUrl\":\"https:\\\/\\\/walkingmum.com\\\/wp-content\\\/uploads\\\/2025\\\/04\\\/1120800553_a-1.jpg\",\"datePublished\":\"2025-04-07T08:16:40+00:00\",\"breadcrumb\":{\"@id\":\"https:\\\/\\\/walkingmum.com\\\/fr\\\/produit\\\/bavoir-poppy-moss\\\/#breadcrumb\"},\"inLanguage\":\"fr-FR\",\"potentialAction\":[{\"@type\":\"ReadAction\",\"target\":[\"https:\\\/\\\/walkingmum.com\\\/fr\\\/produit\\\/bavoir-poppy-moss\\\/\"]}]},{\"@type\":\"ImageObject\",\"inLanguage\":\"fr-FR\",\"@id\":\"https:\\\/\\\/walkingmum.com\\\/fr\\\/produit\\\/bavoir-poppy-moss\\\/#primaryimage\",\"url\":\"https:\\\/\\\/walkingmum.com\\\/wp-content\\\/uploads\\\/2025\\\/04\\\/1120800553_a-1.jpg\",\"contentUrl\":\"https:\\\/\\\/walkingmum.com\\\/wp-content\\\/uploads\\\/2025\\\/04\\\/1120800553_a-1.jpg\",\"width\":900,\"height\":900},{\"@type\":\"BreadcrumbList\",\"@id\":\"https:\\\/\\\/walkingmum.com\\\/fr\\\/produit\\\/bavoir-poppy-moss\\\/#breadcrumb\",\"itemListElement\":[{\"@type\":\"ListItem\",\"position\":1,\"name\":\"Portada\",\"item\":\"https:\\\/\\\/walkingmum.com\\\/fr\\\/\"},{\"@type\":\"ListItem\",\"position\":2,\"name\":\"Tienda\",\"item\":\"https:\\\/\\\/walkingmum.com\\\/tienda\\\/\"},{\"@type\":\"ListItem\",\"position\":3,\"name\":\"BAVOIR POPPY MOSS\"}]},{\"@type\":\"WebSite\",\"@id\":\"https:\\\/\\\/walkingmum.com\\\/#website\",\"url\":\"https:\\\/\\\/walkingmum.com\\\/\",\"name\":\"Walking Mum\",\"description\":\"La marca para beb\u00e9s modernos\",\"potentialAction\":[{\"@type\":\"SearchAction\",\"target\":{\"@type\":\"EntryPoint\",\"urlTemplate\":\"https:\\\/\\\/walkingmum.com\\\/?s={search_term_string}\"},\"query-input\":{\"@type\":\"PropertyValueSpecification\",\"valueRequired\":true,\"valueName\":\"search_term_string\"}}],\"inLanguage\":\"fr-FR\"}]}<\/script>\n<!-- \/ Yoast SEO plugin. -->","yoast_head_json":{"title":"BAVOIR POPPY MOSS - Walking Mum","robots":{"index":"index","follow":"follow","max-snippet":"max-snippet:-1","max-image-preview":"max-image-preview:large","max-video-preview":"max-video-preview:-1"},"canonical":"https:\/\/walkingmum.com\/fr\/produit\/bavoir-poppy-moss\/","og_locale":"fr_FR","og_type":"article","og_title":"BAVOIR POPPY MOSS - Walking Mum","og_description":"Le bavoir imperm\u00e9able Walking Mum Poppy est l&rsquo;accessoire id\u00e9al pour garder les v\u00eatements de votre b\u00e9b\u00e9 propres et secs pendant les repas. Con\u00e7u pour les enfants de 6 mois \u00e0 3 ans, ce bavoir est fabriqu\u00e9 en PU imperm\u00e9able, ce qui le rend facile \u00e0 nettoyer et r\u00e9sistant aux taches et aux liquides. Ce bavoir [&hellip;]","og_url":"https:\/\/walkingmum.com\/fr\/produit\/bavoir-poppy-moss\/","og_site_name":"Walking Mum","og_image":[{"width":900,"height":900,"url":"https:\/\/walkingmum.com\/wp-content\/uploads\/2025\/04\/1120800553_a-1.jpg","type":"image\/jpeg"}],"twitter_card":"summary_large_image","twitter_misc":{"Dur\u00e9e de lecture estim\u00e9e":"1 minute"},"schema":{"@context":"https:\/\/schema.org","@graph":[{"@type":"WebPage","@id":"https:\/\/walkingmum.com\/fr\/produit\/bavoir-poppy-moss\/","url":"https:\/\/walkingmum.com\/fr\/produit\/bavoir-poppy-moss\/","name":"BAVOIR POPPY MOSS - Walking Mum","isPartOf":{"@id":"https:\/\/walkingmum.com\/#website"},"primaryImageOfPage":{"@id":"https:\/\/walkingmum.com\/fr\/produit\/bavoir-poppy-moss\/#primaryimage"},"image":{"@id":"https:\/\/walkingmum.com\/fr\/produit\/bavoir-poppy-moss\/#primaryimage"},"thumbnailUrl":"https:\/\/walkingmum.com\/wp-content\/uploads\/2025\/04\/1120800553_a-1.jpg","datePublished":"2025-04-07T08:16:40+00:00","breadcrumb":{"@id":"https:\/\/walkingmum.com\/fr\/produit\/bavoir-poppy-moss\/#breadcrumb"},"inLanguage":"fr-FR","potentialAction":[{"@type":"ReadAction","target":["https:\/\/walkingmum.com\/fr\/produit\/bavoir-poppy-moss\/"]}]},{"@type":"ImageObject","inLanguage":"fr-FR","@id":"https:\/\/walkingmum.com\/fr\/produit\/bavoir-poppy-moss\/#primaryimage","url":"https:\/\/walkingmum.com\/wp-content\/uploads\/2025\/04\/1120800553_a-1.jpg","contentUrl":"https:\/\/walkingmum.com\/wp-content\/uploads\/2025\/04\/1120800553_a-1.jpg","width":900,"height":900},{"@type":"BreadcrumbList","@id":"https:\/\/walkingmum.com\/fr\/produit\/bavoir-poppy-moss\/#breadcrumb","itemListElement":[{"@type":"ListItem","position":1,"name":"Portada","item":"https:\/\/walkingmum.com\/fr\/"},{"@type":"ListItem","position":2,"name":"Tienda","item":"https:\/\/walkingmum.com\/tienda\/"},{"@type":"ListItem","position":3,"name":"BAVOIR POPPY MOSS"}]},{"@type":"WebSite","@id":"https:\/\/walkingmum.com\/#website","url":"https:\/\/walkingmum.com\/","name":"Walking Mum","description":"La marca para beb\u00e9s modernos","potentialAction":[{"@type":"SearchAction","target":{"@type":"EntryPoint","urlTemplate":"https:\/\/walkingmum.com\/?s={search_term_string}"},"query-input":{"@type":"PropertyValueSpecification","valueRequired":true,"valueName":"search_term_string"}}],"inLanguage":"fr-FR"}]}},"_links":{"self":[{"href":"https:\/\/walkingmum.com\/fr\/wp-json\/wp\/v2\/product\/30658","targetHints":{"allow":["GET"]}}],"collection":[{"href":"https:\/\/walkingmum.com\/fr\/wp-json\/wp\/v2\/product"}],"about":[{"href":"https:\/\/walkingmum.com\/fr\/wp-json\/wp\/v2\/types\/product"}],"replies":[{"embeddable":true,"href":"https:\/\/walkingmum.com\/fr\/wp-json\/wp\/v2\/comments?post=30658"}],"wp:featuredmedia":[{"embeddable":true,"href":"https:\/\/walkingmum.com\/fr\/wp-json\/wp\/v2\/media\/30274"}],"wp:attachment":[{"href":"https:\/\/walkingmum.com\/fr\/wp-json\/wp\/v2\/media?parent=30658"}],"wp:term":[{"taxonomy":"colecciones","embeddable":true,"href":"https:\/\/walkingmum.com\/fr\/wp-json\/wp\/v2\/colecciones?post=30658"},{"taxonomy":"product_brand","embeddable":true,"href":"https:\/\/walkingmum.com\/fr\/wp-json\/wp\/v2\/product_brand?post=30658"},{"taxonomy":"product_cat","embeddable":true,"href":"https:\/\/walkingmum.com\/fr\/wp-json\/wp\/v2\/product_cat?post=30658"},{"taxonomy":"product_tag","embeddable":true,"href":"https:\/\/walkingmum.com\/fr\/wp-json\/wp\/v2\/product_tag?post=30658"}],"curies":[{"name":"wp","href":"https:\/\/api.w.org\/{rel}","templated":true}]}}